{"id":4696,"date":"2025-07-03T16:04:41","date_gmt":"2025-07-03T15:04:41","guid":{"rendered":"https:\/\/language.majik-now.co.uk\/home\/"},"modified":"2026-03-04T16:05:04","modified_gmt":"2026-03-04T16:05:04","slug":"home","status":"publish","type":"page","link":"https:\/\/languagetreeschool.com\/tr\/","title":{"rendered":"Ev"},"content":{"rendered":"","protected":false},"excerpt":{"rendered":"","protected":false},"author":1,"featured_media":0,"parent":0,"menu_order":0,"comment_status":"closed","ping_status":"closed","template":"","meta":{"_acf_changed":false,"footnotes":""},"class_list":["post-4696","page","type-page","status-publish","hentry"],"acf":[],"yoast_head":"<!-- This site is optimized with the Yoast SEO Premium plugin v26.6 (Yoast SEO v26.6) - https:\/\/yoast.com\/wordpress\/plugins\/seo\/ -->\n<title>Dil A\u011fac\u0131 | Cornwall&#039;da Dil Okulu | Yaz Okulu<\/title>\n<meta name=\"description\" content=\"Cornwall&#039;\u0131n British Council onayl\u0131 tek dil okulu. Dil, k\u00fclt\u00fcr ve macera dolu Gen\u00e7, Aile ve Yeti\u015fkin yaz programlar\u0131.\" \/>\n<meta name=\"robots\" content=\"index, follow, max-snippet:-1, max-image-preview:large, max-video-preview:-1\" \/>\n<link rel=\"canonical\" href=\"https:\/\/languagetreeschool.com\/tr\/\" \/>\n<meta property=\"og:locale\" content=\"tr_TR\" \/>\n<meta property=\"og:type\" content=\"article\" \/>\n<meta property=\"og:title\" content=\"Dil A\u011fac\u0131 | Yaz \u0130ngilizce Dil Okulu | Cornwall, Birle\u015fik Krall\u0131k\" \/>\n<meta property=\"og:description\" content=\"Cornwall&#039;\u0131n British Council onayl\u0131 tek dil okulu. Dil, k\u00fclt\u00fcr ve macera dolu Gen\u00e7, Aile ve Yeti\u015fkin yaz programlar\u0131.\" \/>\n<meta property=\"og:url\" content=\"https:\/\/languagetreeschool.com\/tr\/\" \/>\n<meta property=\"og:site_name\" content=\"Language Tree\" \/>\n<meta property=\"article:publisher\" content=\"https:\/\/www.facebook.com\/languagetreecornwall\" \/>\n<meta property=\"article:modified_time\" content=\"2026-03-04T16:05:04+00:00\" \/>\n<meta property=\"og:image\" content=\"https:\/\/languagetreeschool.com\/wp-content\/uploads\/2025\/07\/eden-students-1024x683.jpg\" \/>\n<meta name=\"twitter:card\" content=\"summary_large_image\" \/>\n<meta name=\"twitter:title\" content=\"Dil A\u011fac\u0131 | Yaz \u0130ngilizce Dil Okulu | Cornwall, Birle\u015fik Krall\u0131k\" \/>\n<meta name=\"twitter:description\" content=\"Cornwall&#039;\u0131n British Council onayl\u0131 tek dil okulu. Dil, k\u00fclt\u00fcr ve macera dolu Gen\u00e7, Aile ve Yeti\u015fkin yaz programlar\u0131.\" \/>\n<script type=\"application\/ld+json\" class=\"yoast-schema-graph\">{\"@context\":\"https:\/\/schema.org\",\"@graph\":[{\"@type\":\"WebPage\",\"@id\":\"https:\/\/languagetreeschool.com\/tr\/\",\"url\":\"https:\/\/languagetreeschool.com\/tr\/\",\"name\":\"Dil A\u011fac\u0131 | Cornwall'da Dil Okulu | Yaz Okulu\",\"isPartOf\":{\"@id\":\"https:\/\/languagetreeschool.com\/tr\/#website\"},\"datePublished\":\"2025-07-03T15:04:41+00:00\",\"dateModified\":\"2026-03-04T16:05:04+00:00\",\"description\":\"Cornwall'\u0131n British Council onayl\u0131 tek dil okulu. Dil, k\u00fclt\u00fcr ve macera dolu Gen\u00e7, Aile ve Yeti\u015fkin yaz programlar\u0131.\",\"breadcrumb\":{\"@id\":\"https:\/\/languagetreeschool.com\/tr\/#breadcrumb\"},\"inLanguage\":\"tr\",\"potentialAction\":[{\"@type\":\"ReadAction\",\"target\":[\"https:\/\/languagetreeschool.com\/tr\/\"]}]},{\"@type\":\"BreadcrumbList\",\"@id\":\"https:\/\/languagetreeschool.com\/tr\/#breadcrumb\",\"itemListElement\":[{\"@type\":\"ListItem\",\"position\":1,\"name\":\"Home\",\"item\":\"https:\/\/languagetreeschool.com\/tr\/home\/\"},{\"@type\":\"ListItem\",\"position\":2,\"name\":\"Ev\"}]},{\"@type\":\"WebSite\",\"@id\":\"https:\/\/languagetreeschool.com\/tr\/#website\",\"url\":\"https:\/\/languagetreeschool.com\/tr\/\",\"name\":\"Language Tree\",\"description\":\"Language, culture &amp; adventure\",\"publisher\":{\"@id\":\"https:\/\/languagetreeschool.com\/tr\/#organization\"},\"potentialAction\":[{\"@type\":\"SearchAction\",\"target\":{\"@type\":\"EntryPoint\",\"urlTemplate\":\"https:\/\/languagetreeschool.com\/tr\/?s={search_term_string}\"},\"query-input\":{\"@type\":\"PropertyValueSpecification\",\"valueRequired\":true,\"valueName\":\"search_term_string\"}}],\"inLanguage\":\"tr\"},{\"@type\":\"Organization\",\"@id\":\"https:\/\/languagetreeschool.com\/tr\/#organization\",\"name\":\"Language Tree\",\"url\":\"https:\/\/languagetreeschool.com\/tr\/\",\"logo\":{\"@type\":\"ImageObject\",\"inLanguage\":\"tr\",\"@id\":\"https:\/\/languagetreeschool.com\/tr\/#\/schema\/logo\/image\/\",\"url\":\"https:\/\/languagetreeschool.com\/wp-content\/uploads\/2026\/03\/LT-icon-1.jpg\",\"contentUrl\":\"https:\/\/languagetreeschool.com\/wp-content\/uploads\/2026\/03\/LT-icon-1.jpg\",\"width\":1396,\"height\":1909,\"caption\":\"Language Tree\"},\"image\":{\"@id\":\"https:\/\/languagetreeschool.com\/tr\/#\/schema\/logo\/image\/\"},\"sameAs\":[\"https:\/\/www.facebook.com\/languagetreecornwall\",\"https:\/\/www.instagram.com\/languagetreeschool\"],\"description\":\"British Council accredited English language Summer School in Cornwall. Welcoming teenagers, families and adults from around the world to our university campus.\",\"email\":\"info@languagetreeschool.com\",\"telephone\":\"+447957497937\",\"legalName\":\"Language Tree Limited\",\"foundingDate\":\"2011-10-10\",\"numberOfEmployees\":{\"@type\":\"QuantitativeValue\",\"minValue\":\"11\",\"maxValue\":\"50\"}}]}<\/script>\n<!-- \/ Yoast SEO Premium plugin. -->","yoast_head_json":{"title":"Dil A\u011fac\u0131 | Cornwall'da Dil Okulu | Yaz Okulu","description":"Cornwall'\u0131n British Council onayl\u0131 tek dil okulu. Dil, k\u00fclt\u00fcr ve macera dolu Gen\u00e7, Aile ve Yeti\u015fkin yaz programlar\u0131.","robots":{"index":"index","follow":"follow","max-snippet":"max-snippet:-1","max-image-preview":"max-image-preview:large","max-video-preview":"max-video-preview:-1"},"canonical":"https:\/\/languagetreeschool.com\/tr\/","og_locale":"tr_TR","og_type":"article","og_title":"Dil A\u011fac\u0131 | Yaz \u0130ngilizce Dil Okulu | Cornwall, Birle\u015fik Krall\u0131k","og_description":"Cornwall'\u0131n British Council onayl\u0131 tek dil okulu. Dil, k\u00fclt\u00fcr ve macera dolu Gen\u00e7, Aile ve Yeti\u015fkin yaz programlar\u0131.","og_url":"https:\/\/languagetreeschool.com\/tr\/","og_site_name":"Language Tree","article_publisher":"https:\/\/www.facebook.com\/languagetreecornwall","article_modified_time":"2026-03-04T16:05:04+00:00","og_image":[{"url":"https:\/\/languagetreeschool.com\/wp-content\/uploads\/2025\/07\/eden-students-1024x683.jpg","type":"","width":"","height":""}],"twitter_card":"summary_large_image","twitter_title":"Dil A\u011fac\u0131 | Yaz \u0130ngilizce Dil Okulu | Cornwall, Birle\u015fik Krall\u0131k","twitter_description":"Cornwall'\u0131n British Council onayl\u0131 tek dil okulu. Dil, k\u00fclt\u00fcr ve macera dolu Gen\u00e7, Aile ve Yeti\u015fkin yaz programlar\u0131.","schema":{"@context":"https:\/\/schema.org","@graph":[{"@type":"WebPage","@id":"https:\/\/languagetreeschool.com\/tr\/","url":"https:\/\/languagetreeschool.com\/tr\/","name":"Dil A\u011fac\u0131 | Cornwall'da Dil Okulu | Yaz Okulu","isPartOf":{"@id":"https:\/\/languagetreeschool.com\/tr\/#website"},"datePublished":"2025-07-03T15:04:41+00:00","dateModified":"2026-03-04T16:05:04+00:00","description":"Cornwall'\u0131n British Council onayl\u0131 tek dil okulu. Dil, k\u00fclt\u00fcr ve macera dolu Gen\u00e7, Aile ve Yeti\u015fkin yaz programlar\u0131.","breadcrumb":{"@id":"https:\/\/languagetreeschool.com\/tr\/#breadcrumb"},"inLanguage":"tr","potentialAction":[{"@type":"ReadAction","target":["https:\/\/languagetreeschool.com\/tr\/"]}]},{"@type":"BreadcrumbList","@id":"https:\/\/languagetreeschool.com\/tr\/#breadcrumb","itemListElement":[{"@type":"ListItem","position":1,"name":"Home","item":"https:\/\/languagetreeschool.com\/tr\/home\/"},{"@type":"ListItem","position":2,"name":"Ev"}]},{"@type":"WebSite","@id":"https:\/\/languagetreeschool.com\/tr\/#website","url":"https:\/\/languagetreeschool.com\/tr\/","name":"Language Tree","description":"Language, culture &amp; adventure","publisher":{"@id":"https:\/\/languagetreeschool.com\/tr\/#organization"},"potentialAction":[{"@type":"SearchAction","target":{"@type":"EntryPoint","urlTemplate":"https:\/\/languagetreeschool.com\/tr\/?s={search_term_string}"},"query-input":{"@type":"PropertyValueSpecification","valueRequired":true,"valueName":"search_term_string"}}],"inLanguage":"tr"},{"@type":"Organization","@id":"https:\/\/languagetreeschool.com\/tr\/#organization","name":"Language Tree","url":"https:\/\/languagetreeschool.com\/tr\/","logo":{"@type":"ImageObject","inLanguage":"tr","@id":"https:\/\/languagetreeschool.com\/tr\/#\/schema\/logo\/image\/","url":"https:\/\/languagetreeschool.com\/wp-content\/uploads\/2026\/03\/LT-icon-1.jpg","contentUrl":"https:\/\/languagetreeschool.com\/wp-content\/uploads\/2026\/03\/LT-icon-1.jpg","width":1396,"height":1909,"caption":"Language Tree"},"image":{"@id":"https:\/\/languagetreeschool.com\/tr\/#\/schema\/logo\/image\/"},"sameAs":["https:\/\/www.facebook.com\/languagetreecornwall","https:\/\/www.instagram.com\/languagetreeschool"],"description":"British Council accredited English language Summer School in Cornwall. Welcoming teenagers, families and adults from around the world to our university campus.","email":"info@languagetreeschool.com","telephone":"+447957497937","legalName":"Language Tree Limited","foundingDate":"2011-10-10","numberOfEmployees":{"@type":"QuantitativeValue","minValue":"11","maxValue":"50"}}]}},"_links":{"self":[{"href":"https:\/\/languagetreeschool.com\/tr\/wp-json\/wp\/v2\/pages\/4696","targetHints":{"allow":["GET"]}}],"collection":[{"href":"https:\/\/languagetreeschool.com\/tr\/wp-json\/wp\/v2\/pages"}],"about":[{"href":"https:\/\/languagetreeschool.com\/tr\/wp-json\/wp\/v2\/types\/page"}],"author":[{"embeddable":true,"href":"https:\/\/languagetreeschool.com\/tr\/wp-json\/wp\/v2\/users\/1"}],"replies":[{"embeddable":true,"href":"https:\/\/languagetreeschool.com\/tr\/wp-json\/wp\/v2\/comments?post=4696"}],"version-history":[{"count":19,"href":"https:\/\/languagetreeschool.com\/tr\/wp-json\/wp\/v2\/pages\/4696\/revisions"}],"predecessor-version":[{"id":14123,"href":"https:\/\/languagetreeschool.com\/tr\/wp-json\/wp\/v2\/pages\/4696\/revisions\/14123"}],"wp:attachment":[{"href":"https:\/\/languagetreeschool.com\/tr\/wp-json\/wp\/v2\/media?parent=4696"}],"curies":[{"name":"wp","href":"https:\/\/api.w.org\/{rel}","templated":true}]}}