{"id":4660,"date":"2025-07-03T16:08:28","date_gmt":"2025-07-03T15:08:28","guid":{"rendered":"https:\/\/language.majik-now.co.uk\/contact\/"},"modified":"2026-04-24T17:21:17","modified_gmt":"2026-04-24T16:21:17","slug":"iletisim","status":"publish","type":"page","link":"https:\/\/languagetreeschool.com\/tr\/iletisim\/","title":{"rendered":"\u0130leti\u015fim"},"content":{"rendered":"","protected":false},"excerpt":{"rendered":"","protected":false},"author":1,"featured_media":10277,"parent":0,"menu_order":41,"comment_status":"closed","ping_status":"closed","template":"","meta":{"_acf_changed":false,"footnotes":""},"class_list":["post-4660","page","type-page","status-publish","has-post-thumbnail","hentry"],"acf":[],"yoast_head":"<!-- This site is optimized with the Yoast SEO Premium plugin v26.6 (Yoast SEO v26.6) - https:\/\/yoast.com\/wordpress\/plugins\/seo\/ -->\n<title>Bize Ula\u015f\u0131n | Gen\u00e7ler, Aileler ve Yeti\u015fkinler i\u00e7in Yaz Okulu<\/title>\n<meta name=\"description\" content=\"Language Tree ile ileti\u015fime ge\u00e7in. Soru sormak, kurslar\u0131m\u0131z hakk\u0131nda daha fazla bilgi edinmek veya rezervasyonunuzu bug\u00fcn ba\u015flatmak i\u00e7in e-posta g\u00f6nderin veya g\u00fcler y\u00fczl\u00fc ekibimizi aray\u0131n.\" \/>\n<meta name=\"robots\" content=\"index, follow, max-snippet:-1, max-image-preview:large, max-video-preview:-1\" \/>\n<link rel=\"canonical\" href=\"https:\/\/languagetreeschool.com\/tr\/iletisim\/\" \/>\n<meta property=\"og:locale\" content=\"tr_TR\" \/>\n<meta property=\"og:type\" content=\"article\" \/>\n<meta property=\"og:title\" content=\"Bize Ula\u015f\u0131n | Gen\u00e7ler, Aileler ve Yeti\u015fkinler i\u00e7in Yaz Okulu\" \/>\n<meta property=\"og:description\" content=\"Language Tree ile ileti\u015fime ge\u00e7in. Soru sormak, kurslar\u0131m\u0131z hakk\u0131nda daha fazla bilgi edinmek veya rezervasyonunuzu bug\u00fcn ba\u015flatmak i\u00e7in e-posta g\u00f6nderin veya g\u00fcler y\u00fczl\u00fc ekibimizi aray\u0131n.\" \/>\n<meta property=\"og:url\" content=\"https:\/\/languagetreeschool.com\/tr\/iletisim\/\" \/>\n<meta property=\"og:site_name\" content=\"Language Tree\" \/>\n<meta property=\"article:publisher\" content=\"https:\/\/www.facebook.com\/languagetreecornwall\" \/>\n<meta property=\"article:modified_time\" content=\"2026-04-24T16:21:17+00:00\" \/>\n<meta property=\"og:image\" content=\"https:\/\/languagetreeschool.com\/wp-content\/uploads\/2025\/07\/Lanhydrock-group-1.jpg\" \/>\n\t<meta property=\"og:image:width\" content=\"2000\" \/>\n\t<meta property=\"og:image:height\" content=\"1500\" \/>\n\t<meta property=\"og:image:type\" content=\"image\/jpeg\" \/>\n<meta name=\"twitter:card\" content=\"summary_large_image\" \/>\n<meta name=\"twitter:title\" content=\"Bize Ula\u015f\u0131n | Gen\u00e7ler, Aileler ve Yeti\u015fkinler i\u00e7in Yaz Okulu\" \/>\n<meta name=\"twitter:description\" content=\"Language Tree ile ileti\u015fime ge\u00e7in. Soru sormak, kurslar\u0131m\u0131z hakk\u0131nda daha fazla bilgi edinmek veya rezervasyonunuzu bug\u00fcn ba\u015flatmak i\u00e7in e-posta g\u00f6nderin veya g\u00fcler y\u00fczl\u00fc ekibimizi aray\u0131n.\" \/>\n<meta name=\"twitter:label1\" content=\"Tahmini okuma s\u00fcresi\" \/>\n\t<meta name=\"twitter:data1\" content=\"1 dakika\" \/>\n<script type=\"application\/ld+json\" class=\"yoast-schema-graph\">{\"@context\":\"https:\/\/schema.org\",\"@graph\":[{\"@type\":\"WebPage\",\"@id\":\"https:\/\/languagetreeschool.com\/tr\/iletisim\/\",\"url\":\"https:\/\/languagetreeschool.com\/tr\/iletisim\/\",\"name\":\"Bize Ula\u015f\u0131n | Gen\u00e7ler, Aileler ve Yeti\u015fkinler i\u00e7in Yaz Okulu\",\"isPartOf\":{\"@id\":\"https:\/\/languagetreeschool.com\/tr\/#website\"},\"primaryImageOfPage\":{\"@id\":\"https:\/\/languagetreeschool.com\/tr\/iletisim\/#primaryimage\"},\"image\":{\"@id\":\"https:\/\/languagetreeschool.com\/tr\/iletisim\/#primaryimage\"},\"thumbnailUrl\":\"https:\/\/languagetreeschool.com\/wp-content\/uploads\/2025\/07\/Lanhydrock-group-1.jpg\",\"datePublished\":\"2025-07-03T15:08:28+00:00\",\"dateModified\":\"2026-04-24T16:21:17+00:00\",\"description\":\"Language Tree ile ileti\u015fime ge\u00e7in. Soru sormak, kurslar\u0131m\u0131z hakk\u0131nda daha fazla bilgi edinmek veya rezervasyonunuzu bug\u00fcn ba\u015flatmak i\u00e7in e-posta g\u00f6nderin veya g\u00fcler y\u00fczl\u00fc ekibimizi aray\u0131n.\",\"breadcrumb\":{\"@id\":\"https:\/\/languagetreeschool.com\/tr\/iletisim\/#breadcrumb\"},\"inLanguage\":\"tr\",\"potentialAction\":[{\"@type\":\"ReadAction\",\"target\":[\"https:\/\/languagetreeschool.com\/tr\/iletisim\/\"]}]},{\"@type\":\"ImageObject\",\"inLanguage\":\"tr\",\"@id\":\"https:\/\/languagetreeschool.com\/tr\/iletisim\/#primaryimage\",\"url\":\"https:\/\/languagetreeschool.com\/wp-content\/uploads\/2025\/07\/Lanhydrock-group-1.jpg\",\"contentUrl\":\"https:\/\/languagetreeschool.com\/wp-content\/uploads\/2025\/07\/Lanhydrock-group-1.jpg\",\"width\":2000,\"height\":1500,\"caption\":\"Yeti\u015fkin \u00f6\u011frenciler Lanhydrock'\u0131n \u00f6n\u00fcnde\"},{\"@type\":\"BreadcrumbList\",\"@id\":\"https:\/\/languagetreeschool.com\/tr\/iletisim\/#breadcrumb\",\"itemListElement\":[{\"@type\":\"ListItem\",\"position\":1,\"name\":\"Home\",\"item\":\"https:\/\/languagetreeschool.com\/tr\/home\/\"},{\"@type\":\"ListItem\",\"position\":2,\"name\":\"\u0130leti\u015fim\"}]},{\"@type\":\"WebSite\",\"@id\":\"https:\/\/languagetreeschool.com\/tr\/#website\",\"url\":\"https:\/\/languagetreeschool.com\/tr\/\",\"name\":\"Language Tree\",\"description\":\"Language, culture &amp; adventure\",\"publisher\":{\"@id\":\"https:\/\/languagetreeschool.com\/tr\/#organization\"},\"potentialAction\":[{\"@type\":\"SearchAction\",\"target\":{\"@type\":\"EntryPoint\",\"urlTemplate\":\"https:\/\/languagetreeschool.com\/tr\/?s={search_term_string}\"},\"query-input\":{\"@type\":\"PropertyValueSpecification\",\"valueRequired\":true,\"valueName\":\"search_term_string\"}}],\"inLanguage\":\"tr\"},{\"@type\":\"Organization\",\"@id\":\"https:\/\/languagetreeschool.com\/tr\/#organization\",\"name\":\"Language Tree\",\"url\":\"https:\/\/languagetreeschool.com\/tr\/\",\"logo\":{\"@type\":\"ImageObject\",\"inLanguage\":\"tr\",\"@id\":\"https:\/\/languagetreeschool.com\/tr\/#\/schema\/logo\/image\/\",\"url\":\"https:\/\/languagetreeschool.com\/wp-content\/uploads\/2026\/03\/LT-icon-1.jpg\",\"contentUrl\":\"https:\/\/languagetreeschool.com\/wp-content\/uploads\/2026\/03\/LT-icon-1.jpg\",\"width\":1396,\"height\":1909,\"caption\":\"Language Tree\"},\"image\":{\"@id\":\"https:\/\/languagetreeschool.com\/tr\/#\/schema\/logo\/image\/\"},\"sameAs\":[\"https:\/\/www.facebook.com\/languagetreecornwall\",\"https:\/\/www.instagram.com\/languagetreeschool\"],\"description\":\"British Council accredited English language Summer School in Cornwall. Welcoming teenagers, families and adults from around the world to our university campus.\",\"email\":\"info@languagetreeschool.com\",\"telephone\":\"+447957497937\",\"legalName\":\"Language Tree Limited\",\"foundingDate\":\"2011-10-10\",\"numberOfEmployees\":{\"@type\":\"QuantitativeValue\",\"minValue\":\"11\",\"maxValue\":\"50\"}}]}<\/script>\n<!-- \/ Yoast SEO Premium plugin. -->","yoast_head_json":{"title":"Bize Ula\u015f\u0131n | Gen\u00e7ler, Aileler ve Yeti\u015fkinler i\u00e7in Yaz Okulu","description":"Language Tree ile ileti\u015fime ge\u00e7in. Soru sormak, kurslar\u0131m\u0131z hakk\u0131nda daha fazla bilgi edinmek veya rezervasyonunuzu bug\u00fcn ba\u015flatmak i\u00e7in e-posta g\u00f6nderin veya g\u00fcler y\u00fczl\u00fc ekibimizi aray\u0131n.","robots":{"index":"index","follow":"follow","max-snippet":"max-snippet:-1","max-image-preview":"max-image-preview:large","max-video-preview":"max-video-preview:-1"},"canonical":"https:\/\/languagetreeschool.com\/tr\/iletisim\/","og_locale":"tr_TR","og_type":"article","og_title":"Bize Ula\u015f\u0131n | Gen\u00e7ler, Aileler ve Yeti\u015fkinler i\u00e7in Yaz Okulu","og_description":"Language Tree ile ileti\u015fime ge\u00e7in. Soru sormak, kurslar\u0131m\u0131z hakk\u0131nda daha fazla bilgi edinmek veya rezervasyonunuzu bug\u00fcn ba\u015flatmak i\u00e7in e-posta g\u00f6nderin veya g\u00fcler y\u00fczl\u00fc ekibimizi aray\u0131n.","og_url":"https:\/\/languagetreeschool.com\/tr\/iletisim\/","og_site_name":"Language Tree","article_publisher":"https:\/\/www.facebook.com\/languagetreecornwall","article_modified_time":"2026-04-24T16:21:17+00:00","og_image":[{"width":2000,"height":1500,"url":"https:\/\/languagetreeschool.com\/wp-content\/uploads\/2025\/07\/Lanhydrock-group-1.jpg","type":"image\/jpeg"}],"twitter_card":"summary_large_image","twitter_title":"Bize Ula\u015f\u0131n | Gen\u00e7ler, Aileler ve Yeti\u015fkinler i\u00e7in Yaz Okulu","twitter_description":"Language Tree ile ileti\u015fime ge\u00e7in. Soru sormak, kurslar\u0131m\u0131z hakk\u0131nda daha fazla bilgi edinmek veya rezervasyonunuzu bug\u00fcn ba\u015flatmak i\u00e7in e-posta g\u00f6nderin veya g\u00fcler y\u00fczl\u00fc ekibimizi aray\u0131n.","twitter_misc":{"Tahmini okuma s\u00fcresi":"1 dakika"},"schema":{"@context":"https:\/\/schema.org","@graph":[{"@type":"WebPage","@id":"https:\/\/languagetreeschool.com\/tr\/iletisim\/","url":"https:\/\/languagetreeschool.com\/tr\/iletisim\/","name":"Bize Ula\u015f\u0131n | Gen\u00e7ler, Aileler ve Yeti\u015fkinler i\u00e7in Yaz Okulu","isPartOf":{"@id":"https:\/\/languagetreeschool.com\/tr\/#website"},"primaryImageOfPage":{"@id":"https:\/\/languagetreeschool.com\/tr\/iletisim\/#primaryimage"},"image":{"@id":"https:\/\/languagetreeschool.com\/tr\/iletisim\/#primaryimage"},"thumbnailUrl":"https:\/\/languagetreeschool.com\/wp-content\/uploads\/2025\/07\/Lanhydrock-group-1.jpg","datePublished":"2025-07-03T15:08:28+00:00","dateModified":"2026-04-24T16:21:17+00:00","description":"Language Tree ile ileti\u015fime ge\u00e7in. Soru sormak, kurslar\u0131m\u0131z hakk\u0131nda daha fazla bilgi edinmek veya rezervasyonunuzu bug\u00fcn ba\u015flatmak i\u00e7in e-posta g\u00f6nderin veya g\u00fcler y\u00fczl\u00fc ekibimizi aray\u0131n.","breadcrumb":{"@id":"https:\/\/languagetreeschool.com\/tr\/iletisim\/#breadcrumb"},"inLanguage":"tr","potentialAction":[{"@type":"ReadAction","target":["https:\/\/languagetreeschool.com\/tr\/iletisim\/"]}]},{"@type":"ImageObject","inLanguage":"tr","@id":"https:\/\/languagetreeschool.com\/tr\/iletisim\/#primaryimage","url":"https:\/\/languagetreeschool.com\/wp-content\/uploads\/2025\/07\/Lanhydrock-group-1.jpg","contentUrl":"https:\/\/languagetreeschool.com\/wp-content\/uploads\/2025\/07\/Lanhydrock-group-1.jpg","width":2000,"height":1500,"caption":"Yeti\u015fkin \u00f6\u011frenciler Lanhydrock'\u0131n \u00f6n\u00fcnde"},{"@type":"BreadcrumbList","@id":"https:\/\/languagetreeschool.com\/tr\/iletisim\/#breadcrumb","itemListElement":[{"@type":"ListItem","position":1,"name":"Home","item":"https:\/\/languagetreeschool.com\/tr\/home\/"},{"@type":"ListItem","position":2,"name":"\u0130leti\u015fim"}]},{"@type":"WebSite","@id":"https:\/\/languagetreeschool.com\/tr\/#website","url":"https:\/\/languagetreeschool.com\/tr\/","name":"Language Tree","description":"Language, culture &amp; adventure","publisher":{"@id":"https:\/\/languagetreeschool.com\/tr\/#organization"},"potentialAction":[{"@type":"SearchAction","target":{"@type":"EntryPoint","urlTemplate":"https:\/\/languagetreeschool.com\/tr\/?s={search_term_string}"},"query-input":{"@type":"PropertyValueSpecification","valueRequired":true,"valueName":"search_term_string"}}],"inLanguage":"tr"},{"@type":"Organization","@id":"https:\/\/languagetreeschool.com\/tr\/#organization","name":"Language Tree","url":"https:\/\/languagetreeschool.com\/tr\/","logo":{"@type":"ImageObject","inLanguage":"tr","@id":"https:\/\/languagetreeschool.com\/tr\/#\/schema\/logo\/image\/","url":"https:\/\/languagetreeschool.com\/wp-content\/uploads\/2026\/03\/LT-icon-1.jpg","contentUrl":"https:\/\/languagetreeschool.com\/wp-content\/uploads\/2026\/03\/LT-icon-1.jpg","width":1396,"height":1909,"caption":"Language Tree"},"image":{"@id":"https:\/\/languagetreeschool.com\/tr\/#\/schema\/logo\/image\/"},"sameAs":["https:\/\/www.facebook.com\/languagetreecornwall","https:\/\/www.instagram.com\/languagetreeschool"],"description":"British Council accredited English language Summer School in Cornwall. Welcoming teenagers, families and adults from around the world to our university campus.","email":"info@languagetreeschool.com","telephone":"+447957497937","legalName":"Language Tree Limited","foundingDate":"2011-10-10","numberOfEmployees":{"@type":"QuantitativeValue","minValue":"11","maxValue":"50"}}]}},"_links":{"self":[{"href":"https:\/\/languagetreeschool.com\/tr\/wp-json\/wp\/v2\/pages\/4660","targetHints":{"allow":["GET"]}}],"collection":[{"href":"https:\/\/languagetreeschool.com\/tr\/wp-json\/wp\/v2\/pages"}],"about":[{"href":"https:\/\/languagetreeschool.com\/tr\/wp-json\/wp\/v2\/types\/page"}],"author":[{"embeddable":true,"href":"https:\/\/languagetreeschool.com\/tr\/wp-json\/wp\/v2\/users\/1"}],"replies":[{"embeddable":true,"href":"https:\/\/languagetreeschool.com\/tr\/wp-json\/wp\/v2\/comments?post=4660"}],"version-history":[{"count":12,"href":"https:\/\/languagetreeschool.com\/tr\/wp-json\/wp\/v2\/pages\/4660\/revisions"}],"predecessor-version":[{"id":10582,"href":"https:\/\/languagetreeschool.com\/tr\/wp-json\/wp\/v2\/pages\/4660\/revisions\/10582"}],"wp:featuredmedia":[{"embeddable":true,"href":"https:\/\/languagetreeschool.com\/tr\/wp-json\/wp\/v2\/media\/10277"}],"wp:attachment":[{"href":"https:\/\/languagetreeschool.com\/tr\/wp-json\/wp\/v2\/media?parent=4660"}],"curies":[{"name":"wp","href":"https:\/\/api.w.org\/{rel}","templated":true}]}}