{"id":4615,"date":"2025-07-15T16:09:39","date_gmt":"2025-07-15T15:09:39","guid":{"rendered":"https:\/\/language.majik-now.co.uk\/about-us\/"},"modified":"2025-12-12T14:53:02","modified_gmt":"2025-12-12T14:53:02","slug":"hakkimizda","status":"publish","type":"page","link":"https:\/\/languagetreeschool.com\/tr\/okulumuz\/hakkimizda\/","title":{"rendered":"<span>Hakk\u0131m\u0131zda<\/span>"},"content":{"rendered":"","protected":false},"excerpt":{"rendered":"","protected":false},"author":1,"featured_media":6646,"parent":4687,"menu_order":225,"comment_status":"closed","ping_status":"closed","template":"","meta":{"_acf_changed":false,"footnotes":""},"class_list":["post-4615","page","type-page","status-publish","has-post-thumbnail","hentry"],"acf":[],"yoast_head":"<!-- This site is optimized with the Yoast SEO Premium plugin v27.5 (Yoast SEO v27.5) - https:\/\/yoast.com\/product\/yoast-seo-premium-wordpress\/ -->\n<title>Language Tree Hakk\u0131nda | Cornwall&#039;da dil, k\u00fclt\u00fcr ve macera<\/title>\n<meta name=\"description\" content=\"Cornwall&#039;un British Council onayl\u0131 tek dil okulu olan Language Tree hakk\u0131nda bilgi edinin. Gen\u00e7ler, aileler ve yeti\u015fkinler i\u00e7in kurslar sunmak\" \/>\n<meta name=\"robots\" content=\"index, follow, max-snippet:-1, max-image-preview:large, max-video-preview:-1\" \/>\n<link rel=\"canonical\" href=\"https:\/\/languagetreeschool.com\/tr\/okulumuz\/hakkimizda\/\" \/>\n<meta property=\"og:locale\" content=\"tr_TR\" \/>\n<meta property=\"og:type\" content=\"article\" \/>\n<meta property=\"og:title\" content=\"Language Tree Hakk\u0131nda | Cornwall&#039;da dil, k\u00fclt\u00fcr ve macera\" \/>\n<meta property=\"og:description\" content=\"Cornwall&#039;un British Council onayl\u0131 tek dil okulu olan Language Tree hakk\u0131nda bilgi edinin. Gen\u00e7ler, aileler ve yeti\u015fkinler i\u00e7in kurslar sunmak\" \/>\n<meta property=\"og:url\" content=\"https:\/\/languagetreeschool.com\/tr\/okulumuz\/hakkimizda\/\" \/>\n<meta property=\"og:site_name\" content=\"Language Tree\" \/>\n<meta property=\"article:publisher\" content=\"https:\/\/www.facebook.com\/languagetreecornwall\" \/>\n<meta property=\"article:modified_time\" content=\"2025-12-12T14:53:02+00:00\" \/>\n<meta property=\"og:image\" content=\"https:\/\/languagetreeschool.com\/wp-content\/uploads\/2025\/08\/lands-end-group.jpg\" \/>\n\t<meta property=\"og:image:width\" content=\"2000\" \/>\n\t<meta property=\"og:image:height\" content=\"1334\" \/>\n\t<meta property=\"og:image:type\" content=\"image\/jpeg\" \/>\n<meta name=\"twitter:card\" content=\"summary_large_image\" \/>\n<meta name=\"twitter:title\" content=\"Language Tree Hakk\u0131nda | Cornwall&#039;da dil, k\u00fclt\u00fcr ve macera\" \/>\n<meta name=\"twitter:description\" content=\"Cornwall&#039;un British Council onayl\u0131 tek dil okulu olan Language Tree hakk\u0131nda bilgi edinin. Gen\u00e7ler, aileler ve yeti\u015fkinler i\u00e7in kurslar sunmak\" \/>\n<meta name=\"twitter:label1\" content=\"Tahmini okuma s\u00fcresi\" \/>\n\t<meta name=\"twitter:data1\" content=\"1 dakika\" \/>\n<script type=\"application\/ld+json\" class=\"yoast-schema-graph\">{\"@context\":\"https:\\\/\\\/schema.org\",\"@graph\":[{\"@type\":\"WebPage\",\"@id\":\"https:\\\/\\\/languagetreeschool.com\\\/tr\\\/okulumuz\\\/hakkimizda\\\/\",\"url\":\"https:\\\/\\\/languagetreeschool.com\\\/tr\\\/okulumuz\\\/hakkimizda\\\/\",\"name\":\"Language Tree Hakk\u0131nda | Cornwall'da dil, k\u00fclt\u00fcr ve macera\",\"isPartOf\":{\"@id\":\"https:\\\/\\\/languagetreeschool.com\\\/tr\\\/#website\"},\"primaryImageOfPage\":{\"@id\":\"https:\\\/\\\/languagetreeschool.com\\\/tr\\\/okulumuz\\\/hakkimizda\\\/#primaryimage\"},\"image\":{\"@id\":\"https:\\\/\\\/languagetreeschool.com\\\/tr\\\/okulumuz\\\/hakkimizda\\\/#primaryimage\"},\"thumbnailUrl\":\"https:\\\/\\\/languagetreeschool.com\\\/wp-content\\\/uploads\\\/2025\\\/08\\\/lands-end-group.jpg\",\"datePublished\":\"2025-07-15T15:09:39+00:00\",\"dateModified\":\"2025-12-12T14:53:02+00:00\",\"description\":\"Cornwall'un British Council onayl\u0131 tek dil okulu olan Language Tree hakk\u0131nda bilgi edinin. Gen\u00e7ler, aileler ve yeti\u015fkinler i\u00e7in kurslar sunmak\",\"breadcrumb\":{\"@id\":\"https:\\\/\\\/languagetreeschool.com\\\/tr\\\/okulumuz\\\/hakkimizda\\\/#breadcrumb\"},\"inLanguage\":\"tr\",\"potentialAction\":[{\"@type\":\"ReadAction\",\"target\":[\"https:\\\/\\\/languagetreeschool.com\\\/tr\\\/okulumuz\\\/hakkimizda\\\/\"]}]},{\"@type\":\"ImageObject\",\"inLanguage\":\"tr\",\"@id\":\"https:\\\/\\\/languagetreeschool.com\\\/tr\\\/okulumuz\\\/hakkimizda\\\/#primaryimage\",\"url\":\"https:\\\/\\\/languagetreeschool.com\\\/wp-content\\\/uploads\\\/2025\\\/08\\\/lands-end-group.jpg\",\"contentUrl\":\"https:\\\/\\\/languagetreeschool.com\\\/wp-content\\\/uploads\\\/2025\\\/08\\\/lands-end-group.jpg\",\"width\":2000,\"height\":1334,\"caption\":\"Land's End'de Dil A\u011fac\u0131 grubu\"},{\"@type\":\"BreadcrumbList\",\"@id\":\"https:\\\/\\\/languagetreeschool.com\\\/tr\\\/okulumuz\\\/hakkimizda\\\/#breadcrumb\",\"itemListElement\":[{\"@type\":\"ListItem\",\"position\":1,\"name\":\"Home\",\"item\":\"https:\\\/\\\/languagetreeschool.com\\\/tr\\\/home\\\/\"},{\"@type\":\"ListItem\",\"position\":2,\"name\":\"Okulumuz\",\"item\":\"https:\\\/\\\/languagetreeschool.com\\\/tr\\\/okulumuz\\\/\"},{\"@type\":\"ListItem\",\"position\":3,\"name\":\"Hakk\u0131m\u0131zda\"}]},{\"@type\":\"WebSite\",\"@id\":\"https:\\\/\\\/languagetreeschool.com\\\/tr\\\/#website\",\"url\":\"https:\\\/\\\/languagetreeschool.com\\\/tr\\\/\",\"name\":\"Language Tree\",\"description\":\"Language, culture &amp; adventure\",\"publisher\":{\"@id\":\"https:\\\/\\\/languagetreeschool.com\\\/tr\\\/#organization\"},\"potentialAction\":[{\"@type\":\"SearchAction\",\"target\":{\"@type\":\"EntryPoint\",\"urlTemplate\":\"https:\\\/\\\/languagetreeschool.com\\\/tr\\\/?s={search_term_string}\"},\"query-input\":{\"@type\":\"PropertyValueSpecification\",\"valueRequired\":true,\"valueName\":\"search_term_string\"}}],\"inLanguage\":\"tr\"},{\"@type\":\"Organization\",\"@id\":\"https:\\\/\\\/languagetreeschool.com\\\/tr\\\/#organization\",\"name\":\"Language Tree\",\"url\":\"https:\\\/\\\/languagetreeschool.com\\\/tr\\\/\",\"logo\":{\"@type\":\"ImageObject\",\"inLanguage\":\"tr\",\"@id\":\"https:\\\/\\\/languagetreeschool.com\\\/tr\\\/#\\\/schema\\\/logo\\\/image\\\/\",\"url\":\"https:\\\/\\\/languagetreeschool.com\\\/wp-content\\\/uploads\\\/2026\\\/03\\\/LT-icon-1.jpg\",\"contentUrl\":\"https:\\\/\\\/languagetreeschool.com\\\/wp-content\\\/uploads\\\/2026\\\/03\\\/LT-icon-1.jpg\",\"width\":1396,\"height\":1909,\"caption\":\"Language Tree\"},\"image\":{\"@id\":\"https:\\\/\\\/languagetreeschool.com\\\/tr\\\/#\\\/schema\\\/logo\\\/image\\\/\"},\"sameAs\":[\"https:\\\/\\\/www.facebook.com\\\/languagetreecornwall\",\"https:\\\/\\\/www.instagram.com\\\/languagetreeschool\"],\"description\":\"British Council accredited English language Summer School in Cornwall. Welcoming teenagers, families and adults from around the world to our university campus.\",\"email\":\"info@languagetreeschool.com\",\"telephone\":\"+447957497937\",\"legalName\":\"Language Tree Limited\",\"foundingDate\":\"2011-10-10\",\"numberOfEmployees\":{\"@type\":\"QuantitativeValue\",\"minValue\":\"11\",\"maxValue\":\"50\"}}]}<\/script>\n<!-- \/ Yoast SEO Premium plugin. -->","yoast_head_json":{"title":"Language Tree Hakk\u0131nda | Cornwall'da dil, k\u00fclt\u00fcr ve macera","description":"Cornwall'un British Council onayl\u0131 tek dil okulu olan Language Tree hakk\u0131nda bilgi edinin. Gen\u00e7ler, aileler ve yeti\u015fkinler i\u00e7in kurslar sunmak","robots":{"index":"index","follow":"follow","max-snippet":"max-snippet:-1","max-image-preview":"max-image-preview:large","max-video-preview":"max-video-preview:-1"},"canonical":"https:\/\/languagetreeschool.com\/tr\/okulumuz\/hakkimizda\/","og_locale":"tr_TR","og_type":"article","og_title":"Language Tree Hakk\u0131nda | Cornwall'da dil, k\u00fclt\u00fcr ve macera","og_description":"Cornwall'un British Council onayl\u0131 tek dil okulu olan Language Tree hakk\u0131nda bilgi edinin. Gen\u00e7ler, aileler ve yeti\u015fkinler i\u00e7in kurslar sunmak","og_url":"https:\/\/languagetreeschool.com\/tr\/okulumuz\/hakkimizda\/","og_site_name":"Language Tree","article_publisher":"https:\/\/www.facebook.com\/languagetreecornwall","article_modified_time":"2025-12-12T14:53:02+00:00","og_image":[{"width":2000,"height":1334,"url":"https:\/\/languagetreeschool.com\/wp-content\/uploads\/2025\/08\/lands-end-group.jpg","type":"image\/jpeg"}],"twitter_card":"summary_large_image","twitter_title":"Language Tree Hakk\u0131nda | Cornwall'da dil, k\u00fclt\u00fcr ve macera","twitter_description":"Cornwall'un British Council onayl\u0131 tek dil okulu olan Language Tree hakk\u0131nda bilgi edinin. Gen\u00e7ler, aileler ve yeti\u015fkinler i\u00e7in kurslar sunmak","twitter_misc":{"Tahmini okuma s\u00fcresi":"1 dakika"},"schema":{"@context":"https:\/\/schema.org","@graph":[{"@type":"WebPage","@id":"https:\/\/languagetreeschool.com\/tr\/okulumuz\/hakkimizda\/","url":"https:\/\/languagetreeschool.com\/tr\/okulumuz\/hakkimizda\/","name":"Language Tree Hakk\u0131nda | Cornwall'da dil, k\u00fclt\u00fcr ve macera","isPartOf":{"@id":"https:\/\/languagetreeschool.com\/tr\/#website"},"primaryImageOfPage":{"@id":"https:\/\/languagetreeschool.com\/tr\/okulumuz\/hakkimizda\/#primaryimage"},"image":{"@id":"https:\/\/languagetreeschool.com\/tr\/okulumuz\/hakkimizda\/#primaryimage"},"thumbnailUrl":"https:\/\/languagetreeschool.com\/wp-content\/uploads\/2025\/08\/lands-end-group.jpg","datePublished":"2025-07-15T15:09:39+00:00","dateModified":"2025-12-12T14:53:02+00:00","description":"Cornwall'un British Council onayl\u0131 tek dil okulu olan Language Tree hakk\u0131nda bilgi edinin. Gen\u00e7ler, aileler ve yeti\u015fkinler i\u00e7in kurslar sunmak","breadcrumb":{"@id":"https:\/\/languagetreeschool.com\/tr\/okulumuz\/hakkimizda\/#breadcrumb"},"inLanguage":"tr","potentialAction":[{"@type":"ReadAction","target":["https:\/\/languagetreeschool.com\/tr\/okulumuz\/hakkimizda\/"]}]},{"@type":"ImageObject","inLanguage":"tr","@id":"https:\/\/languagetreeschool.com\/tr\/okulumuz\/hakkimizda\/#primaryimage","url":"https:\/\/languagetreeschool.com\/wp-content\/uploads\/2025\/08\/lands-end-group.jpg","contentUrl":"https:\/\/languagetreeschool.com\/wp-content\/uploads\/2025\/08\/lands-end-group.jpg","width":2000,"height":1334,"caption":"Land's End'de Dil A\u011fac\u0131 grubu"},{"@type":"BreadcrumbList","@id":"https:\/\/languagetreeschool.com\/tr\/okulumuz\/hakkimizda\/#breadcrumb","itemListElement":[{"@type":"ListItem","position":1,"name":"Home","item":"https:\/\/languagetreeschool.com\/tr\/home\/"},{"@type":"ListItem","position":2,"name":"Okulumuz","item":"https:\/\/languagetreeschool.com\/tr\/okulumuz\/"},{"@type":"ListItem","position":3,"name":"Hakk\u0131m\u0131zda"}]},{"@type":"WebSite","@id":"https:\/\/languagetreeschool.com\/tr\/#website","url":"https:\/\/languagetreeschool.com\/tr\/","name":"Language Tree","description":"Language, culture &amp; adventure","publisher":{"@id":"https:\/\/languagetreeschool.com\/tr\/#organization"},"potentialAction":[{"@type":"SearchAction","target":{"@type":"EntryPoint","urlTemplate":"https:\/\/languagetreeschool.com\/tr\/?s={search_term_string}"},"query-input":{"@type":"PropertyValueSpecification","valueRequired":true,"valueName":"search_term_string"}}],"inLanguage":"tr"},{"@type":"Organization","@id":"https:\/\/languagetreeschool.com\/tr\/#organization","name":"Language Tree","url":"https:\/\/languagetreeschool.com\/tr\/","logo":{"@type":"ImageObject","inLanguage":"tr","@id":"https:\/\/languagetreeschool.com\/tr\/#\/schema\/logo\/image\/","url":"https:\/\/languagetreeschool.com\/wp-content\/uploads\/2026\/03\/LT-icon-1.jpg","contentUrl":"https:\/\/languagetreeschool.com\/wp-content\/uploads\/2026\/03\/LT-icon-1.jpg","width":1396,"height":1909,"caption":"Language Tree"},"image":{"@id":"https:\/\/languagetreeschool.com\/tr\/#\/schema\/logo\/image\/"},"sameAs":["https:\/\/www.facebook.com\/languagetreecornwall","https:\/\/www.instagram.com\/languagetreeschool"],"description":"British Council accredited English language Summer School in Cornwall. Welcoming teenagers, families and adults from around the world to our university campus.","email":"info@languagetreeschool.com","telephone":"+447957497937","legalName":"Language Tree Limited","foundingDate":"2011-10-10","numberOfEmployees":{"@type":"QuantitativeValue","minValue":"11","maxValue":"50"}}]}},"_links":{"self":[{"href":"https:\/\/languagetreeschool.com\/tr\/wp-json\/wp\/v2\/pages\/4615","targetHints":{"allow":["GET"]}}],"collection":[{"href":"https:\/\/languagetreeschool.com\/tr\/wp-json\/wp\/v2\/pages"}],"about":[{"href":"https:\/\/languagetreeschool.com\/tr\/wp-json\/wp\/v2\/types\/page"}],"author":[{"embeddable":true,"href":"https:\/\/languagetreeschool.com\/tr\/wp-json\/wp\/v2\/users\/1"}],"replies":[{"embeddable":true,"href":"https:\/\/languagetreeschool.com\/tr\/wp-json\/wp\/v2\/comments?post=4615"}],"version-history":[{"count":8,"href":"https:\/\/languagetreeschool.com\/tr\/wp-json\/wp\/v2\/pages\/4615\/revisions"}],"predecessor-version":[{"id":10488,"href":"https:\/\/languagetreeschool.com\/tr\/wp-json\/wp\/v2\/pages\/4615\/revisions\/10488"}],"up":[{"embeddable":true,"href":"https:\/\/languagetreeschool.com\/tr\/wp-json\/wp\/v2\/pages\/4687"}],"wp:featuredmedia":[{"embeddable":true,"href":"https:\/\/languagetreeschool.com\/tr\/wp-json\/wp\/v2\/media\/6646"}],"wp:attachment":[{"href":"https:\/\/languagetreeschool.com\/tr\/wp-json\/wp\/v2\/media?parent=4615"}],"curies":[{"name":"wp","href":"https:\/\/api.w.org\/{rel}","templated":true}]}}