{"id":4552,"date":"2025-07-15T16:12:11","date_gmt":"2025-07-15T15:12:11","guid":{"rendered":"https:\/\/language.majik-now.co.uk\/host-an-international-student\/"},"modified":"2026-04-24T16:55:03","modified_gmt":"2026-04-24T15:55:03","slug":"uluslararasi-bir-ogrenciye-ev-sahipligi-yapin","status":"publish","type":"page","link":"https:\/\/languagetreeschool.com\/tr\/uluslararasi-bir-ogrenciye-ev-sahipligi-yapin\/","title":{"rendered":"Uluslararas\u0131 Bir \u00d6\u011frenciye Ev Sahipli\u011fi Yap\u0131n"},"content":{"rendered":"","protected":false},"excerpt":{"rendered":"","protected":false},"author":1,"featured_media":14447,"parent":0,"menu_order":159,"comment_status":"closed","ping_status":"closed","template":"","meta":{"_acf_changed":false,"footnotes":""},"class_list":["post-4552","page","type-page","status-publish","has-post-thumbnail","hentry"],"acf":[],"yoast_head":"<!-- This site is optimized with the Yoast SEO Premium plugin v26.6 (Yoast SEO v26.6) - https:\/\/yoast.com\/wordpress\/plugins\/seo\/ -->\n<title>Uluslararas\u0131 \u00d6\u011frencilere Ev Sahipli\u011fi Yap\u0131n | Cornwall Ev Sahibi Aileler<\/title>\n<meta name=\"description\" content=\"Cornwall&#039;daki Language Tree ile uluslararas\u0131 \u00f6\u011frencilere ev sahipli\u011fi yaparak haftal\u0131k gelir elde edin. Konuksever bir ev sunun, k\u00fclt\u00fcr\u00fcn\u00fcz\u00fc payla\u015f\u0131n ve tam destek al\u0131n. Bug\u00fcn ba\u015fvurun.\" \/>\n<meta name=\"robots\" content=\"index, follow, max-snippet:-1, max-image-preview:large, max-video-preview:-1\" \/>\n<link rel=\"canonical\" href=\"https:\/\/languagetreeschool.com\/tr\/uluslararasi-bir-ogrenciye-ev-sahipligi-yapin\/\" \/>\n<meta property=\"og:locale\" content=\"tr_TR\" \/>\n<meta property=\"og:type\" content=\"article\" \/>\n<meta property=\"og:title\" content=\"Uluslararas\u0131 \u00d6\u011frencilere Ev Sahipli\u011fi Yap\u0131n | Cornwall Ev Sahibi Aileler\" \/>\n<meta property=\"og:description\" content=\"Cornwall&#039;daki Language Tree ile uluslararas\u0131 \u00f6\u011frencilere ev sahipli\u011fi yaparak haftal\u0131k gelir elde edin. K\u00fclt\u00fcr\u00fcn\u00fcz\u00fc payla\u015f\u0131n, s\u0131cak bir yuva sunun ve tam destek al\u0131n.\" \/>\n<meta property=\"og:url\" content=\"https:\/\/languagetreeschool.com\/tr\/uluslararasi-bir-ogrenciye-ev-sahipligi-yapin\/\" \/>\n<meta property=\"og:site_name\" content=\"Language Tree\" \/>\n<meta property=\"article:publisher\" content=\"https:\/\/www.facebook.com\/languagetreecornwall\" \/>\n<meta property=\"article:modified_time\" content=\"2026-04-24T15:55:03+00:00\" \/>\n<meta property=\"og:image\" content=\"https:\/\/languagetreeschool.com\/wp-content\/uploads\/2026\/04\/language-tree-host-7.jpg\" \/>\n\t<meta property=\"og:image:width\" content=\"2000\" \/>\n\t<meta property=\"og:image:height\" content=\"1498\" \/>\n\t<meta property=\"og:image:type\" content=\"image\/jpeg\" \/>\n<meta name=\"twitter:card\" content=\"summary_large_image\" \/>\n<meta name=\"twitter:title\" content=\"Uluslararas\u0131 Bir \u00d6\u011frenciye Ev Sahipli\u011fi Yap\u0131n\" \/>\n<meta name=\"twitter:label1\" content=\"Tahmini okuma s\u00fcresi\" \/>\n\t<meta name=\"twitter:data1\" content=\"1 dakika\" \/>\n<script type=\"application\/ld+json\" class=\"yoast-schema-graph\">{\"@context\":\"https:\/\/schema.org\",\"@graph\":[{\"@type\":\"WebPage\",\"@id\":\"https:\/\/languagetreeschool.com\/tr\/uluslararasi-bir-ogrenciye-ev-sahipligi-yapin\/\",\"url\":\"https:\/\/languagetreeschool.com\/tr\/uluslararasi-bir-ogrenciye-ev-sahipligi-yapin\/\",\"name\":\"Uluslararas\u0131 \u00d6\u011frencilere Ev Sahipli\u011fi Yap\u0131n | Cornwall Ev Sahibi Aileler\",\"isPartOf\":{\"@id\":\"https:\/\/languagetreeschool.com\/tr\/#website\"},\"primaryImageOfPage\":{\"@id\":\"https:\/\/languagetreeschool.com\/tr\/uluslararasi-bir-ogrenciye-ev-sahipligi-yapin\/#primaryimage\"},\"image\":{\"@id\":\"https:\/\/languagetreeschool.com\/tr\/uluslararasi-bir-ogrenciye-ev-sahipligi-yapin\/#primaryimage\"},\"thumbnailUrl\":\"https:\/\/languagetreeschool.com\/wp-content\/uploads\/2026\/04\/language-tree-host-7.jpg\",\"datePublished\":\"2025-07-15T15:12:11+00:00\",\"dateModified\":\"2026-04-24T15:55:03+00:00\",\"description\":\"Cornwall'daki Language Tree ile uluslararas\u0131 \u00f6\u011frencilere ev sahipli\u011fi yaparak haftal\u0131k gelir elde edin. Konuksever bir ev sunun, k\u00fclt\u00fcr\u00fcn\u00fcz\u00fc payla\u015f\u0131n ve tam destek al\u0131n. Bug\u00fcn ba\u015fvurun.\",\"breadcrumb\":{\"@id\":\"https:\/\/languagetreeschool.com\/tr\/uluslararasi-bir-ogrenciye-ev-sahipligi-yapin\/#breadcrumb\"},\"inLanguage\":\"tr\",\"potentialAction\":[{\"@type\":\"ReadAction\",\"target\":[\"https:\/\/languagetreeschool.com\/tr\/uluslararasi-bir-ogrenciye-ev-sahipligi-yapin\/\"]}]},{\"@type\":\"ImageObject\",\"inLanguage\":\"tr\",\"@id\":\"https:\/\/languagetreeschool.com\/tr\/uluslararasi-bir-ogrenciye-ev-sahipligi-yapin\/#primaryimage\",\"url\":\"https:\/\/languagetreeschool.com\/wp-content\/uploads\/2026\/04\/language-tree-host-7.jpg\",\"contentUrl\":\"https:\/\/languagetreeschool.com\/wp-content\/uploads\/2026\/04\/language-tree-host-7.jpg\",\"width\":2000,\"height\":1498},{\"@type\":\"BreadcrumbList\",\"@id\":\"https:\/\/languagetreeschool.com\/tr\/uluslararasi-bir-ogrenciye-ev-sahipligi-yapin\/#breadcrumb\",\"itemListElement\":[{\"@type\":\"ListItem\",\"position\":1,\"name\":\"Home\",\"item\":\"https:\/\/languagetreeschool.com\/tr\/home\/\"},{\"@type\":\"ListItem\",\"position\":2,\"name\":\"Uluslararas\u0131 Bir \u00d6\u011frenciye Ev Sahipli\u011fi Yap\u0131n\"}]},{\"@type\":\"WebSite\",\"@id\":\"https:\/\/languagetreeschool.com\/tr\/#website\",\"url\":\"https:\/\/languagetreeschool.com\/tr\/\",\"name\":\"Language Tree\",\"description\":\"Language, culture &amp; adventure\",\"publisher\":{\"@id\":\"https:\/\/languagetreeschool.com\/tr\/#organization\"},\"potentialAction\":[{\"@type\":\"SearchAction\",\"target\":{\"@type\":\"EntryPoint\",\"urlTemplate\":\"https:\/\/languagetreeschool.com\/tr\/?s={search_term_string}\"},\"query-input\":{\"@type\":\"PropertyValueSpecification\",\"valueRequired\":true,\"valueName\":\"search_term_string\"}}],\"inLanguage\":\"tr\"},{\"@type\":\"Organization\",\"@id\":\"https:\/\/languagetreeschool.com\/tr\/#organization\",\"name\":\"Language Tree\",\"url\":\"https:\/\/languagetreeschool.com\/tr\/\",\"logo\":{\"@type\":\"ImageObject\",\"inLanguage\":\"tr\",\"@id\":\"https:\/\/languagetreeschool.com\/tr\/#\/schema\/logo\/image\/\",\"url\":\"https:\/\/languagetreeschool.com\/wp-content\/uploads\/2026\/03\/LT-icon-1.jpg\",\"contentUrl\":\"https:\/\/languagetreeschool.com\/wp-content\/uploads\/2026\/03\/LT-icon-1.jpg\",\"width\":1396,\"height\":1909,\"caption\":\"Language Tree\"},\"image\":{\"@id\":\"https:\/\/languagetreeschool.com\/tr\/#\/schema\/logo\/image\/\"},\"sameAs\":[\"https:\/\/www.facebook.com\/languagetreecornwall\",\"https:\/\/www.instagram.com\/languagetreeschool\"],\"description\":\"British Council accredited English language Summer School in Cornwall. Welcoming teenagers, families and adults from around the world to our university campus.\",\"email\":\"info@languagetreeschool.com\",\"telephone\":\"+447957497937\",\"legalName\":\"Language Tree Limited\",\"foundingDate\":\"2011-10-10\",\"numberOfEmployees\":{\"@type\":\"QuantitativeValue\",\"minValue\":\"11\",\"maxValue\":\"50\"}}]}<\/script>\n<!-- \/ Yoast SEO Premium plugin. -->","yoast_head_json":{"title":"Uluslararas\u0131 \u00d6\u011frencilere Ev Sahipli\u011fi Yap\u0131n | Cornwall Ev Sahibi Aileler","description":"Cornwall'daki Language Tree ile uluslararas\u0131 \u00f6\u011frencilere ev sahipli\u011fi yaparak haftal\u0131k gelir elde edin. Konuksever bir ev sunun, k\u00fclt\u00fcr\u00fcn\u00fcz\u00fc payla\u015f\u0131n ve tam destek al\u0131n. Bug\u00fcn ba\u015fvurun.","robots":{"index":"index","follow":"follow","max-snippet":"max-snippet:-1","max-image-preview":"max-image-preview:large","max-video-preview":"max-video-preview:-1"},"canonical":"https:\/\/languagetreeschool.com\/tr\/uluslararasi-bir-ogrenciye-ev-sahipligi-yapin\/","og_locale":"tr_TR","og_type":"article","og_title":"Uluslararas\u0131 \u00d6\u011frencilere Ev Sahipli\u011fi Yap\u0131n | Cornwall Ev Sahibi Aileler","og_description":"Cornwall'daki Language Tree ile uluslararas\u0131 \u00f6\u011frencilere ev sahipli\u011fi yaparak haftal\u0131k gelir elde edin. K\u00fclt\u00fcr\u00fcn\u00fcz\u00fc payla\u015f\u0131n, s\u0131cak bir yuva sunun ve tam destek al\u0131n.","og_url":"https:\/\/languagetreeschool.com\/tr\/uluslararasi-bir-ogrenciye-ev-sahipligi-yapin\/","og_site_name":"Language Tree","article_publisher":"https:\/\/www.facebook.com\/languagetreecornwall","article_modified_time":"2026-04-24T15:55:03+00:00","og_image":[{"width":2000,"height":1498,"url":"https:\/\/languagetreeschool.com\/wp-content\/uploads\/2026\/04\/language-tree-host-7.jpg","type":"image\/jpeg"}],"twitter_card":"summary_large_image","twitter_title":"Uluslararas\u0131 Bir \u00d6\u011frenciye Ev Sahipli\u011fi Yap\u0131n","twitter_misc":{"Tahmini okuma s\u00fcresi":"1 dakika"},"schema":{"@context":"https:\/\/schema.org","@graph":[{"@type":"WebPage","@id":"https:\/\/languagetreeschool.com\/tr\/uluslararasi-bir-ogrenciye-ev-sahipligi-yapin\/","url":"https:\/\/languagetreeschool.com\/tr\/uluslararasi-bir-ogrenciye-ev-sahipligi-yapin\/","name":"Uluslararas\u0131 \u00d6\u011frencilere Ev Sahipli\u011fi Yap\u0131n | Cornwall Ev Sahibi Aileler","isPartOf":{"@id":"https:\/\/languagetreeschool.com\/tr\/#website"},"primaryImageOfPage":{"@id":"https:\/\/languagetreeschool.com\/tr\/uluslararasi-bir-ogrenciye-ev-sahipligi-yapin\/#primaryimage"},"image":{"@id":"https:\/\/languagetreeschool.com\/tr\/uluslararasi-bir-ogrenciye-ev-sahipligi-yapin\/#primaryimage"},"thumbnailUrl":"https:\/\/languagetreeschool.com\/wp-content\/uploads\/2026\/04\/language-tree-host-7.jpg","datePublished":"2025-07-15T15:12:11+00:00","dateModified":"2026-04-24T15:55:03+00:00","description":"Cornwall'daki Language Tree ile uluslararas\u0131 \u00f6\u011frencilere ev sahipli\u011fi yaparak haftal\u0131k gelir elde edin. Konuksever bir ev sunun, k\u00fclt\u00fcr\u00fcn\u00fcz\u00fc payla\u015f\u0131n ve tam destek al\u0131n. Bug\u00fcn ba\u015fvurun.","breadcrumb":{"@id":"https:\/\/languagetreeschool.com\/tr\/uluslararasi-bir-ogrenciye-ev-sahipligi-yapin\/#breadcrumb"},"inLanguage":"tr","potentialAction":[{"@type":"ReadAction","target":["https:\/\/languagetreeschool.com\/tr\/uluslararasi-bir-ogrenciye-ev-sahipligi-yapin\/"]}]},{"@type":"ImageObject","inLanguage":"tr","@id":"https:\/\/languagetreeschool.com\/tr\/uluslararasi-bir-ogrenciye-ev-sahipligi-yapin\/#primaryimage","url":"https:\/\/languagetreeschool.com\/wp-content\/uploads\/2026\/04\/language-tree-host-7.jpg","contentUrl":"https:\/\/languagetreeschool.com\/wp-content\/uploads\/2026\/04\/language-tree-host-7.jpg","width":2000,"height":1498},{"@type":"BreadcrumbList","@id":"https:\/\/languagetreeschool.com\/tr\/uluslararasi-bir-ogrenciye-ev-sahipligi-yapin\/#breadcrumb","itemListElement":[{"@type":"ListItem","position":1,"name":"Home","item":"https:\/\/languagetreeschool.com\/tr\/home\/"},{"@type":"ListItem","position":2,"name":"Uluslararas\u0131 Bir \u00d6\u011frenciye Ev Sahipli\u011fi Yap\u0131n"}]},{"@type":"WebSite","@id":"https:\/\/languagetreeschool.com\/tr\/#website","url":"https:\/\/languagetreeschool.com\/tr\/","name":"Language Tree","description":"Language, culture &amp; adventure","publisher":{"@id":"https:\/\/languagetreeschool.com\/tr\/#organization"},"potentialAction":[{"@type":"SearchAction","target":{"@type":"EntryPoint","urlTemplate":"https:\/\/languagetreeschool.com\/tr\/?s={search_term_string}"},"query-input":{"@type":"PropertyValueSpecification","valueRequired":true,"valueName":"search_term_string"}}],"inLanguage":"tr"},{"@type":"Organization","@id":"https:\/\/languagetreeschool.com\/tr\/#organization","name":"Language Tree","url":"https:\/\/languagetreeschool.com\/tr\/","logo":{"@type":"ImageObject","inLanguage":"tr","@id":"https:\/\/languagetreeschool.com\/tr\/#\/schema\/logo\/image\/","url":"https:\/\/languagetreeschool.com\/wp-content\/uploads\/2026\/03\/LT-icon-1.jpg","contentUrl":"https:\/\/languagetreeschool.com\/wp-content\/uploads\/2026\/03\/LT-icon-1.jpg","width":1396,"height":1909,"caption":"Language Tree"},"image":{"@id":"https:\/\/languagetreeschool.com\/tr\/#\/schema\/logo\/image\/"},"sameAs":["https:\/\/www.facebook.com\/languagetreecornwall","https:\/\/www.instagram.com\/languagetreeschool"],"description":"British Council accredited English language Summer School in Cornwall. Welcoming teenagers, families and adults from around the world to our university campus.","email":"info@languagetreeschool.com","telephone":"+447957497937","legalName":"Language Tree Limited","foundingDate":"2011-10-10","numberOfEmployees":{"@type":"QuantitativeValue","minValue":"11","maxValue":"50"}}]}},"_links":{"self":[{"href":"https:\/\/languagetreeschool.com\/tr\/wp-json\/wp\/v2\/pages\/4552","targetHints":{"allow":["GET"]}}],"collection":[{"href":"https:\/\/languagetreeschool.com\/tr\/wp-json\/wp\/v2\/pages"}],"about":[{"href":"https:\/\/languagetreeschool.com\/tr\/wp-json\/wp\/v2\/types\/page"}],"author":[{"embeddable":true,"href":"https:\/\/languagetreeschool.com\/tr\/wp-json\/wp\/v2\/users\/1"}],"replies":[{"embeddable":true,"href":"https:\/\/languagetreeschool.com\/tr\/wp-json\/wp\/v2\/comments?post=4552"}],"version-history":[{"count":3,"href":"https:\/\/languagetreeschool.com\/tr\/wp-json\/wp\/v2\/pages\/4552\/revisions"}],"predecessor-version":[{"id":11536,"href":"https:\/\/languagetreeschool.com\/tr\/wp-json\/wp\/v2\/pages\/4552\/revisions\/11536"}],"wp:featuredmedia":[{"embeddable":true,"href":"https:\/\/languagetreeschool.com\/tr\/wp-json\/wp\/v2\/media\/14447"}],"wp:attachment":[{"href":"https:\/\/languagetreeschool.com\/tr\/wp-json\/wp\/v2\/media?parent=4552"}],"curies":[{"name":"wp","href":"https:\/\/api.w.org\/{rel}","templated":true}]}}