{"id":14214,"date":"2026-03-08T12:40:22","date_gmt":"2026-03-08T12:40:22","guid":{"rendered":"https:\/\/languagetreeschool.com\/okulumuz\/sosyal-aktiviteler-geziler\/tintagel-ve-kral-arthur\/"},"modified":"2026-03-08T12:50:26","modified_gmt":"2026-03-08T12:50:26","slug":"tintagel-ve-kral-arthur","status":"publish","type":"page","link":"https:\/\/languagetreeschool.com\/tr\/okulumuz\/sosyal-aktiviteler-geziler\/tintagel-ve-kral-arthur\/","title":{"rendered":"Tintagel ve Kral Arthur"},"content":{"rendered":"","protected":false},"excerpt":{"rendered":"","protected":false},"author":6,"featured_media":1405,"parent":4633,"menu_order":0,"comment_status":"closed","ping_status":"closed","template":"","meta":{"_acf_changed":false,"footnotes":""},"class_list":["post-14214","page","type-page","status-publish","has-post-thumbnail","hentry"],"acf":[],"yoast_head":"<!-- This site is optimized with the Yoast SEO Premium plugin v26.6 (Yoast SEO v26.6) - https:\/\/yoast.com\/wordpress\/plugins\/seo\/ -->\n<title>Bizimle Tintagel Kalesi&#039;ni ziyaret edin ve Kral Arthur hakk\u0131nda bilgi edinin<\/title>\n<meta name=\"description\" content=\"Bizimle Tintagel Kalesi&#039;ni ziyaret edin. Kral Arthur&#039;un do\u011fdu\u011fu yeri ke\u015ffedin ve Kral Arthur&#039;un Salonlar\u0131&#039;nda yuvarlak masa \u015f\u00f6valyeleri hakk\u0131nda bilgi edinin.\" \/>\n<meta name=\"robots\" content=\"index, follow, max-snippet:-1, max-image-preview:large, max-video-preview:-1\" \/>\n<link rel=\"canonical\" href=\"https:\/\/languagetreeschool.com\/tr\/okulumuz\/sosyal-aktiviteler-geziler\/tintagel-ve-kral-arthur\/\" \/>\n<meta property=\"og:locale\" content=\"tr_TR\" \/>\n<meta property=\"og:type\" content=\"article\" \/>\n<meta property=\"og:title\" content=\"Bizimle Tintagel Kalesi&#039;ni ziyaret edin ve Kral Arthur hakk\u0131nda bilgi edinin\" \/>\n<meta property=\"og:description\" content=\"Bizimle Tintagel Kalesi&#039;ni ziyaret edin. Kral Arthur&#039;un do\u011fdu\u011fu yeri ke\u015ffedin ve Kral Arthur&#039;un Salonlar\u0131&#039;nda yuvarlak masa \u015f\u00f6valyeleri hakk\u0131nda bilgi edinin.\" \/>\n<meta property=\"og:url\" content=\"https:\/\/languagetreeschool.com\/tr\/okulumuz\/sosyal-aktiviteler-geziler\/tintagel-ve-kral-arthur\/\" \/>\n<meta property=\"og:site_name\" content=\"Language Tree\" \/>\n<meta property=\"article:publisher\" content=\"https:\/\/www.facebook.com\/languagetreecornwall\" \/>\n<meta property=\"article:modified_time\" content=\"2026-03-08T12:50:26+00:00\" \/>\n<meta property=\"og:image\" content=\"https:\/\/languagetreeschool.com\/wp-content\/uploads\/2025\/07\/Tintagel-castle-2.jpg\" \/>\n\t<meta property=\"og:image:width\" content=\"1200\" \/>\n\t<meta property=\"og:image:height\" content=\"1553\" \/>\n\t<meta property=\"og:image:type\" content=\"image\/jpeg\" \/>\n<meta name=\"twitter:card\" content=\"summary_large_image\" \/>\n<meta name=\"twitter:title\" content=\"Bizimle Tintagel Kalesi&#039;ni ziyaret edin ve Kral Arthur hakk\u0131nda bilgi edinin\" \/>\n<meta name=\"twitter:description\" content=\"Bizimle Tintagel Kalesi&#039;ni ziyaret edin. Kral Arthur&#039;un do\u011fdu\u011fu yeri ke\u015ffedin ve Kral Arthur&#039;un Salonlar\u0131&#039;nda yuvarlak masa \u015f\u00f6valyeleri hakk\u0131nda bilgi edinin.\" \/>\n<script type=\"application\/ld+json\" class=\"yoast-schema-graph\">{\"@context\":\"https:\/\/schema.org\",\"@graph\":[{\"@type\":\"WebPage\",\"@id\":\"https:\/\/languagetreeschool.com\/tr\/okulumuz\/sosyal-aktiviteler-geziler\/tintagel-ve-kral-arthur\/\",\"url\":\"https:\/\/languagetreeschool.com\/tr\/okulumuz\/sosyal-aktiviteler-geziler\/tintagel-ve-kral-arthur\/\",\"name\":\"Bizimle Tintagel Kalesi'ni ziyaret edin ve Kral Arthur hakk\u0131nda bilgi edinin\",\"isPartOf\":{\"@id\":\"https:\/\/languagetreeschool.com\/tr\/#website\"},\"primaryImageOfPage\":{\"@id\":\"https:\/\/languagetreeschool.com\/tr\/okulumuz\/sosyal-aktiviteler-geziler\/tintagel-ve-kral-arthur\/#primaryimage\"},\"image\":{\"@id\":\"https:\/\/languagetreeschool.com\/tr\/okulumuz\/sosyal-aktiviteler-geziler\/tintagel-ve-kral-arthur\/#primaryimage\"},\"thumbnailUrl\":\"https:\/\/languagetreeschool.com\/wp-content\/uploads\/2025\/07\/Tintagel-castle-2.jpg\",\"datePublished\":\"2026-03-08T12:40:22+00:00\",\"dateModified\":\"2026-03-08T12:50:26+00:00\",\"description\":\"Bizimle Tintagel Kalesi'ni ziyaret edin. Kral Arthur'un do\u011fdu\u011fu yeri ke\u015ffedin ve Kral Arthur'un Salonlar\u0131'nda yuvarlak masa \u015f\u00f6valyeleri hakk\u0131nda bilgi edinin.\",\"breadcrumb\":{\"@id\":\"https:\/\/languagetreeschool.com\/tr\/okulumuz\/sosyal-aktiviteler-geziler\/tintagel-ve-kral-arthur\/#breadcrumb\"},\"inLanguage\":\"tr\",\"potentialAction\":[{\"@type\":\"ReadAction\",\"target\":[\"https:\/\/languagetreeschool.com\/tr\/okulumuz\/sosyal-aktiviteler-geziler\/tintagel-ve-kral-arthur\/\"]}]},{\"@type\":\"ImageObject\",\"inLanguage\":\"tr\",\"@id\":\"https:\/\/languagetreeschool.com\/tr\/okulumuz\/sosyal-aktiviteler-geziler\/tintagel-ve-kral-arthur\/#primaryimage\",\"url\":\"https:\/\/languagetreeschool.com\/wp-content\/uploads\/2025\/07\/Tintagel-castle-2.jpg\",\"contentUrl\":\"https:\/\/languagetreeschool.com\/wp-content\/uploads\/2025\/07\/Tintagel-castle-2.jpg\",\"width\":1200,\"height\":1553,\"caption\":\"Cornwall, \u0130ngiltere'de bulunan ve Kral Arthur ile ba\u011flant\u0131l\u0131 oldu\u011funa inan\u0131lan Tintagel Kalesi kal\u0131nt\u0131lar\u0131n\u0131n ta\u015f duvarlar, ye\u015fil \u00e7imen, dolamba\u00e7l\u0131 yollar ve bulutlu bir g\u00f6ky\u00fcz\u00fc alt\u0131nda dramatik bir u\u00e7urumun \u00fczerindeki yaya k\u00f6pr\u00fcs\u00fcn\u00fcn yan\u0131nda ke\u015fif yapan insanlarla birlikte do\u011fal bir g\u00f6r\u00fcn\u00fcm.\"},{\"@type\":\"BreadcrumbList\",\"@id\":\"https:\/\/languagetreeschool.com\/tr\/okulumuz\/sosyal-aktiviteler-geziler\/tintagel-ve-kral-arthur\/#breadcrumb\",\"itemListElement\":[{\"@type\":\"ListItem\",\"position\":1,\"name\":\"Home\",\"item\":\"https:\/\/languagetreeschool.com\/tr\/home\/\"},{\"@type\":\"ListItem\",\"position\":2,\"name\":\"Okulumuz\",\"item\":\"https:\/\/languagetreeschool.com\/tr\/okulumuz\/\"},{\"@type\":\"ListItem\",\"position\":3,\"name\":\"Sosyal Aktiviteler &amp; Geziler\",\"item\":\"https:\/\/languagetreeschool.com\/tr\/okulumuz\/sosyal-aktiviteler-geziler\/\"},{\"@type\":\"ListItem\",\"position\":4,\"name\":\"Tintagel ve Kral Arthur\"}]},{\"@type\":\"WebSite\",\"@id\":\"https:\/\/languagetreeschool.com\/tr\/#website\",\"url\":\"https:\/\/languagetreeschool.com\/tr\/\",\"name\":\"Language Tree\",\"description\":\"Language, culture &amp; adventure\",\"publisher\":{\"@id\":\"https:\/\/languagetreeschool.com\/tr\/#organization\"},\"potentialAction\":[{\"@type\":\"SearchAction\",\"target\":{\"@type\":\"EntryPoint\",\"urlTemplate\":\"https:\/\/languagetreeschool.com\/tr\/?s={search_term_string}\"},\"query-input\":{\"@type\":\"PropertyValueSpecification\",\"valueRequired\":true,\"valueName\":\"search_term_string\"}}],\"inLanguage\":\"tr\"},{\"@type\":\"Organization\",\"@id\":\"https:\/\/languagetreeschool.com\/tr\/#organization\",\"name\":\"Language Tree\",\"url\":\"https:\/\/languagetreeschool.com\/tr\/\",\"logo\":{\"@type\":\"ImageObject\",\"inLanguage\":\"tr\",\"@id\":\"https:\/\/languagetreeschool.com\/tr\/#\/schema\/logo\/image\/\",\"url\":\"https:\/\/languagetreeschool.com\/wp-content\/uploads\/2026\/03\/LT-icon-1.jpg\",\"contentUrl\":\"https:\/\/languagetreeschool.com\/wp-content\/uploads\/2026\/03\/LT-icon-1.jpg\",\"width\":1396,\"height\":1909,\"caption\":\"Language Tree\"},\"image\":{\"@id\":\"https:\/\/languagetreeschool.com\/tr\/#\/schema\/logo\/image\/\"},\"sameAs\":[\"https:\/\/www.facebook.com\/languagetreecornwall\",\"https:\/\/www.instagram.com\/languagetreeschool\"],\"description\":\"British Council accredited English language Summer School in Cornwall. Welcoming teenagers, families and adults from around the world to our university campus.\",\"email\":\"info@languagetreeschool.com\",\"telephone\":\"+447957497937\",\"legalName\":\"Language Tree Limited\",\"foundingDate\":\"2011-10-10\",\"numberOfEmployees\":{\"@type\":\"QuantitativeValue\",\"minValue\":\"11\",\"maxValue\":\"50\"}}]}<\/script>\n<!-- \/ Yoast SEO Premium plugin. -->","yoast_head_json":{"title":"Bizimle Tintagel Kalesi'ni ziyaret edin ve Kral Arthur hakk\u0131nda bilgi edinin","description":"Bizimle Tintagel Kalesi'ni ziyaret edin. Kral Arthur'un do\u011fdu\u011fu yeri ke\u015ffedin ve Kral Arthur'un Salonlar\u0131'nda yuvarlak masa \u015f\u00f6valyeleri hakk\u0131nda bilgi edinin.","robots":{"index":"index","follow":"follow","max-snippet":"max-snippet:-1","max-image-preview":"max-image-preview:large","max-video-preview":"max-video-preview:-1"},"canonical":"https:\/\/languagetreeschool.com\/tr\/okulumuz\/sosyal-aktiviteler-geziler\/tintagel-ve-kral-arthur\/","og_locale":"tr_TR","og_type":"article","og_title":"Bizimle Tintagel Kalesi'ni ziyaret edin ve Kral Arthur hakk\u0131nda bilgi edinin","og_description":"Bizimle Tintagel Kalesi'ni ziyaret edin. Kral Arthur'un do\u011fdu\u011fu yeri ke\u015ffedin ve Kral Arthur'un Salonlar\u0131'nda yuvarlak masa \u015f\u00f6valyeleri hakk\u0131nda bilgi edinin.","og_url":"https:\/\/languagetreeschool.com\/tr\/okulumuz\/sosyal-aktiviteler-geziler\/tintagel-ve-kral-arthur\/","og_site_name":"Language Tree","article_publisher":"https:\/\/www.facebook.com\/languagetreecornwall","article_modified_time":"2026-03-08T12:50:26+00:00","og_image":[{"width":1200,"height":1553,"url":"https:\/\/languagetreeschool.com\/wp-content\/uploads\/2025\/07\/Tintagel-castle-2.jpg","type":"image\/jpeg"}],"twitter_card":"summary_large_image","twitter_title":"Bizimle Tintagel Kalesi'ni ziyaret edin ve Kral Arthur hakk\u0131nda bilgi edinin","twitter_description":"Bizimle Tintagel Kalesi'ni ziyaret edin. Kral Arthur'un do\u011fdu\u011fu yeri ke\u015ffedin ve Kral Arthur'un Salonlar\u0131'nda yuvarlak masa \u015f\u00f6valyeleri hakk\u0131nda bilgi edinin.","schema":{"@context":"https:\/\/schema.org","@graph":[{"@type":"WebPage","@id":"https:\/\/languagetreeschool.com\/tr\/okulumuz\/sosyal-aktiviteler-geziler\/tintagel-ve-kral-arthur\/","url":"https:\/\/languagetreeschool.com\/tr\/okulumuz\/sosyal-aktiviteler-geziler\/tintagel-ve-kral-arthur\/","name":"Bizimle Tintagel Kalesi'ni ziyaret edin ve Kral Arthur hakk\u0131nda bilgi edinin","isPartOf":{"@id":"https:\/\/languagetreeschool.com\/tr\/#website"},"primaryImageOfPage":{"@id":"https:\/\/languagetreeschool.com\/tr\/okulumuz\/sosyal-aktiviteler-geziler\/tintagel-ve-kral-arthur\/#primaryimage"},"image":{"@id":"https:\/\/languagetreeschool.com\/tr\/okulumuz\/sosyal-aktiviteler-geziler\/tintagel-ve-kral-arthur\/#primaryimage"},"thumbnailUrl":"https:\/\/languagetreeschool.com\/wp-content\/uploads\/2025\/07\/Tintagel-castle-2.jpg","datePublished":"2026-03-08T12:40:22+00:00","dateModified":"2026-03-08T12:50:26+00:00","description":"Bizimle Tintagel Kalesi'ni ziyaret edin. Kral Arthur'un do\u011fdu\u011fu yeri ke\u015ffedin ve Kral Arthur'un Salonlar\u0131'nda yuvarlak masa \u015f\u00f6valyeleri hakk\u0131nda bilgi edinin.","breadcrumb":{"@id":"https:\/\/languagetreeschool.com\/tr\/okulumuz\/sosyal-aktiviteler-geziler\/tintagel-ve-kral-arthur\/#breadcrumb"},"inLanguage":"tr","potentialAction":[{"@type":"ReadAction","target":["https:\/\/languagetreeschool.com\/tr\/okulumuz\/sosyal-aktiviteler-geziler\/tintagel-ve-kral-arthur\/"]}]},{"@type":"ImageObject","inLanguage":"tr","@id":"https:\/\/languagetreeschool.com\/tr\/okulumuz\/sosyal-aktiviteler-geziler\/tintagel-ve-kral-arthur\/#primaryimage","url":"https:\/\/languagetreeschool.com\/wp-content\/uploads\/2025\/07\/Tintagel-castle-2.jpg","contentUrl":"https:\/\/languagetreeschool.com\/wp-content\/uploads\/2025\/07\/Tintagel-castle-2.jpg","width":1200,"height":1553,"caption":"Cornwall, \u0130ngiltere'de bulunan ve Kral Arthur ile ba\u011flant\u0131l\u0131 oldu\u011funa inan\u0131lan Tintagel Kalesi kal\u0131nt\u0131lar\u0131n\u0131n ta\u015f duvarlar, ye\u015fil \u00e7imen, dolamba\u00e7l\u0131 yollar ve bulutlu bir g\u00f6ky\u00fcz\u00fc alt\u0131nda dramatik bir u\u00e7urumun \u00fczerindeki yaya k\u00f6pr\u00fcs\u00fcn\u00fcn yan\u0131nda ke\u015fif yapan insanlarla birlikte do\u011fal bir g\u00f6r\u00fcn\u00fcm."},{"@type":"BreadcrumbList","@id":"https:\/\/languagetreeschool.com\/tr\/okulumuz\/sosyal-aktiviteler-geziler\/tintagel-ve-kral-arthur\/#breadcrumb","itemListElement":[{"@type":"ListItem","position":1,"name":"Home","item":"https:\/\/languagetreeschool.com\/tr\/home\/"},{"@type":"ListItem","position":2,"name":"Okulumuz","item":"https:\/\/languagetreeschool.com\/tr\/okulumuz\/"},{"@type":"ListItem","position":3,"name":"Sosyal Aktiviteler &amp; Geziler","item":"https:\/\/languagetreeschool.com\/tr\/okulumuz\/sosyal-aktiviteler-geziler\/"},{"@type":"ListItem","position":4,"name":"Tintagel ve Kral Arthur"}]},{"@type":"WebSite","@id":"https:\/\/languagetreeschool.com\/tr\/#website","url":"https:\/\/languagetreeschool.com\/tr\/","name":"Language Tree","description":"Language, culture &amp; adventure","publisher":{"@id":"https:\/\/languagetreeschool.com\/tr\/#organization"},"potentialAction":[{"@type":"SearchAction","target":{"@type":"EntryPoint","urlTemplate":"https:\/\/languagetreeschool.com\/tr\/?s={search_term_string}"},"query-input":{"@type":"PropertyValueSpecification","valueRequired":true,"valueName":"search_term_string"}}],"inLanguage":"tr"},{"@type":"Organization","@id":"https:\/\/languagetreeschool.com\/tr\/#organization","name":"Language Tree","url":"https:\/\/languagetreeschool.com\/tr\/","logo":{"@type":"ImageObject","inLanguage":"tr","@id":"https:\/\/languagetreeschool.com\/tr\/#\/schema\/logo\/image\/","url":"https:\/\/languagetreeschool.com\/wp-content\/uploads\/2026\/03\/LT-icon-1.jpg","contentUrl":"https:\/\/languagetreeschool.com\/wp-content\/uploads\/2026\/03\/LT-icon-1.jpg","width":1396,"height":1909,"caption":"Language Tree"},"image":{"@id":"https:\/\/languagetreeschool.com\/tr\/#\/schema\/logo\/image\/"},"sameAs":["https:\/\/www.facebook.com\/languagetreecornwall","https:\/\/www.instagram.com\/languagetreeschool"],"description":"British Council accredited English language Summer School in Cornwall. Welcoming teenagers, families and adults from around the world to our university campus.","email":"info@languagetreeschool.com","telephone":"+447957497937","legalName":"Language Tree Limited","foundingDate":"2011-10-10","numberOfEmployees":{"@type":"QuantitativeValue","minValue":"11","maxValue":"50"}}]}},"_links":{"self":[{"href":"https:\/\/languagetreeschool.com\/tr\/wp-json\/wp\/v2\/pages\/14214","targetHints":{"allow":["GET"]}}],"collection":[{"href":"https:\/\/languagetreeschool.com\/tr\/wp-json\/wp\/v2\/pages"}],"about":[{"href":"https:\/\/languagetreeschool.com\/tr\/wp-json\/wp\/v2\/types\/page"}],"author":[{"embeddable":true,"href":"https:\/\/languagetreeschool.com\/tr\/wp-json\/wp\/v2\/users\/6"}],"replies":[{"embeddable":true,"href":"https:\/\/languagetreeschool.com\/tr\/wp-json\/wp\/v2\/comments?post=14214"}],"version-history":[{"count":1,"href":"https:\/\/languagetreeschool.com\/tr\/wp-json\/wp\/v2\/pages\/14214\/revisions"}],"predecessor-version":[{"id":14251,"href":"https:\/\/languagetreeschool.com\/tr\/wp-json\/wp\/v2\/pages\/14214\/revisions\/14251"}],"up":[{"embeddable":true,"href":"https:\/\/languagetreeschool.com\/tr\/wp-json\/wp\/v2\/pages\/4633"}],"wp:featuredmedia":[{"embeddable":true,"href":"https:\/\/languagetreeschool.com\/tr\/wp-json\/wp\/v2\/media\/1405"}],"wp:attachment":[{"href":"https:\/\/languagetreeschool.com\/tr\/wp-json\/wp\/v2\/media?parent=14214"}],"curies":[{"name":"wp","href":"https:\/\/api.w.org\/{rel}","templated":true}]}}