{"id":14199,"date":"2026-03-07T18:25:18","date_gmt":"2026-03-07T18:25:18","guid":{"rendered":"https:\/\/languagetreeschool.com\/okulumuz\/sosyal-aktiviteler-geziler\/kernow-macera-parki\/"},"modified":"2026-03-07T18:25:18","modified_gmt":"2026-03-07T18:25:18","slug":"kernow-macera-parki","status":"publish","type":"page","link":"https:\/\/languagetreeschool.com\/tr\/okulumuz\/sosyal-aktiviteler-geziler\/kernow-macera-parki\/","title":{"rendered":"Kernow Macera Park\u0131"},"content":{"rendered":"","protected":false},"excerpt":{"rendered":"","protected":false},"author":6,"featured_media":6506,"parent":4633,"menu_order":0,"comment_status":"closed","ping_status":"closed","template":"","meta":{"_acf_changed":false,"footnotes":""},"class_list":["post-14199","page","type-page","status-publish","has-post-thumbnail","hentry"],"acf":[],"yoast_head":"<!-- This site is optimized with the Yoast SEO Premium plugin v26.6 (Yoast SEO v26.6) - https:\/\/yoast.com\/wordpress\/plugins\/seo\/ -->\n<title>Yaz okulumuzda gen\u00e7lerin e\u011flenmesi i\u00e7in e\u011flenceli su park\u0131<\/title>\n<meta name=\"description\" content=\"Kernow Adventure Park&#039;ta \u00f6\u011fleden sonralar\u0131 her zaman \u00e7ok e\u011flencelidir! K\u00fc\u00e7\u00fck \u00f6\u011frenciler Total Wipeout tarz\u0131 \u015fi\u015fme botlar\u0131 ve dev k\u00fcrek tahtalar\u0131n\u0131 \u00e7ok severler.\" \/>\n<meta name=\"robots\" content=\"index, follow, max-snippet:-1, max-image-preview:large, max-video-preview:-1\" \/>\n<link rel=\"canonical\" href=\"https:\/\/languagetreeschool.com\/tr\/okulumuz\/sosyal-aktiviteler-geziler\/kernow-macera-parki\/\" \/>\n<meta property=\"og:locale\" content=\"tr_TR\" \/>\n<meta property=\"og:type\" content=\"article\" \/>\n<meta property=\"og:title\" content=\"Yaz okulumuzda gen\u00e7lerin e\u011flenmesi i\u00e7in e\u011flenceli su park\u0131\" \/>\n<meta property=\"og:description\" content=\"Kernow Adventure Park&#039;ta \u00f6\u011fleden sonralar\u0131 her zaman \u00e7ok e\u011flencelidir! K\u00fc\u00e7\u00fck \u00f6\u011frenciler Total Wipeout tarz\u0131 \u015fi\u015fme botlar\u0131na ve dev k\u00fcrek tahtalar\u0131na bay\u0131l\u0131rlar.\" \/>\n<meta property=\"og:url\" content=\"https:\/\/languagetreeschool.com\/tr\/okulumuz\/sosyal-aktiviteler-geziler\/kernow-macera-parki\/\" \/>\n<meta property=\"og:site_name\" content=\"Language Tree\" \/>\n<meta property=\"article:publisher\" content=\"https:\/\/www.facebook.com\/languagetreecornwall\" \/>\n<meta property=\"og:image\" content=\"https:\/\/languagetreeschool.com\/wp-content\/uploads\/2025\/08\/giant-SUP.jpg\" \/>\n\t<meta property=\"og:image:width\" content=\"2000\" \/>\n\t<meta property=\"og:image:height\" content=\"1334\" \/>\n\t<meta property=\"og:image:type\" content=\"image\/jpeg\" \/>\n<meta name=\"twitter:card\" content=\"summary_large_image\" \/>\n<meta name=\"twitter:title\" content=\"Yaz okulumuzda gen\u00e7lerin e\u011flenmesi i\u00e7in e\u011flenceli su park\u0131\" \/>\n<meta name=\"twitter:description\" content=\"Kernow Adventure Park&#039;ta \u00f6\u011fleden sonralar\u0131 her zaman \u00e7ok e\u011flencelidir! K\u00fc\u00e7\u00fck \u00f6\u011frenciler Total Wipeout tarz\u0131 \u015fi\u015fme botlar\u0131na ve dev k\u00fcrek tahtalar\u0131na bay\u0131l\u0131rlar.\" \/>\n<script type=\"application\/ld+json\" class=\"yoast-schema-graph\">{\"@context\":\"https:\/\/schema.org\",\"@graph\":[{\"@type\":\"WebPage\",\"@id\":\"https:\/\/languagetreeschool.com\/tr\/okulumuz\/sosyal-aktiviteler-geziler\/kernow-macera-parki\/\",\"url\":\"https:\/\/languagetreeschool.com\/tr\/okulumuz\/sosyal-aktiviteler-geziler\/kernow-macera-parki\/\",\"name\":\"Yaz okulumuzda gen\u00e7lerin e\u011flenmesi i\u00e7in e\u011flenceli su park\u0131\",\"isPartOf\":{\"@id\":\"https:\/\/languagetreeschool.com\/tr\/#website\"},\"primaryImageOfPage\":{\"@id\":\"https:\/\/languagetreeschool.com\/tr\/okulumuz\/sosyal-aktiviteler-geziler\/kernow-macera-parki\/#primaryimage\"},\"image\":{\"@id\":\"https:\/\/languagetreeschool.com\/tr\/okulumuz\/sosyal-aktiviteler-geziler\/kernow-macera-parki\/#primaryimage\"},\"thumbnailUrl\":\"https:\/\/languagetreeschool.com\/wp-content\/uploads\/2025\/08\/giant-SUP.jpg\",\"datePublished\":\"2026-03-07T18:25:18+00:00\",\"description\":\"Kernow Adventure Park'ta \u00f6\u011fleden sonralar\u0131 her zaman \u00e7ok e\u011flencelidir! K\u00fc\u00e7\u00fck \u00f6\u011frenciler Total Wipeout tarz\u0131 \u015fi\u015fme botlar\u0131 ve dev k\u00fcrek tahtalar\u0131n\u0131 \u00e7ok severler.\",\"breadcrumb\":{\"@id\":\"https:\/\/languagetreeschool.com\/tr\/okulumuz\/sosyal-aktiviteler-geziler\/kernow-macera-parki\/#breadcrumb\"},\"inLanguage\":\"tr\",\"potentialAction\":[{\"@type\":\"ReadAction\",\"target\":[\"https:\/\/languagetreeschool.com\/tr\/okulumuz\/sosyal-aktiviteler-geziler\/kernow-macera-parki\/\"]}]},{\"@type\":\"ImageObject\",\"inLanguage\":\"tr\",\"@id\":\"https:\/\/languagetreeschool.com\/tr\/okulumuz\/sosyal-aktiviteler-geziler\/kernow-macera-parki\/#primaryimage\",\"url\":\"https:\/\/languagetreeschool.com\/wp-content\/uploads\/2025\/08\/giant-SUP.jpg\",\"contentUrl\":\"https:\/\/languagetreeschool.com\/wp-content\/uploads\/2025\/08\/giant-SUP.jpg\",\"width\":2000,\"height\":1334,\"caption\":\"Kernow Macera Park\u0131'nda dev SUP ve \u015fi\u015fme botlar\"},{\"@type\":\"BreadcrumbList\",\"@id\":\"https:\/\/languagetreeschool.com\/tr\/okulumuz\/sosyal-aktiviteler-geziler\/kernow-macera-parki\/#breadcrumb\",\"itemListElement\":[{\"@type\":\"ListItem\",\"position\":1,\"name\":\"Home\",\"item\":\"https:\/\/languagetreeschool.com\/tr\/home\/\"},{\"@type\":\"ListItem\",\"position\":2,\"name\":\"Okulumuz\",\"item\":\"https:\/\/languagetreeschool.com\/tr\/okulumuz\/\"},{\"@type\":\"ListItem\",\"position\":3,\"name\":\"Sosyal Aktiviteler &amp; Geziler\",\"item\":\"https:\/\/languagetreeschool.com\/tr\/okulumuz\/sosyal-aktiviteler-geziler\/\"},{\"@type\":\"ListItem\",\"position\":4,\"name\":\"Kernow Macera Park\u0131\"}]},{\"@type\":\"WebSite\",\"@id\":\"https:\/\/languagetreeschool.com\/tr\/#website\",\"url\":\"https:\/\/languagetreeschool.com\/tr\/\",\"name\":\"Language Tree\",\"description\":\"Language, culture &amp; adventure\",\"publisher\":{\"@id\":\"https:\/\/languagetreeschool.com\/tr\/#organization\"},\"potentialAction\":[{\"@type\":\"SearchAction\",\"target\":{\"@type\":\"EntryPoint\",\"urlTemplate\":\"https:\/\/languagetreeschool.com\/tr\/?s={search_term_string}\"},\"query-input\":{\"@type\":\"PropertyValueSpecification\",\"valueRequired\":true,\"valueName\":\"search_term_string\"}}],\"inLanguage\":\"tr\"},{\"@type\":\"Organization\",\"@id\":\"https:\/\/languagetreeschool.com\/tr\/#organization\",\"name\":\"Language Tree\",\"url\":\"https:\/\/languagetreeschool.com\/tr\/\",\"logo\":{\"@type\":\"ImageObject\",\"inLanguage\":\"tr\",\"@id\":\"https:\/\/languagetreeschool.com\/tr\/#\/schema\/logo\/image\/\",\"url\":\"https:\/\/languagetreeschool.com\/wp-content\/uploads\/2026\/03\/LT-icon-1.jpg\",\"contentUrl\":\"https:\/\/languagetreeschool.com\/wp-content\/uploads\/2026\/03\/LT-icon-1.jpg\",\"width\":1396,\"height\":1909,\"caption\":\"Language Tree\"},\"image\":{\"@id\":\"https:\/\/languagetreeschool.com\/tr\/#\/schema\/logo\/image\/\"},\"sameAs\":[\"https:\/\/www.facebook.com\/languagetreecornwall\",\"https:\/\/www.instagram.com\/languagetreeschool\"],\"description\":\"British Council accredited English language Summer School in Cornwall. Welcoming teenagers, families and adults from around the world to our university campus.\",\"email\":\"info@languagetreeschool.com\",\"telephone\":\"+447957497937\",\"legalName\":\"Language Tree Limited\",\"foundingDate\":\"2011-10-10\",\"numberOfEmployees\":{\"@type\":\"QuantitativeValue\",\"minValue\":\"11\",\"maxValue\":\"50\"}}]}<\/script>\n<!-- \/ Yoast SEO Premium plugin. -->","yoast_head_json":{"title":"Yaz okulumuzda gen\u00e7lerin e\u011flenmesi i\u00e7in e\u011flenceli su park\u0131","description":"Kernow Adventure Park'ta \u00f6\u011fleden sonralar\u0131 her zaman \u00e7ok e\u011flencelidir! K\u00fc\u00e7\u00fck \u00f6\u011frenciler Total Wipeout tarz\u0131 \u015fi\u015fme botlar\u0131 ve dev k\u00fcrek tahtalar\u0131n\u0131 \u00e7ok severler.","robots":{"index":"index","follow":"follow","max-snippet":"max-snippet:-1","max-image-preview":"max-image-preview:large","max-video-preview":"max-video-preview:-1"},"canonical":"https:\/\/languagetreeschool.com\/tr\/okulumuz\/sosyal-aktiviteler-geziler\/kernow-macera-parki\/","og_locale":"tr_TR","og_type":"article","og_title":"Yaz okulumuzda gen\u00e7lerin e\u011flenmesi i\u00e7in e\u011flenceli su park\u0131","og_description":"Kernow Adventure Park'ta \u00f6\u011fleden sonralar\u0131 her zaman \u00e7ok e\u011flencelidir! K\u00fc\u00e7\u00fck \u00f6\u011frenciler Total Wipeout tarz\u0131 \u015fi\u015fme botlar\u0131na ve dev k\u00fcrek tahtalar\u0131na bay\u0131l\u0131rlar.","og_url":"https:\/\/languagetreeschool.com\/tr\/okulumuz\/sosyal-aktiviteler-geziler\/kernow-macera-parki\/","og_site_name":"Language Tree","article_publisher":"https:\/\/www.facebook.com\/languagetreecornwall","og_image":[{"width":2000,"height":1334,"url":"https:\/\/languagetreeschool.com\/wp-content\/uploads\/2025\/08\/giant-SUP.jpg","type":"image\/jpeg"}],"twitter_card":"summary_large_image","twitter_title":"Yaz okulumuzda gen\u00e7lerin e\u011flenmesi i\u00e7in e\u011flenceli su park\u0131","twitter_description":"Kernow Adventure Park'ta \u00f6\u011fleden sonralar\u0131 her zaman \u00e7ok e\u011flencelidir! K\u00fc\u00e7\u00fck \u00f6\u011frenciler Total Wipeout tarz\u0131 \u015fi\u015fme botlar\u0131na ve dev k\u00fcrek tahtalar\u0131na bay\u0131l\u0131rlar.","schema":{"@context":"https:\/\/schema.org","@graph":[{"@type":"WebPage","@id":"https:\/\/languagetreeschool.com\/tr\/okulumuz\/sosyal-aktiviteler-geziler\/kernow-macera-parki\/","url":"https:\/\/languagetreeschool.com\/tr\/okulumuz\/sosyal-aktiviteler-geziler\/kernow-macera-parki\/","name":"Yaz okulumuzda gen\u00e7lerin e\u011flenmesi i\u00e7in e\u011flenceli su park\u0131","isPartOf":{"@id":"https:\/\/languagetreeschool.com\/tr\/#website"},"primaryImageOfPage":{"@id":"https:\/\/languagetreeschool.com\/tr\/okulumuz\/sosyal-aktiviteler-geziler\/kernow-macera-parki\/#primaryimage"},"image":{"@id":"https:\/\/languagetreeschool.com\/tr\/okulumuz\/sosyal-aktiviteler-geziler\/kernow-macera-parki\/#primaryimage"},"thumbnailUrl":"https:\/\/languagetreeschool.com\/wp-content\/uploads\/2025\/08\/giant-SUP.jpg","datePublished":"2026-03-07T18:25:18+00:00","description":"Kernow Adventure Park'ta \u00f6\u011fleden sonralar\u0131 her zaman \u00e7ok e\u011flencelidir! K\u00fc\u00e7\u00fck \u00f6\u011frenciler Total Wipeout tarz\u0131 \u015fi\u015fme botlar\u0131 ve dev k\u00fcrek tahtalar\u0131n\u0131 \u00e7ok severler.","breadcrumb":{"@id":"https:\/\/languagetreeschool.com\/tr\/okulumuz\/sosyal-aktiviteler-geziler\/kernow-macera-parki\/#breadcrumb"},"inLanguage":"tr","potentialAction":[{"@type":"ReadAction","target":["https:\/\/languagetreeschool.com\/tr\/okulumuz\/sosyal-aktiviteler-geziler\/kernow-macera-parki\/"]}]},{"@type":"ImageObject","inLanguage":"tr","@id":"https:\/\/languagetreeschool.com\/tr\/okulumuz\/sosyal-aktiviteler-geziler\/kernow-macera-parki\/#primaryimage","url":"https:\/\/languagetreeschool.com\/wp-content\/uploads\/2025\/08\/giant-SUP.jpg","contentUrl":"https:\/\/languagetreeschool.com\/wp-content\/uploads\/2025\/08\/giant-SUP.jpg","width":2000,"height":1334,"caption":"Kernow Macera Park\u0131'nda dev SUP ve \u015fi\u015fme botlar"},{"@type":"BreadcrumbList","@id":"https:\/\/languagetreeschool.com\/tr\/okulumuz\/sosyal-aktiviteler-geziler\/kernow-macera-parki\/#breadcrumb","itemListElement":[{"@type":"ListItem","position":1,"name":"Home","item":"https:\/\/languagetreeschool.com\/tr\/home\/"},{"@type":"ListItem","position":2,"name":"Okulumuz","item":"https:\/\/languagetreeschool.com\/tr\/okulumuz\/"},{"@type":"ListItem","position":3,"name":"Sosyal Aktiviteler &amp; Geziler","item":"https:\/\/languagetreeschool.com\/tr\/okulumuz\/sosyal-aktiviteler-geziler\/"},{"@type":"ListItem","position":4,"name":"Kernow Macera Park\u0131"}]},{"@type":"WebSite","@id":"https:\/\/languagetreeschool.com\/tr\/#website","url":"https:\/\/languagetreeschool.com\/tr\/","name":"Language Tree","description":"Language, culture &amp; adventure","publisher":{"@id":"https:\/\/languagetreeschool.com\/tr\/#organization"},"potentialAction":[{"@type":"SearchAction","target":{"@type":"EntryPoint","urlTemplate":"https:\/\/languagetreeschool.com\/tr\/?s={search_term_string}"},"query-input":{"@type":"PropertyValueSpecification","valueRequired":true,"valueName":"search_term_string"}}],"inLanguage":"tr"},{"@type":"Organization","@id":"https:\/\/languagetreeschool.com\/tr\/#organization","name":"Language Tree","url":"https:\/\/languagetreeschool.com\/tr\/","logo":{"@type":"ImageObject","inLanguage":"tr","@id":"https:\/\/languagetreeschool.com\/tr\/#\/schema\/logo\/image\/","url":"https:\/\/languagetreeschool.com\/wp-content\/uploads\/2026\/03\/LT-icon-1.jpg","contentUrl":"https:\/\/languagetreeschool.com\/wp-content\/uploads\/2026\/03\/LT-icon-1.jpg","width":1396,"height":1909,"caption":"Language Tree"},"image":{"@id":"https:\/\/languagetreeschool.com\/tr\/#\/schema\/logo\/image\/"},"sameAs":["https:\/\/www.facebook.com\/languagetreecornwall","https:\/\/www.instagram.com\/languagetreeschool"],"description":"British Council accredited English language Summer School in Cornwall. Welcoming teenagers, families and adults from around the world to our university campus.","email":"info@languagetreeschool.com","telephone":"+447957497937","legalName":"Language Tree Limited","foundingDate":"2011-10-10","numberOfEmployees":{"@type":"QuantitativeValue","minValue":"11","maxValue":"50"}}]}},"_links":{"self":[{"href":"https:\/\/languagetreeschool.com\/tr\/wp-json\/wp\/v2\/pages\/14199","targetHints":{"allow":["GET"]}}],"collection":[{"href":"https:\/\/languagetreeschool.com\/tr\/wp-json\/wp\/v2\/pages"}],"about":[{"href":"https:\/\/languagetreeschool.com\/tr\/wp-json\/wp\/v2\/types\/page"}],"author":[{"embeddable":true,"href":"https:\/\/languagetreeschool.com\/tr\/wp-json\/wp\/v2\/users\/6"}],"replies":[{"embeddable":true,"href":"https:\/\/languagetreeschool.com\/tr\/wp-json\/wp\/v2\/comments?post=14199"}],"version-history":[{"count":0,"href":"https:\/\/languagetreeschool.com\/tr\/wp-json\/wp\/v2\/pages\/14199\/revisions"}],"up":[{"embeddable":true,"href":"https:\/\/languagetreeschool.com\/tr\/wp-json\/wp\/v2\/pages\/4633"}],"wp:featuredmedia":[{"embeddable":true,"href":"https:\/\/languagetreeschool.com\/tr\/wp-json\/wp\/v2\/media\/6506"}],"wp:attachment":[{"href":"https:\/\/languagetreeschool.com\/tr\/wp-json\/wp\/v2\/media?parent=14199"}],"curies":[{"name":"wp","href":"https:\/\/api.w.org\/{rel}","templated":true}]}}