{"id":14076,"date":"2026-02-08T12:28:07","date_gmt":"2026-02-08T12:28:07","guid":{"rendered":"https:\/\/languagetreeschool.com\/okulumuz\/sosyal-aktiviteler-geziler\/sorf\/"},"modified":"2026-02-08T12:28:07","modified_gmt":"2026-02-08T12:28:07","slug":"sorf","status":"publish","type":"page","link":"https:\/\/languagetreeschool.com\/tr\/okulumuz\/sosyal-aktiviteler-geziler\/sorf\/","title":{"rendered":"S\u00f6rf"},"content":{"rendered":"","protected":false},"excerpt":{"rendered":"","protected":false},"author":6,"featured_media":1568,"parent":4633,"menu_order":0,"comment_status":"closed","ping_status":"closed","template":"","meta":{"_acf_changed":false,"footnotes":""},"class_list":["post-14076","page","type-page","status-publish","has-post-thumbnail","hentry"],"acf":[],"yoast_head":"<!-- This site is optimized with the Yoast SEO Premium plugin v26.6 (Yoast SEO v26.6) - https:\/\/yoast.com\/wordpress\/plugins\/seo\/ -->\n<title>Yaz Okulumuzda Language Tree ile Cornwall&#039;da S\u00f6rf<\/title>\n<meta name=\"description\" content=\"Dil A\u011fac\u0131 Yaz Okulumuzun bir par\u00e7as\u0131 olarak s\u00f6rf yapmay\u0131 \u00f6\u011frenerek harika \u00f6\u011fleden sonra gezilerinin tad\u0131n\u0131 \u00e7\u0131kar\u0131n. En kaliteli s\u00f6rf dersleri!\" \/>\n<meta name=\"robots\" content=\"index, follow, max-snippet:-1, max-image-preview:large, max-video-preview:-1\" \/>\n<link rel=\"canonical\" href=\"https:\/\/languagetreeschool.com\/tr\/okulumuz\/sosyal-aktiviteler-geziler\/sorf\/\" \/>\n<meta property=\"og:locale\" content=\"tr_TR\" \/>\n<meta property=\"og:type\" content=\"article\" \/>\n<meta property=\"og:title\" content=\"Yaz Okulumuzda Language Tree ile Cornwall&#039;da S\u00f6rf\" \/>\n<meta property=\"og:description\" content=\"Dil A\u011fac\u0131 Yaz Okulumuzun bir par\u00e7as\u0131 olarak s\u00f6rf yapmay\u0131 \u00f6\u011frenerek harika \u00f6\u011fleden sonra gezilerinin tad\u0131n\u0131 \u00e7\u0131kar\u0131n. En kaliteli s\u00f6rf dersleri!\" \/>\n<meta property=\"og:url\" content=\"https:\/\/languagetreeschool.com\/tr\/okulumuz\/sosyal-aktiviteler-geziler\/sorf\/\" \/>\n<meta property=\"og:site_name\" content=\"Language Tree\" \/>\n<meta property=\"article:publisher\" content=\"https:\/\/www.facebook.com\/languagetreecornwall\" \/>\n<meta property=\"og:image\" content=\"https:\/\/languagetreeschool.com\/wp-content\/uploads\/2025\/07\/WLT-surfing-newquay-e1759676293514.jpg\" \/>\n\t<meta property=\"og:image:width\" content=\"1500\" \/>\n\t<meta property=\"og:image:height\" content=\"1500\" \/>\n\t<meta property=\"og:image:type\" content=\"image\/jpeg\" \/>\n<meta name=\"twitter:card\" content=\"summary_large_image\" \/>\n<meta name=\"twitter:title\" content=\"Yaz Okulumuzda Language Tree ile Cornwall&#039;da S\u00f6rf\" \/>\n<meta name=\"twitter:description\" content=\"Dil A\u011fac\u0131 Yaz Okulumuzun bir par\u00e7as\u0131 olarak s\u00f6rf yapmay\u0131 \u00f6\u011frenerek harika \u00f6\u011fleden sonra gezilerinin tad\u0131n\u0131 \u00e7\u0131kar\u0131n. En kaliteli s\u00f6rf dersleri!\" \/>\n<script type=\"application\/ld+json\" class=\"yoast-schema-graph\">{\"@context\":\"https:\/\/schema.org\",\"@graph\":[{\"@type\":\"WebPage\",\"@id\":\"https:\/\/languagetreeschool.com\/tr\/okulumuz\/sosyal-aktiviteler-geziler\/sorf\/\",\"url\":\"https:\/\/languagetreeschool.com\/tr\/okulumuz\/sosyal-aktiviteler-geziler\/sorf\/\",\"name\":\"Yaz Okulumuzda Language Tree ile Cornwall'da S\u00f6rf\",\"isPartOf\":{\"@id\":\"https:\/\/languagetreeschool.com\/tr\/#website\"},\"primaryImageOfPage\":{\"@id\":\"https:\/\/languagetreeschool.com\/tr\/okulumuz\/sosyal-aktiviteler-geziler\/sorf\/#primaryimage\"},\"image\":{\"@id\":\"https:\/\/languagetreeschool.com\/tr\/okulumuz\/sosyal-aktiviteler-geziler\/sorf\/#primaryimage\"},\"thumbnailUrl\":\"https:\/\/languagetreeschool.com\/wp-content\/uploads\/2025\/07\/WLT-surfing-newquay-e1759676293514.jpg\",\"datePublished\":\"2026-02-08T12:28:07+00:00\",\"description\":\"Dil A\u011fac\u0131 Yaz Okulumuzun bir par\u00e7as\u0131 olarak s\u00f6rf yapmay\u0131 \u00f6\u011frenerek harika \u00f6\u011fleden sonra gezilerinin tad\u0131n\u0131 \u00e7\u0131kar\u0131n. En kaliteli s\u00f6rf dersleri!\",\"breadcrumb\":{\"@id\":\"https:\/\/languagetreeschool.com\/tr\/okulumuz\/sosyal-aktiviteler-geziler\/sorf\/#breadcrumb\"},\"inLanguage\":\"tr\",\"potentialAction\":[{\"@type\":\"ReadAction\",\"target\":[\"https:\/\/languagetreeschool.com\/tr\/okulumuz\/sosyal-aktiviteler-geziler\/sorf\/\"]}]},{\"@type\":\"ImageObject\",\"inLanguage\":\"tr\",\"@id\":\"https:\/\/languagetreeschool.com\/tr\/okulumuz\/sosyal-aktiviteler-geziler\/sorf\/#primaryimage\",\"url\":\"https:\/\/languagetreeschool.com\/wp-content\/uploads\/2025\/07\/WLT-surfing-newquay-e1759676293514.jpg\",\"contentUrl\":\"https:\/\/languagetreeschool.com\/wp-content\/uploads\/2025\/07\/WLT-surfing-newquay-e1759676293514.jpg\",\"width\":1500,\"height\":1500,\"caption\":\"Dil A\u011fac\u0131 \u00f6\u011frenci s\u00f6rf\u00fc, Newquay.\"},{\"@type\":\"BreadcrumbList\",\"@id\":\"https:\/\/languagetreeschool.com\/tr\/okulumuz\/sosyal-aktiviteler-geziler\/sorf\/#breadcrumb\",\"itemListElement\":[{\"@type\":\"ListItem\",\"position\":1,\"name\":\"Home\",\"item\":\"https:\/\/languagetreeschool.com\/tr\/home\/\"},{\"@type\":\"ListItem\",\"position\":2,\"name\":\"Okulumuz\",\"item\":\"https:\/\/languagetreeschool.com\/tr\/okulumuz\/\"},{\"@type\":\"ListItem\",\"position\":3,\"name\":\"Sosyal Aktiviteler &amp; Geziler\",\"item\":\"https:\/\/languagetreeschool.com\/tr\/okulumuz\/sosyal-aktiviteler-geziler\/\"},{\"@type\":\"ListItem\",\"position\":4,\"name\":\"S\u00f6rf\"}]},{\"@type\":\"WebSite\",\"@id\":\"https:\/\/languagetreeschool.com\/tr\/#website\",\"url\":\"https:\/\/languagetreeschool.com\/tr\/\",\"name\":\"Language Tree\",\"description\":\"Language, culture &amp; adventure\",\"publisher\":{\"@id\":\"https:\/\/languagetreeschool.com\/tr\/#organization\"},\"potentialAction\":[{\"@type\":\"SearchAction\",\"target\":{\"@type\":\"EntryPoint\",\"urlTemplate\":\"https:\/\/languagetreeschool.com\/tr\/?s={search_term_string}\"},\"query-input\":{\"@type\":\"PropertyValueSpecification\",\"valueRequired\":true,\"valueName\":\"search_term_string\"}}],\"inLanguage\":\"tr\"},{\"@type\":\"Organization\",\"@id\":\"https:\/\/languagetreeschool.com\/tr\/#organization\",\"name\":\"Language Tree\",\"url\":\"https:\/\/languagetreeschool.com\/tr\/\",\"logo\":{\"@type\":\"ImageObject\",\"inLanguage\":\"tr\",\"@id\":\"https:\/\/languagetreeschool.com\/tr\/#\/schema\/logo\/image\/\",\"url\":\"https:\/\/languagetreeschool.com\/wp-content\/uploads\/2026\/03\/LT-icon-1.jpg\",\"contentUrl\":\"https:\/\/languagetreeschool.com\/wp-content\/uploads\/2026\/03\/LT-icon-1.jpg\",\"width\":1396,\"height\":1909,\"caption\":\"Language Tree\"},\"image\":{\"@id\":\"https:\/\/languagetreeschool.com\/tr\/#\/schema\/logo\/image\/\"},\"sameAs\":[\"https:\/\/www.facebook.com\/languagetreecornwall\",\"https:\/\/www.instagram.com\/languagetreeschool\"],\"description\":\"British Council accredited English language Summer School in Cornwall. Welcoming teenagers, families and adults from around the world to our university campus.\",\"email\":\"info@languagetreeschool.com\",\"telephone\":\"+447957497937\",\"legalName\":\"Language Tree Limited\",\"foundingDate\":\"2011-10-10\",\"numberOfEmployees\":{\"@type\":\"QuantitativeValue\",\"minValue\":\"11\",\"maxValue\":\"50\"}}]}<\/script>\n<!-- \/ Yoast SEO Premium plugin. -->","yoast_head_json":{"title":"Yaz Okulumuzda Language Tree ile Cornwall'da S\u00f6rf","description":"Dil A\u011fac\u0131 Yaz Okulumuzun bir par\u00e7as\u0131 olarak s\u00f6rf yapmay\u0131 \u00f6\u011frenerek harika \u00f6\u011fleden sonra gezilerinin tad\u0131n\u0131 \u00e7\u0131kar\u0131n. En kaliteli s\u00f6rf dersleri!","robots":{"index":"index","follow":"follow","max-snippet":"max-snippet:-1","max-image-preview":"max-image-preview:large","max-video-preview":"max-video-preview:-1"},"canonical":"https:\/\/languagetreeschool.com\/tr\/okulumuz\/sosyal-aktiviteler-geziler\/sorf\/","og_locale":"tr_TR","og_type":"article","og_title":"Yaz Okulumuzda Language Tree ile Cornwall'da S\u00f6rf","og_description":"Dil A\u011fac\u0131 Yaz Okulumuzun bir par\u00e7as\u0131 olarak s\u00f6rf yapmay\u0131 \u00f6\u011frenerek harika \u00f6\u011fleden sonra gezilerinin tad\u0131n\u0131 \u00e7\u0131kar\u0131n. En kaliteli s\u00f6rf dersleri!","og_url":"https:\/\/languagetreeschool.com\/tr\/okulumuz\/sosyal-aktiviteler-geziler\/sorf\/","og_site_name":"Language Tree","article_publisher":"https:\/\/www.facebook.com\/languagetreecornwall","og_image":[{"width":1500,"height":1500,"url":"https:\/\/languagetreeschool.com\/wp-content\/uploads\/2025\/07\/WLT-surfing-newquay-e1759676293514.jpg","type":"image\/jpeg"}],"twitter_card":"summary_large_image","twitter_title":"Yaz Okulumuzda Language Tree ile Cornwall'da S\u00f6rf","twitter_description":"Dil A\u011fac\u0131 Yaz Okulumuzun bir par\u00e7as\u0131 olarak s\u00f6rf yapmay\u0131 \u00f6\u011frenerek harika \u00f6\u011fleden sonra gezilerinin tad\u0131n\u0131 \u00e7\u0131kar\u0131n. En kaliteli s\u00f6rf dersleri!","schema":{"@context":"https:\/\/schema.org","@graph":[{"@type":"WebPage","@id":"https:\/\/languagetreeschool.com\/tr\/okulumuz\/sosyal-aktiviteler-geziler\/sorf\/","url":"https:\/\/languagetreeschool.com\/tr\/okulumuz\/sosyal-aktiviteler-geziler\/sorf\/","name":"Yaz Okulumuzda Language Tree ile Cornwall'da S\u00f6rf","isPartOf":{"@id":"https:\/\/languagetreeschool.com\/tr\/#website"},"primaryImageOfPage":{"@id":"https:\/\/languagetreeschool.com\/tr\/okulumuz\/sosyal-aktiviteler-geziler\/sorf\/#primaryimage"},"image":{"@id":"https:\/\/languagetreeschool.com\/tr\/okulumuz\/sosyal-aktiviteler-geziler\/sorf\/#primaryimage"},"thumbnailUrl":"https:\/\/languagetreeschool.com\/wp-content\/uploads\/2025\/07\/WLT-surfing-newquay-e1759676293514.jpg","datePublished":"2026-02-08T12:28:07+00:00","description":"Dil A\u011fac\u0131 Yaz Okulumuzun bir par\u00e7as\u0131 olarak s\u00f6rf yapmay\u0131 \u00f6\u011frenerek harika \u00f6\u011fleden sonra gezilerinin tad\u0131n\u0131 \u00e7\u0131kar\u0131n. En kaliteli s\u00f6rf dersleri!","breadcrumb":{"@id":"https:\/\/languagetreeschool.com\/tr\/okulumuz\/sosyal-aktiviteler-geziler\/sorf\/#breadcrumb"},"inLanguage":"tr","potentialAction":[{"@type":"ReadAction","target":["https:\/\/languagetreeschool.com\/tr\/okulumuz\/sosyal-aktiviteler-geziler\/sorf\/"]}]},{"@type":"ImageObject","inLanguage":"tr","@id":"https:\/\/languagetreeschool.com\/tr\/okulumuz\/sosyal-aktiviteler-geziler\/sorf\/#primaryimage","url":"https:\/\/languagetreeschool.com\/wp-content\/uploads\/2025\/07\/WLT-surfing-newquay-e1759676293514.jpg","contentUrl":"https:\/\/languagetreeschool.com\/wp-content\/uploads\/2025\/07\/WLT-surfing-newquay-e1759676293514.jpg","width":1500,"height":1500,"caption":"Dil A\u011fac\u0131 \u00f6\u011frenci s\u00f6rf\u00fc, Newquay."},{"@type":"BreadcrumbList","@id":"https:\/\/languagetreeschool.com\/tr\/okulumuz\/sosyal-aktiviteler-geziler\/sorf\/#breadcrumb","itemListElement":[{"@type":"ListItem","position":1,"name":"Home","item":"https:\/\/languagetreeschool.com\/tr\/home\/"},{"@type":"ListItem","position":2,"name":"Okulumuz","item":"https:\/\/languagetreeschool.com\/tr\/okulumuz\/"},{"@type":"ListItem","position":3,"name":"Sosyal Aktiviteler &amp; Geziler","item":"https:\/\/languagetreeschool.com\/tr\/okulumuz\/sosyal-aktiviteler-geziler\/"},{"@type":"ListItem","position":4,"name":"S\u00f6rf"}]},{"@type":"WebSite","@id":"https:\/\/languagetreeschool.com\/tr\/#website","url":"https:\/\/languagetreeschool.com\/tr\/","name":"Language Tree","description":"Language, culture &amp; adventure","publisher":{"@id":"https:\/\/languagetreeschool.com\/tr\/#organization"},"potentialAction":[{"@type":"SearchAction","target":{"@type":"EntryPoint","urlTemplate":"https:\/\/languagetreeschool.com\/tr\/?s={search_term_string}"},"query-input":{"@type":"PropertyValueSpecification","valueRequired":true,"valueName":"search_term_string"}}],"inLanguage":"tr"},{"@type":"Organization","@id":"https:\/\/languagetreeschool.com\/tr\/#organization","name":"Language Tree","url":"https:\/\/languagetreeschool.com\/tr\/","logo":{"@type":"ImageObject","inLanguage":"tr","@id":"https:\/\/languagetreeschool.com\/tr\/#\/schema\/logo\/image\/","url":"https:\/\/languagetreeschool.com\/wp-content\/uploads\/2026\/03\/LT-icon-1.jpg","contentUrl":"https:\/\/languagetreeschool.com\/wp-content\/uploads\/2026\/03\/LT-icon-1.jpg","width":1396,"height":1909,"caption":"Language Tree"},"image":{"@id":"https:\/\/languagetreeschool.com\/tr\/#\/schema\/logo\/image\/"},"sameAs":["https:\/\/www.facebook.com\/languagetreecornwall","https:\/\/www.instagram.com\/languagetreeschool"],"description":"British Council accredited English language Summer School in Cornwall. Welcoming teenagers, families and adults from around the world to our university campus.","email":"info@languagetreeschool.com","telephone":"+447957497937","legalName":"Language Tree Limited","foundingDate":"2011-10-10","numberOfEmployees":{"@type":"QuantitativeValue","minValue":"11","maxValue":"50"}}]}},"_links":{"self":[{"href":"https:\/\/languagetreeschool.com\/tr\/wp-json\/wp\/v2\/pages\/14076","targetHints":{"allow":["GET"]}}],"collection":[{"href":"https:\/\/languagetreeschool.com\/tr\/wp-json\/wp\/v2\/pages"}],"about":[{"href":"https:\/\/languagetreeschool.com\/tr\/wp-json\/wp\/v2\/types\/page"}],"author":[{"embeddable":true,"href":"https:\/\/languagetreeschool.com\/tr\/wp-json\/wp\/v2\/users\/6"}],"replies":[{"embeddable":true,"href":"https:\/\/languagetreeschool.com\/tr\/wp-json\/wp\/v2\/comments?post=14076"}],"version-history":[{"count":0,"href":"https:\/\/languagetreeschool.com\/tr\/wp-json\/wp\/v2\/pages\/14076\/revisions"}],"up":[{"embeddable":true,"href":"https:\/\/languagetreeschool.com\/tr\/wp-json\/wp\/v2\/pages\/4633"}],"wp:featuredmedia":[{"embeddable":true,"href":"https:\/\/languagetreeschool.com\/tr\/wp-json\/wp\/v2\/media\/1568"}],"wp:attachment":[{"href":"https:\/\/languagetreeschool.com\/tr\/wp-json\/wp\/v2\/media?parent=14076"}],"curies":[{"name":"wp","href":"https:\/\/api.w.org\/{rel}","templated":true}]}}