{"id":10596,"date":"2025-08-28T10:20:10","date_gmt":"2025-08-28T09:20:10","guid":{"rendered":"https:\/\/languagetreeschool.com\/?page_id=10596"},"modified":"2026-04-24T17:21:23","modified_gmt":"2026-04-24T16:21:23","slug":"web-sitesi-kredisi","status":"publish","type":"page","link":"https:\/\/languagetreeschool.com\/tr\/web-sitesi-kredisi\/","title":{"rendered":"Web Sitesi Kredisi"},"content":{"rendered":"","protected":false},"excerpt":{"rendered":"","protected":false},"author":1,"featured_media":1240,"parent":0,"menu_order":53,"comment_status":"closed","ping_status":"closed","template":"","meta":{"_acf_changed":false,"footnotes":""},"class_list":["post-10596","page","type-page","status-publish","has-post-thumbnail","hentry"],"acf":[],"yoast_head":"<!-- This site is optimized with the Yoast SEO Premium plugin v26.6 (Yoast SEO v26.6) - https:\/\/yoast.com\/wordpress\/plugins\/seo\/ -->\n<title>Web Sitesi Kredileri | Oracle Design &amp; Language Tree<\/title>\n<meta name=\"description\" content=\"Oracle Design&#039;\u0131n Cornwall&#039;da \u00f6zel tasar\u0131m, SEO stratejisi ve i\u00e7erik ta\u015f\u0131ma deste\u011fi ile Language Tree web sitesini nas\u0131l olu\u015fturdu\u011funu ke\u015ffedin.\" \/>\n<meta name=\"robots\" content=\"index, follow, max-snippet:-1, max-image-preview:large, max-video-preview:-1\" \/>\n<link rel=\"canonical\" href=\"https:\/\/languagetreeschool.com\/tr\/web-sitesi-kredisi\/\" \/>\n<meta property=\"og:locale\" content=\"tr_TR\" \/>\n<meta property=\"og:type\" content=\"article\" \/>\n<meta property=\"og:title\" content=\"Web Sitesi Kredisi\" \/>\n<meta property=\"og:description\" content=\"Oracle Design&#039;\u0131n Cornwall&#039;da \u00f6zel tasar\u0131m, SEO stratejisi ve i\u00e7erik ta\u015f\u0131ma deste\u011fi ile Language Tree web sitesini nas\u0131l olu\u015fturdu\u011funu ke\u015ffedin.\" \/>\n<meta property=\"og:url\" content=\"https:\/\/languagetreeschool.com\/tr\/web-sitesi-kredisi\/\" \/>\n<meta property=\"og:site_name\" content=\"Language Tree\" \/>\n<meta property=\"article:publisher\" content=\"https:\/\/www.facebook.com\/languagetreecornwall\" \/>\n<meta property=\"article:modified_time\" content=\"2026-04-24T16:21:23+00:00\" \/>\n<meta property=\"og:image\" content=\"https:\/\/languagetreeschool.com\/wp-content\/uploads\/2025\/07\/language-tree-3.jpg\" \/>\n\t<meta property=\"og:image:width\" content=\"2000\" \/>\n\t<meta property=\"og:image:height\" content=\"1333\" \/>\n\t<meta property=\"og:image:type\" content=\"image\/jpeg\" \/>\n<meta name=\"twitter:card\" content=\"summary_large_image\" \/>\n<meta name=\"twitter:label1\" content=\"Tahmini okuma s\u00fcresi\" \/>\n\t<meta name=\"twitter:data1\" content=\"1 dakika\" \/>\n<script type=\"application\/ld+json\" class=\"yoast-schema-graph\">{\"@context\":\"https:\/\/schema.org\",\"@graph\":[{\"@type\":\"WebPage\",\"@id\":\"https:\/\/languagetreeschool.com\/tr\/web-sitesi-kredisi\/\",\"url\":\"https:\/\/languagetreeschool.com\/tr\/web-sitesi-kredisi\/\",\"name\":\"Web Sitesi Kredileri | Oracle Design & Language Tree\",\"isPartOf\":{\"@id\":\"https:\/\/languagetreeschool.com\/tr\/#website\"},\"primaryImageOfPage\":{\"@id\":\"https:\/\/languagetreeschool.com\/tr\/web-sitesi-kredisi\/#primaryimage\"},\"image\":{\"@id\":\"https:\/\/languagetreeschool.com\/tr\/web-sitesi-kredisi\/#primaryimage\"},\"thumbnailUrl\":\"https:\/\/languagetreeschool.com\/wp-content\/uploads\/2025\/07\/language-tree-3.jpg\",\"datePublished\":\"2025-08-28T09:20:10+00:00\",\"dateModified\":\"2026-04-24T16:21:23+00:00\",\"description\":\"Oracle Design'\u0131n Cornwall'da \u00f6zel tasar\u0131m, SEO stratejisi ve i\u00e7erik ta\u015f\u0131ma deste\u011fi ile Language Tree web sitesini nas\u0131l olu\u015fturdu\u011funu ke\u015ffedin.\",\"breadcrumb\":{\"@id\":\"https:\/\/languagetreeschool.com\/tr\/web-sitesi-kredisi\/#breadcrumb\"},\"inLanguage\":\"tr\",\"potentialAction\":[{\"@type\":\"ReadAction\",\"target\":[\"https:\/\/languagetreeschool.com\/tr\/web-sitesi-kredisi\/\"]}]},{\"@type\":\"ImageObject\",\"inLanguage\":\"tr\",\"@id\":\"https:\/\/languagetreeschool.com\/tr\/web-sitesi-kredisi\/#primaryimage\",\"url\":\"https:\/\/languagetreeschool.com\/wp-content\/uploads\/2025\/07\/language-tree-3.jpg\",\"contentUrl\":\"https:\/\/languagetreeschool.com\/wp-content\/uploads\/2025\/07\/language-tree-3.jpg\",\"width\":2000,\"height\":1333,\"caption\":\"A group of students posing for a photo\"},{\"@type\":\"BreadcrumbList\",\"@id\":\"https:\/\/languagetreeschool.com\/tr\/web-sitesi-kredisi\/#breadcrumb\",\"itemListElement\":[{\"@type\":\"ListItem\",\"position\":1,\"name\":\"Home\",\"item\":\"https:\/\/languagetreeschool.com\/tr\/home\/\"},{\"@type\":\"ListItem\",\"position\":2,\"name\":\"Web Sitesi Kredisi\"}]},{\"@type\":\"WebSite\",\"@id\":\"https:\/\/languagetreeschool.com\/tr\/#website\",\"url\":\"https:\/\/languagetreeschool.com\/tr\/\",\"name\":\"Language Tree\",\"description\":\"Language, culture &amp; adventure\",\"publisher\":{\"@id\":\"https:\/\/languagetreeschool.com\/tr\/#organization\"},\"potentialAction\":[{\"@type\":\"SearchAction\",\"target\":{\"@type\":\"EntryPoint\",\"urlTemplate\":\"https:\/\/languagetreeschool.com\/tr\/?s={search_term_string}\"},\"query-input\":{\"@type\":\"PropertyValueSpecification\",\"valueRequired\":true,\"valueName\":\"search_term_string\"}}],\"inLanguage\":\"tr\"},{\"@type\":\"Organization\",\"@id\":\"https:\/\/languagetreeschool.com\/tr\/#organization\",\"name\":\"Language Tree\",\"url\":\"https:\/\/languagetreeschool.com\/tr\/\",\"logo\":{\"@type\":\"ImageObject\",\"inLanguage\":\"tr\",\"@id\":\"https:\/\/languagetreeschool.com\/tr\/#\/schema\/logo\/image\/\",\"url\":\"https:\/\/languagetreeschool.com\/wp-content\/uploads\/2026\/03\/LT-icon-1.jpg\",\"contentUrl\":\"https:\/\/languagetreeschool.com\/wp-content\/uploads\/2026\/03\/LT-icon-1.jpg\",\"width\":1396,\"height\":1909,\"caption\":\"Language Tree\"},\"image\":{\"@id\":\"https:\/\/languagetreeschool.com\/tr\/#\/schema\/logo\/image\/\"},\"sameAs\":[\"https:\/\/www.facebook.com\/languagetreecornwall\",\"https:\/\/www.instagram.com\/languagetreeschool\"],\"description\":\"British Council accredited English language Summer School in Cornwall. Welcoming teenagers, families and adults from around the world to our university campus.\",\"email\":\"info@languagetreeschool.com\",\"telephone\":\"+447957497937\",\"legalName\":\"Language Tree Limited\",\"foundingDate\":\"2011-10-10\",\"numberOfEmployees\":{\"@type\":\"QuantitativeValue\",\"minValue\":\"11\",\"maxValue\":\"50\"}}]}<\/script>\n<!-- \/ Yoast SEO Premium plugin. -->","yoast_head_json":{"title":"Web Sitesi Kredileri | Oracle Design & Language Tree","description":"Oracle Design'\u0131n Cornwall'da \u00f6zel tasar\u0131m, SEO stratejisi ve i\u00e7erik ta\u015f\u0131ma deste\u011fi ile Language Tree web sitesini nas\u0131l olu\u015fturdu\u011funu ke\u015ffedin.","robots":{"index":"index","follow":"follow","max-snippet":"max-snippet:-1","max-image-preview":"max-image-preview:large","max-video-preview":"max-video-preview:-1"},"canonical":"https:\/\/languagetreeschool.com\/tr\/web-sitesi-kredisi\/","og_locale":"tr_TR","og_type":"article","og_title":"Web Sitesi Kredisi","og_description":"Oracle Design'\u0131n Cornwall'da \u00f6zel tasar\u0131m, SEO stratejisi ve i\u00e7erik ta\u015f\u0131ma deste\u011fi ile Language Tree web sitesini nas\u0131l olu\u015fturdu\u011funu ke\u015ffedin.","og_url":"https:\/\/languagetreeschool.com\/tr\/web-sitesi-kredisi\/","og_site_name":"Language Tree","article_publisher":"https:\/\/www.facebook.com\/languagetreecornwall","article_modified_time":"2026-04-24T16:21:23+00:00","og_image":[{"width":2000,"height":1333,"url":"https:\/\/languagetreeschool.com\/wp-content\/uploads\/2025\/07\/language-tree-3.jpg","type":"image\/jpeg"}],"twitter_card":"summary_large_image","twitter_misc":{"Tahmini okuma s\u00fcresi":"1 dakika"},"schema":{"@context":"https:\/\/schema.org","@graph":[{"@type":"WebPage","@id":"https:\/\/languagetreeschool.com\/tr\/web-sitesi-kredisi\/","url":"https:\/\/languagetreeschool.com\/tr\/web-sitesi-kredisi\/","name":"Web Sitesi Kredileri | Oracle Design & Language Tree","isPartOf":{"@id":"https:\/\/languagetreeschool.com\/tr\/#website"},"primaryImageOfPage":{"@id":"https:\/\/languagetreeschool.com\/tr\/web-sitesi-kredisi\/#primaryimage"},"image":{"@id":"https:\/\/languagetreeschool.com\/tr\/web-sitesi-kredisi\/#primaryimage"},"thumbnailUrl":"https:\/\/languagetreeschool.com\/wp-content\/uploads\/2025\/07\/language-tree-3.jpg","datePublished":"2025-08-28T09:20:10+00:00","dateModified":"2026-04-24T16:21:23+00:00","description":"Oracle Design'\u0131n Cornwall'da \u00f6zel tasar\u0131m, SEO stratejisi ve i\u00e7erik ta\u015f\u0131ma deste\u011fi ile Language Tree web sitesini nas\u0131l olu\u015fturdu\u011funu ke\u015ffedin.","breadcrumb":{"@id":"https:\/\/languagetreeschool.com\/tr\/web-sitesi-kredisi\/#breadcrumb"},"inLanguage":"tr","potentialAction":[{"@type":"ReadAction","target":["https:\/\/languagetreeschool.com\/tr\/web-sitesi-kredisi\/"]}]},{"@type":"ImageObject","inLanguage":"tr","@id":"https:\/\/languagetreeschool.com\/tr\/web-sitesi-kredisi\/#primaryimage","url":"https:\/\/languagetreeschool.com\/wp-content\/uploads\/2025\/07\/language-tree-3.jpg","contentUrl":"https:\/\/languagetreeschool.com\/wp-content\/uploads\/2025\/07\/language-tree-3.jpg","width":2000,"height":1333,"caption":"A group of students posing for a photo"},{"@type":"BreadcrumbList","@id":"https:\/\/languagetreeschool.com\/tr\/web-sitesi-kredisi\/#breadcrumb","itemListElement":[{"@type":"ListItem","position":1,"name":"Home","item":"https:\/\/languagetreeschool.com\/tr\/home\/"},{"@type":"ListItem","position":2,"name":"Web Sitesi Kredisi"}]},{"@type":"WebSite","@id":"https:\/\/languagetreeschool.com\/tr\/#website","url":"https:\/\/languagetreeschool.com\/tr\/","name":"Language Tree","description":"Language, culture &amp; adventure","publisher":{"@id":"https:\/\/languagetreeschool.com\/tr\/#organization"},"potentialAction":[{"@type":"SearchAction","target":{"@type":"EntryPoint","urlTemplate":"https:\/\/languagetreeschool.com\/tr\/?s={search_term_string}"},"query-input":{"@type":"PropertyValueSpecification","valueRequired":true,"valueName":"search_term_string"}}],"inLanguage":"tr"},{"@type":"Organization","@id":"https:\/\/languagetreeschool.com\/tr\/#organization","name":"Language Tree","url":"https:\/\/languagetreeschool.com\/tr\/","logo":{"@type":"ImageObject","inLanguage":"tr","@id":"https:\/\/languagetreeschool.com\/tr\/#\/schema\/logo\/image\/","url":"https:\/\/languagetreeschool.com\/wp-content\/uploads\/2026\/03\/LT-icon-1.jpg","contentUrl":"https:\/\/languagetreeschool.com\/wp-content\/uploads\/2026\/03\/LT-icon-1.jpg","width":1396,"height":1909,"caption":"Language Tree"},"image":{"@id":"https:\/\/languagetreeschool.com\/tr\/#\/schema\/logo\/image\/"},"sameAs":["https:\/\/www.facebook.com\/languagetreecornwall","https:\/\/www.instagram.com\/languagetreeschool"],"description":"British Council accredited English language Summer School in Cornwall. Welcoming teenagers, families and adults from around the world to our university campus.","email":"info@languagetreeschool.com","telephone":"+447957497937","legalName":"Language Tree Limited","foundingDate":"2011-10-10","numberOfEmployees":{"@type":"QuantitativeValue","minValue":"11","maxValue":"50"}}]}},"_links":{"self":[{"href":"https:\/\/languagetreeschool.com\/tr\/wp-json\/wp\/v2\/pages\/10596","targetHints":{"allow":["GET"]}}],"collection":[{"href":"https:\/\/languagetreeschool.com\/tr\/wp-json\/wp\/v2\/pages"}],"about":[{"href":"https:\/\/languagetreeschool.com\/tr\/wp-json\/wp\/v2\/types\/page"}],"author":[{"embeddable":true,"href":"https:\/\/languagetreeschool.com\/tr\/wp-json\/wp\/v2\/users\/1"}],"replies":[{"embeddable":true,"href":"https:\/\/languagetreeschool.com\/tr\/wp-json\/wp\/v2\/comments?post=10596"}],"version-history":[{"count":2,"href":"https:\/\/languagetreeschool.com\/tr\/wp-json\/wp\/v2\/pages\/10596\/revisions"}],"predecessor-version":[{"id":12713,"href":"https:\/\/languagetreeschool.com\/tr\/wp-json\/wp\/v2\/pages\/10596\/revisions\/12713"}],"wp:featuredmedia":[{"embeddable":true,"href":"https:\/\/languagetreeschool.com\/tr\/wp-json\/wp\/v2\/media\/1240"}],"wp:attachment":[{"href":"https:\/\/languagetreeschool.com\/tr\/wp-json\/wp\/v2\/media?parent=10596"}],"curies":[{"name":"wp","href":"https:\/\/api.w.org\/{rel}","templated":true}]}}