{"id":4702,"date":"2025-07-03T15:53:40","date_gmt":"2025-07-03T14:53:40","guid":{"rendered":"https:\/\/language.majik-now.co.uk\/privacy-policy\/"},"modified":"2026-04-24T17:16:34","modified_gmt":"2026-04-24T16:16:34","slug":"politica-de-privacidade","status":"publish","type":"page","link":"https:\/\/languagetreeschool.com\/pt-br\/politica-de-privacidade\/","title":{"rendered":"Pol\u00edtica de Privacidade"},"content":{"rendered":"&#13;\n<h2 class=\"wp-block-heading\">Quem somos<\/h2>&#13;\n&#13;\n<p><strong class=\"privacy-policy-tutorial\">Texto sugerido: <\/strong>Nosso endere\u00e7o de site \u00e9: https:\/\/language.majik-now.co.uk.<\/p>&#13;\n&#13;\n<h2 class=\"wp-block-heading\">Coment\u00e1rios<\/h2>&#13;\n&#13;\n<p><strong class=\"privacy-policy-tutorial\">Texto sugerido: <\/strong>Quando os visitantes deixam coment\u00e1rios no site, coletamos os dados mostrados no formul\u00e1rio de coment\u00e1rios, e tamb\u00e9m o endere\u00e7o IP do visitante e a string do agente do usu\u00e1rio do navegador para ajudar na detec\u00e7\u00e3o de spam.<\/p>&#13;\n&#13;\n<p>Uma string anonimizada criada a partir do seu endere\u00e7o de e-mail (tamb\u00e9m chamada de hash) pode ser fornecida ao servi\u00e7o Gravatar para ver se voc\u00ea o est\u00e1 usando. A Pol\u00edtica de Privacidade do servi\u00e7o Gravatar est\u00e1 dispon\u00edvel aqui: https:\/\/automattic.com\/privacy\/. Ap\u00f3s a aprova\u00e7\u00e3o do seu coment\u00e1rio, sua foto de perfil fica vis\u00edvel para o p\u00fablico no contexto do seu coment\u00e1rio. <\/p>&#13;\n&#13;\n<h2 class=\"wp-block-heading\">M\u00eddia<\/h2>&#13;\n&#13;\n<p><strong class=\"privacy-policy-tutorial\">Texto sugerido: <\/strong>Se voc\u00ea carregar imagens para o site, deve evitar carregar imagens com dados de localiza\u00e7\u00e3o incorporados (EXIF GPS). Os visitantes do site podem baixar e extrair quaisquer dados de localiza\u00e7\u00e3o das imagens no site. <\/p>&#13;\n&#13;\n<h2 class=\"wp-block-heading\">Cookies<\/h2>&#13;\n&#13;\n<p><strong class=\"privacy-policy-tutorial\">Texto sugerido: <\/strong>Se voc\u00ea deixar um coment\u00e1rio em nosso site, pode optar por salvar seu nome, endere\u00e7o de e-mail e site em cookies. Estes s\u00e3o para sua conveni\u00eancia, para que voc\u00ea n\u00e3o precise preencher seus dados novamente quando deixar outro coment\u00e1rio. Estes cookies durar\u00e3o por um ano.  <\/p>&#13;\n&#13;\n<p>Se voc\u00ea visitar nossa p\u00e1gina de login, definiremos um cookie tempor\u00e1rio para determinar se seu navegador aceita cookies. Este cookie n\u00e3o cont\u00e9m dados pessoais e \u00e9 descartado quando voc\u00ea fecha seu navegador. <\/p>&#13;\n&#13;\n<p>Quando voc\u00ea fizer login, tamb\u00e9m configuraremos v\u00e1rios cookies para salvar suas informa\u00e7\u00f5es de login e suas escolhas de exibi\u00e7\u00e3o de tela. Os cookies de login duram dois dias, e os cookies de op\u00e7\u00f5es de tela duram um ano. Se voc\u00ea selecionar &#8220;Lembrar-me&#8221;, seu login persistir\u00e1 por duas semanas. Se voc\u00ea sair da sua conta, os cookies de login ser\u00e3o removidos.   <\/p>&#13;\n&#13;\n<p>Se voc\u00ea editar ou publicar um artigo, um cookie adicional ser\u00e1 salvo em seu navegador. Este cookie n\u00e3o inclui dados pessoais e simplesmente indica o ID do post do artigo que voc\u00ea acabou de editar. Ele expira ap\u00f3s 1 dia.  <\/p>&#13;\n&#13;\n<h2 class=\"wp-block-heading\">Conte\u00fado incorporado de outros sites<\/h2>&#13;\n&#13;\n<p><strong class=\"privacy-policy-tutorial\">Texto sugerido: <\/strong>Os artigos neste site podem incluir conte\u00fado incorporado (por exemplo, v\u00eddeos, imagens, artigos, etc.). O conte\u00fado incorporado de outros sites se comporta exatamente da mesma maneira como se o visitante tivesse visitado o outro site. <\/p>&#13;\n&#13;\n<p>Esses sites podem coletar dados sobre voc\u00ea, usar cookies, incorporar rastreamento adicional de terceiros e monitorar sua intera\u00e7\u00e3o com esse conte\u00fado incorporado, incluindo o rastreamento de sua intera\u00e7\u00e3o com o conte\u00fado incorporado se voc\u00ea tiver uma conta e estiver conectado a esse site.<\/p>&#13;\n&#13;\n<h2 class=\"wp-block-heading\">Com quem compartilhamos seus dados<\/h2>&#13;\n&#13;\n<p><strong class=\"privacy-policy-tutorial\">Texto sugerido: <\/strong>Se voc\u00ea solicitar uma redefini\u00e7\u00e3o de senha, seu endere\u00e7o IP ser\u00e1 inclu\u00eddo no e-mail de redefini\u00e7\u00e3o.<\/p>&#13;\n&#13;\n<h2 class=\"wp-block-heading\">Por quanto tempo retemos seus dados<\/h2>&#13;\n&#13;\n<p><strong class=\"privacy-policy-tutorial\">Texto sugerido: <\/strong>Se voc\u00ea deixar um coment\u00e1rio, o coment\u00e1rio e seus metadados s\u00e3o retidos indefinidamente. Isso \u00e9 para que possamos reconhecer e aprovar quaisquer coment\u00e1rios de acompanhamento automaticamente, em vez de mant\u00ea-los em uma fila de modera\u00e7\u00e3o. <\/p>&#13;\n&#13;\n<p>Para usu\u00e1rios que se registram em nosso site (se houver), tamb\u00e9m armazenamos as informa\u00e7\u00f5es pessoais que eles fornecem em seu perfil de usu\u00e1rio. Todos os usu\u00e1rios podem ver, editar ou excluir suas informa\u00e7\u00f5es pessoais a qualquer momento (exceto que n\u00e3o podem alterar seu nome de usu\u00e1rio). Os administradores do site tamb\u00e9m podem ver e editar essas informa\u00e7\u00f5es.  <\/p>&#13;\n&#13;\n<h2 class=\"wp-block-heading\">Quais direitos voc\u00ea tem sobre seus dados<\/h2>&#13;\n&#13;\n<p><strong class=\"privacy-policy-tutorial\">Texto sugerido: <\/strong>Se voc\u00ea tem uma conta neste site, ou deixou coment\u00e1rios, pode solicitar para receber um arquivo exportado dos dados pessoais que mantemos sobre voc\u00ea, incluindo quaisquer dados que voc\u00ea nos forneceu. Voc\u00ea tamb\u00e9m pode solicitar que apaguemos quaisquer dados pessoais que mantemos sobre voc\u00ea. Isso n\u00e3o inclui nenhum dado que somos obrigados a manter para fins administrativos, legais ou de seguran\u00e7a.  <\/p>&#13;\n&#13;\n<h2 class=\"wp-block-heading\">Para onde seus dados s\u00e3o enviados<\/h2>&#13;\n&#13;\n<p><strong class=\"privacy-policy-tutorial\">Texto sugerido: <\/strong>Os coment\u00e1rios dos visitantes podem ser verificados por um servi\u00e7o automatizado de detec\u00e7\u00e3o de spam.<\/p>&#13;\n<p>&nbsp;<\/p>\n","protected":false},"excerpt":{"rendered":"<p>&#13; Quem somos &#13; &#13; Texto sugerido: Nosso endere\u00e7o de site \u00e9: https:\/\/language.majik-now.co.uk. &#13; &#13; Coment\u00e1rios &#13; &#13; Texto sugerido: Quando os visitantes deixam coment\u00e1rios no site, coletamos os dados mostrados no formul\u00e1rio de coment\u00e1rios, e tamb\u00e9m o endere\u00e7o IP do visitante e a string do agente do usu\u00e1rio do navegador para ajudar na detec\u00e7\u00e3o [&hellip;]<\/p>\n","protected":false},"author":1,"featured_media":8936,"parent":0,"menu_order":100,"comment_status":"closed","ping_status":"closed","template":"","meta":{"_acf_changed":false,"footnotes":""},"class_list":["post-4702","page","type-page","status-publish","has-post-thumbnail","hentry"],"acf":[],"yoast_head":"<!-- This site is optimized with the Yoast SEO Premium plugin v26.6 (Yoast SEO v26.6) - https:\/\/yoast.com\/wordpress\/plugins\/seo\/ -->\n<title>Pol\u00edtica de Privacidade | language tree<\/title>\n<meta name=\"description\" content=\"Leia a pol\u00edtica de privacidade do Language Tree: como coletamos, usamos e protegemos os dados pessoais de acordo com o GDPR e a legisla\u00e7\u00e3o do Reino Unido.\" \/>\n<meta name=\"robots\" content=\"index, follow, max-snippet:-1, max-image-preview:large, max-video-preview:-1\" \/>\n<link rel=\"canonical\" href=\"https:\/\/languagetreeschool.com\/pt-br\/politica-de-privacidade\/\" \/>\n<meta property=\"og:locale\" content=\"pt_BR\" \/>\n<meta property=\"og:type\" content=\"article\" \/>\n<meta property=\"og:title\" content=\"Pol\u00edtica de Privacidade | language tree\" \/>\n<meta property=\"og:description\" content=\"Leia a pol\u00edtica de privacidade do Language Tree: como coletamos, usamos e protegemos os dados pessoais de acordo com o GDPR e a legisla\u00e7\u00e3o do Reino Unido.\" \/>\n<meta property=\"og:url\" content=\"https:\/\/languagetreeschool.com\/pt-br\/politica-de-privacidade\/\" \/>\n<meta property=\"og:site_name\" content=\"Language Tree\" \/>\n<meta property=\"article:publisher\" content=\"https:\/\/www.facebook.com\/languagetreecornwall\" \/>\n<meta property=\"article:modified_time\" content=\"2026-04-24T16:16:34+00:00\" \/>\n<meta property=\"og:image\" content=\"https:\/\/languagetreeschool.com\/wp-content\/uploads\/2025\/08\/language-tree-school-72.jpg\" \/>\n\t<meta property=\"og:image:width\" content=\"2000\" \/>\n\t<meta property=\"og:image:height\" content=\"1500\" \/>\n\t<meta property=\"og:image:type\" content=\"image\/jpeg\" \/>\n<meta name=\"twitter:card\" content=\"summary_large_image\" \/>\n<meta name=\"twitter:title\" content=\"Pol\u00edtica de Privacidade | language tree\" \/>\n<meta name=\"twitter:description\" content=\"Leia a pol\u00edtica de privacidade do Language Tree: como coletamos, usamos e protegemos os dados pessoais de acordo com o GDPR e a legisla\u00e7\u00e3o do Reino Unido.\" \/>\n<meta name=\"twitter:label1\" content=\"Est. tempo de leitura\" \/>\n\t<meta name=\"twitter:data1\" content=\"3 minutos\" \/>\n<script type=\"application\/ld+json\" class=\"yoast-schema-graph\">{\"@context\":\"https:\/\/schema.org\",\"@graph\":[{\"@type\":\"WebPage\",\"@id\":\"https:\/\/languagetreeschool.com\/pt-br\/politica-de-privacidade\/\",\"url\":\"https:\/\/languagetreeschool.com\/pt-br\/politica-de-privacidade\/\",\"name\":\"Pol\u00edtica de Privacidade | language tree\",\"isPartOf\":{\"@id\":\"https:\/\/languagetreeschool.com\/pt-br\/#website\"},\"primaryImageOfPage\":{\"@id\":\"https:\/\/languagetreeschool.com\/pt-br\/politica-de-privacidade\/#primaryimage\"},\"image\":{\"@id\":\"https:\/\/languagetreeschool.com\/pt-br\/politica-de-privacidade\/#primaryimage\"},\"thumbnailUrl\":\"https:\/\/languagetreeschool.com\/wp-content\/uploads\/2025\/08\/language-tree-school-72.jpg\",\"datePublished\":\"2025-07-03T14:53:40+00:00\",\"dateModified\":\"2026-04-24T16:16:34+00:00\",\"description\":\"Leia a pol\u00edtica de privacidade do Language Tree: como coletamos, usamos e protegemos os dados pessoais de acordo com o GDPR e a legisla\u00e7\u00e3o do Reino Unido.\",\"breadcrumb\":{\"@id\":\"https:\/\/languagetreeschool.com\/pt-br\/politica-de-privacidade\/#breadcrumb\"},\"inLanguage\":\"pt-BR\",\"potentialAction\":[{\"@type\":\"ReadAction\",\"target\":[\"https:\/\/languagetreeschool.com\/pt-br\/politica-de-privacidade\/\"]}]},{\"@type\":\"ImageObject\",\"inLanguage\":\"pt-BR\",\"@id\":\"https:\/\/languagetreeschool.com\/pt-br\/politica-de-privacidade\/#primaryimage\",\"url\":\"https:\/\/languagetreeschool.com\/wp-content\/uploads\/2025\/08\/language-tree-school-72.jpg\",\"contentUrl\":\"https:\/\/languagetreeschool.com\/wp-content\/uploads\/2025\/08\/language-tree-school-72.jpg\",\"width\":2000,\"height\":1500,\"caption\":\"Estudantes fazem caminhadas pela costa entre Crantock e Pollyjoke\"},{\"@type\":\"BreadcrumbList\",\"@id\":\"https:\/\/languagetreeschool.com\/pt-br\/politica-de-privacidade\/#breadcrumb\",\"itemListElement\":[{\"@type\":\"ListItem\",\"position\":1,\"name\":\"Home\",\"item\":\"https:\/\/languagetreeschool.com\/pt-br\/pagina-principal\/\"},{\"@type\":\"ListItem\",\"position\":2,\"name\":\"Pol\u00edtica de Privacidade\"}]},{\"@type\":\"WebSite\",\"@id\":\"https:\/\/languagetreeschool.com\/pt-br\/#website\",\"url\":\"https:\/\/languagetreeschool.com\/pt-br\/\",\"name\":\"Language Tree\",\"description\":\"Language, culture &amp; adventure\",\"publisher\":{\"@id\":\"https:\/\/languagetreeschool.com\/pt-br\/#organization\"},\"potentialAction\":[{\"@type\":\"SearchAction\",\"target\":{\"@type\":\"EntryPoint\",\"urlTemplate\":\"https:\/\/languagetreeschool.com\/pt-br\/?s={search_term_string}\"},\"query-input\":{\"@type\":\"PropertyValueSpecification\",\"valueRequired\":true,\"valueName\":\"search_term_string\"}}],\"inLanguage\":\"pt-BR\"},{\"@type\":\"Organization\",\"@id\":\"https:\/\/languagetreeschool.com\/pt-br\/#organization\",\"name\":\"Language Tree\",\"url\":\"https:\/\/languagetreeschool.com\/pt-br\/\",\"logo\":{\"@type\":\"ImageObject\",\"inLanguage\":\"pt-BR\",\"@id\":\"https:\/\/languagetreeschool.com\/pt-br\/#\/schema\/logo\/image\/\",\"url\":\"https:\/\/languagetreeschool.com\/wp-content\/uploads\/2026\/03\/LT-icon-1.jpg\",\"contentUrl\":\"https:\/\/languagetreeschool.com\/wp-content\/uploads\/2026\/03\/LT-icon-1.jpg\",\"width\":1396,\"height\":1909,\"caption\":\"Language Tree\"},\"image\":{\"@id\":\"https:\/\/languagetreeschool.com\/pt-br\/#\/schema\/logo\/image\/\"},\"sameAs\":[\"https:\/\/www.facebook.com\/languagetreecornwall\",\"https:\/\/www.instagram.com\/languagetreeschool\"],\"description\":\"British Council accredited English language Summer School in Cornwall. Welcoming teenagers, families and adults from around the world to our university campus.\",\"email\":\"info@languagetreeschool.com\",\"telephone\":\"+447957497937\",\"legalName\":\"Language Tree Limited\",\"foundingDate\":\"2011-10-10\",\"numberOfEmployees\":{\"@type\":\"QuantitativeValue\",\"minValue\":\"11\",\"maxValue\":\"50\"}}]}<\/script>\n<!-- \/ Yoast SEO Premium plugin. -->","yoast_head_json":{"title":"Pol\u00edtica de Privacidade | language tree","description":"Leia a pol\u00edtica de privacidade do Language Tree: como coletamos, usamos e protegemos os dados pessoais de acordo com o GDPR e a legisla\u00e7\u00e3o do Reino Unido.","robots":{"index":"index","follow":"follow","max-snippet":"max-snippet:-1","max-image-preview":"max-image-preview:large","max-video-preview":"max-video-preview:-1"},"canonical":"https:\/\/languagetreeschool.com\/pt-br\/politica-de-privacidade\/","og_locale":"pt_BR","og_type":"article","og_title":"Pol\u00edtica de Privacidade | language tree","og_description":"Leia a pol\u00edtica de privacidade do Language Tree: como coletamos, usamos e protegemos os dados pessoais de acordo com o GDPR e a legisla\u00e7\u00e3o do Reino Unido.","og_url":"https:\/\/languagetreeschool.com\/pt-br\/politica-de-privacidade\/","og_site_name":"Language Tree","article_publisher":"https:\/\/www.facebook.com\/languagetreecornwall","article_modified_time":"2026-04-24T16:16:34+00:00","og_image":[{"width":2000,"height":1500,"url":"https:\/\/languagetreeschool.com\/wp-content\/uploads\/2025\/08\/language-tree-school-72.jpg","type":"image\/jpeg"}],"twitter_card":"summary_large_image","twitter_title":"Pol\u00edtica de Privacidade | language tree","twitter_description":"Leia a pol\u00edtica de privacidade do Language Tree: como coletamos, usamos e protegemos os dados pessoais de acordo com o GDPR e a legisla\u00e7\u00e3o do Reino Unido.","twitter_misc":{"Est. tempo de leitura":"3 minutos"},"schema":{"@context":"https:\/\/schema.org","@graph":[{"@type":"WebPage","@id":"https:\/\/languagetreeschool.com\/pt-br\/politica-de-privacidade\/","url":"https:\/\/languagetreeschool.com\/pt-br\/politica-de-privacidade\/","name":"Pol\u00edtica de Privacidade | language tree","isPartOf":{"@id":"https:\/\/languagetreeschool.com\/pt-br\/#website"},"primaryImageOfPage":{"@id":"https:\/\/languagetreeschool.com\/pt-br\/politica-de-privacidade\/#primaryimage"},"image":{"@id":"https:\/\/languagetreeschool.com\/pt-br\/politica-de-privacidade\/#primaryimage"},"thumbnailUrl":"https:\/\/languagetreeschool.com\/wp-content\/uploads\/2025\/08\/language-tree-school-72.jpg","datePublished":"2025-07-03T14:53:40+00:00","dateModified":"2026-04-24T16:16:34+00:00","description":"Leia a pol\u00edtica de privacidade do Language Tree: como coletamos, usamos e protegemos os dados pessoais de acordo com o GDPR e a legisla\u00e7\u00e3o do Reino Unido.","breadcrumb":{"@id":"https:\/\/languagetreeschool.com\/pt-br\/politica-de-privacidade\/#breadcrumb"},"inLanguage":"pt-BR","potentialAction":[{"@type":"ReadAction","target":["https:\/\/languagetreeschool.com\/pt-br\/politica-de-privacidade\/"]}]},{"@type":"ImageObject","inLanguage":"pt-BR","@id":"https:\/\/languagetreeschool.com\/pt-br\/politica-de-privacidade\/#primaryimage","url":"https:\/\/languagetreeschool.com\/wp-content\/uploads\/2025\/08\/language-tree-school-72.jpg","contentUrl":"https:\/\/languagetreeschool.com\/wp-content\/uploads\/2025\/08\/language-tree-school-72.jpg","width":2000,"height":1500,"caption":"Estudantes fazem caminhadas pela costa entre Crantock e Pollyjoke"},{"@type":"BreadcrumbList","@id":"https:\/\/languagetreeschool.com\/pt-br\/politica-de-privacidade\/#breadcrumb","itemListElement":[{"@type":"ListItem","position":1,"name":"Home","item":"https:\/\/languagetreeschool.com\/pt-br\/pagina-principal\/"},{"@type":"ListItem","position":2,"name":"Pol\u00edtica de Privacidade"}]},{"@type":"WebSite","@id":"https:\/\/languagetreeschool.com\/pt-br\/#website","url":"https:\/\/languagetreeschool.com\/pt-br\/","name":"Language Tree","description":"Language, culture &amp; adventure","publisher":{"@id":"https:\/\/languagetreeschool.com\/pt-br\/#organization"},"potentialAction":[{"@type":"SearchAction","target":{"@type":"EntryPoint","urlTemplate":"https:\/\/languagetreeschool.com\/pt-br\/?s={search_term_string}"},"query-input":{"@type":"PropertyValueSpecification","valueRequired":true,"valueName":"search_term_string"}}],"inLanguage":"pt-BR"},{"@type":"Organization","@id":"https:\/\/languagetreeschool.com\/pt-br\/#organization","name":"Language Tree","url":"https:\/\/languagetreeschool.com\/pt-br\/","logo":{"@type":"ImageObject","inLanguage":"pt-BR","@id":"https:\/\/languagetreeschool.com\/pt-br\/#\/schema\/logo\/image\/","url":"https:\/\/languagetreeschool.com\/wp-content\/uploads\/2026\/03\/LT-icon-1.jpg","contentUrl":"https:\/\/languagetreeschool.com\/wp-content\/uploads\/2026\/03\/LT-icon-1.jpg","width":1396,"height":1909,"caption":"Language Tree"},"image":{"@id":"https:\/\/languagetreeschool.com\/pt-br\/#\/schema\/logo\/image\/"},"sameAs":["https:\/\/www.facebook.com\/languagetreecornwall","https:\/\/www.instagram.com\/languagetreeschool"],"description":"British Council accredited English language Summer School in Cornwall. Welcoming teenagers, families and adults from around the world to our university campus.","email":"info@languagetreeschool.com","telephone":"+447957497937","legalName":"Language Tree Limited","foundingDate":"2011-10-10","numberOfEmployees":{"@type":"QuantitativeValue","minValue":"11","maxValue":"50"}}]}},"_links":{"self":[{"href":"https:\/\/languagetreeschool.com\/pt-br\/wp-json\/wp\/v2\/pages\/4702","targetHints":{"allow":["GET"]}}],"collection":[{"href":"https:\/\/languagetreeschool.com\/pt-br\/wp-json\/wp\/v2\/pages"}],"about":[{"href":"https:\/\/languagetreeschool.com\/pt-br\/wp-json\/wp\/v2\/types\/page"}],"author":[{"embeddable":true,"href":"https:\/\/languagetreeschool.com\/pt-br\/wp-json\/wp\/v2\/users\/1"}],"replies":[{"embeddable":true,"href":"https:\/\/languagetreeschool.com\/pt-br\/wp-json\/wp\/v2\/comments?post=4702"}],"version-history":[{"count":3,"href":"https:\/\/languagetreeschool.com\/pt-br\/wp-json\/wp\/v2\/pages\/4702\/revisions"}],"predecessor-version":[{"id":10365,"href":"https:\/\/languagetreeschool.com\/pt-br\/wp-json\/wp\/v2\/pages\/4702\/revisions\/10365"}],"wp:featuredmedia":[{"embeddable":true,"href":"https:\/\/languagetreeschool.com\/pt-br\/wp-json\/wp\/v2\/media\/8936"}],"wp:attachment":[{"href":"https:\/\/languagetreeschool.com\/pt-br\/wp-json\/wp\/v2\/media?parent=4702"}],"curies":[{"name":"wp","href":"https:\/\/api.w.org\/{rel}","templated":true}]}}