{"id":4693,"date":"2025-07-03T16:04:41","date_gmt":"2025-07-03T15:04:41","guid":{"rendered":"https:\/\/language.majik-now.co.uk\/home\/"},"modified":"2026-03-04T16:04:46","modified_gmt":"2026-03-04T16:04:46","slug":"pagina-principal","status":"publish","type":"page","link":"https:\/\/languagetreeschool.com\/pt-br\/","title":{"rendered":"In\u00edcio"},"content":{"rendered":"","protected":false},"excerpt":{"rendered":"","protected":false},"author":1,"featured_media":0,"parent":0,"menu_order":0,"comment_status":"closed","ping_status":"closed","template":"","meta":{"_acf_changed":false,"footnotes":""},"class_list":["post-4693","page","type-page","status-publish","hentry"],"acf":[],"yoast_head":"<!-- This site is optimized with the Yoast SEO Premium plugin v26.6 (Yoast SEO v26.6) - https:\/\/yoast.com\/wordpress\/plugins\/seo\/ -->\n<title>Language Tree | Escola de Idiomas na Cornualha | Escola de Ver\u00e3o<\/title>\n<meta name=\"description\" content=\"A \u00fanica escola de idiomas da Cornualha credenciada pelo British Council. Programas de ver\u00e3o para jovens, fam\u00edlias e adultos, repletos de idiomas, cultura e aventura.\" \/>\n<meta name=\"robots\" content=\"index, follow, max-snippet:-1, max-image-preview:large, max-video-preview:-1\" \/>\n<link rel=\"canonical\" href=\"https:\/\/languagetreeschool.com\/pt-br\/\" \/>\n<meta property=\"og:locale\" content=\"pt_BR\" \/>\n<meta property=\"og:type\" content=\"article\" \/>\n<meta property=\"og:title\" content=\"Language Tree | Escola de Ingl\u00eas de Ver\u00e3o | Cornwall, Reino Unido\" \/>\n<meta property=\"og:description\" content=\"A \u00fanica escola de idiomas da Cornualha credenciada pelo British Council. Programas de ver\u00e3o para jovens, fam\u00edlias e adultos, repletos de idiomas, cultura e aventura.\" \/>\n<meta property=\"og:url\" content=\"https:\/\/languagetreeschool.com\/pt-br\/\" \/>\n<meta property=\"og:site_name\" content=\"Language Tree\" \/>\n<meta property=\"article:publisher\" content=\"https:\/\/www.facebook.com\/languagetreecornwall\" \/>\n<meta property=\"article:modified_time\" content=\"2026-03-04T16:04:46+00:00\" \/>\n<meta property=\"og:image\" content=\"https:\/\/languagetreeschool.com\/wp-content\/uploads\/2025\/07\/eden-students-1024x683.jpg\" \/>\n<meta name=\"twitter:card\" content=\"summary_large_image\" \/>\n<meta name=\"twitter:title\" content=\"Language Tree | Escola de Ingl\u00eas de Ver\u00e3o | Cornwall, Reino Unido\" \/>\n<meta name=\"twitter:description\" content=\"A \u00fanica escola de idiomas da Cornualha credenciada pelo British Council. Programas de ver\u00e3o para jovens, fam\u00edlias e adultos, repletos de idiomas, cultura e aventura.\" \/>\n<script type=\"application\/ld+json\" class=\"yoast-schema-graph\">{\"@context\":\"https:\/\/schema.org\",\"@graph\":[{\"@type\":\"WebPage\",\"@id\":\"https:\/\/languagetreeschool.com\/pt-br\/\",\"url\":\"https:\/\/languagetreeschool.com\/pt-br\/\",\"name\":\"Language Tree | Escola de Idiomas na Cornualha | Escola de Ver\u00e3o\",\"isPartOf\":{\"@id\":\"https:\/\/languagetreeschool.com\/pt-br\/#website\"},\"datePublished\":\"2025-07-03T15:04:41+00:00\",\"dateModified\":\"2026-03-04T16:04:46+00:00\",\"description\":\"A \u00fanica escola de idiomas da Cornualha credenciada pelo British Council. Programas de ver\u00e3o para jovens, fam\u00edlias e adultos, repletos de idiomas, cultura e aventura.\",\"breadcrumb\":{\"@id\":\"https:\/\/languagetreeschool.com\/pt-br\/#breadcrumb\"},\"inLanguage\":\"pt-BR\",\"potentialAction\":[{\"@type\":\"ReadAction\",\"target\":[\"https:\/\/languagetreeschool.com\/pt-br\/\"]}]},{\"@type\":\"BreadcrumbList\",\"@id\":\"https:\/\/languagetreeschool.com\/pt-br\/#breadcrumb\",\"itemListElement\":[{\"@type\":\"ListItem\",\"position\":1,\"name\":\"Home\",\"item\":\"https:\/\/languagetreeschool.com\/pt-br\/pagina-principal\/\"},{\"@type\":\"ListItem\",\"position\":2,\"name\":\"In\u00edcio\"}]},{\"@type\":\"WebSite\",\"@id\":\"https:\/\/languagetreeschool.com\/pt-br\/#website\",\"url\":\"https:\/\/languagetreeschool.com\/pt-br\/\",\"name\":\"Language Tree\",\"description\":\"Language, culture &amp; adventure\",\"publisher\":{\"@id\":\"https:\/\/languagetreeschool.com\/pt-br\/#organization\"},\"potentialAction\":[{\"@type\":\"SearchAction\",\"target\":{\"@type\":\"EntryPoint\",\"urlTemplate\":\"https:\/\/languagetreeschool.com\/pt-br\/?s={search_term_string}\"},\"query-input\":{\"@type\":\"PropertyValueSpecification\",\"valueRequired\":true,\"valueName\":\"search_term_string\"}}],\"inLanguage\":\"pt-BR\"},{\"@type\":\"Organization\",\"@id\":\"https:\/\/languagetreeschool.com\/pt-br\/#organization\",\"name\":\"Language Tree\",\"url\":\"https:\/\/languagetreeschool.com\/pt-br\/\",\"logo\":{\"@type\":\"ImageObject\",\"inLanguage\":\"pt-BR\",\"@id\":\"https:\/\/languagetreeschool.com\/pt-br\/#\/schema\/logo\/image\/\",\"url\":\"https:\/\/languagetreeschool.com\/wp-content\/uploads\/2026\/03\/LT-icon-1.jpg\",\"contentUrl\":\"https:\/\/languagetreeschool.com\/wp-content\/uploads\/2026\/03\/LT-icon-1.jpg\",\"width\":1396,\"height\":1909,\"caption\":\"Language Tree\"},\"image\":{\"@id\":\"https:\/\/languagetreeschool.com\/pt-br\/#\/schema\/logo\/image\/\"},\"sameAs\":[\"https:\/\/www.facebook.com\/languagetreecornwall\",\"https:\/\/www.instagram.com\/languagetreeschool\"],\"description\":\"British Council accredited English language Summer School in Cornwall. Welcoming teenagers, families and adults from around the world to our university campus.\",\"email\":\"info@languagetreeschool.com\",\"telephone\":\"+447957497937\",\"legalName\":\"Language Tree Limited\",\"foundingDate\":\"2011-10-10\",\"numberOfEmployees\":{\"@type\":\"QuantitativeValue\",\"minValue\":\"11\",\"maxValue\":\"50\"}}]}<\/script>\n<!-- \/ Yoast SEO Premium plugin. -->","yoast_head_json":{"title":"Language Tree | Escola de Idiomas na Cornualha | Escola de Ver\u00e3o","description":"A \u00fanica escola de idiomas da Cornualha credenciada pelo British Council. Programas de ver\u00e3o para jovens, fam\u00edlias e adultos, repletos de idiomas, cultura e aventura.","robots":{"index":"index","follow":"follow","max-snippet":"max-snippet:-1","max-image-preview":"max-image-preview:large","max-video-preview":"max-video-preview:-1"},"canonical":"https:\/\/languagetreeschool.com\/pt-br\/","og_locale":"pt_BR","og_type":"article","og_title":"Language Tree | Escola de Ingl\u00eas de Ver\u00e3o | Cornwall, Reino Unido","og_description":"A \u00fanica escola de idiomas da Cornualha credenciada pelo British Council. Programas de ver\u00e3o para jovens, fam\u00edlias e adultos, repletos de idiomas, cultura e aventura.","og_url":"https:\/\/languagetreeschool.com\/pt-br\/","og_site_name":"Language Tree","article_publisher":"https:\/\/www.facebook.com\/languagetreecornwall","article_modified_time":"2026-03-04T16:04:46+00:00","og_image":[{"url":"https:\/\/languagetreeschool.com\/wp-content\/uploads\/2025\/07\/eden-students-1024x683.jpg","type":"","width":"","height":""}],"twitter_card":"summary_large_image","twitter_title":"Language Tree | Escola de Ingl\u00eas de Ver\u00e3o | Cornwall, Reino Unido","twitter_description":"A \u00fanica escola de idiomas da Cornualha credenciada pelo British Council. Programas de ver\u00e3o para jovens, fam\u00edlias e adultos, repletos de idiomas, cultura e aventura.","schema":{"@context":"https:\/\/schema.org","@graph":[{"@type":"WebPage","@id":"https:\/\/languagetreeschool.com\/pt-br\/","url":"https:\/\/languagetreeschool.com\/pt-br\/","name":"Language Tree | Escola de Idiomas na Cornualha | Escola de Ver\u00e3o","isPartOf":{"@id":"https:\/\/languagetreeschool.com\/pt-br\/#website"},"datePublished":"2025-07-03T15:04:41+00:00","dateModified":"2026-03-04T16:04:46+00:00","description":"A \u00fanica escola de idiomas da Cornualha credenciada pelo British Council. Programas de ver\u00e3o para jovens, fam\u00edlias e adultos, repletos de idiomas, cultura e aventura.","breadcrumb":{"@id":"https:\/\/languagetreeschool.com\/pt-br\/#breadcrumb"},"inLanguage":"pt-BR","potentialAction":[{"@type":"ReadAction","target":["https:\/\/languagetreeschool.com\/pt-br\/"]}]},{"@type":"BreadcrumbList","@id":"https:\/\/languagetreeschool.com\/pt-br\/#breadcrumb","itemListElement":[{"@type":"ListItem","position":1,"name":"Home","item":"https:\/\/languagetreeschool.com\/pt-br\/pagina-principal\/"},{"@type":"ListItem","position":2,"name":"In\u00edcio"}]},{"@type":"WebSite","@id":"https:\/\/languagetreeschool.com\/pt-br\/#website","url":"https:\/\/languagetreeschool.com\/pt-br\/","name":"Language Tree","description":"Language, culture &amp; adventure","publisher":{"@id":"https:\/\/languagetreeschool.com\/pt-br\/#organization"},"potentialAction":[{"@type":"SearchAction","target":{"@type":"EntryPoint","urlTemplate":"https:\/\/languagetreeschool.com\/pt-br\/?s={search_term_string}"},"query-input":{"@type":"PropertyValueSpecification","valueRequired":true,"valueName":"search_term_string"}}],"inLanguage":"pt-BR"},{"@type":"Organization","@id":"https:\/\/languagetreeschool.com\/pt-br\/#organization","name":"Language Tree","url":"https:\/\/languagetreeschool.com\/pt-br\/","logo":{"@type":"ImageObject","inLanguage":"pt-BR","@id":"https:\/\/languagetreeschool.com\/pt-br\/#\/schema\/logo\/image\/","url":"https:\/\/languagetreeschool.com\/wp-content\/uploads\/2026\/03\/LT-icon-1.jpg","contentUrl":"https:\/\/languagetreeschool.com\/wp-content\/uploads\/2026\/03\/LT-icon-1.jpg","width":1396,"height":1909,"caption":"Language Tree"},"image":{"@id":"https:\/\/languagetreeschool.com\/pt-br\/#\/schema\/logo\/image\/"},"sameAs":["https:\/\/www.facebook.com\/languagetreecornwall","https:\/\/www.instagram.com\/languagetreeschool"],"description":"British Council accredited English language Summer School in Cornwall. Welcoming teenagers, families and adults from around the world to our university campus.","email":"info@languagetreeschool.com","telephone":"+447957497937","legalName":"Language Tree Limited","foundingDate":"2011-10-10","numberOfEmployees":{"@type":"QuantitativeValue","minValue":"11","maxValue":"50"}}]}},"_links":{"self":[{"href":"https:\/\/languagetreeschool.com\/pt-br\/wp-json\/wp\/v2\/pages\/4693","targetHints":{"allow":["GET"]}}],"collection":[{"href":"https:\/\/languagetreeschool.com\/pt-br\/wp-json\/wp\/v2\/pages"}],"about":[{"href":"https:\/\/languagetreeschool.com\/pt-br\/wp-json\/wp\/v2\/types\/page"}],"author":[{"embeddable":true,"href":"https:\/\/languagetreeschool.com\/pt-br\/wp-json\/wp\/v2\/users\/1"}],"replies":[{"embeddable":true,"href":"https:\/\/languagetreeschool.com\/pt-br\/wp-json\/wp\/v2\/comments?post=4693"}],"version-history":[{"count":16,"href":"https:\/\/languagetreeschool.com\/pt-br\/wp-json\/wp\/v2\/pages\/4693\/revisions"}],"predecessor-version":[{"id":10358,"href":"https:\/\/languagetreeschool.com\/pt-br\/wp-json\/wp\/v2\/pages\/4693\/revisions\/10358"}],"wp:attachment":[{"href":"https:\/\/languagetreeschool.com\/pt-br\/wp-json\/wp\/v2\/media?parent=4693"}],"curies":[{"name":"wp","href":"https:\/\/api.w.org\/{rel}","templated":true}]}}