{"id":14205,"date":"2026-03-07T18:25:18","date_gmt":"2026-03-07T18:25:18","guid":{"rendered":"https:\/\/languagetreeschool.com\/nossa-escola\/atividades-sociais-e-excursoes\/parque-de-aventura-kernow\/"},"modified":"2026-03-07T18:25:18","modified_gmt":"2026-03-07T18:25:18","slug":"parque-de-aventura-kernow","status":"publish","type":"page","link":"https:\/\/languagetreeschool.com\/pt-br\/nossa-escola\/atividades-sociais-e-excursoes\/parque-de-aventura-kernow\/","title":{"rendered":"Parque de Aventura Kernow"},"content":{"rendered":"","protected":false},"excerpt":{"rendered":"","protected":false},"author":6,"featured_media":6503,"parent":4630,"menu_order":0,"comment_status":"closed","ping_status":"closed","template":"","meta":{"_acf_changed":false,"footnotes":""},"class_list":["post-14205","page","type-page","status-publish","has-post-thumbnail","hentry"],"acf":[],"yoast_head":"<!-- This site is optimized with the Yoast SEO Premium plugin v26.6 (Yoast SEO v26.6) - https:\/\/yoast.com\/wordpress\/plugins\/seo\/ -->\n<title>Parque aqu\u00e1tico divertido para os adolescentes aproveitarem em nossa escola de ver\u00e3o<\/title>\n<meta name=\"description\" content=\"As tardes no Kernow Adventure Park s\u00e3o sempre muito divertidas! Os alunos juniores adoram os infl\u00e1veis estilo Total Wipeout e as pranchas de paddle gigantes.\" \/>\n<meta name=\"robots\" content=\"index, follow, max-snippet:-1, max-image-preview:large, max-video-preview:-1\" \/>\n<link rel=\"canonical\" href=\"https:\/\/languagetreeschool.com\/pt-br\/nossa-escola\/atividades-sociais-e-excursoes\/parque-de-aventura-kernow\/\" \/>\n<meta property=\"og:locale\" content=\"pt_BR\" \/>\n<meta property=\"og:type\" content=\"article\" \/>\n<meta property=\"og:title\" content=\"Parque aqu\u00e1tico divertido para os adolescentes aproveitarem em nossa escola de ver\u00e3o\" \/>\n<meta property=\"og:description\" content=\"As tardes no Kernow Adventure Park s\u00e3o sempre muito divertidas! Os alunos juniores adoram os infl\u00e1veis estilo Total Wipeout e as pranchas de paddle gigantes.\" \/>\n<meta property=\"og:url\" content=\"https:\/\/languagetreeschool.com\/pt-br\/nossa-escola\/atividades-sociais-e-excursoes\/parque-de-aventura-kernow\/\" \/>\n<meta property=\"og:site_name\" content=\"Language Tree\" \/>\n<meta property=\"article:publisher\" content=\"https:\/\/www.facebook.com\/languagetreecornwall\" \/>\n<meta property=\"og:image\" content=\"https:\/\/languagetreeschool.com\/wp-content\/uploads\/2025\/08\/giant-SUP.jpg\" \/>\n\t<meta property=\"og:image:width\" content=\"2000\" \/>\n\t<meta property=\"og:image:height\" content=\"1334\" \/>\n\t<meta property=\"og:image:type\" content=\"image\/jpeg\" \/>\n<meta name=\"twitter:card\" content=\"summary_large_image\" \/>\n<meta name=\"twitter:title\" content=\"Parque aqu\u00e1tico divertido para os adolescentes aproveitarem em nossa escola de ver\u00e3o\" \/>\n<meta name=\"twitter:description\" content=\"As tardes no Kernow Adventure Park s\u00e3o sempre muito divertidas! Os alunos juniores adoram os infl\u00e1veis estilo Total Wipeout e as pranchas de paddle gigantes.\" \/>\n<script type=\"application\/ld+json\" class=\"yoast-schema-graph\">{\"@context\":\"https:\/\/schema.org\",\"@graph\":[{\"@type\":\"WebPage\",\"@id\":\"https:\/\/languagetreeschool.com\/pt-br\/nossa-escola\/atividades-sociais-e-excursoes\/parque-de-aventura-kernow\/\",\"url\":\"https:\/\/languagetreeschool.com\/pt-br\/nossa-escola\/atividades-sociais-e-excursoes\/parque-de-aventura-kernow\/\",\"name\":\"Parque aqu\u00e1tico divertido para os adolescentes aproveitarem em nossa escola de ver\u00e3o\",\"isPartOf\":{\"@id\":\"https:\/\/languagetreeschool.com\/pt-br\/#website\"},\"primaryImageOfPage\":{\"@id\":\"https:\/\/languagetreeschool.com\/pt-br\/nossa-escola\/atividades-sociais-e-excursoes\/parque-de-aventura-kernow\/#primaryimage\"},\"image\":{\"@id\":\"https:\/\/languagetreeschool.com\/pt-br\/nossa-escola\/atividades-sociais-e-excursoes\/parque-de-aventura-kernow\/#primaryimage\"},\"thumbnailUrl\":\"https:\/\/languagetreeschool.com\/wp-content\/uploads\/2025\/08\/giant-SUP.jpg\",\"datePublished\":\"2026-03-07T18:25:18+00:00\",\"description\":\"As tardes no Kernow Adventure Park s\u00e3o sempre muito divertidas! Os alunos juniores adoram os infl\u00e1veis estilo Total Wipeout e as pranchas de paddle gigantes.\",\"breadcrumb\":{\"@id\":\"https:\/\/languagetreeschool.com\/pt-br\/nossa-escola\/atividades-sociais-e-excursoes\/parque-de-aventura-kernow\/#breadcrumb\"},\"inLanguage\":\"pt-BR\",\"potentialAction\":[{\"@type\":\"ReadAction\",\"target\":[\"https:\/\/languagetreeschool.com\/pt-br\/nossa-escola\/atividades-sociais-e-excursoes\/parque-de-aventura-kernow\/\"]}]},{\"@type\":\"ImageObject\",\"inLanguage\":\"pt-BR\",\"@id\":\"https:\/\/languagetreeschool.com\/pt-br\/nossa-escola\/atividades-sociais-e-excursoes\/parque-de-aventura-kernow\/#primaryimage\",\"url\":\"https:\/\/languagetreeschool.com\/wp-content\/uploads\/2025\/08\/giant-SUP.jpg\",\"contentUrl\":\"https:\/\/languagetreeschool.com\/wp-content\/uploads\/2025\/08\/giant-SUP.jpg\",\"width\":2000,\"height\":1334,\"caption\":\"SUP gigante e infl\u00e1veis no Kernow Adventure Park\"},{\"@type\":\"BreadcrumbList\",\"@id\":\"https:\/\/languagetreeschool.com\/pt-br\/nossa-escola\/atividades-sociais-e-excursoes\/parque-de-aventura-kernow\/#breadcrumb\",\"itemListElement\":[{\"@type\":\"ListItem\",\"position\":1,\"name\":\"Home\",\"item\":\"https:\/\/languagetreeschool.com\/pt-br\/pagina-principal\/\"},{\"@type\":\"ListItem\",\"position\":2,\"name\":\"Nossa escola\",\"item\":\"https:\/\/languagetreeschool.com\/pt-br\/nossa-escola\/\"},{\"@type\":\"ListItem\",\"position\":3,\"name\":\"Atividades sociais e excurs\u00f5es\",\"item\":\"https:\/\/languagetreeschool.com\/pt-br\/nossa-escola\/atividades-sociais-e-excursoes\/\"},{\"@type\":\"ListItem\",\"position\":4,\"name\":\"Parque de Aventura Kernow\"}]},{\"@type\":\"WebSite\",\"@id\":\"https:\/\/languagetreeschool.com\/pt-br\/#website\",\"url\":\"https:\/\/languagetreeschool.com\/pt-br\/\",\"name\":\"Language Tree\",\"description\":\"Language, culture &amp; adventure\",\"publisher\":{\"@id\":\"https:\/\/languagetreeschool.com\/pt-br\/#organization\"},\"potentialAction\":[{\"@type\":\"SearchAction\",\"target\":{\"@type\":\"EntryPoint\",\"urlTemplate\":\"https:\/\/languagetreeschool.com\/pt-br\/?s={search_term_string}\"},\"query-input\":{\"@type\":\"PropertyValueSpecification\",\"valueRequired\":true,\"valueName\":\"search_term_string\"}}],\"inLanguage\":\"pt-BR\"},{\"@type\":\"Organization\",\"@id\":\"https:\/\/languagetreeschool.com\/pt-br\/#organization\",\"name\":\"Language Tree\",\"url\":\"https:\/\/languagetreeschool.com\/pt-br\/\",\"logo\":{\"@type\":\"ImageObject\",\"inLanguage\":\"pt-BR\",\"@id\":\"https:\/\/languagetreeschool.com\/pt-br\/#\/schema\/logo\/image\/\",\"url\":\"https:\/\/languagetreeschool.com\/wp-content\/uploads\/2026\/03\/LT-icon-1.jpg\",\"contentUrl\":\"https:\/\/languagetreeschool.com\/wp-content\/uploads\/2026\/03\/LT-icon-1.jpg\",\"width\":1396,\"height\":1909,\"caption\":\"Language Tree\"},\"image\":{\"@id\":\"https:\/\/languagetreeschool.com\/pt-br\/#\/schema\/logo\/image\/\"},\"sameAs\":[\"https:\/\/www.facebook.com\/languagetreecornwall\",\"https:\/\/www.instagram.com\/languagetreeschool\"],\"description\":\"British Council accredited English language Summer School in Cornwall. Welcoming teenagers, families and adults from around the world to our university campus.\",\"email\":\"info@languagetreeschool.com\",\"telephone\":\"+447957497937\",\"legalName\":\"Language Tree Limited\",\"foundingDate\":\"2011-10-10\",\"numberOfEmployees\":{\"@type\":\"QuantitativeValue\",\"minValue\":\"11\",\"maxValue\":\"50\"}}]}<\/script>\n<!-- \/ Yoast SEO Premium plugin. -->","yoast_head_json":{"title":"Parque aqu\u00e1tico divertido para os adolescentes aproveitarem em nossa escola de ver\u00e3o","description":"As tardes no Kernow Adventure Park s\u00e3o sempre muito divertidas! Os alunos juniores adoram os infl\u00e1veis estilo Total Wipeout e as pranchas de paddle gigantes.","robots":{"index":"index","follow":"follow","max-snippet":"max-snippet:-1","max-image-preview":"max-image-preview:large","max-video-preview":"max-video-preview:-1"},"canonical":"https:\/\/languagetreeschool.com\/pt-br\/nossa-escola\/atividades-sociais-e-excursoes\/parque-de-aventura-kernow\/","og_locale":"pt_BR","og_type":"article","og_title":"Parque aqu\u00e1tico divertido para os adolescentes aproveitarem em nossa escola de ver\u00e3o","og_description":"As tardes no Kernow Adventure Park s\u00e3o sempre muito divertidas! Os alunos juniores adoram os infl\u00e1veis estilo Total Wipeout e as pranchas de paddle gigantes.","og_url":"https:\/\/languagetreeschool.com\/pt-br\/nossa-escola\/atividades-sociais-e-excursoes\/parque-de-aventura-kernow\/","og_site_name":"Language Tree","article_publisher":"https:\/\/www.facebook.com\/languagetreecornwall","og_image":[{"width":2000,"height":1334,"url":"https:\/\/languagetreeschool.com\/wp-content\/uploads\/2025\/08\/giant-SUP.jpg","type":"image\/jpeg"}],"twitter_card":"summary_large_image","twitter_title":"Parque aqu\u00e1tico divertido para os adolescentes aproveitarem em nossa escola de ver\u00e3o","twitter_description":"As tardes no Kernow Adventure Park s\u00e3o sempre muito divertidas! Os alunos juniores adoram os infl\u00e1veis estilo Total Wipeout e as pranchas de paddle gigantes.","schema":{"@context":"https:\/\/schema.org","@graph":[{"@type":"WebPage","@id":"https:\/\/languagetreeschool.com\/pt-br\/nossa-escola\/atividades-sociais-e-excursoes\/parque-de-aventura-kernow\/","url":"https:\/\/languagetreeschool.com\/pt-br\/nossa-escola\/atividades-sociais-e-excursoes\/parque-de-aventura-kernow\/","name":"Parque aqu\u00e1tico divertido para os adolescentes aproveitarem em nossa escola de ver\u00e3o","isPartOf":{"@id":"https:\/\/languagetreeschool.com\/pt-br\/#website"},"primaryImageOfPage":{"@id":"https:\/\/languagetreeschool.com\/pt-br\/nossa-escola\/atividades-sociais-e-excursoes\/parque-de-aventura-kernow\/#primaryimage"},"image":{"@id":"https:\/\/languagetreeschool.com\/pt-br\/nossa-escola\/atividades-sociais-e-excursoes\/parque-de-aventura-kernow\/#primaryimage"},"thumbnailUrl":"https:\/\/languagetreeschool.com\/wp-content\/uploads\/2025\/08\/giant-SUP.jpg","datePublished":"2026-03-07T18:25:18+00:00","description":"As tardes no Kernow Adventure Park s\u00e3o sempre muito divertidas! Os alunos juniores adoram os infl\u00e1veis estilo Total Wipeout e as pranchas de paddle gigantes.","breadcrumb":{"@id":"https:\/\/languagetreeschool.com\/pt-br\/nossa-escola\/atividades-sociais-e-excursoes\/parque-de-aventura-kernow\/#breadcrumb"},"inLanguage":"pt-BR","potentialAction":[{"@type":"ReadAction","target":["https:\/\/languagetreeschool.com\/pt-br\/nossa-escola\/atividades-sociais-e-excursoes\/parque-de-aventura-kernow\/"]}]},{"@type":"ImageObject","inLanguage":"pt-BR","@id":"https:\/\/languagetreeschool.com\/pt-br\/nossa-escola\/atividades-sociais-e-excursoes\/parque-de-aventura-kernow\/#primaryimage","url":"https:\/\/languagetreeschool.com\/wp-content\/uploads\/2025\/08\/giant-SUP.jpg","contentUrl":"https:\/\/languagetreeschool.com\/wp-content\/uploads\/2025\/08\/giant-SUP.jpg","width":2000,"height":1334,"caption":"SUP gigante e infl\u00e1veis no Kernow Adventure Park"},{"@type":"BreadcrumbList","@id":"https:\/\/languagetreeschool.com\/pt-br\/nossa-escola\/atividades-sociais-e-excursoes\/parque-de-aventura-kernow\/#breadcrumb","itemListElement":[{"@type":"ListItem","position":1,"name":"Home","item":"https:\/\/languagetreeschool.com\/pt-br\/pagina-principal\/"},{"@type":"ListItem","position":2,"name":"Nossa escola","item":"https:\/\/languagetreeschool.com\/pt-br\/nossa-escola\/"},{"@type":"ListItem","position":3,"name":"Atividades sociais e excurs\u00f5es","item":"https:\/\/languagetreeschool.com\/pt-br\/nossa-escola\/atividades-sociais-e-excursoes\/"},{"@type":"ListItem","position":4,"name":"Parque de Aventura Kernow"}]},{"@type":"WebSite","@id":"https:\/\/languagetreeschool.com\/pt-br\/#website","url":"https:\/\/languagetreeschool.com\/pt-br\/","name":"Language Tree","description":"Language, culture &amp; adventure","publisher":{"@id":"https:\/\/languagetreeschool.com\/pt-br\/#organization"},"potentialAction":[{"@type":"SearchAction","target":{"@type":"EntryPoint","urlTemplate":"https:\/\/languagetreeschool.com\/pt-br\/?s={search_term_string}"},"query-input":{"@type":"PropertyValueSpecification","valueRequired":true,"valueName":"search_term_string"}}],"inLanguage":"pt-BR"},{"@type":"Organization","@id":"https:\/\/languagetreeschool.com\/pt-br\/#organization","name":"Language Tree","url":"https:\/\/languagetreeschool.com\/pt-br\/","logo":{"@type":"ImageObject","inLanguage":"pt-BR","@id":"https:\/\/languagetreeschool.com\/pt-br\/#\/schema\/logo\/image\/","url":"https:\/\/languagetreeschool.com\/wp-content\/uploads\/2026\/03\/LT-icon-1.jpg","contentUrl":"https:\/\/languagetreeschool.com\/wp-content\/uploads\/2026\/03\/LT-icon-1.jpg","width":1396,"height":1909,"caption":"Language Tree"},"image":{"@id":"https:\/\/languagetreeschool.com\/pt-br\/#\/schema\/logo\/image\/"},"sameAs":["https:\/\/www.facebook.com\/languagetreecornwall","https:\/\/www.instagram.com\/languagetreeschool"],"description":"British Council accredited English language Summer School in Cornwall. Welcoming teenagers, families and adults from around the world to our university campus.","email":"info@languagetreeschool.com","telephone":"+447957497937","legalName":"Language Tree Limited","foundingDate":"2011-10-10","numberOfEmployees":{"@type":"QuantitativeValue","minValue":"11","maxValue":"50"}}]}},"_links":{"self":[{"href":"https:\/\/languagetreeschool.com\/pt-br\/wp-json\/wp\/v2\/pages\/14205","targetHints":{"allow":["GET"]}}],"collection":[{"href":"https:\/\/languagetreeschool.com\/pt-br\/wp-json\/wp\/v2\/pages"}],"about":[{"href":"https:\/\/languagetreeschool.com\/pt-br\/wp-json\/wp\/v2\/types\/page"}],"author":[{"embeddable":true,"href":"https:\/\/languagetreeschool.com\/pt-br\/wp-json\/wp\/v2\/users\/6"}],"replies":[{"embeddable":true,"href":"https:\/\/languagetreeschool.com\/pt-br\/wp-json\/wp\/v2\/comments?post=14205"}],"version-history":[{"count":0,"href":"https:\/\/languagetreeschool.com\/pt-br\/wp-json\/wp\/v2\/pages\/14205\/revisions"}],"up":[{"embeddable":true,"href":"https:\/\/languagetreeschool.com\/pt-br\/wp-json\/wp\/v2\/pages\/4630"}],"wp:featuredmedia":[{"embeddable":true,"href":"https:\/\/languagetreeschool.com\/pt-br\/wp-json\/wp\/v2\/media\/6503"}],"wp:attachment":[{"href":"https:\/\/languagetreeschool.com\/pt-br\/wp-json\/wp\/v2\/media?parent=14205"}],"curies":[{"name":"wp","href":"https:\/\/api.w.org\/{rel}","templated":true}]}}