{"id":14193,"date":"2026-03-07T17:51:59","date_gmt":"2026-03-07T17:51:59","guid":{"rendered":"https:\/\/languagetreeschool.com\/nossa-escola\/atividades-sociais-e-excursoes\/monte-de-sao-miguel\/"},"modified":"2026-03-07T17:51:59","modified_gmt":"2026-03-07T17:51:59","slug":"monte-de-sao-miguel","status":"publish","type":"page","link":"https:\/\/languagetreeschool.com\/pt-br\/nossa-escola\/atividades-sociais-e-excursoes\/monte-de-sao-miguel\/","title":{"rendered":"Monte de S\u00e3o Miguel"},"content":{"rendered":"","protected":false},"excerpt":{"rendered":"","protected":false},"author":6,"featured_media":7616,"parent":4630,"menu_order":0,"comment_status":"closed","ping_status":"closed","template":"","meta":{"_acf_changed":false,"footnotes":""},"class_list":["post-14193","page","type-page","status-publish","has-post-thumbnail","hentry"],"acf":[],"yoast_head":"<!-- This site is optimized with the Yoast SEO Premium plugin v26.6 (Yoast SEO v26.6) - https:\/\/yoast.com\/wordpress\/plugins\/seo\/ -->\n<title>Visite o Monte de S\u00e3o Miguel na Cornualha com a Language Tree<\/title>\n<meta name=\"description\" content=\"Participe de nossa excurs\u00e3o ao St Michael&#039;s Mount em nossa escola internacional de ver\u00e3o. Descubra a hist\u00f3ria e a cultura com nossos guias\" \/>\n<meta name=\"robots\" content=\"index, follow, max-snippet:-1, max-image-preview:large, max-video-preview:-1\" \/>\n<link rel=\"canonical\" href=\"https:\/\/languagetreeschool.com\/pt-br\/nossa-escola\/atividades-sociais-e-excursoes\/monte-de-sao-miguel\/\" \/>\n<meta property=\"og:locale\" content=\"pt_BR\" \/>\n<meta property=\"og:type\" content=\"article\" \/>\n<meta property=\"og:title\" content=\"Visite o Monte de S\u00e3o Miguel na Cornualha com a Language Tree\" \/>\n<meta property=\"og:description\" content=\"Participe de nossa excurs\u00e3o ao St Michael&#039;s Mount em nossa escola internacional de ver\u00e3o. Descubra a hist\u00f3ria e a cultura com nossos guias\" \/>\n<meta property=\"og:url\" content=\"https:\/\/languagetreeschool.com\/pt-br\/nossa-escola\/atividades-sociais-e-excursoes\/monte-de-sao-miguel\/\" \/>\n<meta property=\"og:site_name\" content=\"Language Tree\" \/>\n<meta property=\"article:publisher\" content=\"https:\/\/www.facebook.com\/languagetreecornwall\" \/>\n<meta property=\"og:image\" content=\"https:\/\/languagetreeschool.com\/wp-content\/uploads\/2025\/08\/St-Michaels-Mount.jpg\" \/>\n\t<meta property=\"og:image:width\" content=\"2000\" \/>\n\t<meta property=\"og:image:height\" content=\"1334\" \/>\n\t<meta property=\"og:image:type\" content=\"image\/jpeg\" \/>\n<meta name=\"twitter:card\" content=\"summary_large_image\" \/>\n<meta name=\"twitter:title\" content=\"Visite o Monte de S\u00e3o Miguel na Cornualha com a Language Tree\" \/>\n<meta name=\"twitter:description\" content=\"Participe de nossa excurs\u00e3o ao St Michael&#039;s Mount em nossa escola internacional de ver\u00e3o. Descubra a hist\u00f3ria e a cultura com nossos guias\" \/>\n<script type=\"application\/ld+json\" class=\"yoast-schema-graph\">{\"@context\":\"https:\/\/schema.org\",\"@graph\":[{\"@type\":\"WebPage\",\"@id\":\"https:\/\/languagetreeschool.com\/pt-br\/nossa-escola\/atividades-sociais-e-excursoes\/monte-de-sao-miguel\/\",\"url\":\"https:\/\/languagetreeschool.com\/pt-br\/nossa-escola\/atividades-sociais-e-excursoes\/monte-de-sao-miguel\/\",\"name\":\"Visite o Monte de S\u00e3o Miguel na Cornualha com a Language Tree\",\"isPartOf\":{\"@id\":\"https:\/\/languagetreeschool.com\/pt-br\/#website\"},\"primaryImageOfPage\":{\"@id\":\"https:\/\/languagetreeschool.com\/pt-br\/nossa-escola\/atividades-sociais-e-excursoes\/monte-de-sao-miguel\/#primaryimage\"},\"image\":{\"@id\":\"https:\/\/languagetreeschool.com\/pt-br\/nossa-escola\/atividades-sociais-e-excursoes\/monte-de-sao-miguel\/#primaryimage\"},\"thumbnailUrl\":\"https:\/\/languagetreeschool.com\/wp-content\/uploads\/2025\/08\/St-Michaels-Mount.jpg\",\"datePublished\":\"2026-03-07T17:51:59+00:00\",\"description\":\"Participe de nossa excurs\u00e3o ao St Michael's Mount em nossa escola internacional de ver\u00e3o. Descubra a hist\u00f3ria e a cultura com nossos guias\",\"breadcrumb\":{\"@id\":\"https:\/\/languagetreeschool.com\/pt-br\/nossa-escola\/atividades-sociais-e-excursoes\/monte-de-sao-miguel\/#breadcrumb\"},\"inLanguage\":\"pt-BR\",\"potentialAction\":[{\"@type\":\"ReadAction\",\"target\":[\"https:\/\/languagetreeschool.com\/pt-br\/nossa-escola\/atividades-sociais-e-excursoes\/monte-de-sao-miguel\/\"]}]},{\"@type\":\"ImageObject\",\"inLanguage\":\"pt-BR\",\"@id\":\"https:\/\/languagetreeschool.com\/pt-br\/nossa-escola\/atividades-sociais-e-excursoes\/monte-de-sao-miguel\/#primaryimage\",\"url\":\"https:\/\/languagetreeschool.com\/wp-content\/uploads\/2025\/08\/St-Michaels-Mount.jpg\",\"contentUrl\":\"https:\/\/languagetreeschool.com\/wp-content\/uploads\/2025\/08\/St-Michaels-Mount.jpg\",\"width\":2000,\"height\":1334,\"caption\":\"Monte de S\u00e3o Miguel\"},{\"@type\":\"BreadcrumbList\",\"@id\":\"https:\/\/languagetreeschool.com\/pt-br\/nossa-escola\/atividades-sociais-e-excursoes\/monte-de-sao-miguel\/#breadcrumb\",\"itemListElement\":[{\"@type\":\"ListItem\",\"position\":1,\"name\":\"Home\",\"item\":\"https:\/\/languagetreeschool.com\/pt-br\/pagina-principal\/\"},{\"@type\":\"ListItem\",\"position\":2,\"name\":\"Nossa escola\",\"item\":\"https:\/\/languagetreeschool.com\/pt-br\/nossa-escola\/\"},{\"@type\":\"ListItem\",\"position\":3,\"name\":\"Atividades sociais e excurs\u00f5es\",\"item\":\"https:\/\/languagetreeschool.com\/pt-br\/nossa-escola\/atividades-sociais-e-excursoes\/\"},{\"@type\":\"ListItem\",\"position\":4,\"name\":\"Monte de S\u00e3o Miguel\"}]},{\"@type\":\"WebSite\",\"@id\":\"https:\/\/languagetreeschool.com\/pt-br\/#website\",\"url\":\"https:\/\/languagetreeschool.com\/pt-br\/\",\"name\":\"Language Tree\",\"description\":\"Language, culture &amp; adventure\",\"publisher\":{\"@id\":\"https:\/\/languagetreeschool.com\/pt-br\/#organization\"},\"potentialAction\":[{\"@type\":\"SearchAction\",\"target\":{\"@type\":\"EntryPoint\",\"urlTemplate\":\"https:\/\/languagetreeschool.com\/pt-br\/?s={search_term_string}\"},\"query-input\":{\"@type\":\"PropertyValueSpecification\",\"valueRequired\":true,\"valueName\":\"search_term_string\"}}],\"inLanguage\":\"pt-BR\"},{\"@type\":\"Organization\",\"@id\":\"https:\/\/languagetreeschool.com\/pt-br\/#organization\",\"name\":\"Language Tree\",\"url\":\"https:\/\/languagetreeschool.com\/pt-br\/\",\"logo\":{\"@type\":\"ImageObject\",\"inLanguage\":\"pt-BR\",\"@id\":\"https:\/\/languagetreeschool.com\/pt-br\/#\/schema\/logo\/image\/\",\"url\":\"https:\/\/languagetreeschool.com\/wp-content\/uploads\/2026\/03\/LT-icon-1.jpg\",\"contentUrl\":\"https:\/\/languagetreeschool.com\/wp-content\/uploads\/2026\/03\/LT-icon-1.jpg\",\"width\":1396,\"height\":1909,\"caption\":\"Language Tree\"},\"image\":{\"@id\":\"https:\/\/languagetreeschool.com\/pt-br\/#\/schema\/logo\/image\/\"},\"sameAs\":[\"https:\/\/www.facebook.com\/languagetreecornwall\",\"https:\/\/www.instagram.com\/languagetreeschool\"],\"description\":\"British Council accredited English language Summer School in Cornwall. Welcoming teenagers, families and adults from around the world to our university campus.\",\"email\":\"info@languagetreeschool.com\",\"telephone\":\"+447957497937\",\"legalName\":\"Language Tree Limited\",\"foundingDate\":\"2011-10-10\",\"numberOfEmployees\":{\"@type\":\"QuantitativeValue\",\"minValue\":\"11\",\"maxValue\":\"50\"}}]}<\/script>\n<!-- \/ Yoast SEO Premium plugin. -->","yoast_head_json":{"title":"Visite o Monte de S\u00e3o Miguel na Cornualha com a Language Tree","description":"Participe de nossa excurs\u00e3o ao St Michael's Mount em nossa escola internacional de ver\u00e3o. Descubra a hist\u00f3ria e a cultura com nossos guias","robots":{"index":"index","follow":"follow","max-snippet":"max-snippet:-1","max-image-preview":"max-image-preview:large","max-video-preview":"max-video-preview:-1"},"canonical":"https:\/\/languagetreeschool.com\/pt-br\/nossa-escola\/atividades-sociais-e-excursoes\/monte-de-sao-miguel\/","og_locale":"pt_BR","og_type":"article","og_title":"Visite o Monte de S\u00e3o Miguel na Cornualha com a Language Tree","og_description":"Participe de nossa excurs\u00e3o ao St Michael's Mount em nossa escola internacional de ver\u00e3o. Descubra a hist\u00f3ria e a cultura com nossos guias","og_url":"https:\/\/languagetreeschool.com\/pt-br\/nossa-escola\/atividades-sociais-e-excursoes\/monte-de-sao-miguel\/","og_site_name":"Language Tree","article_publisher":"https:\/\/www.facebook.com\/languagetreecornwall","og_image":[{"width":2000,"height":1334,"url":"https:\/\/languagetreeschool.com\/wp-content\/uploads\/2025\/08\/St-Michaels-Mount.jpg","type":"image\/jpeg"}],"twitter_card":"summary_large_image","twitter_title":"Visite o Monte de S\u00e3o Miguel na Cornualha com a Language Tree","twitter_description":"Participe de nossa excurs\u00e3o ao St Michael's Mount em nossa escola internacional de ver\u00e3o. Descubra a hist\u00f3ria e a cultura com nossos guias","schema":{"@context":"https:\/\/schema.org","@graph":[{"@type":"WebPage","@id":"https:\/\/languagetreeschool.com\/pt-br\/nossa-escola\/atividades-sociais-e-excursoes\/monte-de-sao-miguel\/","url":"https:\/\/languagetreeschool.com\/pt-br\/nossa-escola\/atividades-sociais-e-excursoes\/monte-de-sao-miguel\/","name":"Visite o Monte de S\u00e3o Miguel na Cornualha com a Language Tree","isPartOf":{"@id":"https:\/\/languagetreeschool.com\/pt-br\/#website"},"primaryImageOfPage":{"@id":"https:\/\/languagetreeschool.com\/pt-br\/nossa-escola\/atividades-sociais-e-excursoes\/monte-de-sao-miguel\/#primaryimage"},"image":{"@id":"https:\/\/languagetreeschool.com\/pt-br\/nossa-escola\/atividades-sociais-e-excursoes\/monte-de-sao-miguel\/#primaryimage"},"thumbnailUrl":"https:\/\/languagetreeschool.com\/wp-content\/uploads\/2025\/08\/St-Michaels-Mount.jpg","datePublished":"2026-03-07T17:51:59+00:00","description":"Participe de nossa excurs\u00e3o ao St Michael's Mount em nossa escola internacional de ver\u00e3o. Descubra a hist\u00f3ria e a cultura com nossos guias","breadcrumb":{"@id":"https:\/\/languagetreeschool.com\/pt-br\/nossa-escola\/atividades-sociais-e-excursoes\/monte-de-sao-miguel\/#breadcrumb"},"inLanguage":"pt-BR","potentialAction":[{"@type":"ReadAction","target":["https:\/\/languagetreeschool.com\/pt-br\/nossa-escola\/atividades-sociais-e-excursoes\/monte-de-sao-miguel\/"]}]},{"@type":"ImageObject","inLanguage":"pt-BR","@id":"https:\/\/languagetreeschool.com\/pt-br\/nossa-escola\/atividades-sociais-e-excursoes\/monte-de-sao-miguel\/#primaryimage","url":"https:\/\/languagetreeschool.com\/wp-content\/uploads\/2025\/08\/St-Michaels-Mount.jpg","contentUrl":"https:\/\/languagetreeschool.com\/wp-content\/uploads\/2025\/08\/St-Michaels-Mount.jpg","width":2000,"height":1334,"caption":"Monte de S\u00e3o Miguel"},{"@type":"BreadcrumbList","@id":"https:\/\/languagetreeschool.com\/pt-br\/nossa-escola\/atividades-sociais-e-excursoes\/monte-de-sao-miguel\/#breadcrumb","itemListElement":[{"@type":"ListItem","position":1,"name":"Home","item":"https:\/\/languagetreeschool.com\/pt-br\/pagina-principal\/"},{"@type":"ListItem","position":2,"name":"Nossa escola","item":"https:\/\/languagetreeschool.com\/pt-br\/nossa-escola\/"},{"@type":"ListItem","position":3,"name":"Atividades sociais e excurs\u00f5es","item":"https:\/\/languagetreeschool.com\/pt-br\/nossa-escola\/atividades-sociais-e-excursoes\/"},{"@type":"ListItem","position":4,"name":"Monte de S\u00e3o Miguel"}]},{"@type":"WebSite","@id":"https:\/\/languagetreeschool.com\/pt-br\/#website","url":"https:\/\/languagetreeschool.com\/pt-br\/","name":"Language Tree","description":"Language, culture &amp; adventure","publisher":{"@id":"https:\/\/languagetreeschool.com\/pt-br\/#organization"},"potentialAction":[{"@type":"SearchAction","target":{"@type":"EntryPoint","urlTemplate":"https:\/\/languagetreeschool.com\/pt-br\/?s={search_term_string}"},"query-input":{"@type":"PropertyValueSpecification","valueRequired":true,"valueName":"search_term_string"}}],"inLanguage":"pt-BR"},{"@type":"Organization","@id":"https:\/\/languagetreeschool.com\/pt-br\/#organization","name":"Language Tree","url":"https:\/\/languagetreeschool.com\/pt-br\/","logo":{"@type":"ImageObject","inLanguage":"pt-BR","@id":"https:\/\/languagetreeschool.com\/pt-br\/#\/schema\/logo\/image\/","url":"https:\/\/languagetreeschool.com\/wp-content\/uploads\/2026\/03\/LT-icon-1.jpg","contentUrl":"https:\/\/languagetreeschool.com\/wp-content\/uploads\/2026\/03\/LT-icon-1.jpg","width":1396,"height":1909,"caption":"Language Tree"},"image":{"@id":"https:\/\/languagetreeschool.com\/pt-br\/#\/schema\/logo\/image\/"},"sameAs":["https:\/\/www.facebook.com\/languagetreecornwall","https:\/\/www.instagram.com\/languagetreeschool"],"description":"British Council accredited English language Summer School in Cornwall. Welcoming teenagers, families and adults from around the world to our university campus.","email":"info@languagetreeschool.com","telephone":"+447957497937","legalName":"Language Tree Limited","foundingDate":"2011-10-10","numberOfEmployees":{"@type":"QuantitativeValue","minValue":"11","maxValue":"50"}}]}},"_links":{"self":[{"href":"https:\/\/languagetreeschool.com\/pt-br\/wp-json\/wp\/v2\/pages\/14193","targetHints":{"allow":["GET"]}}],"collection":[{"href":"https:\/\/languagetreeschool.com\/pt-br\/wp-json\/wp\/v2\/pages"}],"about":[{"href":"https:\/\/languagetreeschool.com\/pt-br\/wp-json\/wp\/v2\/types\/page"}],"author":[{"embeddable":true,"href":"https:\/\/languagetreeschool.com\/pt-br\/wp-json\/wp\/v2\/users\/6"}],"replies":[{"embeddable":true,"href":"https:\/\/languagetreeschool.com\/pt-br\/wp-json\/wp\/v2\/comments?post=14193"}],"version-history":[{"count":0,"href":"https:\/\/languagetreeschool.com\/pt-br\/wp-json\/wp\/v2\/pages\/14193\/revisions"}],"up":[{"embeddable":true,"href":"https:\/\/languagetreeschool.com\/pt-br\/wp-json\/wp\/v2\/pages\/4630"}],"wp:featuredmedia":[{"embeddable":true,"href":"https:\/\/languagetreeschool.com\/pt-br\/wp-json\/wp\/v2\/media\/7616"}],"wp:attachment":[{"href":"https:\/\/languagetreeschool.com\/pt-br\/wp-json\/wp\/v2\/media?parent=14193"}],"curies":[{"name":"wp","href":"https:\/\/api.w.org\/{rel}","templated":true}]}}