{"id":12429,"date":"2025-11-04T15:43:41","date_gmt":"2025-11-04T15:43:41","guid":{"rendered":"https:\/\/languagetreeschool.com\/visite-o-projeto-eden\/"},"modified":"2025-12-15T14:49:12","modified_gmt":"2025-12-15T14:49:12","slug":"visite-o-projeto-eden","status":"publish","type":"page","link":"https:\/\/languagetreeschool.com\/pt-br\/visite-o-projeto-eden\/","title":{"rendered":"Visite o Projeto Eden"},"content":{"rendered":"","protected":false},"excerpt":{"rendered":"","protected":false},"author":6,"featured_media":7093,"parent":0,"menu_order":0,"comment_status":"closed","ping_status":"closed","template":"","meta":{"_acf_changed":false,"footnotes":""},"class_list":["post-12429","page","type-page","status-publish","has-post-thumbnail","hentry"],"acf":[],"yoast_head":"<!-- This site is optimized with the Yoast SEO Premium plugin v26.6 (Yoast SEO v26.6) - https:\/\/yoast.com\/wordpress\/plugins\/seo\/ -->\n<title>The Eden Project | Aprenda sobre biodiversidade e sustentabilidade conosco<\/title>\n<meta name=\"description\" content=\"Explore os biomas inspiradores do \u00c9den com nossos guias e aprenda como as plantas s\u00e3o essenciais para todos os aspectos de nossas vidas. Op\u00e7\u00e3o de tirolesa tamb\u00e9m!\" \/>\n<meta name=\"robots\" content=\"index, follow, max-snippet:-1, max-image-preview:large, max-video-preview:-1\" \/>\n<link rel=\"canonical\" href=\"https:\/\/languagetreeschool.com\/pt-br\/visite-o-projeto-eden\/\" \/>\n<meta property=\"og:locale\" content=\"pt_BR\" \/>\n<meta property=\"og:type\" content=\"article\" \/>\n<meta property=\"og:title\" content=\"The Eden Project | Aprenda sobre biodiversidade e sustentabilidade conosco\" \/>\n<meta property=\"og:description\" content=\"Explore os biomas inspiradores do \u00c9den com nossos guias e aprenda como as plantas s\u00e3o essenciais para todos os aspectos de nossas vidas. Op\u00e7\u00e3o de tirolesa tamb\u00e9m!\" \/>\n<meta property=\"og:url\" content=\"https:\/\/languagetreeschool.com\/pt-br\/visite-o-projeto-eden\/\" \/>\n<meta property=\"og:site_name\" content=\"Language Tree\" \/>\n<meta property=\"article:publisher\" content=\"https:\/\/www.facebook.com\/languagetreecornwall\" \/>\n<meta property=\"article:modified_time\" content=\"2025-12-15T14:49:12+00:00\" \/>\n<meta property=\"og:image\" content=\"https:\/\/languagetreeschool.com\/wp-content\/uploads\/2025\/08\/Walking-into-Eden-Project.jpg\" \/>\n\t<meta property=\"og:image:width\" content=\"2000\" \/>\n\t<meta property=\"og:image:height\" content=\"1334\" \/>\n\t<meta property=\"og:image:type\" content=\"image\/jpeg\" \/>\n<meta name=\"twitter:card\" content=\"summary_large_image\" \/>\n<meta name=\"twitter:title\" content=\"The Eden Project | Aprenda sobre biodiversidade e sustentabilidade conosco\" \/>\n<meta name=\"twitter:description\" content=\"Explore os biomas inspiradores do \u00c9den com nossos guias e aprenda como as plantas s\u00e3o essenciais para todos os aspectos de nossas vidas. Op\u00e7\u00e3o de tirolesa tamb\u00e9m!\" \/>\n<script type=\"application\/ld+json\" class=\"yoast-schema-graph\">{\"@context\":\"https:\/\/schema.org\",\"@graph\":[{\"@type\":\"WebPage\",\"@id\":\"https:\/\/languagetreeschool.com\/pt-br\/visite-o-projeto-eden\/\",\"url\":\"https:\/\/languagetreeschool.com\/pt-br\/visite-o-projeto-eden\/\",\"name\":\"The Eden Project | Aprenda sobre biodiversidade e sustentabilidade conosco\",\"isPartOf\":{\"@id\":\"https:\/\/languagetreeschool.com\/pt-br\/#website\"},\"primaryImageOfPage\":{\"@id\":\"https:\/\/languagetreeschool.com\/pt-br\/visite-o-projeto-eden\/#primaryimage\"},\"image\":{\"@id\":\"https:\/\/languagetreeschool.com\/pt-br\/visite-o-projeto-eden\/#primaryimage\"},\"thumbnailUrl\":\"https:\/\/languagetreeschool.com\/wp-content\/uploads\/2025\/08\/Walking-into-Eden-Project.jpg\",\"datePublished\":\"2025-11-04T15:43:41+00:00\",\"dateModified\":\"2025-12-15T14:49:12+00:00\",\"description\":\"Explore os biomas inspiradores do \u00c9den com nossos guias e aprenda como as plantas s\u00e3o essenciais para todos os aspectos de nossas vidas. Op\u00e7\u00e3o de tirolesa tamb\u00e9m!\",\"breadcrumb\":{\"@id\":\"https:\/\/languagetreeschool.com\/pt-br\/visite-o-projeto-eden\/#breadcrumb\"},\"inLanguage\":\"pt-BR\",\"potentialAction\":[{\"@type\":\"ReadAction\",\"target\":[\"https:\/\/languagetreeschool.com\/pt-br\/visite-o-projeto-eden\/\"]}]},{\"@type\":\"ImageObject\",\"inLanguage\":\"pt-BR\",\"@id\":\"https:\/\/languagetreeschool.com\/pt-br\/visite-o-projeto-eden\/#primaryimage\",\"url\":\"https:\/\/languagetreeschool.com\/wp-content\/uploads\/2025\/08\/Walking-into-Eden-Project.jpg\",\"contentUrl\":\"https:\/\/languagetreeschool.com\/wp-content\/uploads\/2025\/08\/Walking-into-Eden-Project.jpg\",\"width\":2000,\"height\":1334,\"caption\":\"Alunos da Escola de Ver\u00e3o da Fam\u00edlia caminhando pelo Projeto Eden\"},{\"@type\":\"BreadcrumbList\",\"@id\":\"https:\/\/languagetreeschool.com\/pt-br\/visite-o-projeto-eden\/#breadcrumb\",\"itemListElement\":[{\"@type\":\"ListItem\",\"position\":1,\"name\":\"Home\",\"item\":\"https:\/\/languagetreeschool.com\/pt-br\/pagina-principal\/\"},{\"@type\":\"ListItem\",\"position\":2,\"name\":\"Visite o Projeto Eden\"}]},{\"@type\":\"WebSite\",\"@id\":\"https:\/\/languagetreeschool.com\/pt-br\/#website\",\"url\":\"https:\/\/languagetreeschool.com\/pt-br\/\",\"name\":\"Language Tree\",\"description\":\"Language, culture &amp; adventure\",\"publisher\":{\"@id\":\"https:\/\/languagetreeschool.com\/pt-br\/#organization\"},\"potentialAction\":[{\"@type\":\"SearchAction\",\"target\":{\"@type\":\"EntryPoint\",\"urlTemplate\":\"https:\/\/languagetreeschool.com\/pt-br\/?s={search_term_string}\"},\"query-input\":{\"@type\":\"PropertyValueSpecification\",\"valueRequired\":true,\"valueName\":\"search_term_string\"}}],\"inLanguage\":\"pt-BR\"},{\"@type\":\"Organization\",\"@id\":\"https:\/\/languagetreeschool.com\/pt-br\/#organization\",\"name\":\"Language Tree\",\"url\":\"https:\/\/languagetreeschool.com\/pt-br\/\",\"logo\":{\"@type\":\"ImageObject\",\"inLanguage\":\"pt-BR\",\"@id\":\"https:\/\/languagetreeschool.com\/pt-br\/#\/schema\/logo\/image\/\",\"url\":\"https:\/\/languagetreeschool.com\/wp-content\/uploads\/2026\/03\/LT-icon-1.jpg\",\"contentUrl\":\"https:\/\/languagetreeschool.com\/wp-content\/uploads\/2026\/03\/LT-icon-1.jpg\",\"width\":1396,\"height\":1909,\"caption\":\"Language Tree\"},\"image\":{\"@id\":\"https:\/\/languagetreeschool.com\/pt-br\/#\/schema\/logo\/image\/\"},\"sameAs\":[\"https:\/\/www.facebook.com\/languagetreecornwall\",\"https:\/\/www.instagram.com\/languagetreeschool\"],\"description\":\"British Council accredited English language Summer School in Cornwall. Welcoming teenagers, families and adults from around the world to our university campus.\",\"email\":\"info@languagetreeschool.com\",\"telephone\":\"+447957497937\",\"legalName\":\"Language Tree Limited\",\"foundingDate\":\"2011-10-10\",\"numberOfEmployees\":{\"@type\":\"QuantitativeValue\",\"minValue\":\"11\",\"maxValue\":\"50\"}}]}<\/script>\n<!-- \/ Yoast SEO Premium plugin. -->","yoast_head_json":{"title":"The Eden Project | Aprenda sobre biodiversidade e sustentabilidade conosco","description":"Explore os biomas inspiradores do \u00c9den com nossos guias e aprenda como as plantas s\u00e3o essenciais para todos os aspectos de nossas vidas. Op\u00e7\u00e3o de tirolesa tamb\u00e9m!","robots":{"index":"index","follow":"follow","max-snippet":"max-snippet:-1","max-image-preview":"max-image-preview:large","max-video-preview":"max-video-preview:-1"},"canonical":"https:\/\/languagetreeschool.com\/pt-br\/visite-o-projeto-eden\/","og_locale":"pt_BR","og_type":"article","og_title":"The Eden Project | Aprenda sobre biodiversidade e sustentabilidade conosco","og_description":"Explore os biomas inspiradores do \u00c9den com nossos guias e aprenda como as plantas s\u00e3o essenciais para todos os aspectos de nossas vidas. Op\u00e7\u00e3o de tirolesa tamb\u00e9m!","og_url":"https:\/\/languagetreeschool.com\/pt-br\/visite-o-projeto-eden\/","og_site_name":"Language Tree","article_publisher":"https:\/\/www.facebook.com\/languagetreecornwall","article_modified_time":"2025-12-15T14:49:12+00:00","og_image":[{"width":2000,"height":1334,"url":"https:\/\/languagetreeschool.com\/wp-content\/uploads\/2025\/08\/Walking-into-Eden-Project.jpg","type":"image\/jpeg"}],"twitter_card":"summary_large_image","twitter_title":"The Eden Project | Aprenda sobre biodiversidade e sustentabilidade conosco","twitter_description":"Explore os biomas inspiradores do \u00c9den com nossos guias e aprenda como as plantas s\u00e3o essenciais para todos os aspectos de nossas vidas. Op\u00e7\u00e3o de tirolesa tamb\u00e9m!","schema":{"@context":"https:\/\/schema.org","@graph":[{"@type":"WebPage","@id":"https:\/\/languagetreeschool.com\/pt-br\/visite-o-projeto-eden\/","url":"https:\/\/languagetreeschool.com\/pt-br\/visite-o-projeto-eden\/","name":"The Eden Project | Aprenda sobre biodiversidade e sustentabilidade conosco","isPartOf":{"@id":"https:\/\/languagetreeschool.com\/pt-br\/#website"},"primaryImageOfPage":{"@id":"https:\/\/languagetreeschool.com\/pt-br\/visite-o-projeto-eden\/#primaryimage"},"image":{"@id":"https:\/\/languagetreeschool.com\/pt-br\/visite-o-projeto-eden\/#primaryimage"},"thumbnailUrl":"https:\/\/languagetreeschool.com\/wp-content\/uploads\/2025\/08\/Walking-into-Eden-Project.jpg","datePublished":"2025-11-04T15:43:41+00:00","dateModified":"2025-12-15T14:49:12+00:00","description":"Explore os biomas inspiradores do \u00c9den com nossos guias e aprenda como as plantas s\u00e3o essenciais para todos os aspectos de nossas vidas. Op\u00e7\u00e3o de tirolesa tamb\u00e9m!","breadcrumb":{"@id":"https:\/\/languagetreeschool.com\/pt-br\/visite-o-projeto-eden\/#breadcrumb"},"inLanguage":"pt-BR","potentialAction":[{"@type":"ReadAction","target":["https:\/\/languagetreeschool.com\/pt-br\/visite-o-projeto-eden\/"]}]},{"@type":"ImageObject","inLanguage":"pt-BR","@id":"https:\/\/languagetreeschool.com\/pt-br\/visite-o-projeto-eden\/#primaryimage","url":"https:\/\/languagetreeschool.com\/wp-content\/uploads\/2025\/08\/Walking-into-Eden-Project.jpg","contentUrl":"https:\/\/languagetreeschool.com\/wp-content\/uploads\/2025\/08\/Walking-into-Eden-Project.jpg","width":2000,"height":1334,"caption":"Alunos da Escola de Ver\u00e3o da Fam\u00edlia caminhando pelo Projeto Eden"},{"@type":"BreadcrumbList","@id":"https:\/\/languagetreeschool.com\/pt-br\/visite-o-projeto-eden\/#breadcrumb","itemListElement":[{"@type":"ListItem","position":1,"name":"Home","item":"https:\/\/languagetreeschool.com\/pt-br\/pagina-principal\/"},{"@type":"ListItem","position":2,"name":"Visite o Projeto Eden"}]},{"@type":"WebSite","@id":"https:\/\/languagetreeschool.com\/pt-br\/#website","url":"https:\/\/languagetreeschool.com\/pt-br\/","name":"Language Tree","description":"Language, culture &amp; adventure","publisher":{"@id":"https:\/\/languagetreeschool.com\/pt-br\/#organization"},"potentialAction":[{"@type":"SearchAction","target":{"@type":"EntryPoint","urlTemplate":"https:\/\/languagetreeschool.com\/pt-br\/?s={search_term_string}"},"query-input":{"@type":"PropertyValueSpecification","valueRequired":true,"valueName":"search_term_string"}}],"inLanguage":"pt-BR"},{"@type":"Organization","@id":"https:\/\/languagetreeschool.com\/pt-br\/#organization","name":"Language Tree","url":"https:\/\/languagetreeschool.com\/pt-br\/","logo":{"@type":"ImageObject","inLanguage":"pt-BR","@id":"https:\/\/languagetreeschool.com\/pt-br\/#\/schema\/logo\/image\/","url":"https:\/\/languagetreeschool.com\/wp-content\/uploads\/2026\/03\/LT-icon-1.jpg","contentUrl":"https:\/\/languagetreeschool.com\/wp-content\/uploads\/2026\/03\/LT-icon-1.jpg","width":1396,"height":1909,"caption":"Language Tree"},"image":{"@id":"https:\/\/languagetreeschool.com\/pt-br\/#\/schema\/logo\/image\/"},"sameAs":["https:\/\/www.facebook.com\/languagetreecornwall","https:\/\/www.instagram.com\/languagetreeschool"],"description":"British Council accredited English language Summer School in Cornwall. Welcoming teenagers, families and adults from around the world to our university campus.","email":"info@languagetreeschool.com","telephone":"+447957497937","legalName":"Language Tree Limited","foundingDate":"2011-10-10","numberOfEmployees":{"@type":"QuantitativeValue","minValue":"11","maxValue":"50"}}]}},"_links":{"self":[{"href":"https:\/\/languagetreeschool.com\/pt-br\/wp-json\/wp\/v2\/pages\/12429","targetHints":{"allow":["GET"]}}],"collection":[{"href":"https:\/\/languagetreeschool.com\/pt-br\/wp-json\/wp\/v2\/pages"}],"about":[{"href":"https:\/\/languagetreeschool.com\/pt-br\/wp-json\/wp\/v2\/types\/page"}],"author":[{"embeddable":true,"href":"https:\/\/languagetreeschool.com\/pt-br\/wp-json\/wp\/v2\/users\/6"}],"replies":[{"embeddable":true,"href":"https:\/\/languagetreeschool.com\/pt-br\/wp-json\/wp\/v2\/comments?post=12429"}],"version-history":[{"count":1,"href":"https:\/\/languagetreeschool.com\/pt-br\/wp-json\/wp\/v2\/pages\/12429\/revisions"}],"predecessor-version":[{"id":13561,"href":"https:\/\/languagetreeschool.com\/pt-br\/wp-json\/wp\/v2\/pages\/12429\/revisions\/13561"}],"wp:featuredmedia":[{"embeddable":true,"href":"https:\/\/languagetreeschool.com\/pt-br\/wp-json\/wp\/v2\/media\/7093"}],"wp:attachment":[{"href":"https:\/\/languagetreeschool.com\/pt-br\/wp-json\/wp\/v2\/media?parent=12429"}],"curies":[{"name":"wp","href":"https:\/\/api.w.org\/{rel}","templated":true}]}}