{"id":4699,"date":"2025-07-03T15:53:40","date_gmt":"2025-07-03T14:53:40","guid":{"rendered":"https:\/\/language.majik-now.co.uk\/privacy-policy\/"},"modified":"2025-11-24T11:36:17","modified_gmt":"2025-11-24T11:36:17","slug":"informativa-sulla-privacy","status":"publish","type":"page","link":"https:\/\/languagetreeschool.com\/it\/informativa-sulla-privacy\/","title":{"rendered":"Informativa sulla privacy"},"content":{"rendered":"&#13;\n<h2 class=\"wp-block-heading\">Chi siamo<\/h2>&#13;\n&#13;\n<p><strong class=\"privacy-policy-tutorial\">Testo suggerito: <\/strong>L&#8217;indirizzo del nostro sito web \u00e8: https:\/\/language.majik-now.co.uk.<\/p>&#13;\n&#13;\n<h2 class=\"wp-block-heading\">Commenti<\/h2>&#13;\n&#13;\n<p><strong class=\"privacy-policy-tutorial\">Testo suggerito: <\/strong>Quando i visitatori lasciano commenti sul sito, raccogliamo i dati mostrati nel modulo dei commenti, e anche l&#8217;indirizzo IP del visitatore e la stringa user agent del browser per aiutare il rilevamento dello spam.<\/p>&#13;\n&#13;\n<p>Una stringa anonimizzata creata dal tuo indirizzo email (chiamata anche hash) pu\u00f2 essere fornita al servizio Gravatar per verificare se lo stai utilizzando. L&#8217;Informativa sulla privacy del servizio Gravatar \u00e8 disponibile qui: https:\/\/automattic.com\/privacy\/. Dopo l&#8217;approvazione del tuo commento, la tua immagine del profilo \u00e8 visibile al pubblico nel contesto del tuo commento. <\/p>&#13;\n&#13;\n<h2 class=\"wp-block-heading\">Media<\/h2>&#13;\n&#13;\n<p><strong class=\"privacy-policy-tutorial\">Testo suggerito: <\/strong>Se carichi immagini sul sito web, dovresti evitare di caricare immagini che includono dati di localizzazione incorporati (EXIF GPS). I visitatori del sito web possono scaricare ed estrarre qualsiasi dato di localizzazione dalle immagini presenti sul sito. <\/p>&#13;\n&#13;\n<h2 class=\"wp-block-heading\">Cookie<\/h2>&#13;\n&#13;\n<p><strong class=\"privacy-policy-tutorial\">Testo suggerito: <\/strong>Se lasci un commento sul nostro sito, puoi scegliere di salvare il tuo nome, indirizzo email e sito web nei cookie. Questo \u00e8 per la tua comodit\u00e0, cos\u00ec non dovrai inserire nuovamente i tuoi dati quando lascerai un altro commento. Questi cookie dureranno per un anno.  <\/p>&#13;\n&#13;\n<p>Se visiti la nostra pagina di accesso, imposteremo un cookie temporaneo per determinare se il tuo browser accetta i cookie. Questo cookie non contiene dati personali e viene eliminato quando chiudi il browser. <\/p>&#13;\n&#13;\n<p>Quando effettui l&#8217;accesso, imposteremo anche diversi cookie per salvare le tue informazioni di accesso e le tue scelte di visualizzazione dello schermo. I cookie di accesso durano due giorni, e i cookie delle opzioni dello schermo durano un anno. Se selezioni \u201cRicordami\u201d, il tuo accesso persister\u00e0 per due settimane. Se esci dal tuo account, i cookie di accesso verranno rimossi.   <\/p>&#13;\n&#13;\n<p>Se modifichi o pubblichi un articolo, un cookie aggiuntivo verr\u00e0 salvato nel tuo browser. Questo cookie non include dati personali e indica semplicemente l&#8217;ID del post dell&#8217;articolo che hai appena modificato. Scade dopo 1 giorno.  <\/p>&#13;\n&#13;\n<h2 class=\"wp-block-heading\">Contenuti incorporati da altri siti web<\/h2>&#13;\n&#13;\n<p><strong class=\"privacy-policy-tutorial\">Testo suggerito: <\/strong>Gli articoli su questo sito possono includere contenuti incorporati (ad es. video, immagini, articoli, ecc.). I contenuti incorporati da altri siti web si comportano esattamente come se il visitatore avesse visitato l&#8217;altro sito web. <\/p>&#13;\n&#13;\n<p>Questi siti web possono raccogliere dati su di te, utilizzare cookie, incorporare ulteriori tracciamenti di terze parti e monitorare la tua interazione con tali contenuti incorporati, incluso il tracciamento della tua interazione con i contenuti incorporati se hai un account e hai effettuato l&#8217;accesso a quel sito web.<\/p>&#13;\n&#13;\n<h2 class=\"wp-block-heading\">Con chi condividiamo i tuoi dati<\/h2>&#13;\n&#13;\n<p><strong class=\"privacy-policy-tutorial\">Testo suggerito: <\/strong>Se richiedi un reset della password, il tuo indirizzo IP sar\u00e0 incluso nell&#8217;email di reset.<\/p>&#13;\n&#13;\n<h2 class=\"wp-block-heading\">Per quanto tempo conserviamo i tuoi dati<\/h2>&#13;\n&#13;\n<p><strong class=\"privacy-policy-tutorial\">Testo suggerito: <\/strong>Se lasci un commento, il commento e i suoi metadati vengono conservati a tempo indeterminato. Questo ci permette di riconoscere e approvare automaticamente eventuali commenti successivi invece di tenerli in una coda di moderazione. <\/p>&#13;\n&#13;\n<p>Per gli utenti che si registrano sul nostro sito web (se presenti), memorizziamo anche le informazioni personali che forniscono nel loro profilo utente. Tutti gli utenti possono vedere, modificare o eliminare le proprie informazioni personali in qualsiasi momento (tranne che non possono cambiare il proprio nome utente). Gli amministratori del sito web possono anche vedere e modificare tali informazioni.  <\/p>&#13;\n&#13;\n<h2 class=\"wp-block-heading\">Quali diritti hai sui tuoi dati<\/h2>&#13;\n&#13;\n<p><strong class=\"privacy-policy-tutorial\">Testo suggerito: <\/strong>Se hai un account su questo sito, o hai lasciato commenti, puoi richiedere di ricevere un file esportato dei dati personali che deteniamo su di te, inclusi tutti i dati che ci hai fornito. Puoi anche richiedere che cancelliamo qualsiasi dato personale che deteniamo su di te. Questo non include i dati che siamo obbligati a conservare per scopi amministrativi, legali o di sicurezza.  <\/p>&#13;\n&#13;\n<h2 class=\"wp-block-heading\">Dove vengono inviati i tuoi dati<\/h2>&#13;\n&#13;\n<p><strong class=\"privacy-policy-tutorial\">Testo suggerito: <\/strong>I commenti dei visitatori possono essere controllati tramite un servizio automatico di rilevamento spam.<\/p>&#13;\n<p>&nbsp;<\/p>\n","protected":false},"excerpt":{"rendered":"<p>&#13; Chi siamo &#13; &#13; Testo suggerito: L&#8217;indirizzo del nostro sito web \u00e8: https:\/\/language.majik-now.co.uk. &#13; &#13; Commenti &#13; &#13; Testo suggerito: Quando i visitatori lasciano commenti sul sito, raccogliamo i dati mostrati nel modulo dei commenti, e anche l&#8217;indirizzo IP del visitatore e la stringa user agent del browser per aiutare il rilevamento dello spam. [&hellip;]<\/p>\n","protected":false},"author":1,"featured_media":8933,"parent":0,"menu_order":100,"comment_status":"closed","ping_status":"closed","template":"","meta":{"_acf_changed":false,"footnotes":""},"class_list":["post-4699","page","type-page","status-publish","has-post-thumbnail","hentry"],"acf":[],"yoast_head":"<!-- This site is optimized with the Yoast SEO Premium plugin v26.6 (Yoast SEO v26.6) - https:\/\/yoast.com\/wordpress\/plugins\/seo\/ -->\n<title>Informativa sulla privacy | language tree<\/title>\n<meta name=\"description\" content=\"Leggi l&#039;informativa sulla privacy di Language Tree: come raccogliamo, utilizziamo e proteggiamo i dati personali in linea con il GDPR e la legge del Regno Unito.\" \/>\n<meta name=\"robots\" content=\"index, follow, max-snippet:-1, max-image-preview:large, max-video-preview:-1\" \/>\n<link rel=\"canonical\" href=\"https:\/\/languagetreeschool.com\/it\/informativa-sulla-privacy\/\" \/>\n<meta property=\"og:locale\" content=\"it_IT\" \/>\n<meta property=\"og:type\" content=\"article\" \/>\n<meta property=\"og:title\" content=\"Informativa sulla privacy | language tree\" \/>\n<meta property=\"og:description\" content=\"Leggi l&#039;informativa sulla privacy di Language Tree: come raccogliamo, utilizziamo e proteggiamo i dati personali in linea con il GDPR e la legge del Regno Unito.\" \/>\n<meta property=\"og:url\" content=\"https:\/\/languagetreeschool.com\/it\/informativa-sulla-privacy\/\" \/>\n<meta property=\"og:site_name\" content=\"Language Tree\" \/>\n<meta property=\"article:publisher\" content=\"https:\/\/www.facebook.com\/languagetreecornwall\" \/>\n<meta property=\"article:modified_time\" content=\"2025-11-24T11:36:17+00:00\" \/>\n<meta property=\"og:image\" content=\"https:\/\/languagetreeschool.com\/wp-content\/uploads\/2025\/08\/language-tree-school-72.jpg\" \/>\n\t<meta property=\"og:image:width\" content=\"2000\" \/>\n\t<meta property=\"og:image:height\" content=\"1500\" \/>\n\t<meta property=\"og:image:type\" content=\"image\/jpeg\" \/>\n<meta name=\"twitter:card\" content=\"summary_large_image\" \/>\n<meta name=\"twitter:title\" content=\"Informativa sulla privacy | language tree\" \/>\n<meta name=\"twitter:description\" content=\"Leggi l&#039;informativa sulla privacy di Language Tree: come raccogliamo, utilizziamo e proteggiamo i dati personali in linea con il GDPR e la legge del Regno Unito.\" \/>\n<meta name=\"twitter:label1\" content=\"Tempo di lettura stimato\" \/>\n\t<meta name=\"twitter:data1\" content=\"3 minuto\" \/>\n<script type=\"application\/ld+json\" class=\"yoast-schema-graph\">{\"@context\":\"https:\/\/schema.org\",\"@graph\":[{\"@type\":\"WebPage\",\"@id\":\"https:\/\/languagetreeschool.com\/it\/informativa-sulla-privacy\/\",\"url\":\"https:\/\/languagetreeschool.com\/it\/informativa-sulla-privacy\/\",\"name\":\"Informativa sulla privacy | language tree\",\"isPartOf\":{\"@id\":\"https:\/\/languagetreeschool.com\/it\/#website\"},\"primaryImageOfPage\":{\"@id\":\"https:\/\/languagetreeschool.com\/it\/informativa-sulla-privacy\/#primaryimage\"},\"image\":{\"@id\":\"https:\/\/languagetreeschool.com\/it\/informativa-sulla-privacy\/#primaryimage\"},\"thumbnailUrl\":\"https:\/\/languagetreeschool.com\/wp-content\/uploads\/2025\/08\/language-tree-school-72.jpg\",\"datePublished\":\"2025-07-03T14:53:40+00:00\",\"dateModified\":\"2025-11-24T11:36:17+00:00\",\"description\":\"Leggi l'informativa sulla privacy di Language Tree: come raccogliamo, utilizziamo e proteggiamo i dati personali in linea con il GDPR e la legge del Regno Unito.\",\"breadcrumb\":{\"@id\":\"https:\/\/languagetreeschool.com\/it\/informativa-sulla-privacy\/#breadcrumb\"},\"inLanguage\":\"it-IT\",\"potentialAction\":[{\"@type\":\"ReadAction\",\"target\":[\"https:\/\/languagetreeschool.com\/it\/informativa-sulla-privacy\/\"]}]},{\"@type\":\"ImageObject\",\"inLanguage\":\"it-IT\",\"@id\":\"https:\/\/languagetreeschool.com\/it\/informativa-sulla-privacy\/#primaryimage\",\"url\":\"https:\/\/languagetreeschool.com\/wp-content\/uploads\/2025\/08\/language-tree-school-72.jpg\",\"contentUrl\":\"https:\/\/languagetreeschool.com\/wp-content\/uploads\/2025\/08\/language-tree-school-72.jpg\",\"width\":2000,\"height\":1500,\"caption\":\"Studenti che camminano sulla costa tra Crantock e Pollyjoke\"},{\"@type\":\"BreadcrumbList\",\"@id\":\"https:\/\/languagetreeschool.com\/it\/informativa-sulla-privacy\/#breadcrumb\",\"itemListElement\":[{\"@type\":\"ListItem\",\"position\":1,\"name\":\"Home\",\"item\":\"https:\/\/languagetreeschool.com\/it\/pagina-iniziale\/\"},{\"@type\":\"ListItem\",\"position\":2,\"name\":\"Informativa sulla privacy\"}]},{\"@type\":\"WebSite\",\"@id\":\"https:\/\/languagetreeschool.com\/it\/#website\",\"url\":\"https:\/\/languagetreeschool.com\/it\/\",\"name\":\"Language Tree\",\"description\":\"Language, culture &amp; adventure\",\"publisher\":{\"@id\":\"https:\/\/languagetreeschool.com\/it\/#organization\"},\"potentialAction\":[{\"@type\":\"SearchAction\",\"target\":{\"@type\":\"EntryPoint\",\"urlTemplate\":\"https:\/\/languagetreeschool.com\/it\/?s={search_term_string}\"},\"query-input\":{\"@type\":\"PropertyValueSpecification\",\"valueRequired\":true,\"valueName\":\"search_term_string\"}}],\"inLanguage\":\"it-IT\"},{\"@type\":\"Organization\",\"@id\":\"https:\/\/languagetreeschool.com\/it\/#organization\",\"name\":\"Language Tree\",\"url\":\"https:\/\/languagetreeschool.com\/it\/\",\"logo\":{\"@type\":\"ImageObject\",\"inLanguage\":\"it-IT\",\"@id\":\"https:\/\/languagetreeschool.com\/it\/#\/schema\/logo\/image\/\",\"url\":\"https:\/\/languagetreeschool.com\/wp-content\/uploads\/2026\/03\/LT-icon-1.jpg\",\"contentUrl\":\"https:\/\/languagetreeschool.com\/wp-content\/uploads\/2026\/03\/LT-icon-1.jpg\",\"width\":1396,\"height\":1909,\"caption\":\"Language Tree\"},\"image\":{\"@id\":\"https:\/\/languagetreeschool.com\/it\/#\/schema\/logo\/image\/\"},\"sameAs\":[\"https:\/\/www.facebook.com\/languagetreecornwall\",\"https:\/\/www.instagram.com\/languagetreeschool\"],\"description\":\"British Council accredited English language Summer School in Cornwall. Welcoming teenagers, families and adults from around the world to our university campus.\",\"email\":\"info@languagetreeschool.com\",\"telephone\":\"+447957497937\",\"legalName\":\"Language Tree Limited\",\"foundingDate\":\"2011-10-10\",\"numberOfEmployees\":{\"@type\":\"QuantitativeValue\",\"minValue\":\"11\",\"maxValue\":\"50\"}}]}<\/script>\n<!-- \/ Yoast SEO Premium plugin. -->","yoast_head_json":{"title":"Informativa sulla privacy | language tree","description":"Leggi l'informativa sulla privacy di Language Tree: come raccogliamo, utilizziamo e proteggiamo i dati personali in linea con il GDPR e la legge del Regno Unito.","robots":{"index":"index","follow":"follow","max-snippet":"max-snippet:-1","max-image-preview":"max-image-preview:large","max-video-preview":"max-video-preview:-1"},"canonical":"https:\/\/languagetreeschool.com\/it\/informativa-sulla-privacy\/","og_locale":"it_IT","og_type":"article","og_title":"Informativa sulla privacy | language tree","og_description":"Leggi l'informativa sulla privacy di Language Tree: come raccogliamo, utilizziamo e proteggiamo i dati personali in linea con il GDPR e la legge del Regno Unito.","og_url":"https:\/\/languagetreeschool.com\/it\/informativa-sulla-privacy\/","og_site_name":"Language Tree","article_publisher":"https:\/\/www.facebook.com\/languagetreecornwall","article_modified_time":"2025-11-24T11:36:17+00:00","og_image":[{"width":2000,"height":1500,"url":"https:\/\/languagetreeschool.com\/wp-content\/uploads\/2025\/08\/language-tree-school-72.jpg","type":"image\/jpeg"}],"twitter_card":"summary_large_image","twitter_title":"Informativa sulla privacy | language tree","twitter_description":"Leggi l'informativa sulla privacy di Language Tree: come raccogliamo, utilizziamo e proteggiamo i dati personali in linea con il GDPR e la legge del Regno Unito.","twitter_misc":{"Tempo di lettura stimato":"3 minuto"},"schema":{"@context":"https:\/\/schema.org","@graph":[{"@type":"WebPage","@id":"https:\/\/languagetreeschool.com\/it\/informativa-sulla-privacy\/","url":"https:\/\/languagetreeschool.com\/it\/informativa-sulla-privacy\/","name":"Informativa sulla privacy | language tree","isPartOf":{"@id":"https:\/\/languagetreeschool.com\/it\/#website"},"primaryImageOfPage":{"@id":"https:\/\/languagetreeschool.com\/it\/informativa-sulla-privacy\/#primaryimage"},"image":{"@id":"https:\/\/languagetreeschool.com\/it\/informativa-sulla-privacy\/#primaryimage"},"thumbnailUrl":"https:\/\/languagetreeschool.com\/wp-content\/uploads\/2025\/08\/language-tree-school-72.jpg","datePublished":"2025-07-03T14:53:40+00:00","dateModified":"2025-11-24T11:36:17+00:00","description":"Leggi l'informativa sulla privacy di Language Tree: come raccogliamo, utilizziamo e proteggiamo i dati personali in linea con il GDPR e la legge del Regno Unito.","breadcrumb":{"@id":"https:\/\/languagetreeschool.com\/it\/informativa-sulla-privacy\/#breadcrumb"},"inLanguage":"it-IT","potentialAction":[{"@type":"ReadAction","target":["https:\/\/languagetreeschool.com\/it\/informativa-sulla-privacy\/"]}]},{"@type":"ImageObject","inLanguage":"it-IT","@id":"https:\/\/languagetreeschool.com\/it\/informativa-sulla-privacy\/#primaryimage","url":"https:\/\/languagetreeschool.com\/wp-content\/uploads\/2025\/08\/language-tree-school-72.jpg","contentUrl":"https:\/\/languagetreeschool.com\/wp-content\/uploads\/2025\/08\/language-tree-school-72.jpg","width":2000,"height":1500,"caption":"Studenti che camminano sulla costa tra Crantock e Pollyjoke"},{"@type":"BreadcrumbList","@id":"https:\/\/languagetreeschool.com\/it\/informativa-sulla-privacy\/#breadcrumb","itemListElement":[{"@type":"ListItem","position":1,"name":"Home","item":"https:\/\/languagetreeschool.com\/it\/pagina-iniziale\/"},{"@type":"ListItem","position":2,"name":"Informativa sulla privacy"}]},{"@type":"WebSite","@id":"https:\/\/languagetreeschool.com\/it\/#website","url":"https:\/\/languagetreeschool.com\/it\/","name":"Language Tree","description":"Language, culture &amp; adventure","publisher":{"@id":"https:\/\/languagetreeschool.com\/it\/#organization"},"potentialAction":[{"@type":"SearchAction","target":{"@type":"EntryPoint","urlTemplate":"https:\/\/languagetreeschool.com\/it\/?s={search_term_string}"},"query-input":{"@type":"PropertyValueSpecification","valueRequired":true,"valueName":"search_term_string"}}],"inLanguage":"it-IT"},{"@type":"Organization","@id":"https:\/\/languagetreeschool.com\/it\/#organization","name":"Language Tree","url":"https:\/\/languagetreeschool.com\/it\/","logo":{"@type":"ImageObject","inLanguage":"it-IT","@id":"https:\/\/languagetreeschool.com\/it\/#\/schema\/logo\/image\/","url":"https:\/\/languagetreeschool.com\/wp-content\/uploads\/2026\/03\/LT-icon-1.jpg","contentUrl":"https:\/\/languagetreeschool.com\/wp-content\/uploads\/2026\/03\/LT-icon-1.jpg","width":1396,"height":1909,"caption":"Language Tree"},"image":{"@id":"https:\/\/languagetreeschool.com\/it\/#\/schema\/logo\/image\/"},"sameAs":["https:\/\/www.facebook.com\/languagetreecornwall","https:\/\/www.instagram.com\/languagetreeschool"],"description":"British Council accredited English language Summer School in Cornwall. Welcoming teenagers, families and adults from around the world to our university campus.","email":"info@languagetreeschool.com","telephone":"+447957497937","legalName":"Language Tree Limited","foundingDate":"2011-10-10","numberOfEmployees":{"@type":"QuantitativeValue","minValue":"11","maxValue":"50"}}]}},"_links":{"self":[{"href":"https:\/\/languagetreeschool.com\/it\/wp-json\/wp\/v2\/pages\/4699","targetHints":{"allow":["GET"]}}],"collection":[{"href":"https:\/\/languagetreeschool.com\/it\/wp-json\/wp\/v2\/pages"}],"about":[{"href":"https:\/\/languagetreeschool.com\/it\/wp-json\/wp\/v2\/types\/page"}],"author":[{"embeddable":true,"href":"https:\/\/languagetreeschool.com\/it\/wp-json\/wp\/v2\/users\/1"}],"replies":[{"embeddable":true,"href":"https:\/\/languagetreeschool.com\/it\/wp-json\/wp\/v2\/comments?post=4699"}],"version-history":[{"count":3,"href":"https:\/\/languagetreeschool.com\/it\/wp-json\/wp\/v2\/pages\/4699\/revisions"}],"predecessor-version":[{"id":10373,"href":"https:\/\/languagetreeschool.com\/it\/wp-json\/wp\/v2\/pages\/4699\/revisions\/10373"}],"wp:featuredmedia":[{"embeddable":true,"href":"https:\/\/languagetreeschool.com\/it\/wp-json\/wp\/v2\/media\/8933"}],"wp:attachment":[{"href":"https:\/\/languagetreeschool.com\/it\/wp-json\/wp\/v2\/media?parent=4699"}],"curies":[{"name":"wp","href":"https:\/\/api.w.org\/{rel}","templated":true}]}}