{"id":14222,"date":"2026-03-08T12:40:22","date_gmt":"2026-03-08T12:40:22","guid":{"rendered":"https:\/\/languagetreeschool.com\/la-nostra-scuola\/attivita-sociali-ed-escursioni\/tintagel-e-re-artu\/"},"modified":"2026-03-08T12:50:28","modified_gmt":"2026-03-08T12:50:28","slug":"tintagel-e-re-artu","status":"publish","type":"page","link":"https:\/\/languagetreeschool.com\/it\/la-nostra-scuola\/attivita-sociali-ed-escursioni\/tintagel-e-re-artu\/","title":{"rendered":"Tintagel e Re Art\u00f9"},"content":{"rendered":"","protected":false},"excerpt":{"rendered":"","protected":false},"author":6,"featured_media":1365,"parent":4627,"menu_order":0,"comment_status":"closed","ping_status":"closed","template":"","meta":{"_acf_changed":false,"footnotes":""},"class_list":["post-14222","page","type-page","status-publish","has-post-thumbnail","hentry"],"acf":[],"yoast_head":"<!-- This site is optimized with the Yoast SEO Premium plugin v26.6 (Yoast SEO v26.6) - https:\/\/yoast.com\/wordpress\/plugins\/seo\/ -->\n<title>Visita il Castello di Tintagel e impara qualcosa su Re Art\u00f9 con noi<\/title>\n<meta name=\"description\" content=\"Visita il Castello di Tintagel con noi. Esplora il luogo di nascita di Re Art\u00f9 e impara a conoscere i cavalieri della tavola rotonda nelle Sale di Re Art\u00f9.\" \/>\n<meta name=\"robots\" content=\"index, follow, max-snippet:-1, max-image-preview:large, max-video-preview:-1\" \/>\n<link rel=\"canonical\" href=\"https:\/\/languagetreeschool.com\/it\/la-nostra-scuola\/attivita-sociali-ed-escursioni\/tintagel-e-re-artu\/\" \/>\n<meta property=\"og:locale\" content=\"it_IT\" \/>\n<meta property=\"og:type\" content=\"article\" \/>\n<meta property=\"og:title\" content=\"Visita il Castello di Tintagel e impara qualcosa su Re Art\u00f9 con noi\" \/>\n<meta property=\"og:description\" content=\"Visita il Castello di Tintagel con noi. Esplora il luogo di nascita di Re Art\u00f9 e impara a conoscere i cavalieri della tavola rotonda nelle Sale di Re Art\u00f9.\" \/>\n<meta property=\"og:url\" content=\"https:\/\/languagetreeschool.com\/it\/la-nostra-scuola\/attivita-sociali-ed-escursioni\/tintagel-e-re-artu\/\" \/>\n<meta property=\"og:site_name\" content=\"Language Tree\" \/>\n<meta property=\"article:publisher\" content=\"https:\/\/www.facebook.com\/languagetreecornwall\" \/>\n<meta property=\"article:modified_time\" content=\"2026-03-08T12:50:28+00:00\" \/>\n<meta property=\"og:image\" content=\"https:\/\/languagetreeschool.com\/wp-content\/uploads\/2025\/07\/Tintagel-castle-2.jpg\" \/>\n\t<meta property=\"og:image:width\" content=\"1200\" \/>\n\t<meta property=\"og:image:height\" content=\"1553\" \/>\n\t<meta property=\"og:image:type\" content=\"image\/jpeg\" \/>\n<meta name=\"twitter:card\" content=\"summary_large_image\" \/>\n<meta name=\"twitter:title\" content=\"Visita il Castello di Tintagel e impara qualcosa su Re Art\u00f9 con noi\" \/>\n<meta name=\"twitter:description\" content=\"Visita il Castello di Tintagel con noi. Esplora il luogo di nascita di Re Art\u00f9 e impara a conoscere i cavalieri della tavola rotonda nelle Sale di Re Art\u00f9.\" \/>\n<script type=\"application\/ld+json\" class=\"yoast-schema-graph\">{\"@context\":\"https:\/\/schema.org\",\"@graph\":[{\"@type\":\"WebPage\",\"@id\":\"https:\/\/languagetreeschool.com\/it\/la-nostra-scuola\/attivita-sociali-ed-escursioni\/tintagel-e-re-artu\/\",\"url\":\"https:\/\/languagetreeschool.com\/it\/la-nostra-scuola\/attivita-sociali-ed-escursioni\/tintagel-e-re-artu\/\",\"name\":\"Visita il Castello di Tintagel e impara qualcosa su Re Art\u00f9 con noi\",\"isPartOf\":{\"@id\":\"https:\/\/languagetreeschool.com\/it\/#website\"},\"primaryImageOfPage\":{\"@id\":\"https:\/\/languagetreeschool.com\/it\/la-nostra-scuola\/attivita-sociali-ed-escursioni\/tintagel-e-re-artu\/#primaryimage\"},\"image\":{\"@id\":\"https:\/\/languagetreeschool.com\/it\/la-nostra-scuola\/attivita-sociali-ed-escursioni\/tintagel-e-re-artu\/#primaryimage\"},\"thumbnailUrl\":\"https:\/\/languagetreeschool.com\/wp-content\/uploads\/2025\/07\/Tintagel-castle-2.jpg\",\"datePublished\":\"2026-03-08T12:40:22+00:00\",\"dateModified\":\"2026-03-08T12:50:28+00:00\",\"description\":\"Visita il Castello di Tintagel con noi. Esplora il luogo di nascita di Re Art\u00f9 e impara a conoscere i cavalieri della tavola rotonda nelle Sale di Re Art\u00f9.\",\"breadcrumb\":{\"@id\":\"https:\/\/languagetreeschool.com\/it\/la-nostra-scuola\/attivita-sociali-ed-escursioni\/tintagel-e-re-artu\/#breadcrumb\"},\"inLanguage\":\"it-IT\",\"potentialAction\":[{\"@type\":\"ReadAction\",\"target\":[\"https:\/\/languagetreeschool.com\/it\/la-nostra-scuola\/attivita-sociali-ed-escursioni\/tintagel-e-re-artu\/\"]}]},{\"@type\":\"ImageObject\",\"inLanguage\":\"it-IT\",\"@id\":\"https:\/\/languagetreeschool.com\/it\/la-nostra-scuola\/attivita-sociali-ed-escursioni\/tintagel-e-re-artu\/#primaryimage\",\"url\":\"https:\/\/languagetreeschool.com\/wp-content\/uploads\/2025\/07\/Tintagel-castle-2.jpg\",\"contentUrl\":\"https:\/\/languagetreeschool.com\/wp-content\/uploads\/2025\/07\/Tintagel-castle-2.jpg\",\"width\":1200,\"height\":1553,\"caption\":\"La Cornovaglia, \u0130ngiltere'de bulunan e Kral Arthur ile ba\u011flant\u0131l\u0131 oldu\u011funa inan\u0131lan Tintagel Kalesi kal\u0131nt\u0131lar\u0131n\u0131 ta\u015f duvarlar, ye\u015fil \u00e7imen, dolamba\u00e7l\u0131 yollar e bulutlu bir g\u00f6ky\u00fcz\u00fc alt\u0131nda dramatik bir u\u00e7urumun \u00fczerindeki yaya k\u00f6pr\u00fcs\u00fcn yan\u0131nda ke\u015fif yapan insanlarla birlikte do\u011fal bir g\u00f6r\u00fcn\u00fcm\u00fc.\"},{\"@type\":\"BreadcrumbList\",\"@id\":\"https:\/\/languagetreeschool.com\/it\/la-nostra-scuola\/attivita-sociali-ed-escursioni\/tintagel-e-re-artu\/#breadcrumb\",\"itemListElement\":[{\"@type\":\"ListItem\",\"position\":1,\"name\":\"Home\",\"item\":\"https:\/\/languagetreeschool.com\/it\/pagina-iniziale\/\"},{\"@type\":\"ListItem\",\"position\":2,\"name\":\"La nostra scuola\",\"item\":\"https:\/\/languagetreeschool.com\/it\/la-nostra-scuola\/\"},{\"@type\":\"ListItem\",\"position\":3,\"name\":\"Attivit\u00e0 sociali ed escursioni\",\"item\":\"https:\/\/languagetreeschool.com\/it\/la-nostra-scuola\/attivita-sociali-ed-escursioni\/\"},{\"@type\":\"ListItem\",\"position\":4,\"name\":\"Tintagel e Re Art\u00f9\"}]},{\"@type\":\"WebSite\",\"@id\":\"https:\/\/languagetreeschool.com\/it\/#website\",\"url\":\"https:\/\/languagetreeschool.com\/it\/\",\"name\":\"Language Tree\",\"description\":\"Language, culture &amp; adventure\",\"publisher\":{\"@id\":\"https:\/\/languagetreeschool.com\/it\/#organization\"},\"potentialAction\":[{\"@type\":\"SearchAction\",\"target\":{\"@type\":\"EntryPoint\",\"urlTemplate\":\"https:\/\/languagetreeschool.com\/it\/?s={search_term_string}\"},\"query-input\":{\"@type\":\"PropertyValueSpecification\",\"valueRequired\":true,\"valueName\":\"search_term_string\"}}],\"inLanguage\":\"it-IT\"},{\"@type\":\"Organization\",\"@id\":\"https:\/\/languagetreeschool.com\/it\/#organization\",\"name\":\"Language Tree\",\"url\":\"https:\/\/languagetreeschool.com\/it\/\",\"logo\":{\"@type\":\"ImageObject\",\"inLanguage\":\"it-IT\",\"@id\":\"https:\/\/languagetreeschool.com\/it\/#\/schema\/logo\/image\/\",\"url\":\"https:\/\/languagetreeschool.com\/wp-content\/uploads\/2026\/03\/LT-icon-1.jpg\",\"contentUrl\":\"https:\/\/languagetreeschool.com\/wp-content\/uploads\/2026\/03\/LT-icon-1.jpg\",\"width\":1396,\"height\":1909,\"caption\":\"Language Tree\"},\"image\":{\"@id\":\"https:\/\/languagetreeschool.com\/it\/#\/schema\/logo\/image\/\"},\"sameAs\":[\"https:\/\/www.facebook.com\/languagetreecornwall\",\"https:\/\/www.instagram.com\/languagetreeschool\"],\"description\":\"British Council accredited English language Summer School in Cornwall. Welcoming teenagers, families and adults from around the world to our university campus.\",\"email\":\"info@languagetreeschool.com\",\"telephone\":\"+447957497937\",\"legalName\":\"Language Tree Limited\",\"foundingDate\":\"2011-10-10\",\"numberOfEmployees\":{\"@type\":\"QuantitativeValue\",\"minValue\":\"11\",\"maxValue\":\"50\"}}]}<\/script>\n<!-- \/ Yoast SEO Premium plugin. -->","yoast_head_json":{"title":"Visita il Castello di Tintagel e impara qualcosa su Re Art\u00f9 con noi","description":"Visita il Castello di Tintagel con noi. Esplora il luogo di nascita di Re Art\u00f9 e impara a conoscere i cavalieri della tavola rotonda nelle Sale di Re Art\u00f9.","robots":{"index":"index","follow":"follow","max-snippet":"max-snippet:-1","max-image-preview":"max-image-preview:large","max-video-preview":"max-video-preview:-1"},"canonical":"https:\/\/languagetreeschool.com\/it\/la-nostra-scuola\/attivita-sociali-ed-escursioni\/tintagel-e-re-artu\/","og_locale":"it_IT","og_type":"article","og_title":"Visita il Castello di Tintagel e impara qualcosa su Re Art\u00f9 con noi","og_description":"Visita il Castello di Tintagel con noi. Esplora il luogo di nascita di Re Art\u00f9 e impara a conoscere i cavalieri della tavola rotonda nelle Sale di Re Art\u00f9.","og_url":"https:\/\/languagetreeschool.com\/it\/la-nostra-scuola\/attivita-sociali-ed-escursioni\/tintagel-e-re-artu\/","og_site_name":"Language Tree","article_publisher":"https:\/\/www.facebook.com\/languagetreecornwall","article_modified_time":"2026-03-08T12:50:28+00:00","og_image":[{"width":1200,"height":1553,"url":"https:\/\/languagetreeschool.com\/wp-content\/uploads\/2025\/07\/Tintagel-castle-2.jpg","type":"image\/jpeg"}],"twitter_card":"summary_large_image","twitter_title":"Visita il Castello di Tintagel e impara qualcosa su Re Art\u00f9 con noi","twitter_description":"Visita il Castello di Tintagel con noi. Esplora il luogo di nascita di Re Art\u00f9 e impara a conoscere i cavalieri della tavola rotonda nelle Sale di Re Art\u00f9.","schema":{"@context":"https:\/\/schema.org","@graph":[{"@type":"WebPage","@id":"https:\/\/languagetreeschool.com\/it\/la-nostra-scuola\/attivita-sociali-ed-escursioni\/tintagel-e-re-artu\/","url":"https:\/\/languagetreeschool.com\/it\/la-nostra-scuola\/attivita-sociali-ed-escursioni\/tintagel-e-re-artu\/","name":"Visita il Castello di Tintagel e impara qualcosa su Re Art\u00f9 con noi","isPartOf":{"@id":"https:\/\/languagetreeschool.com\/it\/#website"},"primaryImageOfPage":{"@id":"https:\/\/languagetreeschool.com\/it\/la-nostra-scuola\/attivita-sociali-ed-escursioni\/tintagel-e-re-artu\/#primaryimage"},"image":{"@id":"https:\/\/languagetreeschool.com\/it\/la-nostra-scuola\/attivita-sociali-ed-escursioni\/tintagel-e-re-artu\/#primaryimage"},"thumbnailUrl":"https:\/\/languagetreeschool.com\/wp-content\/uploads\/2025\/07\/Tintagel-castle-2.jpg","datePublished":"2026-03-08T12:40:22+00:00","dateModified":"2026-03-08T12:50:28+00:00","description":"Visita il Castello di Tintagel con noi. Esplora il luogo di nascita di Re Art\u00f9 e impara a conoscere i cavalieri della tavola rotonda nelle Sale di Re Art\u00f9.","breadcrumb":{"@id":"https:\/\/languagetreeschool.com\/it\/la-nostra-scuola\/attivita-sociali-ed-escursioni\/tintagel-e-re-artu\/#breadcrumb"},"inLanguage":"it-IT","potentialAction":[{"@type":"ReadAction","target":["https:\/\/languagetreeschool.com\/it\/la-nostra-scuola\/attivita-sociali-ed-escursioni\/tintagel-e-re-artu\/"]}]},{"@type":"ImageObject","inLanguage":"it-IT","@id":"https:\/\/languagetreeschool.com\/it\/la-nostra-scuola\/attivita-sociali-ed-escursioni\/tintagel-e-re-artu\/#primaryimage","url":"https:\/\/languagetreeschool.com\/wp-content\/uploads\/2025\/07\/Tintagel-castle-2.jpg","contentUrl":"https:\/\/languagetreeschool.com\/wp-content\/uploads\/2025\/07\/Tintagel-castle-2.jpg","width":1200,"height":1553,"caption":"La Cornovaglia, \u0130ngiltere'de bulunan e Kral Arthur ile ba\u011flant\u0131l\u0131 oldu\u011funa inan\u0131lan Tintagel Kalesi kal\u0131nt\u0131lar\u0131n\u0131 ta\u015f duvarlar, ye\u015fil \u00e7imen, dolamba\u00e7l\u0131 yollar e bulutlu bir g\u00f6ky\u00fcz\u00fc alt\u0131nda dramatik bir u\u00e7urumun \u00fczerindeki yaya k\u00f6pr\u00fcs\u00fcn yan\u0131nda ke\u015fif yapan insanlarla birlikte do\u011fal bir g\u00f6r\u00fcn\u00fcm\u00fc."},{"@type":"BreadcrumbList","@id":"https:\/\/languagetreeschool.com\/it\/la-nostra-scuola\/attivita-sociali-ed-escursioni\/tintagel-e-re-artu\/#breadcrumb","itemListElement":[{"@type":"ListItem","position":1,"name":"Home","item":"https:\/\/languagetreeschool.com\/it\/pagina-iniziale\/"},{"@type":"ListItem","position":2,"name":"La nostra scuola","item":"https:\/\/languagetreeschool.com\/it\/la-nostra-scuola\/"},{"@type":"ListItem","position":3,"name":"Attivit\u00e0 sociali ed escursioni","item":"https:\/\/languagetreeschool.com\/it\/la-nostra-scuola\/attivita-sociali-ed-escursioni\/"},{"@type":"ListItem","position":4,"name":"Tintagel e Re Art\u00f9"}]},{"@type":"WebSite","@id":"https:\/\/languagetreeschool.com\/it\/#website","url":"https:\/\/languagetreeschool.com\/it\/","name":"Language Tree","description":"Language, culture &amp; adventure","publisher":{"@id":"https:\/\/languagetreeschool.com\/it\/#organization"},"potentialAction":[{"@type":"SearchAction","target":{"@type":"EntryPoint","urlTemplate":"https:\/\/languagetreeschool.com\/it\/?s={search_term_string}"},"query-input":{"@type":"PropertyValueSpecification","valueRequired":true,"valueName":"search_term_string"}}],"inLanguage":"it-IT"},{"@type":"Organization","@id":"https:\/\/languagetreeschool.com\/it\/#organization","name":"Language Tree","url":"https:\/\/languagetreeschool.com\/it\/","logo":{"@type":"ImageObject","inLanguage":"it-IT","@id":"https:\/\/languagetreeschool.com\/it\/#\/schema\/logo\/image\/","url":"https:\/\/languagetreeschool.com\/wp-content\/uploads\/2026\/03\/LT-icon-1.jpg","contentUrl":"https:\/\/languagetreeschool.com\/wp-content\/uploads\/2026\/03\/LT-icon-1.jpg","width":1396,"height":1909,"caption":"Language Tree"},"image":{"@id":"https:\/\/languagetreeschool.com\/it\/#\/schema\/logo\/image\/"},"sameAs":["https:\/\/www.facebook.com\/languagetreecornwall","https:\/\/www.instagram.com\/languagetreeschool"],"description":"British Council accredited English language Summer School in Cornwall. Welcoming teenagers, families and adults from around the world to our university campus.","email":"info@languagetreeschool.com","telephone":"+447957497937","legalName":"Language Tree Limited","foundingDate":"2011-10-10","numberOfEmployees":{"@type":"QuantitativeValue","minValue":"11","maxValue":"50"}}]}},"_links":{"self":[{"href":"https:\/\/languagetreeschool.com\/it\/wp-json\/wp\/v2\/pages\/14222","targetHints":{"allow":["GET"]}}],"collection":[{"href":"https:\/\/languagetreeschool.com\/it\/wp-json\/wp\/v2\/pages"}],"about":[{"href":"https:\/\/languagetreeschool.com\/it\/wp-json\/wp\/v2\/types\/page"}],"author":[{"embeddable":true,"href":"https:\/\/languagetreeschool.com\/it\/wp-json\/wp\/v2\/users\/6"}],"replies":[{"embeddable":true,"href":"https:\/\/languagetreeschool.com\/it\/wp-json\/wp\/v2\/comments?post=14222"}],"version-history":[{"count":1,"href":"https:\/\/languagetreeschool.com\/it\/wp-json\/wp\/v2\/pages\/14222\/revisions"}],"predecessor-version":[{"id":14253,"href":"https:\/\/languagetreeschool.com\/it\/wp-json\/wp\/v2\/pages\/14222\/revisions\/14253"}],"up":[{"embeddable":true,"href":"https:\/\/languagetreeschool.com\/it\/wp-json\/wp\/v2\/pages\/4627"}],"wp:featuredmedia":[{"embeddable":true,"href":"https:\/\/languagetreeschool.com\/it\/wp-json\/wp\/v2\/media\/1365"}],"wp:attachment":[{"href":"https:\/\/languagetreeschool.com\/it\/wp-json\/wp\/v2\/media?parent=14222"}],"curies":[{"name":"wp","href":"https:\/\/api.w.org\/{rel}","templated":true}]}}