{"id":4688,"date":"2025-07-03T16:04:41","date_gmt":"2025-07-03T15:04:41","guid":{"rendered":"https:\/\/language.majik-now.co.uk\/home\/"},"modified":"2026-03-04T16:04:46","modified_gmt":"2026-03-04T16:04:46","slug":"accueil","status":"publish","type":"page","link":"https:\/\/languagetreeschool.com\/fr\/","title":{"rendered":"Accueil"},"content":{"rendered":"","protected":false},"excerpt":{"rendered":"","protected":false},"author":1,"featured_media":0,"parent":0,"menu_order":0,"comment_status":"closed","ping_status":"closed","template":"","meta":{"_acf_changed":false,"footnotes":""},"class_list":["post-4688","page","type-page","status-publish","hentry"],"acf":[],"yoast_head":"<!-- This site is optimized with the Yoast SEO Premium plugin v26.6 (Yoast SEO v26.6) - https:\/\/yoast.com\/wordpress\/plugins\/seo\/ -->\n<title>Arbre \u00e0 langues | \u00c9cole de langues en Cornouailles | Cours d&#039;\u00e9t\u00e9<\/title>\n<meta name=\"description\" content=\"La seule \u00e9cole de langues de Cornouailles accr\u00e9dit\u00e9e par le British Council. Des programmes d&#039;\u00e9t\u00e9 pour les juniors, les familles et les adultes, riches en langues, en culture et en aventures.\" \/>\n<meta name=\"robots\" content=\"index, follow, max-snippet:-1, max-image-preview:large, max-video-preview:-1\" \/>\n<link rel=\"canonical\" href=\"https:\/\/languagetreeschool.com\/fr\/\" \/>\n<meta property=\"og:locale\" content=\"fr_FR\" \/>\n<meta property=\"og:type\" content=\"article\" \/>\n<meta property=\"og:title\" content=\"Language Tree | Cours d&#039;anglais d&#039;\u00e9t\u00e9 | Cornwall, UK\" \/>\n<meta property=\"og:description\" content=\"La seule \u00e9cole de langues de Cornouailles accr\u00e9dit\u00e9e par le British Council. Des programmes d&#039;\u00e9t\u00e9 pour les juniors, les familles et les adultes, riches en langues, en culture et en aventures.\" \/>\n<meta property=\"og:url\" content=\"https:\/\/languagetreeschool.com\/fr\/\" \/>\n<meta property=\"og:site_name\" content=\"Language Tree\" \/>\n<meta property=\"article:publisher\" content=\"https:\/\/www.facebook.com\/languagetreecornwall\" \/>\n<meta property=\"article:modified_time\" content=\"2026-03-04T16:04:46+00:00\" \/>\n<meta property=\"og:image\" content=\"https:\/\/languagetreeschool.com\/wp-content\/uploads\/2025\/07\/eden-students-1024x683.jpg\" \/>\n<meta name=\"twitter:card\" content=\"summary_large_image\" \/>\n<meta name=\"twitter:title\" content=\"Language Tree | Cours d&#039;anglais d&#039;\u00e9t\u00e9 | Cornwall, UK\" \/>\n<meta name=\"twitter:description\" content=\"La seule \u00e9cole de langues de Cornouailles accr\u00e9dit\u00e9e par le British Council. Programmes d&#039;\u00e9t\u00e9 pour juniors, familles et adultes, riches en langues, cultures et aventures.\" \/>\n<script type=\"application\/ld+json\" class=\"yoast-schema-graph\">{\"@context\":\"https:\/\/schema.org\",\"@graph\":[{\"@type\":\"WebPage\",\"@id\":\"https:\/\/languagetreeschool.com\/fr\/\",\"url\":\"https:\/\/languagetreeschool.com\/fr\/\",\"name\":\"Arbre \u00e0 langues | \u00c9cole de langues en Cornouailles | Cours d'\u00e9t\u00e9\",\"isPartOf\":{\"@id\":\"https:\/\/languagetreeschool.com\/fr\/#website\"},\"datePublished\":\"2025-07-03T15:04:41+00:00\",\"dateModified\":\"2026-03-04T16:04:46+00:00\",\"description\":\"La seule \u00e9cole de langues de Cornouailles accr\u00e9dit\u00e9e par le British Council. Des programmes d'\u00e9t\u00e9 pour les juniors, les familles et les adultes, riches en langues, en culture et en aventures.\",\"breadcrumb\":{\"@id\":\"https:\/\/languagetreeschool.com\/fr\/#breadcrumb\"},\"inLanguage\":\"fr-FR\",\"potentialAction\":[{\"@type\":\"ReadAction\",\"target\":[\"https:\/\/languagetreeschool.com\/fr\/\"]}]},{\"@type\":\"BreadcrumbList\",\"@id\":\"https:\/\/languagetreeschool.com\/fr\/#breadcrumb\",\"itemListElement\":[{\"@type\":\"ListItem\",\"position\":1,\"name\":\"Accueil\",\"item\":\"https:\/\/languagetreeschool.com\/fr\/accueil\/\"},{\"@type\":\"ListItem\",\"position\":2,\"name\":\"Accueil\"}]},{\"@type\":\"WebSite\",\"@id\":\"https:\/\/languagetreeschool.com\/fr\/#website\",\"url\":\"https:\/\/languagetreeschool.com\/fr\/\",\"name\":\"Language Tree\",\"description\":\"Language, culture &amp; adventure\",\"publisher\":{\"@id\":\"https:\/\/languagetreeschool.com\/fr\/#organization\"},\"potentialAction\":[{\"@type\":\"SearchAction\",\"target\":{\"@type\":\"EntryPoint\",\"urlTemplate\":\"https:\/\/languagetreeschool.com\/fr\/?s={search_term_string}\"},\"query-input\":{\"@type\":\"PropertyValueSpecification\",\"valueRequired\":true,\"valueName\":\"search_term_string\"}}],\"inLanguage\":\"fr-FR\"},{\"@type\":\"Organization\",\"@id\":\"https:\/\/languagetreeschool.com\/fr\/#organization\",\"name\":\"Language Tree\",\"url\":\"https:\/\/languagetreeschool.com\/fr\/\",\"logo\":{\"@type\":\"ImageObject\",\"inLanguage\":\"fr-FR\",\"@id\":\"https:\/\/languagetreeschool.com\/fr\/#\/schema\/logo\/image\/\",\"url\":\"https:\/\/languagetreeschool.com\/wp-content\/uploads\/2026\/03\/LT-icon-1.jpg\",\"contentUrl\":\"https:\/\/languagetreeschool.com\/wp-content\/uploads\/2026\/03\/LT-icon-1.jpg\",\"width\":1396,\"height\":1909,\"caption\":\"Language Tree\"},\"image\":{\"@id\":\"https:\/\/languagetreeschool.com\/fr\/#\/schema\/logo\/image\/\"},\"sameAs\":[\"https:\/\/www.facebook.com\/languagetreecornwall\",\"https:\/\/www.instagram.com\/languagetreeschool\"],\"description\":\"British Council accredited English language Summer School in Cornwall. Welcoming teenagers, families and adults from around the world to our university campus.\",\"email\":\"info@languagetreeschool.com\",\"telephone\":\"+447957497937\",\"legalName\":\"Language Tree Limited\",\"foundingDate\":\"2011-10-10\",\"numberOfEmployees\":{\"@type\":\"QuantitativeValue\",\"minValue\":\"11\",\"maxValue\":\"50\"}}]}<\/script>\n<!-- \/ Yoast SEO Premium plugin. -->","yoast_head_json":{"title":"Arbre \u00e0 langues | \u00c9cole de langues en Cornouailles | Cours d'\u00e9t\u00e9","description":"La seule \u00e9cole de langues de Cornouailles accr\u00e9dit\u00e9e par le British Council. Des programmes d'\u00e9t\u00e9 pour les juniors, les familles et les adultes, riches en langues, en culture et en aventures.","robots":{"index":"index","follow":"follow","max-snippet":"max-snippet:-1","max-image-preview":"max-image-preview:large","max-video-preview":"max-video-preview:-1"},"canonical":"https:\/\/languagetreeschool.com\/fr\/","og_locale":"fr_FR","og_type":"article","og_title":"Language Tree | Cours d'anglais d'\u00e9t\u00e9 | Cornwall, UK","og_description":"La seule \u00e9cole de langues de Cornouailles accr\u00e9dit\u00e9e par le British Council. Des programmes d'\u00e9t\u00e9 pour les juniors, les familles et les adultes, riches en langues, en culture et en aventures.","og_url":"https:\/\/languagetreeschool.com\/fr\/","og_site_name":"Language Tree","article_publisher":"https:\/\/www.facebook.com\/languagetreecornwall","article_modified_time":"2026-03-04T16:04:46+00:00","og_image":[{"url":"https:\/\/languagetreeschool.com\/wp-content\/uploads\/2025\/07\/eden-students-1024x683.jpg","type":"","width":"","height":""}],"twitter_card":"summary_large_image","twitter_title":"Language Tree | Cours d'anglais d'\u00e9t\u00e9 | Cornwall, UK","twitter_description":"La seule \u00e9cole de langues de Cornouailles accr\u00e9dit\u00e9e par le British Council. Programmes d'\u00e9t\u00e9 pour juniors, familles et adultes, riches en langues, cultures et aventures.","schema":{"@context":"https:\/\/schema.org","@graph":[{"@type":"WebPage","@id":"https:\/\/languagetreeschool.com\/fr\/","url":"https:\/\/languagetreeschool.com\/fr\/","name":"Arbre \u00e0 langues | \u00c9cole de langues en Cornouailles | Cours d'\u00e9t\u00e9","isPartOf":{"@id":"https:\/\/languagetreeschool.com\/fr\/#website"},"datePublished":"2025-07-03T15:04:41+00:00","dateModified":"2026-03-04T16:04:46+00:00","description":"La seule \u00e9cole de langues de Cornouailles accr\u00e9dit\u00e9e par le British Council. Des programmes d'\u00e9t\u00e9 pour les juniors, les familles et les adultes, riches en langues, en culture et en aventures.","breadcrumb":{"@id":"https:\/\/languagetreeschool.com\/fr\/#breadcrumb"},"inLanguage":"fr-FR","potentialAction":[{"@type":"ReadAction","target":["https:\/\/languagetreeschool.com\/fr\/"]}]},{"@type":"BreadcrumbList","@id":"https:\/\/languagetreeschool.com\/fr\/#breadcrumb","itemListElement":[{"@type":"ListItem","position":1,"name":"Accueil","item":"https:\/\/languagetreeschool.com\/fr\/accueil\/"},{"@type":"ListItem","position":2,"name":"Accueil"}]},{"@type":"WebSite","@id":"https:\/\/languagetreeschool.com\/fr\/#website","url":"https:\/\/languagetreeschool.com\/fr\/","name":"Language Tree","description":"Language, culture &amp; adventure","publisher":{"@id":"https:\/\/languagetreeschool.com\/fr\/#organization"},"potentialAction":[{"@type":"SearchAction","target":{"@type":"EntryPoint","urlTemplate":"https:\/\/languagetreeschool.com\/fr\/?s={search_term_string}"},"query-input":{"@type":"PropertyValueSpecification","valueRequired":true,"valueName":"search_term_string"}}],"inLanguage":"fr-FR"},{"@type":"Organization","@id":"https:\/\/languagetreeschool.com\/fr\/#organization","name":"Language Tree","url":"https:\/\/languagetreeschool.com\/fr\/","logo":{"@type":"ImageObject","inLanguage":"fr-FR","@id":"https:\/\/languagetreeschool.com\/fr\/#\/schema\/logo\/image\/","url":"https:\/\/languagetreeschool.com\/wp-content\/uploads\/2026\/03\/LT-icon-1.jpg","contentUrl":"https:\/\/languagetreeschool.com\/wp-content\/uploads\/2026\/03\/LT-icon-1.jpg","width":1396,"height":1909,"caption":"Language Tree"},"image":{"@id":"https:\/\/languagetreeschool.com\/fr\/#\/schema\/logo\/image\/"},"sameAs":["https:\/\/www.facebook.com\/languagetreecornwall","https:\/\/www.instagram.com\/languagetreeschool"],"description":"British Council accredited English language Summer School in Cornwall. Welcoming teenagers, families and adults from around the world to our university campus.","email":"info@languagetreeschool.com","telephone":"+447957497937","legalName":"Language Tree Limited","foundingDate":"2011-10-10","numberOfEmployees":{"@type":"QuantitativeValue","minValue":"11","maxValue":"50"}}]}},"_links":{"self":[{"href":"https:\/\/languagetreeschool.com\/fr\/wp-json\/wp\/v2\/pages\/4688","targetHints":{"allow":["GET"]}}],"collection":[{"href":"https:\/\/languagetreeschool.com\/fr\/wp-json\/wp\/v2\/pages"}],"about":[{"href":"https:\/\/languagetreeschool.com\/fr\/wp-json\/wp\/v2\/types\/page"}],"author":[{"embeddable":true,"href":"https:\/\/languagetreeschool.com\/fr\/wp-json\/wp\/v2\/users\/1"}],"replies":[{"embeddable":true,"href":"https:\/\/languagetreeschool.com\/fr\/wp-json\/wp\/v2\/comments?post=4688"}],"version-history":[{"count":16,"href":"https:\/\/languagetreeschool.com\/fr\/wp-json\/wp\/v2\/pages\/4688\/revisions"}],"predecessor-version":[{"id":10366,"href":"https:\/\/languagetreeschool.com\/fr\/wp-json\/wp\/v2\/pages\/4688\/revisions\/10366"}],"wp:attachment":[{"href":"https:\/\/languagetreeschool.com\/fr\/wp-json\/wp\/v2\/media?parent=4688"}],"curies":[{"name":"wp","href":"https:\/\/api.w.org\/{rel}","templated":true}]}}