{"id":4598,"date":"2025-07-15T16:09:59","date_gmt":"2025-07-15T15:09:59","guid":{"rendered":"https:\/\/language.majik-now.co.uk\/faqs\/"},"modified":"2026-04-24T17:06:53","modified_gmt":"2026-04-24T16:06:53","slug":"questions-frequemment-posees","status":"publish","type":"page","link":"https:\/\/languagetreeschool.com\/fr\/notre-ecole\/questions-frequemment-posees\/","title":{"rendered":"<span>Questions<\/span> fr\u00e9quemment pos\u00e9es"},"content":{"rendered":"","protected":false},"excerpt":{"rendered":"","protected":false},"author":1,"featured_media":6948,"parent":4679,"menu_order":213,"comment_status":"closed","ping_status":"closed","template":"","meta":{"_acf_changed":false,"footnotes":""},"class_list":["post-4598","page","type-page","status-publish","has-post-thumbnail","hentry"],"acf":[],"yoast_head":"<!-- This site is optimized with the Yoast SEO Premium plugin v26.6 (Yoast SEO v26.6) - https:\/\/yoast.com\/wordpress\/plugins\/seo\/ -->\n<title>FAQs | Language Tree - \u00c9cole de langue anglaise en Cornouailles<\/title>\n<meta name=\"description\" content=\"Trouvez les r\u00e9ponses aux questions les plus courantes sur les cours de Language Tree, l&#039;h\u00e9bergement, les r\u00e9servations, les visas, les voyages et le bien-\u00eatre en Cornouailles.\" \/>\n<meta name=\"robots\" content=\"index, follow, max-snippet:-1, max-image-preview:large, max-video-preview:-1\" \/>\n<link rel=\"canonical\" href=\"https:\/\/languagetreeschool.com\/fr\/notre-ecole\/questions-frequemment-posees\/\" \/>\n<meta property=\"og:locale\" content=\"fr_FR\" \/>\n<meta property=\"og:type\" content=\"article\" \/>\n<meta property=\"og:title\" content=\"FAQs | Language Tree - \u00c9cole de langue anglaise en Cornouailles\" \/>\n<meta property=\"og:description\" content=\"Trouvez les r\u00e9ponses aux questions les plus courantes sur les cours de Language Tree, l&#039;h\u00e9bergement, les r\u00e9servations, les visas, les voyages et le bien-\u00eatre en Cornouailles.\" \/>\n<meta property=\"og:url\" content=\"https:\/\/languagetreeschool.com\/fr\/notre-ecole\/questions-frequemment-posees\/\" \/>\n<meta property=\"og:site_name\" content=\"Language Tree\" \/>\n<meta property=\"article:publisher\" content=\"https:\/\/www.facebook.com\/languagetreecornwall\" \/>\n<meta property=\"article:modified_time\" content=\"2026-04-24T16:06:53+00:00\" \/>\n<meta property=\"og:image\" content=\"https:\/\/languagetreeschool.com\/wp-content\/uploads\/2025\/08\/st-ives-harbour.jpg\" \/>\n\t<meta property=\"og:image:width\" content=\"2000\" \/>\n\t<meta property=\"og:image:height\" content=\"1334\" \/>\n\t<meta property=\"og:image:type\" content=\"image\/jpeg\" \/>\n<meta name=\"twitter:card\" content=\"summary_large_image\" \/>\n<meta name=\"twitter:title\" content=\"FAQs | Language Tree - \u00c9cole de langue anglaise en Cornouailles\" \/>\n<meta name=\"twitter:description\" content=\"Trouvez les r\u00e9ponses aux questions les plus courantes sur les cours de Language Tree, l&#039;h\u00e9bergement, les r\u00e9servations, les visas, les voyages et le bien-\u00eatre en Cornouailles.\" \/>\n<meta name=\"twitter:label1\" content=\"Dur\u00e9e de lecture estim\u00e9e\" \/>\n\t<meta name=\"twitter:data1\" content=\"1 minute\" \/>\n<script type=\"application\/ld+json\" class=\"yoast-schema-graph\">{\"@context\":\"https:\/\/schema.org\",\"@graph\":[{\"@type\":\"WebPage\",\"@id\":\"https:\/\/languagetreeschool.com\/fr\/notre-ecole\/questions-frequemment-posees\/\",\"url\":\"https:\/\/languagetreeschool.com\/fr\/notre-ecole\/questions-frequemment-posees\/\",\"name\":\"FAQs | Language Tree - \u00c9cole de langue anglaise en Cornouailles\",\"isPartOf\":{\"@id\":\"https:\/\/languagetreeschool.com\/fr\/#website\"},\"primaryImageOfPage\":{\"@id\":\"https:\/\/languagetreeschool.com\/fr\/notre-ecole\/questions-frequemment-posees\/#primaryimage\"},\"image\":{\"@id\":\"https:\/\/languagetreeschool.com\/fr\/notre-ecole\/questions-frequemment-posees\/#primaryimage\"},\"thumbnailUrl\":\"https:\/\/languagetreeschool.com\/wp-content\/uploads\/2025\/08\/st-ives-harbour.jpg\",\"datePublished\":\"2025-07-15T15:09:59+00:00\",\"dateModified\":\"2026-04-24T16:06:53+00:00\",\"description\":\"Trouvez les r\u00e9ponses aux questions les plus courantes sur les cours de Language Tree, l'h\u00e9bergement, les r\u00e9servations, les visas, les voyages et le bien-\u00eatre en Cornouailles.\",\"breadcrumb\":{\"@id\":\"https:\/\/languagetreeschool.com\/fr\/notre-ecole\/questions-frequemment-posees\/#breadcrumb\"},\"inLanguage\":\"fr-FR\",\"potentialAction\":[{\"@type\":\"ReadAction\",\"target\":[\"https:\/\/languagetreeschool.com\/fr\/notre-ecole\/questions-frequemment-posees\/\"]}]},{\"@type\":\"ImageObject\",\"inLanguage\":\"fr-FR\",\"@id\":\"https:\/\/languagetreeschool.com\/fr\/notre-ecole\/questions-frequemment-posees\/#primaryimage\",\"url\":\"https:\/\/languagetreeschool.com\/wp-content\/uploads\/2025\/08\/st-ives-harbour.jpg\",\"contentUrl\":\"https:\/\/languagetreeschool.com\/wp-content\/uploads\/2025\/08\/st-ives-harbour.jpg\",\"width\":2000,\"height\":1334,\"caption\":\"St Ives harbour at low tide\"},{\"@type\":\"BreadcrumbList\",\"@id\":\"https:\/\/languagetreeschool.com\/fr\/notre-ecole\/questions-frequemment-posees\/#breadcrumb\",\"itemListElement\":[{\"@type\":\"ListItem\",\"position\":1,\"name\":\"Accueil\",\"item\":\"https:\/\/languagetreeschool.com\/fr\/accueil\/\"},{\"@type\":\"ListItem\",\"position\":2,\"name\":\"Notre \u00e9cole\",\"item\":\"https:\/\/languagetreeschool.com\/fr\/notre-ecole\/\"},{\"@type\":\"ListItem\",\"position\":3,\"name\":\"Questions fr\u00e9quemment pos\u00e9es\"}]},{\"@type\":\"WebSite\",\"@id\":\"https:\/\/languagetreeschool.com\/fr\/#website\",\"url\":\"https:\/\/languagetreeschool.com\/fr\/\",\"name\":\"Language Tree\",\"description\":\"Language, culture &amp; adventure\",\"publisher\":{\"@id\":\"https:\/\/languagetreeschool.com\/fr\/#organization\"},\"potentialAction\":[{\"@type\":\"SearchAction\",\"target\":{\"@type\":\"EntryPoint\",\"urlTemplate\":\"https:\/\/languagetreeschool.com\/fr\/?s={search_term_string}\"},\"query-input\":{\"@type\":\"PropertyValueSpecification\",\"valueRequired\":true,\"valueName\":\"search_term_string\"}}],\"inLanguage\":\"fr-FR\"},{\"@type\":\"Organization\",\"@id\":\"https:\/\/languagetreeschool.com\/fr\/#organization\",\"name\":\"Language Tree\",\"url\":\"https:\/\/languagetreeschool.com\/fr\/\",\"logo\":{\"@type\":\"ImageObject\",\"inLanguage\":\"fr-FR\",\"@id\":\"https:\/\/languagetreeschool.com\/fr\/#\/schema\/logo\/image\/\",\"url\":\"https:\/\/languagetreeschool.com\/wp-content\/uploads\/2026\/03\/LT-icon-1.jpg\",\"contentUrl\":\"https:\/\/languagetreeschool.com\/wp-content\/uploads\/2026\/03\/LT-icon-1.jpg\",\"width\":1396,\"height\":1909,\"caption\":\"Language Tree\"},\"image\":{\"@id\":\"https:\/\/languagetreeschool.com\/fr\/#\/schema\/logo\/image\/\"},\"sameAs\":[\"https:\/\/www.facebook.com\/languagetreecornwall\",\"https:\/\/www.instagram.com\/languagetreeschool\"],\"description\":\"British Council accredited English language Summer School in Cornwall. Welcoming teenagers, families and adults from around the world to our university campus.\",\"email\":\"info@languagetreeschool.com\",\"telephone\":\"+447957497937\",\"legalName\":\"Language Tree Limited\",\"foundingDate\":\"2011-10-10\",\"numberOfEmployees\":{\"@type\":\"QuantitativeValue\",\"minValue\":\"11\",\"maxValue\":\"50\"}}]}<\/script>\n<!-- \/ Yoast SEO Premium plugin. -->","yoast_head_json":{"title":"FAQs | Language Tree - \u00c9cole de langue anglaise en Cornouailles","description":"Trouvez les r\u00e9ponses aux questions les plus courantes sur les cours de Language Tree, l'h\u00e9bergement, les r\u00e9servations, les visas, les voyages et le bien-\u00eatre en Cornouailles.","robots":{"index":"index","follow":"follow","max-snippet":"max-snippet:-1","max-image-preview":"max-image-preview:large","max-video-preview":"max-video-preview:-1"},"canonical":"https:\/\/languagetreeschool.com\/fr\/notre-ecole\/questions-frequemment-posees\/","og_locale":"fr_FR","og_type":"article","og_title":"FAQs | Language Tree - \u00c9cole de langue anglaise en Cornouailles","og_description":"Trouvez les r\u00e9ponses aux questions les plus courantes sur les cours de Language Tree, l'h\u00e9bergement, les r\u00e9servations, les visas, les voyages et le bien-\u00eatre en Cornouailles.","og_url":"https:\/\/languagetreeschool.com\/fr\/notre-ecole\/questions-frequemment-posees\/","og_site_name":"Language Tree","article_publisher":"https:\/\/www.facebook.com\/languagetreecornwall","article_modified_time":"2026-04-24T16:06:53+00:00","og_image":[{"width":2000,"height":1334,"url":"https:\/\/languagetreeschool.com\/wp-content\/uploads\/2025\/08\/st-ives-harbour.jpg","type":"image\/jpeg"}],"twitter_card":"summary_large_image","twitter_title":"FAQs | Language Tree - \u00c9cole de langue anglaise en Cornouailles","twitter_description":"Trouvez les r\u00e9ponses aux questions les plus courantes sur les cours de Language Tree, l'h\u00e9bergement, les r\u00e9servations, les visas, les voyages et le bien-\u00eatre en Cornouailles.","twitter_misc":{"Dur\u00e9e de lecture estim\u00e9e":"1 minute"},"schema":{"@context":"https:\/\/schema.org","@graph":[{"@type":"WebPage","@id":"https:\/\/languagetreeschool.com\/fr\/notre-ecole\/questions-frequemment-posees\/","url":"https:\/\/languagetreeschool.com\/fr\/notre-ecole\/questions-frequemment-posees\/","name":"FAQs | Language Tree - \u00c9cole de langue anglaise en Cornouailles","isPartOf":{"@id":"https:\/\/languagetreeschool.com\/fr\/#website"},"primaryImageOfPage":{"@id":"https:\/\/languagetreeschool.com\/fr\/notre-ecole\/questions-frequemment-posees\/#primaryimage"},"image":{"@id":"https:\/\/languagetreeschool.com\/fr\/notre-ecole\/questions-frequemment-posees\/#primaryimage"},"thumbnailUrl":"https:\/\/languagetreeschool.com\/wp-content\/uploads\/2025\/08\/st-ives-harbour.jpg","datePublished":"2025-07-15T15:09:59+00:00","dateModified":"2026-04-24T16:06:53+00:00","description":"Trouvez les r\u00e9ponses aux questions les plus courantes sur les cours de Language Tree, l'h\u00e9bergement, les r\u00e9servations, les visas, les voyages et le bien-\u00eatre en Cornouailles.","breadcrumb":{"@id":"https:\/\/languagetreeschool.com\/fr\/notre-ecole\/questions-frequemment-posees\/#breadcrumb"},"inLanguage":"fr-FR","potentialAction":[{"@type":"ReadAction","target":["https:\/\/languagetreeschool.com\/fr\/notre-ecole\/questions-frequemment-posees\/"]}]},{"@type":"ImageObject","inLanguage":"fr-FR","@id":"https:\/\/languagetreeschool.com\/fr\/notre-ecole\/questions-frequemment-posees\/#primaryimage","url":"https:\/\/languagetreeschool.com\/wp-content\/uploads\/2025\/08\/st-ives-harbour.jpg","contentUrl":"https:\/\/languagetreeschool.com\/wp-content\/uploads\/2025\/08\/st-ives-harbour.jpg","width":2000,"height":1334,"caption":"St Ives harbour at low tide"},{"@type":"BreadcrumbList","@id":"https:\/\/languagetreeschool.com\/fr\/notre-ecole\/questions-frequemment-posees\/#breadcrumb","itemListElement":[{"@type":"ListItem","position":1,"name":"Accueil","item":"https:\/\/languagetreeschool.com\/fr\/accueil\/"},{"@type":"ListItem","position":2,"name":"Notre \u00e9cole","item":"https:\/\/languagetreeschool.com\/fr\/notre-ecole\/"},{"@type":"ListItem","position":3,"name":"Questions fr\u00e9quemment pos\u00e9es"}]},{"@type":"WebSite","@id":"https:\/\/languagetreeschool.com\/fr\/#website","url":"https:\/\/languagetreeschool.com\/fr\/","name":"Language Tree","description":"Language, culture &amp; adventure","publisher":{"@id":"https:\/\/languagetreeschool.com\/fr\/#organization"},"potentialAction":[{"@type":"SearchAction","target":{"@type":"EntryPoint","urlTemplate":"https:\/\/languagetreeschool.com\/fr\/?s={search_term_string}"},"query-input":{"@type":"PropertyValueSpecification","valueRequired":true,"valueName":"search_term_string"}}],"inLanguage":"fr-FR"},{"@type":"Organization","@id":"https:\/\/languagetreeschool.com\/fr\/#organization","name":"Language Tree","url":"https:\/\/languagetreeschool.com\/fr\/","logo":{"@type":"ImageObject","inLanguage":"fr-FR","@id":"https:\/\/languagetreeschool.com\/fr\/#\/schema\/logo\/image\/","url":"https:\/\/languagetreeschool.com\/wp-content\/uploads\/2026\/03\/LT-icon-1.jpg","contentUrl":"https:\/\/languagetreeschool.com\/wp-content\/uploads\/2026\/03\/LT-icon-1.jpg","width":1396,"height":1909,"caption":"Language Tree"},"image":{"@id":"https:\/\/languagetreeschool.com\/fr\/#\/schema\/logo\/image\/"},"sameAs":["https:\/\/www.facebook.com\/languagetreecornwall","https:\/\/www.instagram.com\/languagetreeschool"],"description":"British Council accredited English language Summer School in Cornwall. Welcoming teenagers, families and adults from around the world to our university campus.","email":"info@languagetreeschool.com","telephone":"+447957497937","legalName":"Language Tree Limited","foundingDate":"2011-10-10","numberOfEmployees":{"@type":"QuantitativeValue","minValue":"11","maxValue":"50"}}]}},"_links":{"self":[{"href":"https:\/\/languagetreeschool.com\/fr\/wp-json\/wp\/v2\/pages\/4598","targetHints":{"allow":["GET"]}}],"collection":[{"href":"https:\/\/languagetreeschool.com\/fr\/wp-json\/wp\/v2\/pages"}],"about":[{"href":"https:\/\/languagetreeschool.com\/fr\/wp-json\/wp\/v2\/types\/page"}],"author":[{"embeddable":true,"href":"https:\/\/languagetreeschool.com\/fr\/wp-json\/wp\/v2\/users\/1"}],"replies":[{"embeddable":true,"href":"https:\/\/languagetreeschool.com\/fr\/wp-json\/wp\/v2\/comments?post=4598"}],"version-history":[{"count":5,"href":"https:\/\/languagetreeschool.com\/fr\/wp-json\/wp\/v2\/pages\/4598\/revisions"}],"predecessor-version":[{"id":10484,"href":"https:\/\/languagetreeschool.com\/fr\/wp-json\/wp\/v2\/pages\/4598\/revisions\/10484"}],"up":[{"embeddable":true,"href":"https:\/\/languagetreeschool.com\/fr\/wp-json\/wp\/v2\/pages\/4679"}],"wp:featuredmedia":[{"embeddable":true,"href":"https:\/\/languagetreeschool.com\/fr\/wp-json\/wp\/v2\/media\/6948"}],"wp:attachment":[{"href":"https:\/\/languagetreeschool.com\/fr\/wp-json\/wp\/v2\/media?parent=4598"}],"curies":[{"name":"wp","href":"https:\/\/api.w.org\/{rel}","templated":true}]}}