{"id":4589,"date":"2025-07-15T16:10:12","date_gmt":"2025-07-15T15:10:12","guid":{"rendered":"https:\/\/language.majik-now.co.uk\/sustainability\/"},"modified":"2026-03-11T21:09:30","modified_gmt":"2026-03-11T21:09:30","slug":"durabilite","status":"publish","type":"page","link":"https:\/\/languagetreeschool.com\/fr\/notre-ecole\/durabilite\/","title":{"rendered":"<span>Durabilit\u00e9<\/span>"},"content":{"rendered":"","protected":false},"excerpt":{"rendered":"","protected":false},"author":1,"featured_media":2778,"parent":4679,"menu_order":200,"comment_status":"closed","ping_status":"closed","template":"","meta":{"_acf_changed":false,"footnotes":""},"class_list":["post-4589","page","type-page","status-publish","has-post-thumbnail","hentry"],"acf":[],"yoast_head":"<!-- This site is optimized with the Yoast SEO Premium plugin v26.6 (Yoast SEO v26.6) - https:\/\/yoast.com\/wordpress\/plugins\/seo\/ -->\n<title>Le d\u00e9veloppement durable chez Language Tree<\/title>\n<meta name=\"description\" content=\"Language Tree promeut le d\u00e9veloppement durable par le recyclage et des programmes de cours r\u00e9fl\u00e9chis, notamment le nettoyage des plages.\" \/>\n<meta name=\"robots\" content=\"index, follow, max-snippet:-1, max-image-preview:large, max-video-preview:-1\" \/>\n<link rel=\"canonical\" href=\"https:\/\/languagetreeschool.com\/fr\/notre-ecole\/durabilite\/\" \/>\n<meta property=\"og:locale\" content=\"fr_FR\" \/>\n<meta property=\"og:type\" content=\"article\" \/>\n<meta property=\"og:title\" content=\"Le d\u00e9veloppement durable chez Language Tree\" \/>\n<meta property=\"og:description\" content=\"Language Tree promeut le d\u00e9veloppement durable par le recyclage et des programmes de cours bien pens\u00e9s, notamment le nettoyage des plages.\" \/>\n<meta property=\"og:url\" content=\"https:\/\/languagetreeschool.com\/fr\/notre-ecole\/durabilite\/\" \/>\n<meta property=\"og:site_name\" content=\"Language Tree\" \/>\n<meta property=\"article:publisher\" content=\"https:\/\/www.facebook.com\/languagetreecornwall\" \/>\n<meta property=\"article:modified_time\" content=\"2026-03-11T21:09:30+00:00\" \/>\n<meta property=\"og:image\" content=\"https:\/\/languagetreeschool.com\/wp-content\/uploads\/2025\/07\/WLT-Cornwall-Eden-Project-2.jpg\" \/>\n\t<meta property=\"og:image:width\" content=\"2400\" \/>\n\t<meta property=\"og:image:height\" content=\"1594\" \/>\n\t<meta property=\"og:image:type\" content=\"image\/jpeg\" \/>\n<meta name=\"twitter:card\" content=\"summary_large_image\" \/>\n<meta name=\"twitter:title\" content=\"Le d\u00e9veloppement durable chez Language Tree\" \/>\n<meta name=\"twitter:description\" content=\"Language Tree promeut le d\u00e9veloppement durable par le recyclage et des programmes de cours bien pens\u00e9s, notamment le nettoyage des plages.\" \/>\n<meta name=\"twitter:label1\" content=\"Dur\u00e9e de lecture estim\u00e9e\" \/>\n\t<meta name=\"twitter:data1\" content=\"1 minute\" \/>\n<script type=\"application\/ld+json\" class=\"yoast-schema-graph\">{\"@context\":\"https:\/\/schema.org\",\"@graph\":[{\"@type\":\"WebPage\",\"@id\":\"https:\/\/languagetreeschool.com\/fr\/notre-ecole\/durabilite\/\",\"url\":\"https:\/\/languagetreeschool.com\/fr\/notre-ecole\/durabilite\/\",\"name\":\"Le d\u00e9veloppement durable chez Language Tree\",\"isPartOf\":{\"@id\":\"https:\/\/languagetreeschool.com\/fr\/#website\"},\"primaryImageOfPage\":{\"@id\":\"https:\/\/languagetreeschool.com\/fr\/notre-ecole\/durabilite\/#primaryimage\"},\"image\":{\"@id\":\"https:\/\/languagetreeschool.com\/fr\/notre-ecole\/durabilite\/#primaryimage\"},\"thumbnailUrl\":\"https:\/\/languagetreeschool.com\/wp-content\/uploads\/2025\/07\/WLT-Cornwall-Eden-Project-2.jpg\",\"datePublished\":\"2025-07-15T15:10:12+00:00\",\"dateModified\":\"2026-03-11T21:09:30+00:00\",\"description\":\"Language Tree promeut le d\u00e9veloppement durable par le recyclage et des programmes de cours r\u00e9fl\u00e9chis, notamment le nettoyage des plages.\",\"breadcrumb\":{\"@id\":\"https:\/\/languagetreeschool.com\/fr\/notre-ecole\/durabilite\/#breadcrumb\"},\"inLanguage\":\"fr-FR\",\"potentialAction\":[{\"@type\":\"ReadAction\",\"target\":[\"https:\/\/languagetreeschool.com\/fr\/notre-ecole\/durabilite\/\"]}]},{\"@type\":\"ImageObject\",\"inLanguage\":\"fr-FR\",\"@id\":\"https:\/\/languagetreeschool.com\/fr\/notre-ecole\/durabilite\/#primaryimage\",\"url\":\"https:\/\/languagetreeschool.com\/wp-content\/uploads\/2025\/07\/WLT-Cornwall-Eden-Project-2.jpg\",\"contentUrl\":\"https:\/\/languagetreeschool.com\/wp-content\/uploads\/2025\/07\/WLT-Cornwall-Eden-Project-2.jpg\",\"width\":2400,\"height\":1594,\"caption\":\"Les fleurs s'\u00e9panouissent \u00e0 Eden\"},{\"@type\":\"BreadcrumbList\",\"@id\":\"https:\/\/languagetreeschool.com\/fr\/notre-ecole\/durabilite\/#breadcrumb\",\"itemListElement\":[{\"@type\":\"ListItem\",\"position\":1,\"name\":\"Accueil\",\"item\":\"https:\/\/languagetreeschool.com\/fr\/accueil\/\"},{\"@type\":\"ListItem\",\"position\":2,\"name\":\"Notre \u00e9cole\",\"item\":\"https:\/\/languagetreeschool.com\/fr\/notre-ecole\/\"},{\"@type\":\"ListItem\",\"position\":3,\"name\":\"Durabilit\u00e9\"}]},{\"@type\":\"WebSite\",\"@id\":\"https:\/\/languagetreeschool.com\/fr\/#website\",\"url\":\"https:\/\/languagetreeschool.com\/fr\/\",\"name\":\"Language Tree\",\"description\":\"Language, culture &amp; adventure\",\"publisher\":{\"@id\":\"https:\/\/languagetreeschool.com\/fr\/#organization\"},\"potentialAction\":[{\"@type\":\"SearchAction\",\"target\":{\"@type\":\"EntryPoint\",\"urlTemplate\":\"https:\/\/languagetreeschool.com\/fr\/?s={search_term_string}\"},\"query-input\":{\"@type\":\"PropertyValueSpecification\",\"valueRequired\":true,\"valueName\":\"search_term_string\"}}],\"inLanguage\":\"fr-FR\"},{\"@type\":\"Organization\",\"@id\":\"https:\/\/languagetreeschool.com\/fr\/#organization\",\"name\":\"Language Tree\",\"url\":\"https:\/\/languagetreeschool.com\/fr\/\",\"logo\":{\"@type\":\"ImageObject\",\"inLanguage\":\"fr-FR\",\"@id\":\"https:\/\/languagetreeschool.com\/fr\/#\/schema\/logo\/image\/\",\"url\":\"https:\/\/languagetreeschool.com\/wp-content\/uploads\/2026\/03\/LT-icon-1.jpg\",\"contentUrl\":\"https:\/\/languagetreeschool.com\/wp-content\/uploads\/2026\/03\/LT-icon-1.jpg\",\"width\":1396,\"height\":1909,\"caption\":\"Language Tree\"},\"image\":{\"@id\":\"https:\/\/languagetreeschool.com\/fr\/#\/schema\/logo\/image\/\"},\"sameAs\":[\"https:\/\/www.facebook.com\/languagetreecornwall\",\"https:\/\/www.instagram.com\/languagetreeschool\"],\"description\":\"British Council accredited English language Summer School in Cornwall. Welcoming teenagers, families and adults from around the world to our university campus.\",\"email\":\"info@languagetreeschool.com\",\"telephone\":\"+447957497937\",\"legalName\":\"Language Tree Limited\",\"foundingDate\":\"2011-10-10\",\"numberOfEmployees\":{\"@type\":\"QuantitativeValue\",\"minValue\":\"11\",\"maxValue\":\"50\"}}]}<\/script>\n<!-- \/ Yoast SEO Premium plugin. -->","yoast_head_json":{"title":"Le d\u00e9veloppement durable chez Language Tree","description":"Language Tree promeut le d\u00e9veloppement durable par le recyclage et des programmes de cours r\u00e9fl\u00e9chis, notamment le nettoyage des plages.","robots":{"index":"index","follow":"follow","max-snippet":"max-snippet:-1","max-image-preview":"max-image-preview:large","max-video-preview":"max-video-preview:-1"},"canonical":"https:\/\/languagetreeschool.com\/fr\/notre-ecole\/durabilite\/","og_locale":"fr_FR","og_type":"article","og_title":"Le d\u00e9veloppement durable chez Language Tree","og_description":"Language Tree promeut le d\u00e9veloppement durable par le recyclage et des programmes de cours bien pens\u00e9s, notamment le nettoyage des plages.","og_url":"https:\/\/languagetreeschool.com\/fr\/notre-ecole\/durabilite\/","og_site_name":"Language Tree","article_publisher":"https:\/\/www.facebook.com\/languagetreecornwall","article_modified_time":"2026-03-11T21:09:30+00:00","og_image":[{"width":2400,"height":1594,"url":"https:\/\/languagetreeschool.com\/wp-content\/uploads\/2025\/07\/WLT-Cornwall-Eden-Project-2.jpg","type":"image\/jpeg"}],"twitter_card":"summary_large_image","twitter_title":"Le d\u00e9veloppement durable chez Language Tree","twitter_description":"Language Tree promeut le d\u00e9veloppement durable par le recyclage et des programmes de cours bien pens\u00e9s, notamment le nettoyage des plages.","twitter_misc":{"Dur\u00e9e de lecture estim\u00e9e":"1 minute"},"schema":{"@context":"https:\/\/schema.org","@graph":[{"@type":"WebPage","@id":"https:\/\/languagetreeschool.com\/fr\/notre-ecole\/durabilite\/","url":"https:\/\/languagetreeschool.com\/fr\/notre-ecole\/durabilite\/","name":"Le d\u00e9veloppement durable chez Language Tree","isPartOf":{"@id":"https:\/\/languagetreeschool.com\/fr\/#website"},"primaryImageOfPage":{"@id":"https:\/\/languagetreeschool.com\/fr\/notre-ecole\/durabilite\/#primaryimage"},"image":{"@id":"https:\/\/languagetreeschool.com\/fr\/notre-ecole\/durabilite\/#primaryimage"},"thumbnailUrl":"https:\/\/languagetreeschool.com\/wp-content\/uploads\/2025\/07\/WLT-Cornwall-Eden-Project-2.jpg","datePublished":"2025-07-15T15:10:12+00:00","dateModified":"2026-03-11T21:09:30+00:00","description":"Language Tree promeut le d\u00e9veloppement durable par le recyclage et des programmes de cours r\u00e9fl\u00e9chis, notamment le nettoyage des plages.","breadcrumb":{"@id":"https:\/\/languagetreeschool.com\/fr\/notre-ecole\/durabilite\/#breadcrumb"},"inLanguage":"fr-FR","potentialAction":[{"@type":"ReadAction","target":["https:\/\/languagetreeschool.com\/fr\/notre-ecole\/durabilite\/"]}]},{"@type":"ImageObject","inLanguage":"fr-FR","@id":"https:\/\/languagetreeschool.com\/fr\/notre-ecole\/durabilite\/#primaryimage","url":"https:\/\/languagetreeschool.com\/wp-content\/uploads\/2025\/07\/WLT-Cornwall-Eden-Project-2.jpg","contentUrl":"https:\/\/languagetreeschool.com\/wp-content\/uploads\/2025\/07\/WLT-Cornwall-Eden-Project-2.jpg","width":2400,"height":1594,"caption":"Les fleurs s'\u00e9panouissent \u00e0 Eden"},{"@type":"BreadcrumbList","@id":"https:\/\/languagetreeschool.com\/fr\/notre-ecole\/durabilite\/#breadcrumb","itemListElement":[{"@type":"ListItem","position":1,"name":"Accueil","item":"https:\/\/languagetreeschool.com\/fr\/accueil\/"},{"@type":"ListItem","position":2,"name":"Notre \u00e9cole","item":"https:\/\/languagetreeschool.com\/fr\/notre-ecole\/"},{"@type":"ListItem","position":3,"name":"Durabilit\u00e9"}]},{"@type":"WebSite","@id":"https:\/\/languagetreeschool.com\/fr\/#website","url":"https:\/\/languagetreeschool.com\/fr\/","name":"Language Tree","description":"Language, culture &amp; adventure","publisher":{"@id":"https:\/\/languagetreeschool.com\/fr\/#organization"},"potentialAction":[{"@type":"SearchAction","target":{"@type":"EntryPoint","urlTemplate":"https:\/\/languagetreeschool.com\/fr\/?s={search_term_string}"},"query-input":{"@type":"PropertyValueSpecification","valueRequired":true,"valueName":"search_term_string"}}],"inLanguage":"fr-FR"},{"@type":"Organization","@id":"https:\/\/languagetreeschool.com\/fr\/#organization","name":"Language Tree","url":"https:\/\/languagetreeschool.com\/fr\/","logo":{"@type":"ImageObject","inLanguage":"fr-FR","@id":"https:\/\/languagetreeschool.com\/fr\/#\/schema\/logo\/image\/","url":"https:\/\/languagetreeschool.com\/wp-content\/uploads\/2026\/03\/LT-icon-1.jpg","contentUrl":"https:\/\/languagetreeschool.com\/wp-content\/uploads\/2026\/03\/LT-icon-1.jpg","width":1396,"height":1909,"caption":"Language Tree"},"image":{"@id":"https:\/\/languagetreeschool.com\/fr\/#\/schema\/logo\/image\/"},"sameAs":["https:\/\/www.facebook.com\/languagetreecornwall","https:\/\/www.instagram.com\/languagetreeschool"],"description":"British Council accredited English language Summer School in Cornwall. Welcoming teenagers, families and adults from around the world to our university campus.","email":"info@languagetreeschool.com","telephone":"+447957497937","legalName":"Language Tree Limited","foundingDate":"2011-10-10","numberOfEmployees":{"@type":"QuantitativeValue","minValue":"11","maxValue":"50"}}]}},"_links":{"self":[{"href":"https:\/\/languagetreeschool.com\/fr\/wp-json\/wp\/v2\/pages\/4589","targetHints":{"allow":["GET"]}}],"collection":[{"href":"https:\/\/languagetreeschool.com\/fr\/wp-json\/wp\/v2\/pages"}],"about":[{"href":"https:\/\/languagetreeschool.com\/fr\/wp-json\/wp\/v2\/types\/page"}],"author":[{"embeddable":true,"href":"https:\/\/languagetreeschool.com\/fr\/wp-json\/wp\/v2\/users\/1"}],"replies":[{"embeddable":true,"href":"https:\/\/languagetreeschool.com\/fr\/wp-json\/wp\/v2\/comments?post=4589"}],"version-history":[{"count":8,"href":"https:\/\/languagetreeschool.com\/fr\/wp-json\/wp\/v2\/pages\/4589\/revisions"}],"predecessor-version":[{"id":11380,"href":"https:\/\/languagetreeschool.com\/fr\/wp-json\/wp\/v2\/pages\/4589\/revisions\/11380"}],"up":[{"embeddable":true,"href":"https:\/\/languagetreeschool.com\/fr\/wp-json\/wp\/v2\/pages\/4679"}],"wp:featuredmedia":[{"embeddable":true,"href":"https:\/\/languagetreeschool.com\/fr\/wp-json\/wp\/v2\/media\/2778"}],"wp:attachment":[{"href":"https:\/\/languagetreeschool.com\/fr\/wp-json\/wp\/v2\/media?parent=4589"}],"curies":[{"name":"wp","href":"https:\/\/api.w.org\/{rel}","templated":true}]}}