{"id":4562,"date":"2025-07-15T16:11:11","date_gmt":"2025-07-15T15:11:11","guid":{"rendered":"https:\/\/language.majik-now.co.uk\/history-of-cornwall\/"},"modified":"2026-03-11T21:09:36","modified_gmt":"2026-03-11T21:09:36","slug":"histoire-de-la-cornouaille","status":"publish","type":"page","link":"https:\/\/languagetreeschool.com\/fr\/cornouailles\/histoire-de-la-cornouaille\/","title":{"rendered":"Histoire de la Cornouaille"},"content":{"rendered":"","protected":false},"excerpt":{"rendered":"","protected":false},"author":1,"featured_media":10269,"parent":4670,"menu_order":173,"comment_status":"closed","ping_status":"closed","template":"","meta":{"_acf_changed":false,"footnotes":""},"class_list":["post-4562","page","type-page","status-publish","has-post-thumbnail","hentry"],"acf":[],"yoast_head":"<!-- This site is optimized with the Yoast SEO Premium plugin v27.5 (Yoast SEO v27.5) - https:\/\/yoast.com\/product\/yoast-seo-premium-wordpress\/ -->\n<title>D\u00e9couvrez l&#039;histoire et le patrimoine des Cornouailles avec Language Tree<\/title>\n<meta name=\"description\" content=\"Explorez la riche histoire des Cornouailles avec Language Tree. Des mines d&#039;\u00e9tain au patrimoine maritime en passant par la l\u00e9gende du roi Arthur.\" \/>\n<meta name=\"robots\" content=\"index, follow, max-snippet:-1, max-image-preview:large, max-video-preview:-1\" \/>\n<link rel=\"canonical\" href=\"https:\/\/languagetreeschool.com\/fr\/cornouailles\/histoire-de-la-cornouaille\/\" \/>\n<meta property=\"og:locale\" content=\"fr_FR\" \/>\n<meta property=\"og:type\" content=\"article\" \/>\n<meta property=\"og:title\" content=\"D\u00e9couvrez l&#039;histoire et le patrimoine des Cornouailles avec Language Tree\" \/>\n<meta property=\"og:description\" content=\"Explorez la riche histoire des Cornouailles avec Language Tree. Des mines d&#039;\u00e9tain au patrimoine maritime en passant par la l\u00e9gende du roi Arthur.\" \/>\n<meta property=\"og:url\" content=\"https:\/\/languagetreeschool.com\/fr\/cornouailles\/histoire-de-la-cornouaille\/\" \/>\n<meta property=\"og:site_name\" content=\"Language Tree\" \/>\n<meta property=\"article:publisher\" content=\"https:\/\/www.facebook.com\/languagetreecornwall\" \/>\n<meta property=\"article:modified_time\" content=\"2026-03-11T21:09:36+00:00\" \/>\n<meta property=\"og:image\" content=\"https:\/\/languagetreeschool.com\/wp-content\/uploads\/2025\/07\/Lanhydrock-group-1.jpg\" \/>\n\t<meta property=\"og:image:width\" content=\"2000\" \/>\n\t<meta property=\"og:image:height\" content=\"1500\" \/>\n\t<meta property=\"og:image:type\" content=\"image\/jpeg\" \/>\n<meta name=\"twitter:card\" content=\"summary_large_image\" \/>\n<meta name=\"twitter:title\" content=\"D\u00e9couvrez l&#039;histoire et le patrimoine des Cornouailles avec Language Tree\" \/>\n<meta name=\"twitter:description\" content=\"Explorez la riche histoire des Cornouailles avec Language Tree. Des mines d&#039;\u00e9tain au patrimoine maritime en passant par la l\u00e9gende du roi Arthur.\" \/>\n<meta name=\"twitter:label1\" content=\"Dur\u00e9e de lecture estim\u00e9e\" \/>\n\t<meta name=\"twitter:data1\" content=\"1 minute\" \/>\n<script type=\"application\/ld+json\" class=\"yoast-schema-graph\">{\"@context\":\"https:\\\/\\\/schema.org\",\"@graph\":[{\"@type\":\"WebPage\",\"@id\":\"https:\\\/\\\/languagetreeschool.com\\\/fr\\\/cornouailles\\\/histoire-de-la-cornouaille\\\/\",\"url\":\"https:\\\/\\\/languagetreeschool.com\\\/fr\\\/cornouailles\\\/histoire-de-la-cornouaille\\\/\",\"name\":\"D\u00e9couvrez l'histoire et le patrimoine des Cornouailles avec Language Tree\",\"isPartOf\":{\"@id\":\"https:\\\/\\\/languagetreeschool.com\\\/fr\\\/#website\"},\"primaryImageOfPage\":{\"@id\":\"https:\\\/\\\/languagetreeschool.com\\\/fr\\\/cornouailles\\\/histoire-de-la-cornouaille\\\/#primaryimage\"},\"image\":{\"@id\":\"https:\\\/\\\/languagetreeschool.com\\\/fr\\\/cornouailles\\\/histoire-de-la-cornouaille\\\/#primaryimage\"},\"thumbnailUrl\":\"https:\\\/\\\/languagetreeschool.com\\\/wp-content\\\/uploads\\\/2025\\\/07\\\/Lanhydrock-group-1.jpg\",\"datePublished\":\"2025-07-15T15:11:11+00:00\",\"dateModified\":\"2026-03-11T21:09:36+00:00\",\"description\":\"Explorez la riche histoire des Cornouailles avec Language Tree. Des mines d'\u00e9tain au patrimoine maritime en passant par la l\u00e9gende du roi Arthur.\",\"breadcrumb\":{\"@id\":\"https:\\\/\\\/languagetreeschool.com\\\/fr\\\/cornouailles\\\/histoire-de-la-cornouaille\\\/#breadcrumb\"},\"inLanguage\":\"fr-FR\",\"potentialAction\":[{\"@type\":\"ReadAction\",\"target\":[\"https:\\\/\\\/languagetreeschool.com\\\/fr\\\/cornouailles\\\/histoire-de-la-cornouaille\\\/\"]}]},{\"@type\":\"ImageObject\",\"inLanguage\":\"fr-FR\",\"@id\":\"https:\\\/\\\/languagetreeschool.com\\\/fr\\\/cornouailles\\\/histoire-de-la-cornouaille\\\/#primaryimage\",\"url\":\"https:\\\/\\\/languagetreeschool.com\\\/wp-content\\\/uploads\\\/2025\\\/07\\\/Lanhydrock-group-1.jpg\",\"contentUrl\":\"https:\\\/\\\/languagetreeschool.com\\\/wp-content\\\/uploads\\\/2025\\\/07\\\/Lanhydrock-group-1.jpg\",\"width\":2000,\"height\":1500,\"caption\":\"Des \u00e9tudiants adultes devant Lanhydrock\"},{\"@type\":\"BreadcrumbList\",\"@id\":\"https:\\\/\\\/languagetreeschool.com\\\/fr\\\/cornouailles\\\/histoire-de-la-cornouaille\\\/#breadcrumb\",\"itemListElement\":[{\"@type\":\"ListItem\",\"position\":1,\"name\":\"Accueil\",\"item\":\"https:\\\/\\\/languagetreeschool.com\\\/fr\\\/accueil\\\/\"},{\"@type\":\"ListItem\",\"position\":2,\"name\":\"Cornouailles\",\"item\":\"https:\\\/\\\/languagetreeschool.com\\\/fr\\\/cornouailles\\\/\"},{\"@type\":\"ListItem\",\"position\":3,\"name\":\"Histoire de la Cornouaille\"}]},{\"@type\":\"WebSite\",\"@id\":\"https:\\\/\\\/languagetreeschool.com\\\/fr\\\/#website\",\"url\":\"https:\\\/\\\/languagetreeschool.com\\\/fr\\\/\",\"name\":\"Language Tree\",\"description\":\"Language, culture &amp; adventure\",\"publisher\":{\"@id\":\"https:\\\/\\\/languagetreeschool.com\\\/fr\\\/#organization\"},\"potentialAction\":[{\"@type\":\"SearchAction\",\"target\":{\"@type\":\"EntryPoint\",\"urlTemplate\":\"https:\\\/\\\/languagetreeschool.com\\\/fr\\\/?s={search_term_string}\"},\"query-input\":{\"@type\":\"PropertyValueSpecification\",\"valueRequired\":true,\"valueName\":\"search_term_string\"}}],\"inLanguage\":\"fr-FR\"},{\"@type\":\"Organization\",\"@id\":\"https:\\\/\\\/languagetreeschool.com\\\/fr\\\/#organization\",\"name\":\"Language Tree\",\"url\":\"https:\\\/\\\/languagetreeschool.com\\\/fr\\\/\",\"logo\":{\"@type\":\"ImageObject\",\"inLanguage\":\"fr-FR\",\"@id\":\"https:\\\/\\\/languagetreeschool.com\\\/fr\\\/#\\\/schema\\\/logo\\\/image\\\/\",\"url\":\"https:\\\/\\\/languagetreeschool.com\\\/wp-content\\\/uploads\\\/2026\\\/03\\\/LT-icon-1.jpg\",\"contentUrl\":\"https:\\\/\\\/languagetreeschool.com\\\/wp-content\\\/uploads\\\/2026\\\/03\\\/LT-icon-1.jpg\",\"width\":1396,\"height\":1909,\"caption\":\"Language Tree\"},\"image\":{\"@id\":\"https:\\\/\\\/languagetreeschool.com\\\/fr\\\/#\\\/schema\\\/logo\\\/image\\\/\"},\"sameAs\":[\"https:\\\/\\\/www.facebook.com\\\/languagetreecornwall\",\"https:\\\/\\\/www.instagram.com\\\/languagetreeschool\"],\"description\":\"British Council accredited English language Summer School in Cornwall. Welcoming teenagers, families and adults from around the world to our university campus.\",\"email\":\"info@languagetreeschool.com\",\"telephone\":\"+447957497937\",\"legalName\":\"Language Tree Limited\",\"foundingDate\":\"2011-10-10\",\"numberOfEmployees\":{\"@type\":\"QuantitativeValue\",\"minValue\":\"11\",\"maxValue\":\"50\"}}]}<\/script>\n<!-- \/ Yoast SEO Premium plugin. -->","yoast_head_json":{"title":"D\u00e9couvrez l'histoire et le patrimoine des Cornouailles avec Language Tree","description":"Explorez la riche histoire des Cornouailles avec Language Tree. Des mines d'\u00e9tain au patrimoine maritime en passant par la l\u00e9gende du roi Arthur.","robots":{"index":"index","follow":"follow","max-snippet":"max-snippet:-1","max-image-preview":"max-image-preview:large","max-video-preview":"max-video-preview:-1"},"canonical":"https:\/\/languagetreeschool.com\/fr\/cornouailles\/histoire-de-la-cornouaille\/","og_locale":"fr_FR","og_type":"article","og_title":"D\u00e9couvrez l'histoire et le patrimoine des Cornouailles avec Language Tree","og_description":"Explorez la riche histoire des Cornouailles avec Language Tree. Des mines d'\u00e9tain au patrimoine maritime en passant par la l\u00e9gende du roi Arthur.","og_url":"https:\/\/languagetreeschool.com\/fr\/cornouailles\/histoire-de-la-cornouaille\/","og_site_name":"Language Tree","article_publisher":"https:\/\/www.facebook.com\/languagetreecornwall","article_modified_time":"2026-03-11T21:09:36+00:00","og_image":[{"width":2000,"height":1500,"url":"https:\/\/languagetreeschool.com\/wp-content\/uploads\/2025\/07\/Lanhydrock-group-1.jpg","type":"image\/jpeg"}],"twitter_card":"summary_large_image","twitter_title":"D\u00e9couvrez l'histoire et le patrimoine des Cornouailles avec Language Tree","twitter_description":"Explorez la riche histoire des Cornouailles avec Language Tree. Des mines d'\u00e9tain au patrimoine maritime en passant par la l\u00e9gende du roi Arthur.","twitter_misc":{"Dur\u00e9e de lecture estim\u00e9e":"1 minute"},"schema":{"@context":"https:\/\/schema.org","@graph":[{"@type":"WebPage","@id":"https:\/\/languagetreeschool.com\/fr\/cornouailles\/histoire-de-la-cornouaille\/","url":"https:\/\/languagetreeschool.com\/fr\/cornouailles\/histoire-de-la-cornouaille\/","name":"D\u00e9couvrez l'histoire et le patrimoine des Cornouailles avec Language Tree","isPartOf":{"@id":"https:\/\/languagetreeschool.com\/fr\/#website"},"primaryImageOfPage":{"@id":"https:\/\/languagetreeschool.com\/fr\/cornouailles\/histoire-de-la-cornouaille\/#primaryimage"},"image":{"@id":"https:\/\/languagetreeschool.com\/fr\/cornouailles\/histoire-de-la-cornouaille\/#primaryimage"},"thumbnailUrl":"https:\/\/languagetreeschool.com\/wp-content\/uploads\/2025\/07\/Lanhydrock-group-1.jpg","datePublished":"2025-07-15T15:11:11+00:00","dateModified":"2026-03-11T21:09:36+00:00","description":"Explorez la riche histoire des Cornouailles avec Language Tree. Des mines d'\u00e9tain au patrimoine maritime en passant par la l\u00e9gende du roi Arthur.","breadcrumb":{"@id":"https:\/\/languagetreeschool.com\/fr\/cornouailles\/histoire-de-la-cornouaille\/#breadcrumb"},"inLanguage":"fr-FR","potentialAction":[{"@type":"ReadAction","target":["https:\/\/languagetreeschool.com\/fr\/cornouailles\/histoire-de-la-cornouaille\/"]}]},{"@type":"ImageObject","inLanguage":"fr-FR","@id":"https:\/\/languagetreeschool.com\/fr\/cornouailles\/histoire-de-la-cornouaille\/#primaryimage","url":"https:\/\/languagetreeschool.com\/wp-content\/uploads\/2025\/07\/Lanhydrock-group-1.jpg","contentUrl":"https:\/\/languagetreeschool.com\/wp-content\/uploads\/2025\/07\/Lanhydrock-group-1.jpg","width":2000,"height":1500,"caption":"Des \u00e9tudiants adultes devant Lanhydrock"},{"@type":"BreadcrumbList","@id":"https:\/\/languagetreeschool.com\/fr\/cornouailles\/histoire-de-la-cornouaille\/#breadcrumb","itemListElement":[{"@type":"ListItem","position":1,"name":"Accueil","item":"https:\/\/languagetreeschool.com\/fr\/accueil\/"},{"@type":"ListItem","position":2,"name":"Cornouailles","item":"https:\/\/languagetreeschool.com\/fr\/cornouailles\/"},{"@type":"ListItem","position":3,"name":"Histoire de la Cornouaille"}]},{"@type":"WebSite","@id":"https:\/\/languagetreeschool.com\/fr\/#website","url":"https:\/\/languagetreeschool.com\/fr\/","name":"Language Tree","description":"Language, culture &amp; adventure","publisher":{"@id":"https:\/\/languagetreeschool.com\/fr\/#organization"},"potentialAction":[{"@type":"SearchAction","target":{"@type":"EntryPoint","urlTemplate":"https:\/\/languagetreeschool.com\/fr\/?s={search_term_string}"},"query-input":{"@type":"PropertyValueSpecification","valueRequired":true,"valueName":"search_term_string"}}],"inLanguage":"fr-FR"},{"@type":"Organization","@id":"https:\/\/languagetreeschool.com\/fr\/#organization","name":"Language Tree","url":"https:\/\/languagetreeschool.com\/fr\/","logo":{"@type":"ImageObject","inLanguage":"fr-FR","@id":"https:\/\/languagetreeschool.com\/fr\/#\/schema\/logo\/image\/","url":"https:\/\/languagetreeschool.com\/wp-content\/uploads\/2026\/03\/LT-icon-1.jpg","contentUrl":"https:\/\/languagetreeschool.com\/wp-content\/uploads\/2026\/03\/LT-icon-1.jpg","width":1396,"height":1909,"caption":"Language Tree"},"image":{"@id":"https:\/\/languagetreeschool.com\/fr\/#\/schema\/logo\/image\/"},"sameAs":["https:\/\/www.facebook.com\/languagetreecornwall","https:\/\/www.instagram.com\/languagetreeschool"],"description":"British Council accredited English language Summer School in Cornwall. Welcoming teenagers, families and adults from around the world to our university campus.","email":"info@languagetreeschool.com","telephone":"+447957497937","legalName":"Language Tree Limited","foundingDate":"2011-10-10","numberOfEmployees":{"@type":"QuantitativeValue","minValue":"11","maxValue":"50"}}]}},"_links":{"self":[{"href":"https:\/\/languagetreeschool.com\/fr\/wp-json\/wp\/v2\/pages\/4562","targetHints":{"allow":["GET"]}}],"collection":[{"href":"https:\/\/languagetreeschool.com\/fr\/wp-json\/wp\/v2\/pages"}],"about":[{"href":"https:\/\/languagetreeschool.com\/fr\/wp-json\/wp\/v2\/types\/page"}],"author":[{"embeddable":true,"href":"https:\/\/languagetreeschool.com\/fr\/wp-json\/wp\/v2\/users\/1"}],"replies":[{"embeddable":true,"href":"https:\/\/languagetreeschool.com\/fr\/wp-json\/wp\/v2\/comments?post=4562"}],"version-history":[{"count":10,"href":"https:\/\/languagetreeschool.com\/fr\/wp-json\/wp\/v2\/pages\/4562\/revisions"}],"predecessor-version":[{"id":10884,"href":"https:\/\/languagetreeschool.com\/fr\/wp-json\/wp\/v2\/pages\/4562\/revisions\/10884"}],"up":[{"embeddable":true,"href":"https:\/\/languagetreeschool.com\/fr\/wp-json\/wp\/v2\/pages\/4670"}],"wp:featuredmedia":[{"embeddable":true,"href":"https:\/\/languagetreeschool.com\/fr\/wp-json\/wp\/v2\/media\/10269"}],"wp:attachment":[{"href":"https:\/\/languagetreeschool.com\/fr\/wp-json\/wp\/v2\/media?parent=4562"}],"curies":[{"name":"wp","href":"https:\/\/api.w.org\/{rel}","templated":true}]}}