{"id":14206,"date":"2026-03-07T18:25:18","date_gmt":"2026-03-07T18:25:18","guid":{"rendered":"https:\/\/languagetreeschool.com\/notre-ecole\/activites-sociales-et-excursions\/parc-daventure-kernow\/"},"modified":"2026-03-07T18:25:18","modified_gmt":"2026-03-07T18:25:18","slug":"parc-daventure-kernow","status":"publish","type":"page","link":"https:\/\/languagetreeschool.com\/fr\/notre-ecole\/activites-sociales-et-excursions\/parc-daventure-kernow\/","title":{"rendered":"Parc d&rsquo;aventure Kernow"},"content":{"rendered":"","protected":false},"excerpt":{"rendered":"","protected":false},"author":6,"featured_media":6498,"parent":4625,"menu_order":0,"comment_status":"closed","ping_status":"closed","template":"","meta":{"_acf_changed":false,"footnotes":""},"class_list":["post-14206","page","type-page","status-publish","has-post-thumbnail","hentry"],"acf":[],"yoast_head":"<!-- This site is optimized with the Yoast SEO Premium plugin v26.6 (Yoast SEO v26.6) - https:\/\/yoast.com\/wordpress\/plugins\/seo\/ -->\n<title>Parc aquatique amusant pour les adolescents lors de notre \u00e9cole d&#039;\u00e9t\u00e9<\/title>\n<meta name=\"description\" content=\"Les apr\u00e8s-midi au parc d&#039;aventures Kernow sont toujours tr\u00e8s amusants ! Les \u00e9l\u00e8ves du cycle moyen adorent les structures gonflables de type Total Wipeout et les planches \u00e0 pagaie g\u00e9antes.\" \/>\n<meta name=\"robots\" content=\"index, follow, max-snippet:-1, max-image-preview:large, max-video-preview:-1\" \/>\n<link rel=\"canonical\" href=\"https:\/\/languagetreeschool.com\/fr\/notre-ecole\/activites-sociales-et-excursions\/parc-daventure-kernow\/\" \/>\n<meta property=\"og:locale\" content=\"fr_FR\" \/>\n<meta property=\"og:type\" content=\"article\" \/>\n<meta property=\"og:title\" content=\"Parc aquatique amusant pour les adolescents lors de notre \u00e9cole d&#039;\u00e9t\u00e9\" \/>\n<meta property=\"og:description\" content=\"Les apr\u00e8s-midi au parc d&#039;aventure Kernow sont toujours tr\u00e8s amusants ! Les \u00e9l\u00e8ves du cycle moyen adorent les structures gonflables de type Total Wipeout et les planches \u00e0 pagaie g\u00e9antes.\" \/>\n<meta property=\"og:url\" content=\"https:\/\/languagetreeschool.com\/fr\/notre-ecole\/activites-sociales-et-excursions\/parc-daventure-kernow\/\" \/>\n<meta property=\"og:site_name\" content=\"Language Tree\" \/>\n<meta property=\"article:publisher\" content=\"https:\/\/www.facebook.com\/languagetreecornwall\" \/>\n<meta property=\"og:image\" content=\"https:\/\/languagetreeschool.com\/wp-content\/uploads\/2025\/08\/giant-SUP.jpg\" \/>\n\t<meta property=\"og:image:width\" content=\"2000\" \/>\n\t<meta property=\"og:image:height\" content=\"1334\" \/>\n\t<meta property=\"og:image:type\" content=\"image\/jpeg\" \/>\n<meta name=\"twitter:card\" content=\"summary_large_image\" \/>\n<meta name=\"twitter:title\" content=\"Parc aquatique amusant pour les adolescents lors de notre \u00e9cole d&#039;\u00e9t\u00e9\" \/>\n<meta name=\"twitter:description\" content=\"Les apr\u00e8s-midi au parc d&#039;aventure Kernow sont toujours tr\u00e8s amusants ! Les \u00e9l\u00e8ves du cycle moyen adorent les structures gonflables de type Total Wipeout et les planches \u00e0 pagaie g\u00e9antes.\" \/>\n<script type=\"application\/ld+json\" class=\"yoast-schema-graph\">{\"@context\":\"https:\/\/schema.org\",\"@graph\":[{\"@type\":\"WebPage\",\"@id\":\"https:\/\/languagetreeschool.com\/fr\/notre-ecole\/activites-sociales-et-excursions\/parc-daventure-kernow\/\",\"url\":\"https:\/\/languagetreeschool.com\/fr\/notre-ecole\/activites-sociales-et-excursions\/parc-daventure-kernow\/\",\"name\":\"Parc aquatique amusant pour les adolescents lors de notre \u00e9cole d'\u00e9t\u00e9\",\"isPartOf\":{\"@id\":\"https:\/\/languagetreeschool.com\/fr\/#website\"},\"primaryImageOfPage\":{\"@id\":\"https:\/\/languagetreeschool.com\/fr\/notre-ecole\/activites-sociales-et-excursions\/parc-daventure-kernow\/#primaryimage\"},\"image\":{\"@id\":\"https:\/\/languagetreeschool.com\/fr\/notre-ecole\/activites-sociales-et-excursions\/parc-daventure-kernow\/#primaryimage\"},\"thumbnailUrl\":\"https:\/\/languagetreeschool.com\/wp-content\/uploads\/2025\/08\/giant-SUP.jpg\",\"datePublished\":\"2026-03-07T18:25:18+00:00\",\"description\":\"Les apr\u00e8s-midi au parc d'aventures Kernow sont toujours tr\u00e8s amusants ! Les \u00e9l\u00e8ves du cycle moyen adorent les structures gonflables de type Total Wipeout et les planches \u00e0 pagaie g\u00e9antes.\",\"breadcrumb\":{\"@id\":\"https:\/\/languagetreeschool.com\/fr\/notre-ecole\/activites-sociales-et-excursions\/parc-daventure-kernow\/#breadcrumb\"},\"inLanguage\":\"fr-FR\",\"potentialAction\":[{\"@type\":\"ReadAction\",\"target\":[\"https:\/\/languagetreeschool.com\/fr\/notre-ecole\/activites-sociales-et-excursions\/parc-daventure-kernow\/\"]}]},{\"@type\":\"ImageObject\",\"inLanguage\":\"fr-FR\",\"@id\":\"https:\/\/languagetreeschool.com\/fr\/notre-ecole\/activites-sociales-et-excursions\/parc-daventure-kernow\/#primaryimage\",\"url\":\"https:\/\/languagetreeschool.com\/wp-content\/uploads\/2025\/08\/giant-SUP.jpg\",\"contentUrl\":\"https:\/\/languagetreeschool.com\/wp-content\/uploads\/2025\/08\/giant-SUP.jpg\",\"width\":2000,\"height\":1334,\"caption\":\"SUP g\u00e9ant et structures gonflables au parc d'aventure Kernow\"},{\"@type\":\"BreadcrumbList\",\"@id\":\"https:\/\/languagetreeschool.com\/fr\/notre-ecole\/activites-sociales-et-excursions\/parc-daventure-kernow\/#breadcrumb\",\"itemListElement\":[{\"@type\":\"ListItem\",\"position\":1,\"name\":\"Accueil\",\"item\":\"https:\/\/languagetreeschool.com\/fr\/accueil\/\"},{\"@type\":\"ListItem\",\"position\":2,\"name\":\"Notre \u00e9cole\",\"item\":\"https:\/\/languagetreeschool.com\/fr\/notre-ecole\/\"},{\"@type\":\"ListItem\",\"position\":3,\"name\":\"Activit\u00e9s sociales et excursions\",\"item\":\"https:\/\/languagetreeschool.com\/fr\/notre-ecole\/activites-sociales-et-excursions\/\"},{\"@type\":\"ListItem\",\"position\":4,\"name\":\"Parc d&#8217;aventure Kernow\"}]},{\"@type\":\"WebSite\",\"@id\":\"https:\/\/languagetreeschool.com\/fr\/#website\",\"url\":\"https:\/\/languagetreeschool.com\/fr\/\",\"name\":\"Language Tree\",\"description\":\"Language, culture &amp; adventure\",\"publisher\":{\"@id\":\"https:\/\/languagetreeschool.com\/fr\/#organization\"},\"potentialAction\":[{\"@type\":\"SearchAction\",\"target\":{\"@type\":\"EntryPoint\",\"urlTemplate\":\"https:\/\/languagetreeschool.com\/fr\/?s={search_term_string}\"},\"query-input\":{\"@type\":\"PropertyValueSpecification\",\"valueRequired\":true,\"valueName\":\"search_term_string\"}}],\"inLanguage\":\"fr-FR\"},{\"@type\":\"Organization\",\"@id\":\"https:\/\/languagetreeschool.com\/fr\/#organization\",\"name\":\"Language Tree\",\"url\":\"https:\/\/languagetreeschool.com\/fr\/\",\"logo\":{\"@type\":\"ImageObject\",\"inLanguage\":\"fr-FR\",\"@id\":\"https:\/\/languagetreeschool.com\/fr\/#\/schema\/logo\/image\/\",\"url\":\"https:\/\/languagetreeschool.com\/wp-content\/uploads\/2026\/03\/LT-icon-1.jpg\",\"contentUrl\":\"https:\/\/languagetreeschool.com\/wp-content\/uploads\/2026\/03\/LT-icon-1.jpg\",\"width\":1396,\"height\":1909,\"caption\":\"Language Tree\"},\"image\":{\"@id\":\"https:\/\/languagetreeschool.com\/fr\/#\/schema\/logo\/image\/\"},\"sameAs\":[\"https:\/\/www.facebook.com\/languagetreecornwall\",\"https:\/\/www.instagram.com\/languagetreeschool\"],\"description\":\"British Council accredited English language Summer School in Cornwall. Welcoming teenagers, families and adults from around the world to our university campus.\",\"email\":\"info@languagetreeschool.com\",\"telephone\":\"+447957497937\",\"legalName\":\"Language Tree Limited\",\"foundingDate\":\"2011-10-10\",\"numberOfEmployees\":{\"@type\":\"QuantitativeValue\",\"minValue\":\"11\",\"maxValue\":\"50\"}}]}<\/script>\n<!-- \/ Yoast SEO Premium plugin. -->","yoast_head_json":{"title":"Parc aquatique amusant pour les adolescents lors de notre \u00e9cole d'\u00e9t\u00e9","description":"Les apr\u00e8s-midi au parc d'aventures Kernow sont toujours tr\u00e8s amusants ! Les \u00e9l\u00e8ves du cycle moyen adorent les structures gonflables de type Total Wipeout et les planches \u00e0 pagaie g\u00e9antes.","robots":{"index":"index","follow":"follow","max-snippet":"max-snippet:-1","max-image-preview":"max-image-preview:large","max-video-preview":"max-video-preview:-1"},"canonical":"https:\/\/languagetreeschool.com\/fr\/notre-ecole\/activites-sociales-et-excursions\/parc-daventure-kernow\/","og_locale":"fr_FR","og_type":"article","og_title":"Parc aquatique amusant pour les adolescents lors de notre \u00e9cole d'\u00e9t\u00e9","og_description":"Les apr\u00e8s-midi au parc d'aventure Kernow sont toujours tr\u00e8s amusants ! Les \u00e9l\u00e8ves du cycle moyen adorent les structures gonflables de type Total Wipeout et les planches \u00e0 pagaie g\u00e9antes.","og_url":"https:\/\/languagetreeschool.com\/fr\/notre-ecole\/activites-sociales-et-excursions\/parc-daventure-kernow\/","og_site_name":"Language Tree","article_publisher":"https:\/\/www.facebook.com\/languagetreecornwall","og_image":[{"width":2000,"height":1334,"url":"https:\/\/languagetreeschool.com\/wp-content\/uploads\/2025\/08\/giant-SUP.jpg","type":"image\/jpeg"}],"twitter_card":"summary_large_image","twitter_title":"Parc aquatique amusant pour les adolescents lors de notre \u00e9cole d'\u00e9t\u00e9","twitter_description":"Les apr\u00e8s-midi au parc d'aventure Kernow sont toujours tr\u00e8s amusants ! Les \u00e9l\u00e8ves du cycle moyen adorent les structures gonflables de type Total Wipeout et les planches \u00e0 pagaie g\u00e9antes.","schema":{"@context":"https:\/\/schema.org","@graph":[{"@type":"WebPage","@id":"https:\/\/languagetreeschool.com\/fr\/notre-ecole\/activites-sociales-et-excursions\/parc-daventure-kernow\/","url":"https:\/\/languagetreeschool.com\/fr\/notre-ecole\/activites-sociales-et-excursions\/parc-daventure-kernow\/","name":"Parc aquatique amusant pour les adolescents lors de notre \u00e9cole d'\u00e9t\u00e9","isPartOf":{"@id":"https:\/\/languagetreeschool.com\/fr\/#website"},"primaryImageOfPage":{"@id":"https:\/\/languagetreeschool.com\/fr\/notre-ecole\/activites-sociales-et-excursions\/parc-daventure-kernow\/#primaryimage"},"image":{"@id":"https:\/\/languagetreeschool.com\/fr\/notre-ecole\/activites-sociales-et-excursions\/parc-daventure-kernow\/#primaryimage"},"thumbnailUrl":"https:\/\/languagetreeschool.com\/wp-content\/uploads\/2025\/08\/giant-SUP.jpg","datePublished":"2026-03-07T18:25:18+00:00","description":"Les apr\u00e8s-midi au parc d'aventures Kernow sont toujours tr\u00e8s amusants ! Les \u00e9l\u00e8ves du cycle moyen adorent les structures gonflables de type Total Wipeout et les planches \u00e0 pagaie g\u00e9antes.","breadcrumb":{"@id":"https:\/\/languagetreeschool.com\/fr\/notre-ecole\/activites-sociales-et-excursions\/parc-daventure-kernow\/#breadcrumb"},"inLanguage":"fr-FR","potentialAction":[{"@type":"ReadAction","target":["https:\/\/languagetreeschool.com\/fr\/notre-ecole\/activites-sociales-et-excursions\/parc-daventure-kernow\/"]}]},{"@type":"ImageObject","inLanguage":"fr-FR","@id":"https:\/\/languagetreeschool.com\/fr\/notre-ecole\/activites-sociales-et-excursions\/parc-daventure-kernow\/#primaryimage","url":"https:\/\/languagetreeschool.com\/wp-content\/uploads\/2025\/08\/giant-SUP.jpg","contentUrl":"https:\/\/languagetreeschool.com\/wp-content\/uploads\/2025\/08\/giant-SUP.jpg","width":2000,"height":1334,"caption":"SUP g\u00e9ant et structures gonflables au parc d'aventure Kernow"},{"@type":"BreadcrumbList","@id":"https:\/\/languagetreeschool.com\/fr\/notre-ecole\/activites-sociales-et-excursions\/parc-daventure-kernow\/#breadcrumb","itemListElement":[{"@type":"ListItem","position":1,"name":"Accueil","item":"https:\/\/languagetreeschool.com\/fr\/accueil\/"},{"@type":"ListItem","position":2,"name":"Notre \u00e9cole","item":"https:\/\/languagetreeschool.com\/fr\/notre-ecole\/"},{"@type":"ListItem","position":3,"name":"Activit\u00e9s sociales et excursions","item":"https:\/\/languagetreeschool.com\/fr\/notre-ecole\/activites-sociales-et-excursions\/"},{"@type":"ListItem","position":4,"name":"Parc d&#8217;aventure Kernow"}]},{"@type":"WebSite","@id":"https:\/\/languagetreeschool.com\/fr\/#website","url":"https:\/\/languagetreeschool.com\/fr\/","name":"Language Tree","description":"Language, culture &amp; adventure","publisher":{"@id":"https:\/\/languagetreeschool.com\/fr\/#organization"},"potentialAction":[{"@type":"SearchAction","target":{"@type":"EntryPoint","urlTemplate":"https:\/\/languagetreeschool.com\/fr\/?s={search_term_string}"},"query-input":{"@type":"PropertyValueSpecification","valueRequired":true,"valueName":"search_term_string"}}],"inLanguage":"fr-FR"},{"@type":"Organization","@id":"https:\/\/languagetreeschool.com\/fr\/#organization","name":"Language Tree","url":"https:\/\/languagetreeschool.com\/fr\/","logo":{"@type":"ImageObject","inLanguage":"fr-FR","@id":"https:\/\/languagetreeschool.com\/fr\/#\/schema\/logo\/image\/","url":"https:\/\/languagetreeschool.com\/wp-content\/uploads\/2026\/03\/LT-icon-1.jpg","contentUrl":"https:\/\/languagetreeschool.com\/wp-content\/uploads\/2026\/03\/LT-icon-1.jpg","width":1396,"height":1909,"caption":"Language Tree"},"image":{"@id":"https:\/\/languagetreeschool.com\/fr\/#\/schema\/logo\/image\/"},"sameAs":["https:\/\/www.facebook.com\/languagetreecornwall","https:\/\/www.instagram.com\/languagetreeschool"],"description":"British Council accredited English language Summer School in Cornwall. Welcoming teenagers, families and adults from around the world to our university campus.","email":"info@languagetreeschool.com","telephone":"+447957497937","legalName":"Language Tree Limited","foundingDate":"2011-10-10","numberOfEmployees":{"@type":"QuantitativeValue","minValue":"11","maxValue":"50"}}]}},"_links":{"self":[{"href":"https:\/\/languagetreeschool.com\/fr\/wp-json\/wp\/v2\/pages\/14206","targetHints":{"allow":["GET"]}}],"collection":[{"href":"https:\/\/languagetreeschool.com\/fr\/wp-json\/wp\/v2\/pages"}],"about":[{"href":"https:\/\/languagetreeschool.com\/fr\/wp-json\/wp\/v2\/types\/page"}],"author":[{"embeddable":true,"href":"https:\/\/languagetreeschool.com\/fr\/wp-json\/wp\/v2\/users\/6"}],"replies":[{"embeddable":true,"href":"https:\/\/languagetreeschool.com\/fr\/wp-json\/wp\/v2\/comments?post=14206"}],"version-history":[{"count":0,"href":"https:\/\/languagetreeschool.com\/fr\/wp-json\/wp\/v2\/pages\/14206\/revisions"}],"up":[{"embeddable":true,"href":"https:\/\/languagetreeschool.com\/fr\/wp-json\/wp\/v2\/pages\/4625"}],"wp:featuredmedia":[{"embeddable":true,"href":"https:\/\/languagetreeschool.com\/fr\/wp-json\/wp\/v2\/media\/6498"}],"wp:attachment":[{"href":"https:\/\/languagetreeschool.com\/fr\/wp-json\/wp\/v2\/media?parent=14206"}],"curies":[{"name":"wp","href":"https:\/\/api.w.org\/{rel}","templated":true}]}}