{"id":14102,"date":"2026-02-15T12:23:32","date_gmt":"2026-02-15T12:23:32","guid":{"rendered":"https:\/\/languagetreeschool.com\/notre-ecole\/activites-sociales-et-excursions\/trelissick-et-le-national-trust\/"},"modified":"2026-02-15T12:23:32","modified_gmt":"2026-02-15T12:23:32","slug":"trelissick-et-le-national-trust","status":"publish","type":"page","link":"https:\/\/languagetreeschool.com\/fr\/notre-ecole\/activites-sociales-et-excursions\/trelissick-et-le-national-trust\/","title":{"rendered":"Trelissick et le National Trust"},"content":{"rendered":"","protected":false},"excerpt":{"rendered":"","protected":false},"author":6,"featured_media":10872,"parent":4625,"menu_order":0,"comment_status":"closed","ping_status":"closed","template":"","meta":{"_acf_changed":false,"footnotes":""},"class_list":["post-14102","page","type-page","status-publish","has-post-thumbnail","hentry"],"acf":[],"yoast_head":"<!-- This site is optimized with the Yoast SEO Premium plugin v26.6 (Yoast SEO v26.6) - https:\/\/yoast.com\/wordpress\/plugins\/seo\/ -->\n<title>Trelissick House &amp; Gardens - Visiter le National Trust avec nous<\/title>\n<meta name=\"description\" content=\"Visitez Trelissick House and Gardens avec Language Tree. Nos guides exp\u00e9riment\u00e9s adorent faire d\u00e9couvrir aux \u00e9tudiants les propri\u00e9t\u00e9s du National Trust.\" \/>\n<meta name=\"robots\" content=\"index, follow, max-snippet:-1, max-image-preview:large, max-video-preview:-1\" \/>\n<link rel=\"canonical\" href=\"https:\/\/languagetreeschool.com\/fr\/notre-ecole\/activites-sociales-et-excursions\/trelissick-et-le-national-trust\/\" \/>\n<meta property=\"og:locale\" content=\"fr_FR\" \/>\n<meta property=\"og:type\" content=\"article\" \/>\n<meta property=\"og:title\" content=\"Trelissick et le National Trust - Cours d&#039;\u00e9t\u00e9 sur l&#039;arbre des langues\" \/>\n<meta property=\"og:description\" content=\"Les visites de Trelissick et d&#039;autres joyaux du National Trust en Cornouailles sont toujours un moment fort. Pour en savoir plus sur nos excursions, cliquez ici.\" \/>\n<meta property=\"og:url\" content=\"https:\/\/languagetreeschool.com\/fr\/notre-ecole\/activites-sociales-et-excursions\/trelissick-et-le-national-trust\/\" \/>\n<meta property=\"og:site_name\" content=\"Language Tree\" \/>\n<meta property=\"article:publisher\" content=\"https:\/\/www.facebook.com\/languagetreecornwall\" \/>\n<meta property=\"og:image\" content=\"https:\/\/languagetreeschool.com\/wp-content\/uploads\/2025\/07\/Trelissick-guide.jpg\" \/>\n\t<meta property=\"og:image:width\" content=\"2000\" \/>\n\t<meta property=\"og:image:height\" content=\"1415\" \/>\n\t<meta property=\"og:image:type\" content=\"image\/jpeg\" \/>\n<meta name=\"twitter:card\" content=\"summary_large_image\" \/>\n<meta name=\"twitter:title\" content=\"Trelissick et le National Trust - Cours d&#039;\u00e9t\u00e9 sur l&#039;arbre des langues\" \/>\n<meta name=\"twitter:description\" content=\"Les visites de Trelissick et d&#039;autres joyaux du National Trust en Cornouailles sont toujours un moment fort. Pour en savoir plus sur nos excursions, cliquez ici.\" \/>\n<script type=\"application\/ld+json\" class=\"yoast-schema-graph\">{\"@context\":\"https:\/\/schema.org\",\"@graph\":[{\"@type\":\"WebPage\",\"@id\":\"https:\/\/languagetreeschool.com\/fr\/notre-ecole\/activites-sociales-et-excursions\/trelissick-et-le-national-trust\/\",\"url\":\"https:\/\/languagetreeschool.com\/fr\/notre-ecole\/activites-sociales-et-excursions\/trelissick-et-le-national-trust\/\",\"name\":\"Trelissick House & Gardens - Visiter le National Trust avec nous\",\"isPartOf\":{\"@id\":\"https:\/\/languagetreeschool.com\/fr\/#website\"},\"primaryImageOfPage\":{\"@id\":\"https:\/\/languagetreeschool.com\/fr\/notre-ecole\/activites-sociales-et-excursions\/trelissick-et-le-national-trust\/#primaryimage\"},\"image\":{\"@id\":\"https:\/\/languagetreeschool.com\/fr\/notre-ecole\/activites-sociales-et-excursions\/trelissick-et-le-national-trust\/#primaryimage\"},\"thumbnailUrl\":\"https:\/\/languagetreeschool.com\/wp-content\/uploads\/2025\/07\/Trelissick-guide.jpg\",\"datePublished\":\"2026-02-15T12:23:32+00:00\",\"description\":\"Visitez Trelissick House and Gardens avec Language Tree. Nos guides exp\u00e9riment\u00e9s adorent faire d\u00e9couvrir aux \u00e9tudiants les propri\u00e9t\u00e9s du National Trust.\",\"breadcrumb\":{\"@id\":\"https:\/\/languagetreeschool.com\/fr\/notre-ecole\/activites-sociales-et-excursions\/trelissick-et-le-national-trust\/#breadcrumb\"},\"inLanguage\":\"fr-FR\",\"potentialAction\":[{\"@type\":\"ReadAction\",\"target\":[\"https:\/\/languagetreeschool.com\/fr\/notre-ecole\/activites-sociales-et-excursions\/trelissick-et-le-national-trust\/\"]}]},{\"@type\":\"ImageObject\",\"inLanguage\":\"fr-FR\",\"@id\":\"https:\/\/languagetreeschool.com\/fr\/notre-ecole\/activites-sociales-et-excursions\/trelissick-et-le-national-trust\/#primaryimage\",\"url\":\"https:\/\/languagetreeschool.com\/wp-content\/uploads\/2025\/07\/Trelissick-guide.jpg\",\"contentUrl\":\"https:\/\/languagetreeschool.com\/wp-content\/uploads\/2025\/07\/Trelissick-guide.jpg\",\"width\":2000,\"height\":1415,\"caption\":\"Pr\u00e9sentation de Trelissick House and Gardens \u00e0 un groupe d'\u00e9tudiants de Language Tree\"},{\"@type\":\"BreadcrumbList\",\"@id\":\"https:\/\/languagetreeschool.com\/fr\/notre-ecole\/activites-sociales-et-excursions\/trelissick-et-le-national-trust\/#breadcrumb\",\"itemListElement\":[{\"@type\":\"ListItem\",\"position\":1,\"name\":\"Accueil\",\"item\":\"https:\/\/languagetreeschool.com\/fr\/accueil\/\"},{\"@type\":\"ListItem\",\"position\":2,\"name\":\"Notre \u00e9cole\",\"item\":\"https:\/\/languagetreeschool.com\/fr\/notre-ecole\/\"},{\"@type\":\"ListItem\",\"position\":3,\"name\":\"Activit\u00e9s sociales et excursions\",\"item\":\"https:\/\/languagetreeschool.com\/fr\/notre-ecole\/activites-sociales-et-excursions\/\"},{\"@type\":\"ListItem\",\"position\":4,\"name\":\"Trelissick et le National Trust\"}]},{\"@type\":\"WebSite\",\"@id\":\"https:\/\/languagetreeschool.com\/fr\/#website\",\"url\":\"https:\/\/languagetreeschool.com\/fr\/\",\"name\":\"Language Tree\",\"description\":\"Language, culture &amp; adventure\",\"publisher\":{\"@id\":\"https:\/\/languagetreeschool.com\/fr\/#organization\"},\"potentialAction\":[{\"@type\":\"SearchAction\",\"target\":{\"@type\":\"EntryPoint\",\"urlTemplate\":\"https:\/\/languagetreeschool.com\/fr\/?s={search_term_string}\"},\"query-input\":{\"@type\":\"PropertyValueSpecification\",\"valueRequired\":true,\"valueName\":\"search_term_string\"}}],\"inLanguage\":\"fr-FR\"},{\"@type\":\"Organization\",\"@id\":\"https:\/\/languagetreeschool.com\/fr\/#organization\",\"name\":\"Language Tree\",\"url\":\"https:\/\/languagetreeschool.com\/fr\/\",\"logo\":{\"@type\":\"ImageObject\",\"inLanguage\":\"fr-FR\",\"@id\":\"https:\/\/languagetreeschool.com\/fr\/#\/schema\/logo\/image\/\",\"url\":\"https:\/\/languagetreeschool.com\/wp-content\/uploads\/2026\/03\/LT-icon-1.jpg\",\"contentUrl\":\"https:\/\/languagetreeschool.com\/wp-content\/uploads\/2026\/03\/LT-icon-1.jpg\",\"width\":1396,\"height\":1909,\"caption\":\"Language Tree\"},\"image\":{\"@id\":\"https:\/\/languagetreeschool.com\/fr\/#\/schema\/logo\/image\/\"},\"sameAs\":[\"https:\/\/www.facebook.com\/languagetreecornwall\",\"https:\/\/www.instagram.com\/languagetreeschool\"],\"description\":\"British Council accredited English language Summer School in Cornwall. Welcoming teenagers, families and adults from around the world to our university campus.\",\"email\":\"info@languagetreeschool.com\",\"telephone\":\"+447957497937\",\"legalName\":\"Language Tree Limited\",\"foundingDate\":\"2011-10-10\",\"numberOfEmployees\":{\"@type\":\"QuantitativeValue\",\"minValue\":\"11\",\"maxValue\":\"50\"}}]}<\/script>\n<!-- \/ Yoast SEO Premium plugin. -->","yoast_head_json":{"title":"Trelissick House & Gardens - Visiter le National Trust avec nous","description":"Visitez Trelissick House and Gardens avec Language Tree. Nos guides exp\u00e9riment\u00e9s adorent faire d\u00e9couvrir aux \u00e9tudiants les propri\u00e9t\u00e9s du National Trust.","robots":{"index":"index","follow":"follow","max-snippet":"max-snippet:-1","max-image-preview":"max-image-preview:large","max-video-preview":"max-video-preview:-1"},"canonical":"https:\/\/languagetreeschool.com\/fr\/notre-ecole\/activites-sociales-et-excursions\/trelissick-et-le-national-trust\/","og_locale":"fr_FR","og_type":"article","og_title":"Trelissick et le National Trust - Cours d'\u00e9t\u00e9 sur l'arbre des langues","og_description":"Les visites de Trelissick et d'autres joyaux du National Trust en Cornouailles sont toujours un moment fort. Pour en savoir plus sur nos excursions, cliquez ici.","og_url":"https:\/\/languagetreeschool.com\/fr\/notre-ecole\/activites-sociales-et-excursions\/trelissick-et-le-national-trust\/","og_site_name":"Language Tree","article_publisher":"https:\/\/www.facebook.com\/languagetreecornwall","og_image":[{"width":2000,"height":1415,"url":"https:\/\/languagetreeschool.com\/wp-content\/uploads\/2025\/07\/Trelissick-guide.jpg","type":"image\/jpeg"}],"twitter_card":"summary_large_image","twitter_title":"Trelissick et le National Trust - Cours d'\u00e9t\u00e9 sur l'arbre des langues","twitter_description":"Les visites de Trelissick et d'autres joyaux du National Trust en Cornouailles sont toujours un moment fort. Pour en savoir plus sur nos excursions, cliquez ici.","schema":{"@context":"https:\/\/schema.org","@graph":[{"@type":"WebPage","@id":"https:\/\/languagetreeschool.com\/fr\/notre-ecole\/activites-sociales-et-excursions\/trelissick-et-le-national-trust\/","url":"https:\/\/languagetreeschool.com\/fr\/notre-ecole\/activites-sociales-et-excursions\/trelissick-et-le-national-trust\/","name":"Trelissick House & Gardens - Visiter le National Trust avec nous","isPartOf":{"@id":"https:\/\/languagetreeschool.com\/fr\/#website"},"primaryImageOfPage":{"@id":"https:\/\/languagetreeschool.com\/fr\/notre-ecole\/activites-sociales-et-excursions\/trelissick-et-le-national-trust\/#primaryimage"},"image":{"@id":"https:\/\/languagetreeschool.com\/fr\/notre-ecole\/activites-sociales-et-excursions\/trelissick-et-le-national-trust\/#primaryimage"},"thumbnailUrl":"https:\/\/languagetreeschool.com\/wp-content\/uploads\/2025\/07\/Trelissick-guide.jpg","datePublished":"2026-02-15T12:23:32+00:00","description":"Visitez Trelissick House and Gardens avec Language Tree. Nos guides exp\u00e9riment\u00e9s adorent faire d\u00e9couvrir aux \u00e9tudiants les propri\u00e9t\u00e9s du National Trust.","breadcrumb":{"@id":"https:\/\/languagetreeschool.com\/fr\/notre-ecole\/activites-sociales-et-excursions\/trelissick-et-le-national-trust\/#breadcrumb"},"inLanguage":"fr-FR","potentialAction":[{"@type":"ReadAction","target":["https:\/\/languagetreeschool.com\/fr\/notre-ecole\/activites-sociales-et-excursions\/trelissick-et-le-national-trust\/"]}]},{"@type":"ImageObject","inLanguage":"fr-FR","@id":"https:\/\/languagetreeschool.com\/fr\/notre-ecole\/activites-sociales-et-excursions\/trelissick-et-le-national-trust\/#primaryimage","url":"https:\/\/languagetreeschool.com\/wp-content\/uploads\/2025\/07\/Trelissick-guide.jpg","contentUrl":"https:\/\/languagetreeschool.com\/wp-content\/uploads\/2025\/07\/Trelissick-guide.jpg","width":2000,"height":1415,"caption":"Pr\u00e9sentation de Trelissick House and Gardens \u00e0 un groupe d'\u00e9tudiants de Language Tree"},{"@type":"BreadcrumbList","@id":"https:\/\/languagetreeschool.com\/fr\/notre-ecole\/activites-sociales-et-excursions\/trelissick-et-le-national-trust\/#breadcrumb","itemListElement":[{"@type":"ListItem","position":1,"name":"Accueil","item":"https:\/\/languagetreeschool.com\/fr\/accueil\/"},{"@type":"ListItem","position":2,"name":"Notre \u00e9cole","item":"https:\/\/languagetreeschool.com\/fr\/notre-ecole\/"},{"@type":"ListItem","position":3,"name":"Activit\u00e9s sociales et excursions","item":"https:\/\/languagetreeschool.com\/fr\/notre-ecole\/activites-sociales-et-excursions\/"},{"@type":"ListItem","position":4,"name":"Trelissick et le National Trust"}]},{"@type":"WebSite","@id":"https:\/\/languagetreeschool.com\/fr\/#website","url":"https:\/\/languagetreeschool.com\/fr\/","name":"Language Tree","description":"Language, culture &amp; adventure","publisher":{"@id":"https:\/\/languagetreeschool.com\/fr\/#organization"},"potentialAction":[{"@type":"SearchAction","target":{"@type":"EntryPoint","urlTemplate":"https:\/\/languagetreeschool.com\/fr\/?s={search_term_string}"},"query-input":{"@type":"PropertyValueSpecification","valueRequired":true,"valueName":"search_term_string"}}],"inLanguage":"fr-FR"},{"@type":"Organization","@id":"https:\/\/languagetreeschool.com\/fr\/#organization","name":"Language Tree","url":"https:\/\/languagetreeschool.com\/fr\/","logo":{"@type":"ImageObject","inLanguage":"fr-FR","@id":"https:\/\/languagetreeschool.com\/fr\/#\/schema\/logo\/image\/","url":"https:\/\/languagetreeschool.com\/wp-content\/uploads\/2026\/03\/LT-icon-1.jpg","contentUrl":"https:\/\/languagetreeschool.com\/wp-content\/uploads\/2026\/03\/LT-icon-1.jpg","width":1396,"height":1909,"caption":"Language Tree"},"image":{"@id":"https:\/\/languagetreeschool.com\/fr\/#\/schema\/logo\/image\/"},"sameAs":["https:\/\/www.facebook.com\/languagetreecornwall","https:\/\/www.instagram.com\/languagetreeschool"],"description":"British Council accredited English language Summer School in Cornwall. Welcoming teenagers, families and adults from around the world to our university campus.","email":"info@languagetreeschool.com","telephone":"+447957497937","legalName":"Language Tree Limited","foundingDate":"2011-10-10","numberOfEmployees":{"@type":"QuantitativeValue","minValue":"11","maxValue":"50"}}]}},"_links":{"self":[{"href":"https:\/\/languagetreeschool.com\/fr\/wp-json\/wp\/v2\/pages\/14102","targetHints":{"allow":["GET"]}}],"collection":[{"href":"https:\/\/languagetreeschool.com\/fr\/wp-json\/wp\/v2\/pages"}],"about":[{"href":"https:\/\/languagetreeschool.com\/fr\/wp-json\/wp\/v2\/types\/page"}],"author":[{"embeddable":true,"href":"https:\/\/languagetreeschool.com\/fr\/wp-json\/wp\/v2\/users\/6"}],"replies":[{"embeddable":true,"href":"https:\/\/languagetreeschool.com\/fr\/wp-json\/wp\/v2\/comments?post=14102"}],"version-history":[{"count":0,"href":"https:\/\/languagetreeschool.com\/fr\/wp-json\/wp\/v2\/pages\/14102\/revisions"}],"up":[{"embeddable":true,"href":"https:\/\/languagetreeschool.com\/fr\/wp-json\/wp\/v2\/pages\/4625"}],"wp:featuredmedia":[{"embeddable":true,"href":"https:\/\/languagetreeschool.com\/fr\/wp-json\/wp\/v2\/media\/10872"}],"wp:attachment":[{"href":"https:\/\/languagetreeschool.com\/fr\/wp-json\/wp\/v2\/media?parent=14102"}],"curies":[{"name":"wp","href":"https:\/\/api.w.org\/{rel}","templated":true}]}}