{"id":14078,"date":"2026-02-08T12:28:07","date_gmt":"2026-02-08T12:28:07","guid":{"rendered":"https:\/\/languagetreeschool.com\/notre-ecole\/activites-sociales-et-excursions\/surf\/"},"modified":"2026-02-08T12:28:07","modified_gmt":"2026-02-08T12:28:07","slug":"surf","status":"publish","type":"page","link":"https:\/\/languagetreeschool.com\/fr\/notre-ecole\/activites-sociales-et-excursions\/surf\/","title":{"rendered":"Surf"},"content":{"rendered":"","protected":false},"excerpt":{"rendered":"","protected":false},"author":6,"featured_media":1454,"parent":4625,"menu_order":0,"comment_status":"closed","ping_status":"closed","template":"","meta":{"_acf_changed":false,"footnotes":""},"class_list":["post-14078","page","type-page","status-publish","has-post-thumbnail","hentry"],"acf":[],"yoast_head":"<!-- This site is optimized with the Yoast SEO Premium plugin v26.6 (Yoast SEO v26.6) - https:\/\/yoast.com\/wordpress\/plugins\/seo\/ -->\n<title>Surf en Cornouailles avec Language Tree dans notre \u00e9cole d&#039;\u00e9t\u00e9<\/title>\n<meta name=\"description\" content=\"Profitez de superbes excursions l&#039;apr\u00e8s-midi pour apprendre \u00e0 surfer dans le cadre de notre \u00e9cole d&#039;\u00e9t\u00e9 Language Tree. Des le\u00e7ons de surf de qualit\u00e9 !\" \/>\n<meta name=\"robots\" content=\"index, follow, max-snippet:-1, max-image-preview:large, max-video-preview:-1\" \/>\n<link rel=\"canonical\" href=\"https:\/\/languagetreeschool.com\/fr\/notre-ecole\/activites-sociales-et-excursions\/surf\/\" \/>\n<meta property=\"og:locale\" content=\"fr_FR\" \/>\n<meta property=\"og:type\" content=\"article\" \/>\n<meta property=\"og:title\" content=\"Surf en Cornouailles avec Language Tree dans notre \u00e9cole d&#039;\u00e9t\u00e9\" \/>\n<meta property=\"og:description\" content=\"Profitez de superbes excursions l&#039;apr\u00e8s-midi pour apprendre \u00e0 surfer dans le cadre de notre \u00e9cole d&#039;\u00e9t\u00e9 Language Tree. Des le\u00e7ons de surf de qualit\u00e9 !\" \/>\n<meta property=\"og:url\" content=\"https:\/\/languagetreeschool.com\/fr\/notre-ecole\/activites-sociales-et-excursions\/surf\/\" \/>\n<meta property=\"og:site_name\" content=\"Language Tree\" \/>\n<meta property=\"article:publisher\" content=\"https:\/\/www.facebook.com\/languagetreecornwall\" \/>\n<meta property=\"og:image\" content=\"https:\/\/languagetreeschool.com\/wp-content\/uploads\/2025\/07\/WLT-surfing-newquay-e1759676293514.jpg\" \/>\n\t<meta property=\"og:image:width\" content=\"1500\" \/>\n\t<meta property=\"og:image:height\" content=\"1500\" \/>\n\t<meta property=\"og:image:type\" content=\"image\/jpeg\" \/>\n<meta name=\"twitter:card\" content=\"summary_large_image\" \/>\n<meta name=\"twitter:title\" content=\"Surf en Cornouailles avec Language Tree dans notre \u00e9cole d&#039;\u00e9t\u00e9\" \/>\n<meta name=\"twitter:description\" content=\"Profitez de superbes excursions l&#039;apr\u00e8s-midi pour apprendre \u00e0 surfer dans le cadre de notre \u00e9cole d&#039;\u00e9t\u00e9 Language Tree. Des le\u00e7ons de surf de qualit\u00e9 !\" \/>\n<script type=\"application\/ld+json\" class=\"yoast-schema-graph\">{\"@context\":\"https:\/\/schema.org\",\"@graph\":[{\"@type\":\"WebPage\",\"@id\":\"https:\/\/languagetreeschool.com\/fr\/notre-ecole\/activites-sociales-et-excursions\/surf\/\",\"url\":\"https:\/\/languagetreeschool.com\/fr\/notre-ecole\/activites-sociales-et-excursions\/surf\/\",\"name\":\"Surf en Cornouailles avec Language Tree dans notre \u00e9cole d'\u00e9t\u00e9\",\"isPartOf\":{\"@id\":\"https:\/\/languagetreeschool.com\/fr\/#website\"},\"primaryImageOfPage\":{\"@id\":\"https:\/\/languagetreeschool.com\/fr\/notre-ecole\/activites-sociales-et-excursions\/surf\/#primaryimage\"},\"image\":{\"@id\":\"https:\/\/languagetreeschool.com\/fr\/notre-ecole\/activites-sociales-et-excursions\/surf\/#primaryimage\"},\"thumbnailUrl\":\"https:\/\/languagetreeschool.com\/wp-content\/uploads\/2025\/07\/WLT-surfing-newquay-e1759676293514.jpg\",\"datePublished\":\"2026-02-08T12:28:07+00:00\",\"description\":\"Profitez de superbes excursions l'apr\u00e8s-midi pour apprendre \u00e0 surfer dans le cadre de notre \u00e9cole d'\u00e9t\u00e9 Language Tree. Des le\u00e7ons de surf de qualit\u00e9 !\",\"breadcrumb\":{\"@id\":\"https:\/\/languagetreeschool.com\/fr\/notre-ecole\/activites-sociales-et-excursions\/surf\/#breadcrumb\"},\"inLanguage\":\"fr-FR\",\"potentialAction\":[{\"@type\":\"ReadAction\",\"target\":[\"https:\/\/languagetreeschool.com\/fr\/notre-ecole\/activites-sociales-et-excursions\/surf\/\"]}]},{\"@type\":\"ImageObject\",\"inLanguage\":\"fr-FR\",\"@id\":\"https:\/\/languagetreeschool.com\/fr\/notre-ecole\/activites-sociales-et-excursions\/surf\/#primaryimage\",\"url\":\"https:\/\/languagetreeschool.com\/wp-content\/uploads\/2025\/07\/WLT-surfing-newquay-e1759676293514.jpg\",\"contentUrl\":\"https:\/\/languagetreeschool.com\/wp-content\/uploads\/2025\/07\/WLT-surfing-newquay-e1759676293514.jpg\",\"width\":1500,\"height\":1500,\"caption\":\"Language Tree student surfing, Newquay.\"},{\"@type\":\"BreadcrumbList\",\"@id\":\"https:\/\/languagetreeschool.com\/fr\/notre-ecole\/activites-sociales-et-excursions\/surf\/#breadcrumb\",\"itemListElement\":[{\"@type\":\"ListItem\",\"position\":1,\"name\":\"Accueil\",\"item\":\"https:\/\/languagetreeschool.com\/fr\/accueil\/\"},{\"@type\":\"ListItem\",\"position\":2,\"name\":\"Notre \u00e9cole\",\"item\":\"https:\/\/languagetreeschool.com\/fr\/notre-ecole\/\"},{\"@type\":\"ListItem\",\"position\":3,\"name\":\"Activit\u00e9s sociales et excursions\",\"item\":\"https:\/\/languagetreeschool.com\/fr\/notre-ecole\/activites-sociales-et-excursions\/\"},{\"@type\":\"ListItem\",\"position\":4,\"name\":\"Surf\"}]},{\"@type\":\"WebSite\",\"@id\":\"https:\/\/languagetreeschool.com\/fr\/#website\",\"url\":\"https:\/\/languagetreeschool.com\/fr\/\",\"name\":\"Language Tree\",\"description\":\"Language, culture &amp; adventure\",\"publisher\":{\"@id\":\"https:\/\/languagetreeschool.com\/fr\/#organization\"},\"potentialAction\":[{\"@type\":\"SearchAction\",\"target\":{\"@type\":\"EntryPoint\",\"urlTemplate\":\"https:\/\/languagetreeschool.com\/fr\/?s={search_term_string}\"},\"query-input\":{\"@type\":\"PropertyValueSpecification\",\"valueRequired\":true,\"valueName\":\"search_term_string\"}}],\"inLanguage\":\"fr-FR\"},{\"@type\":\"Organization\",\"@id\":\"https:\/\/languagetreeschool.com\/fr\/#organization\",\"name\":\"Language Tree\",\"url\":\"https:\/\/languagetreeschool.com\/fr\/\",\"logo\":{\"@type\":\"ImageObject\",\"inLanguage\":\"fr-FR\",\"@id\":\"https:\/\/languagetreeschool.com\/fr\/#\/schema\/logo\/image\/\",\"url\":\"https:\/\/languagetreeschool.com\/wp-content\/uploads\/2026\/03\/LT-icon-1.jpg\",\"contentUrl\":\"https:\/\/languagetreeschool.com\/wp-content\/uploads\/2026\/03\/LT-icon-1.jpg\",\"width\":1396,\"height\":1909,\"caption\":\"Language Tree\"},\"image\":{\"@id\":\"https:\/\/languagetreeschool.com\/fr\/#\/schema\/logo\/image\/\"},\"sameAs\":[\"https:\/\/www.facebook.com\/languagetreecornwall\",\"https:\/\/www.instagram.com\/languagetreeschool\"],\"description\":\"British Council accredited English language Summer School in Cornwall. Welcoming teenagers, families and adults from around the world to our university campus.\",\"email\":\"info@languagetreeschool.com\",\"telephone\":\"+447957497937\",\"legalName\":\"Language Tree Limited\",\"foundingDate\":\"2011-10-10\",\"numberOfEmployees\":{\"@type\":\"QuantitativeValue\",\"minValue\":\"11\",\"maxValue\":\"50\"}}]}<\/script>\n<!-- \/ Yoast SEO Premium plugin. -->","yoast_head_json":{"title":"Surf en Cornouailles avec Language Tree dans notre \u00e9cole d'\u00e9t\u00e9","description":"Profitez de superbes excursions l'apr\u00e8s-midi pour apprendre \u00e0 surfer dans le cadre de notre \u00e9cole d'\u00e9t\u00e9 Language Tree. Des le\u00e7ons de surf de qualit\u00e9 !","robots":{"index":"index","follow":"follow","max-snippet":"max-snippet:-1","max-image-preview":"max-image-preview:large","max-video-preview":"max-video-preview:-1"},"canonical":"https:\/\/languagetreeschool.com\/fr\/notre-ecole\/activites-sociales-et-excursions\/surf\/","og_locale":"fr_FR","og_type":"article","og_title":"Surf en Cornouailles avec Language Tree dans notre \u00e9cole d'\u00e9t\u00e9","og_description":"Profitez de superbes excursions l'apr\u00e8s-midi pour apprendre \u00e0 surfer dans le cadre de notre \u00e9cole d'\u00e9t\u00e9 Language Tree. Des le\u00e7ons de surf de qualit\u00e9 !","og_url":"https:\/\/languagetreeschool.com\/fr\/notre-ecole\/activites-sociales-et-excursions\/surf\/","og_site_name":"Language Tree","article_publisher":"https:\/\/www.facebook.com\/languagetreecornwall","og_image":[{"width":1500,"height":1500,"url":"https:\/\/languagetreeschool.com\/wp-content\/uploads\/2025\/07\/WLT-surfing-newquay-e1759676293514.jpg","type":"image\/jpeg"}],"twitter_card":"summary_large_image","twitter_title":"Surf en Cornouailles avec Language Tree dans notre \u00e9cole d'\u00e9t\u00e9","twitter_description":"Profitez de superbes excursions l'apr\u00e8s-midi pour apprendre \u00e0 surfer dans le cadre de notre \u00e9cole d'\u00e9t\u00e9 Language Tree. Des le\u00e7ons de surf de qualit\u00e9 !","schema":{"@context":"https:\/\/schema.org","@graph":[{"@type":"WebPage","@id":"https:\/\/languagetreeschool.com\/fr\/notre-ecole\/activites-sociales-et-excursions\/surf\/","url":"https:\/\/languagetreeschool.com\/fr\/notre-ecole\/activites-sociales-et-excursions\/surf\/","name":"Surf en Cornouailles avec Language Tree dans notre \u00e9cole d'\u00e9t\u00e9","isPartOf":{"@id":"https:\/\/languagetreeschool.com\/fr\/#website"},"primaryImageOfPage":{"@id":"https:\/\/languagetreeschool.com\/fr\/notre-ecole\/activites-sociales-et-excursions\/surf\/#primaryimage"},"image":{"@id":"https:\/\/languagetreeschool.com\/fr\/notre-ecole\/activites-sociales-et-excursions\/surf\/#primaryimage"},"thumbnailUrl":"https:\/\/languagetreeschool.com\/wp-content\/uploads\/2025\/07\/WLT-surfing-newquay-e1759676293514.jpg","datePublished":"2026-02-08T12:28:07+00:00","description":"Profitez de superbes excursions l'apr\u00e8s-midi pour apprendre \u00e0 surfer dans le cadre de notre \u00e9cole d'\u00e9t\u00e9 Language Tree. Des le\u00e7ons de surf de qualit\u00e9 !","breadcrumb":{"@id":"https:\/\/languagetreeschool.com\/fr\/notre-ecole\/activites-sociales-et-excursions\/surf\/#breadcrumb"},"inLanguage":"fr-FR","potentialAction":[{"@type":"ReadAction","target":["https:\/\/languagetreeschool.com\/fr\/notre-ecole\/activites-sociales-et-excursions\/surf\/"]}]},{"@type":"ImageObject","inLanguage":"fr-FR","@id":"https:\/\/languagetreeschool.com\/fr\/notre-ecole\/activites-sociales-et-excursions\/surf\/#primaryimage","url":"https:\/\/languagetreeschool.com\/wp-content\/uploads\/2025\/07\/WLT-surfing-newquay-e1759676293514.jpg","contentUrl":"https:\/\/languagetreeschool.com\/wp-content\/uploads\/2025\/07\/WLT-surfing-newquay-e1759676293514.jpg","width":1500,"height":1500,"caption":"Language Tree student surfing, Newquay."},{"@type":"BreadcrumbList","@id":"https:\/\/languagetreeschool.com\/fr\/notre-ecole\/activites-sociales-et-excursions\/surf\/#breadcrumb","itemListElement":[{"@type":"ListItem","position":1,"name":"Accueil","item":"https:\/\/languagetreeschool.com\/fr\/accueil\/"},{"@type":"ListItem","position":2,"name":"Notre \u00e9cole","item":"https:\/\/languagetreeschool.com\/fr\/notre-ecole\/"},{"@type":"ListItem","position":3,"name":"Activit\u00e9s sociales et excursions","item":"https:\/\/languagetreeschool.com\/fr\/notre-ecole\/activites-sociales-et-excursions\/"},{"@type":"ListItem","position":4,"name":"Surf"}]},{"@type":"WebSite","@id":"https:\/\/languagetreeschool.com\/fr\/#website","url":"https:\/\/languagetreeschool.com\/fr\/","name":"Language Tree","description":"Language, culture &amp; adventure","publisher":{"@id":"https:\/\/languagetreeschool.com\/fr\/#organization"},"potentialAction":[{"@type":"SearchAction","target":{"@type":"EntryPoint","urlTemplate":"https:\/\/languagetreeschool.com\/fr\/?s={search_term_string}"},"query-input":{"@type":"PropertyValueSpecification","valueRequired":true,"valueName":"search_term_string"}}],"inLanguage":"fr-FR"},{"@type":"Organization","@id":"https:\/\/languagetreeschool.com\/fr\/#organization","name":"Language Tree","url":"https:\/\/languagetreeschool.com\/fr\/","logo":{"@type":"ImageObject","inLanguage":"fr-FR","@id":"https:\/\/languagetreeschool.com\/fr\/#\/schema\/logo\/image\/","url":"https:\/\/languagetreeschool.com\/wp-content\/uploads\/2026\/03\/LT-icon-1.jpg","contentUrl":"https:\/\/languagetreeschool.com\/wp-content\/uploads\/2026\/03\/LT-icon-1.jpg","width":1396,"height":1909,"caption":"Language Tree"},"image":{"@id":"https:\/\/languagetreeschool.com\/fr\/#\/schema\/logo\/image\/"},"sameAs":["https:\/\/www.facebook.com\/languagetreecornwall","https:\/\/www.instagram.com\/languagetreeschool"],"description":"British Council accredited English language Summer School in Cornwall. Welcoming teenagers, families and adults from around the world to our university campus.","email":"info@languagetreeschool.com","telephone":"+447957497937","legalName":"Language Tree Limited","foundingDate":"2011-10-10","numberOfEmployees":{"@type":"QuantitativeValue","minValue":"11","maxValue":"50"}}]}},"_links":{"self":[{"href":"https:\/\/languagetreeschool.com\/fr\/wp-json\/wp\/v2\/pages\/14078","targetHints":{"allow":["GET"]}}],"collection":[{"href":"https:\/\/languagetreeschool.com\/fr\/wp-json\/wp\/v2\/pages"}],"about":[{"href":"https:\/\/languagetreeschool.com\/fr\/wp-json\/wp\/v2\/types\/page"}],"author":[{"embeddable":true,"href":"https:\/\/languagetreeschool.com\/fr\/wp-json\/wp\/v2\/users\/6"}],"replies":[{"embeddable":true,"href":"https:\/\/languagetreeschool.com\/fr\/wp-json\/wp\/v2\/comments?post=14078"}],"version-history":[{"count":0,"href":"https:\/\/languagetreeschool.com\/fr\/wp-json\/wp\/v2\/pages\/14078\/revisions"}],"up":[{"embeddable":true,"href":"https:\/\/languagetreeschool.com\/fr\/wp-json\/wp\/v2\/pages\/4625"}],"wp:featuredmedia":[{"embeddable":true,"href":"https:\/\/languagetreeschool.com\/fr\/wp-json\/wp\/v2\/media\/1454"}],"wp:attachment":[{"href":"https:\/\/languagetreeschool.com\/fr\/wp-json\/wp\/v2\/media?parent=14078"}],"curies":[{"name":"wp","href":"https:\/\/api.w.org\/{rel}","templated":true}]}}