{"id":12431,"date":"2025-11-04T15:43:41","date_gmt":"2025-11-04T15:43:41","guid":{"rendered":"https:\/\/languagetreeschool.com\/visitez-le-projet-eden\/"},"modified":"2025-12-15T14:51:29","modified_gmt":"2025-12-15T14:51:29","slug":"visitez-le-projet-eden","status":"publish","type":"page","link":"https:\/\/languagetreeschool.com\/fr\/visitez-le-projet-eden\/","title":{"rendered":"Visitez le projet Eden"},"content":{"rendered":"","protected":false},"excerpt":{"rendered":"","protected":false},"author":6,"featured_media":7088,"parent":0,"menu_order":0,"comment_status":"closed","ping_status":"closed","template":"","meta":{"_acf_changed":false,"footnotes":""},"class_list":["post-12431","page","type-page","status-publish","has-post-thumbnail","hentry"],"acf":[],"yoast_head":"<!-- This site is optimized with the Yoast SEO Premium plugin v26.6 (Yoast SEO v26.6) - https:\/\/yoast.com\/wordpress\/plugins\/seo\/ -->\n<title>The Eden Project - D\u00e9couvrez la biodiversit\u00e9 et le d\u00e9veloppement durable avec nous<\/title>\n<meta name=\"description\" content=\"Explorez les biomes inspirants d&#039;Eden avec nos guides et apprenez comment les plantes sont essentielles \u00e0 tous les aspects de notre vie. Possibilit\u00e9 de faire de la tyrolienne !\" \/>\n<meta name=\"robots\" content=\"index, follow, max-snippet:-1, max-image-preview:large, max-video-preview:-1\" \/>\n<link rel=\"canonical\" href=\"https:\/\/languagetreeschool.com\/fr\/visitez-le-projet-eden\/\" \/>\n<meta property=\"og:locale\" content=\"fr_FR\" \/>\n<meta property=\"og:type\" content=\"article\" \/>\n<meta property=\"og:title\" content=\"The Eden Project - D\u00e9couvrez la biodiversit\u00e9 et le d\u00e9veloppement durable avec nous\" \/>\n<meta property=\"og:description\" content=\"Explorez les biomes inspirants d&#039;Eden avec nos guides et apprenez comment les plantes sont essentielles \u00e0 tous les aspects de notre vie. Possibilit\u00e9 de faire de la tyrolienne !\" \/>\n<meta property=\"og:url\" content=\"https:\/\/languagetreeschool.com\/fr\/visitez-le-projet-eden\/\" \/>\n<meta property=\"og:site_name\" content=\"Language Tree\" \/>\n<meta property=\"article:publisher\" content=\"https:\/\/www.facebook.com\/languagetreecornwall\" \/>\n<meta property=\"article:modified_time\" content=\"2025-12-15T14:51:29+00:00\" \/>\n<meta property=\"og:image\" content=\"https:\/\/languagetreeschool.com\/wp-content\/uploads\/2025\/08\/Walking-into-Eden-Project.jpg\" \/>\n\t<meta property=\"og:image:width\" content=\"2000\" \/>\n\t<meta property=\"og:image:height\" content=\"1334\" \/>\n\t<meta property=\"og:image:type\" content=\"image\/jpeg\" \/>\n<meta name=\"twitter:card\" content=\"summary_large_image\" \/>\n<meta name=\"twitter:title\" content=\"The Eden Project - D\u00e9couvrez la biodiversit\u00e9 et le d\u00e9veloppement durable avec nous\" \/>\n<meta name=\"twitter:description\" content=\"Explorez les biomes inspirants d&#039;Eden avec nos guides et apprenez comment les plantes sont essentielles \u00e0 tous les aspects de notre vie. Possibilit\u00e9 de faire de la tyrolienne !\" \/>\n<script type=\"application\/ld+json\" class=\"yoast-schema-graph\">{\"@context\":\"https:\/\/schema.org\",\"@graph\":[{\"@type\":\"WebPage\",\"@id\":\"https:\/\/languagetreeschool.com\/fr\/visitez-le-projet-eden\/\",\"url\":\"https:\/\/languagetreeschool.com\/fr\/visitez-le-projet-eden\/\",\"name\":\"The Eden Project - D\u00e9couvrez la biodiversit\u00e9 et le d\u00e9veloppement durable avec nous\",\"isPartOf\":{\"@id\":\"https:\/\/languagetreeschool.com\/fr\/#website\"},\"primaryImageOfPage\":{\"@id\":\"https:\/\/languagetreeschool.com\/fr\/visitez-le-projet-eden\/#primaryimage\"},\"image\":{\"@id\":\"https:\/\/languagetreeschool.com\/fr\/visitez-le-projet-eden\/#primaryimage\"},\"thumbnailUrl\":\"https:\/\/languagetreeschool.com\/wp-content\/uploads\/2025\/08\/Walking-into-Eden-Project.jpg\",\"datePublished\":\"2025-11-04T15:43:41+00:00\",\"dateModified\":\"2025-12-15T14:51:29+00:00\",\"description\":\"Explorez les biomes inspirants d'Eden avec nos guides et apprenez comment les plantes sont essentielles \u00e0 tous les aspects de notre vie. Possibilit\u00e9 de faire de la tyrolienne !\",\"breadcrumb\":{\"@id\":\"https:\/\/languagetreeschool.com\/fr\/visitez-le-projet-eden\/#breadcrumb\"},\"inLanguage\":\"fr-FR\",\"potentialAction\":[{\"@type\":\"ReadAction\",\"target\":[\"https:\/\/languagetreeschool.com\/fr\/visitez-le-projet-eden\/\"]}]},{\"@type\":\"ImageObject\",\"inLanguage\":\"fr-FR\",\"@id\":\"https:\/\/languagetreeschool.com\/fr\/visitez-le-projet-eden\/#primaryimage\",\"url\":\"https:\/\/languagetreeschool.com\/wp-content\/uploads\/2025\/08\/Walking-into-Eden-Project.jpg\",\"contentUrl\":\"https:\/\/languagetreeschool.com\/wp-content\/uploads\/2025\/08\/Walking-into-Eden-Project.jpg\",\"width\":2000,\"height\":1334,\"caption\":\"Les \u00e9tudiants de l'\u00e9cole d'\u00e9t\u00e9 pour les familles se prom\u00e8nent autour du projet Eden\"},{\"@type\":\"BreadcrumbList\",\"@id\":\"https:\/\/languagetreeschool.com\/fr\/visitez-le-projet-eden\/#breadcrumb\",\"itemListElement\":[{\"@type\":\"ListItem\",\"position\":1,\"name\":\"Accueil\",\"item\":\"https:\/\/languagetreeschool.com\/fr\/accueil\/\"},{\"@type\":\"ListItem\",\"position\":2,\"name\":\"Visitez le projet Eden\"}]},{\"@type\":\"WebSite\",\"@id\":\"https:\/\/languagetreeschool.com\/fr\/#website\",\"url\":\"https:\/\/languagetreeschool.com\/fr\/\",\"name\":\"Language Tree\",\"description\":\"Language, culture &amp; adventure\",\"publisher\":{\"@id\":\"https:\/\/languagetreeschool.com\/fr\/#organization\"},\"potentialAction\":[{\"@type\":\"SearchAction\",\"target\":{\"@type\":\"EntryPoint\",\"urlTemplate\":\"https:\/\/languagetreeschool.com\/fr\/?s={search_term_string}\"},\"query-input\":{\"@type\":\"PropertyValueSpecification\",\"valueRequired\":true,\"valueName\":\"search_term_string\"}}],\"inLanguage\":\"fr-FR\"},{\"@type\":\"Organization\",\"@id\":\"https:\/\/languagetreeschool.com\/fr\/#organization\",\"name\":\"Language Tree\",\"url\":\"https:\/\/languagetreeschool.com\/fr\/\",\"logo\":{\"@type\":\"ImageObject\",\"inLanguage\":\"fr-FR\",\"@id\":\"https:\/\/languagetreeschool.com\/fr\/#\/schema\/logo\/image\/\",\"url\":\"https:\/\/languagetreeschool.com\/wp-content\/uploads\/2026\/03\/LT-icon-1.jpg\",\"contentUrl\":\"https:\/\/languagetreeschool.com\/wp-content\/uploads\/2026\/03\/LT-icon-1.jpg\",\"width\":1396,\"height\":1909,\"caption\":\"Language Tree\"},\"image\":{\"@id\":\"https:\/\/languagetreeschool.com\/fr\/#\/schema\/logo\/image\/\"},\"sameAs\":[\"https:\/\/www.facebook.com\/languagetreecornwall\",\"https:\/\/www.instagram.com\/languagetreeschool\"],\"description\":\"British Council accredited English language Summer School in Cornwall. Welcoming teenagers, families and adults from around the world to our university campus.\",\"email\":\"info@languagetreeschool.com\",\"telephone\":\"+447957497937\",\"legalName\":\"Language Tree Limited\",\"foundingDate\":\"2011-10-10\",\"numberOfEmployees\":{\"@type\":\"QuantitativeValue\",\"minValue\":\"11\",\"maxValue\":\"50\"}}]}<\/script>\n<!-- \/ Yoast SEO Premium plugin. -->","yoast_head_json":{"title":"The Eden Project - D\u00e9couvrez la biodiversit\u00e9 et le d\u00e9veloppement durable avec nous","description":"Explorez les biomes inspirants d'Eden avec nos guides et apprenez comment les plantes sont essentielles \u00e0 tous les aspects de notre vie. Possibilit\u00e9 de faire de la tyrolienne !","robots":{"index":"index","follow":"follow","max-snippet":"max-snippet:-1","max-image-preview":"max-image-preview:large","max-video-preview":"max-video-preview:-1"},"canonical":"https:\/\/languagetreeschool.com\/fr\/visitez-le-projet-eden\/","og_locale":"fr_FR","og_type":"article","og_title":"The Eden Project - D\u00e9couvrez la biodiversit\u00e9 et le d\u00e9veloppement durable avec nous","og_description":"Explorez les biomes inspirants d'Eden avec nos guides et apprenez comment les plantes sont essentielles \u00e0 tous les aspects de notre vie. Possibilit\u00e9 de faire de la tyrolienne !","og_url":"https:\/\/languagetreeschool.com\/fr\/visitez-le-projet-eden\/","og_site_name":"Language Tree","article_publisher":"https:\/\/www.facebook.com\/languagetreecornwall","article_modified_time":"2025-12-15T14:51:29+00:00","og_image":[{"width":2000,"height":1334,"url":"https:\/\/languagetreeschool.com\/wp-content\/uploads\/2025\/08\/Walking-into-Eden-Project.jpg","type":"image\/jpeg"}],"twitter_card":"summary_large_image","twitter_title":"The Eden Project - D\u00e9couvrez la biodiversit\u00e9 et le d\u00e9veloppement durable avec nous","twitter_description":"Explorez les biomes inspirants d'Eden avec nos guides et apprenez comment les plantes sont essentielles \u00e0 tous les aspects de notre vie. Possibilit\u00e9 de faire de la tyrolienne !","schema":{"@context":"https:\/\/schema.org","@graph":[{"@type":"WebPage","@id":"https:\/\/languagetreeschool.com\/fr\/visitez-le-projet-eden\/","url":"https:\/\/languagetreeschool.com\/fr\/visitez-le-projet-eden\/","name":"The Eden Project - D\u00e9couvrez la biodiversit\u00e9 et le d\u00e9veloppement durable avec nous","isPartOf":{"@id":"https:\/\/languagetreeschool.com\/fr\/#website"},"primaryImageOfPage":{"@id":"https:\/\/languagetreeschool.com\/fr\/visitez-le-projet-eden\/#primaryimage"},"image":{"@id":"https:\/\/languagetreeschool.com\/fr\/visitez-le-projet-eden\/#primaryimage"},"thumbnailUrl":"https:\/\/languagetreeschool.com\/wp-content\/uploads\/2025\/08\/Walking-into-Eden-Project.jpg","datePublished":"2025-11-04T15:43:41+00:00","dateModified":"2025-12-15T14:51:29+00:00","description":"Explorez les biomes inspirants d'Eden avec nos guides et apprenez comment les plantes sont essentielles \u00e0 tous les aspects de notre vie. Possibilit\u00e9 de faire de la tyrolienne !","breadcrumb":{"@id":"https:\/\/languagetreeschool.com\/fr\/visitez-le-projet-eden\/#breadcrumb"},"inLanguage":"fr-FR","potentialAction":[{"@type":"ReadAction","target":["https:\/\/languagetreeschool.com\/fr\/visitez-le-projet-eden\/"]}]},{"@type":"ImageObject","inLanguage":"fr-FR","@id":"https:\/\/languagetreeschool.com\/fr\/visitez-le-projet-eden\/#primaryimage","url":"https:\/\/languagetreeschool.com\/wp-content\/uploads\/2025\/08\/Walking-into-Eden-Project.jpg","contentUrl":"https:\/\/languagetreeschool.com\/wp-content\/uploads\/2025\/08\/Walking-into-Eden-Project.jpg","width":2000,"height":1334,"caption":"Les \u00e9tudiants de l'\u00e9cole d'\u00e9t\u00e9 pour les familles se prom\u00e8nent autour du projet Eden"},{"@type":"BreadcrumbList","@id":"https:\/\/languagetreeschool.com\/fr\/visitez-le-projet-eden\/#breadcrumb","itemListElement":[{"@type":"ListItem","position":1,"name":"Accueil","item":"https:\/\/languagetreeschool.com\/fr\/accueil\/"},{"@type":"ListItem","position":2,"name":"Visitez le projet Eden"}]},{"@type":"WebSite","@id":"https:\/\/languagetreeschool.com\/fr\/#website","url":"https:\/\/languagetreeschool.com\/fr\/","name":"Language Tree","description":"Language, culture &amp; adventure","publisher":{"@id":"https:\/\/languagetreeschool.com\/fr\/#organization"},"potentialAction":[{"@type":"SearchAction","target":{"@type":"EntryPoint","urlTemplate":"https:\/\/languagetreeschool.com\/fr\/?s={search_term_string}"},"query-input":{"@type":"PropertyValueSpecification","valueRequired":true,"valueName":"search_term_string"}}],"inLanguage":"fr-FR"},{"@type":"Organization","@id":"https:\/\/languagetreeschool.com\/fr\/#organization","name":"Language Tree","url":"https:\/\/languagetreeschool.com\/fr\/","logo":{"@type":"ImageObject","inLanguage":"fr-FR","@id":"https:\/\/languagetreeschool.com\/fr\/#\/schema\/logo\/image\/","url":"https:\/\/languagetreeschool.com\/wp-content\/uploads\/2026\/03\/LT-icon-1.jpg","contentUrl":"https:\/\/languagetreeschool.com\/wp-content\/uploads\/2026\/03\/LT-icon-1.jpg","width":1396,"height":1909,"caption":"Language Tree"},"image":{"@id":"https:\/\/languagetreeschool.com\/fr\/#\/schema\/logo\/image\/"},"sameAs":["https:\/\/www.facebook.com\/languagetreecornwall","https:\/\/www.instagram.com\/languagetreeschool"],"description":"British Council accredited English language Summer School in Cornwall. Welcoming teenagers, families and adults from around the world to our university campus.","email":"info@languagetreeschool.com","telephone":"+447957497937","legalName":"Language Tree Limited","foundingDate":"2011-10-10","numberOfEmployees":{"@type":"QuantitativeValue","minValue":"11","maxValue":"50"}}]}},"_links":{"self":[{"href":"https:\/\/languagetreeschool.com\/fr\/wp-json\/wp\/v2\/pages\/12431","targetHints":{"allow":["GET"]}}],"collection":[{"href":"https:\/\/languagetreeschool.com\/fr\/wp-json\/wp\/v2\/pages"}],"about":[{"href":"https:\/\/languagetreeschool.com\/fr\/wp-json\/wp\/v2\/types\/page"}],"author":[{"embeddable":true,"href":"https:\/\/languagetreeschool.com\/fr\/wp-json\/wp\/v2\/users\/6"}],"replies":[{"embeddable":true,"href":"https:\/\/languagetreeschool.com\/fr\/wp-json\/wp\/v2\/comments?post=12431"}],"version-history":[{"count":1,"href":"https:\/\/languagetreeschool.com\/fr\/wp-json\/wp\/v2\/pages\/12431\/revisions"}],"predecessor-version":[{"id":13596,"href":"https:\/\/languagetreeschool.com\/fr\/wp-json\/wp\/v2\/pages\/12431\/revisions\/13596"}],"wp:featuredmedia":[{"embeddable":true,"href":"https:\/\/languagetreeschool.com\/fr\/wp-json\/wp\/v2\/media\/7088"}],"wp:attachment":[{"href":"https:\/\/languagetreeschool.com\/fr\/wp-json\/wp\/v2\/media?parent=12431"}],"curies":[{"name":"wp","href":"https:\/\/api.w.org\/{rel}","templated":true}]}}