{"id":12323,"date":"2025-10-31T12:15:28","date_gmt":"2025-10-31T12:15:28","guid":{"rendered":"https:\/\/languagetreeschool.com\/our-school\/social-activities-excursions\/excursions-a-la-maison-et-aux-jardins-de-lanhydrock\/"},"modified":"2025-12-15T14:49:09","modified_gmt":"2025-12-15T14:49:09","slug":"excursions-a-la-maison-et-aux-jardins-de-lanhydrock","status":"publish","type":"page","link":"https:\/\/languagetreeschool.com\/fr\/notre-ecole\/activites-sociales-et-excursions\/excursions-a-la-maison-et-aux-jardins-de-lanhydrock\/","title":{"rendered":"Excursions \u00e0 la maison et aux jardins de Lanhydrock"},"content":{"rendered":"","protected":false},"excerpt":{"rendered":"","protected":false},"author":6,"featured_media":5032,"parent":4625,"menu_order":0,"comment_status":"closed","ping_status":"closed","template":"","meta":{"_acf_changed":false,"footnotes":""},"class_list":["post-12323","page","type-page","status-publish","has-post-thumbnail","hentry"],"acf":[],"yoast_head":"<!-- This site is optimized with the Yoast SEO Premium plugin v26.6 (Yoast SEO v26.6) - https:\/\/yoast.com\/wordpress\/plugins\/seo\/ -->\n<title>Excursions \u00e0 Lanhydrock House | Language Tree Summer School<\/title>\n<meta name=\"description\" content=\"D\u00e9couvrez la maison Lanhydrock lors de visites priv\u00e9es men\u00e9es par notre personnel comp\u00e9tent. D\u00e9couvrez la maison, ses jardins et ses histoires...\" \/>\n<meta name=\"robots\" content=\"index, follow, max-snippet:-1, max-image-preview:large, max-video-preview:-1\" \/>\n<link rel=\"canonical\" href=\"https:\/\/languagetreeschool.com\/fr\/notre-ecole\/activites-sociales-et-excursions\/excursions-a-la-maison-et-aux-jardins-de-lanhydrock\/\" \/>\n<meta property=\"og:locale\" content=\"fr_FR\" \/>\n<meta property=\"og:type\" content=\"article\" \/>\n<meta property=\"og:title\" content=\"Excursions \u00e0 Lanhydrock House | Language Tree Summer School\" \/>\n<meta property=\"og:description\" content=\"D\u00e9couvrez la maison Lanhydrock lors de visites priv\u00e9es men\u00e9es par notre personnel comp\u00e9tent. D\u00e9couvrez la maison, ses jardins et ses histoires...\" \/>\n<meta property=\"og:url\" content=\"https:\/\/languagetreeschool.com\/fr\/notre-ecole\/activites-sociales-et-excursions\/excursions-a-la-maison-et-aux-jardins-de-lanhydrock\/\" \/>\n<meta property=\"og:site_name\" content=\"Language Tree\" \/>\n<meta property=\"article:publisher\" content=\"https:\/\/www.facebook.com\/languagetreecornwall\" \/>\n<meta property=\"article:modified_time\" content=\"2025-12-15T14:49:09+00:00\" \/>\n<meta property=\"og:image\" content=\"https:\/\/languagetreeschool.com\/wp-content\/uploads\/2025\/07\/lanhydrock-group.jpg\" \/>\n\t<meta property=\"og:image:width\" content=\"1500\" \/>\n\t<meta property=\"og:image:height\" content=\"1001\" \/>\n\t<meta property=\"og:image:type\" content=\"image\/jpeg\" \/>\n<meta name=\"twitter:card\" content=\"summary_large_image\" \/>\n<meta name=\"twitter:title\" content=\"Excursions \u00e0 Lanhydrock House | Language Tree Summer School\" \/>\n<meta name=\"twitter:description\" content=\"D\u00e9couvrez la maison Lanhydrock lors de visites priv\u00e9es men\u00e9es par notre personnel comp\u00e9tent. D\u00e9couvrez la maison, ses jardins et ses histoires...\" \/>\n<script type=\"application\/ld+json\" class=\"yoast-schema-graph\">{\"@context\":\"https:\/\/schema.org\",\"@graph\":[{\"@type\":\"WebPage\",\"@id\":\"https:\/\/languagetreeschool.com\/fr\/notre-ecole\/activites-sociales-et-excursions\/excursions-a-la-maison-et-aux-jardins-de-lanhydrock\/\",\"url\":\"https:\/\/languagetreeschool.com\/fr\/notre-ecole\/activites-sociales-et-excursions\/excursions-a-la-maison-et-aux-jardins-de-lanhydrock\/\",\"name\":\"Excursions \u00e0 Lanhydrock House | Language Tree Summer School\",\"isPartOf\":{\"@id\":\"https:\/\/languagetreeschool.com\/fr\/#website\"},\"primaryImageOfPage\":{\"@id\":\"https:\/\/languagetreeschool.com\/fr\/notre-ecole\/activites-sociales-et-excursions\/excursions-a-la-maison-et-aux-jardins-de-lanhydrock\/#primaryimage\"},\"image\":{\"@id\":\"https:\/\/languagetreeschool.com\/fr\/notre-ecole\/activites-sociales-et-excursions\/excursions-a-la-maison-et-aux-jardins-de-lanhydrock\/#primaryimage\"},\"thumbnailUrl\":\"https:\/\/languagetreeschool.com\/wp-content\/uploads\/2025\/07\/lanhydrock-group.jpg\",\"datePublished\":\"2025-10-31T12:15:28+00:00\",\"dateModified\":\"2025-12-15T14:49:09+00:00\",\"description\":\"D\u00e9couvrez la maison Lanhydrock lors de visites priv\u00e9es men\u00e9es par notre personnel comp\u00e9tent. D\u00e9couvrez la maison, ses jardins et ses histoires...\",\"breadcrumb\":{\"@id\":\"https:\/\/languagetreeschool.com\/fr\/notre-ecole\/activites-sociales-et-excursions\/excursions-a-la-maison-et-aux-jardins-de-lanhydrock\/#breadcrumb\"},\"inLanguage\":\"fr-FR\",\"potentialAction\":[{\"@type\":\"ReadAction\",\"target\":[\"https:\/\/languagetreeschool.com\/fr\/notre-ecole\/activites-sociales-et-excursions\/excursions-a-la-maison-et-aux-jardins-de-lanhydrock\/\"]}]},{\"@type\":\"ImageObject\",\"inLanguage\":\"fr-FR\",\"@id\":\"https:\/\/languagetreeschool.com\/fr\/notre-ecole\/activites-sociales-et-excursions\/excursions-a-la-maison-et-aux-jardins-de-lanhydrock\/#primaryimage\",\"url\":\"https:\/\/languagetreeschool.com\/wp-content\/uploads\/2025\/07\/lanhydrock-group.jpg\",\"contentUrl\":\"https:\/\/languagetreeschool.com\/wp-content\/uploads\/2025\/07\/lanhydrock-group.jpg\",\"width\":1500,\"height\":1001,\"caption\":\"Cours d'\u00e9t\u00e9 pour les jeunes \u00e0 Lanhydrock House and Gardens\"},{\"@type\":\"BreadcrumbList\",\"@id\":\"https:\/\/languagetreeschool.com\/fr\/notre-ecole\/activites-sociales-et-excursions\/excursions-a-la-maison-et-aux-jardins-de-lanhydrock\/#breadcrumb\",\"itemListElement\":[{\"@type\":\"ListItem\",\"position\":1,\"name\":\"Accueil\",\"item\":\"https:\/\/languagetreeschool.com\/fr\/accueil\/\"},{\"@type\":\"ListItem\",\"position\":2,\"name\":\"Notre \u00e9cole\",\"item\":\"https:\/\/languagetreeschool.com\/fr\/notre-ecole\/\"},{\"@type\":\"ListItem\",\"position\":3,\"name\":\"Activit\u00e9s sociales et excursions\",\"item\":\"https:\/\/languagetreeschool.com\/fr\/notre-ecole\/activites-sociales-et-excursions\/\"},{\"@type\":\"ListItem\",\"position\":4,\"name\":\"Excursions \u00e0 la maison et aux jardins de Lanhydrock\"}]},{\"@type\":\"WebSite\",\"@id\":\"https:\/\/languagetreeschool.com\/fr\/#website\",\"url\":\"https:\/\/languagetreeschool.com\/fr\/\",\"name\":\"Language Tree\",\"description\":\"Language, culture &amp; adventure\",\"publisher\":{\"@id\":\"https:\/\/languagetreeschool.com\/fr\/#organization\"},\"potentialAction\":[{\"@type\":\"SearchAction\",\"target\":{\"@type\":\"EntryPoint\",\"urlTemplate\":\"https:\/\/languagetreeschool.com\/fr\/?s={search_term_string}\"},\"query-input\":{\"@type\":\"PropertyValueSpecification\",\"valueRequired\":true,\"valueName\":\"search_term_string\"}}],\"inLanguage\":\"fr-FR\"},{\"@type\":\"Organization\",\"@id\":\"https:\/\/languagetreeschool.com\/fr\/#organization\",\"name\":\"Language Tree\",\"url\":\"https:\/\/languagetreeschool.com\/fr\/\",\"logo\":{\"@type\":\"ImageObject\",\"inLanguage\":\"fr-FR\",\"@id\":\"https:\/\/languagetreeschool.com\/fr\/#\/schema\/logo\/image\/\",\"url\":\"https:\/\/languagetreeschool.com\/wp-content\/uploads\/2026\/03\/LT-icon-1.jpg\",\"contentUrl\":\"https:\/\/languagetreeschool.com\/wp-content\/uploads\/2026\/03\/LT-icon-1.jpg\",\"width\":1396,\"height\":1909,\"caption\":\"Language Tree\"},\"image\":{\"@id\":\"https:\/\/languagetreeschool.com\/fr\/#\/schema\/logo\/image\/\"},\"sameAs\":[\"https:\/\/www.facebook.com\/languagetreecornwall\",\"https:\/\/www.instagram.com\/languagetreeschool\"],\"description\":\"British Council accredited English language Summer School in Cornwall. Welcoming teenagers, families and adults from around the world to our university campus.\",\"email\":\"info@languagetreeschool.com\",\"telephone\":\"+447957497937\",\"legalName\":\"Language Tree Limited\",\"foundingDate\":\"2011-10-10\",\"numberOfEmployees\":{\"@type\":\"QuantitativeValue\",\"minValue\":\"11\",\"maxValue\":\"50\"}}]}<\/script>\n<!-- \/ Yoast SEO Premium plugin. -->","yoast_head_json":{"title":"Excursions \u00e0 Lanhydrock House | Language Tree Summer School","description":"D\u00e9couvrez la maison Lanhydrock lors de visites priv\u00e9es men\u00e9es par notre personnel comp\u00e9tent. D\u00e9couvrez la maison, ses jardins et ses histoires...","robots":{"index":"index","follow":"follow","max-snippet":"max-snippet:-1","max-image-preview":"max-image-preview:large","max-video-preview":"max-video-preview:-1"},"canonical":"https:\/\/languagetreeschool.com\/fr\/notre-ecole\/activites-sociales-et-excursions\/excursions-a-la-maison-et-aux-jardins-de-lanhydrock\/","og_locale":"fr_FR","og_type":"article","og_title":"Excursions \u00e0 Lanhydrock House | Language Tree Summer School","og_description":"D\u00e9couvrez la maison Lanhydrock lors de visites priv\u00e9es men\u00e9es par notre personnel comp\u00e9tent. D\u00e9couvrez la maison, ses jardins et ses histoires...","og_url":"https:\/\/languagetreeschool.com\/fr\/notre-ecole\/activites-sociales-et-excursions\/excursions-a-la-maison-et-aux-jardins-de-lanhydrock\/","og_site_name":"Language Tree","article_publisher":"https:\/\/www.facebook.com\/languagetreecornwall","article_modified_time":"2025-12-15T14:49:09+00:00","og_image":[{"width":1500,"height":1001,"url":"https:\/\/languagetreeschool.com\/wp-content\/uploads\/2025\/07\/lanhydrock-group.jpg","type":"image\/jpeg"}],"twitter_card":"summary_large_image","twitter_title":"Excursions \u00e0 Lanhydrock House | Language Tree Summer School","twitter_description":"D\u00e9couvrez la maison Lanhydrock lors de visites priv\u00e9es men\u00e9es par notre personnel comp\u00e9tent. D\u00e9couvrez la maison, ses jardins et ses histoires...","schema":{"@context":"https:\/\/schema.org","@graph":[{"@type":"WebPage","@id":"https:\/\/languagetreeschool.com\/fr\/notre-ecole\/activites-sociales-et-excursions\/excursions-a-la-maison-et-aux-jardins-de-lanhydrock\/","url":"https:\/\/languagetreeschool.com\/fr\/notre-ecole\/activites-sociales-et-excursions\/excursions-a-la-maison-et-aux-jardins-de-lanhydrock\/","name":"Excursions \u00e0 Lanhydrock House | Language Tree Summer School","isPartOf":{"@id":"https:\/\/languagetreeschool.com\/fr\/#website"},"primaryImageOfPage":{"@id":"https:\/\/languagetreeschool.com\/fr\/notre-ecole\/activites-sociales-et-excursions\/excursions-a-la-maison-et-aux-jardins-de-lanhydrock\/#primaryimage"},"image":{"@id":"https:\/\/languagetreeschool.com\/fr\/notre-ecole\/activites-sociales-et-excursions\/excursions-a-la-maison-et-aux-jardins-de-lanhydrock\/#primaryimage"},"thumbnailUrl":"https:\/\/languagetreeschool.com\/wp-content\/uploads\/2025\/07\/lanhydrock-group.jpg","datePublished":"2025-10-31T12:15:28+00:00","dateModified":"2025-12-15T14:49:09+00:00","description":"D\u00e9couvrez la maison Lanhydrock lors de visites priv\u00e9es men\u00e9es par notre personnel comp\u00e9tent. D\u00e9couvrez la maison, ses jardins et ses histoires...","breadcrumb":{"@id":"https:\/\/languagetreeschool.com\/fr\/notre-ecole\/activites-sociales-et-excursions\/excursions-a-la-maison-et-aux-jardins-de-lanhydrock\/#breadcrumb"},"inLanguage":"fr-FR","potentialAction":[{"@type":"ReadAction","target":["https:\/\/languagetreeschool.com\/fr\/notre-ecole\/activites-sociales-et-excursions\/excursions-a-la-maison-et-aux-jardins-de-lanhydrock\/"]}]},{"@type":"ImageObject","inLanguage":"fr-FR","@id":"https:\/\/languagetreeschool.com\/fr\/notre-ecole\/activites-sociales-et-excursions\/excursions-a-la-maison-et-aux-jardins-de-lanhydrock\/#primaryimage","url":"https:\/\/languagetreeschool.com\/wp-content\/uploads\/2025\/07\/lanhydrock-group.jpg","contentUrl":"https:\/\/languagetreeschool.com\/wp-content\/uploads\/2025\/07\/lanhydrock-group.jpg","width":1500,"height":1001,"caption":"Cours d'\u00e9t\u00e9 pour les jeunes \u00e0 Lanhydrock House and Gardens"},{"@type":"BreadcrumbList","@id":"https:\/\/languagetreeschool.com\/fr\/notre-ecole\/activites-sociales-et-excursions\/excursions-a-la-maison-et-aux-jardins-de-lanhydrock\/#breadcrumb","itemListElement":[{"@type":"ListItem","position":1,"name":"Accueil","item":"https:\/\/languagetreeschool.com\/fr\/accueil\/"},{"@type":"ListItem","position":2,"name":"Notre \u00e9cole","item":"https:\/\/languagetreeschool.com\/fr\/notre-ecole\/"},{"@type":"ListItem","position":3,"name":"Activit\u00e9s sociales et excursions","item":"https:\/\/languagetreeschool.com\/fr\/notre-ecole\/activites-sociales-et-excursions\/"},{"@type":"ListItem","position":4,"name":"Excursions \u00e0 la maison et aux jardins de Lanhydrock"}]},{"@type":"WebSite","@id":"https:\/\/languagetreeschool.com\/fr\/#website","url":"https:\/\/languagetreeschool.com\/fr\/","name":"Language Tree","description":"Language, culture &amp; adventure","publisher":{"@id":"https:\/\/languagetreeschool.com\/fr\/#organization"},"potentialAction":[{"@type":"SearchAction","target":{"@type":"EntryPoint","urlTemplate":"https:\/\/languagetreeschool.com\/fr\/?s={search_term_string}"},"query-input":{"@type":"PropertyValueSpecification","valueRequired":true,"valueName":"search_term_string"}}],"inLanguage":"fr-FR"},{"@type":"Organization","@id":"https:\/\/languagetreeschool.com\/fr\/#organization","name":"Language Tree","url":"https:\/\/languagetreeschool.com\/fr\/","logo":{"@type":"ImageObject","inLanguage":"fr-FR","@id":"https:\/\/languagetreeschool.com\/fr\/#\/schema\/logo\/image\/","url":"https:\/\/languagetreeschool.com\/wp-content\/uploads\/2026\/03\/LT-icon-1.jpg","contentUrl":"https:\/\/languagetreeschool.com\/wp-content\/uploads\/2026\/03\/LT-icon-1.jpg","width":1396,"height":1909,"caption":"Language Tree"},"image":{"@id":"https:\/\/languagetreeschool.com\/fr\/#\/schema\/logo\/image\/"},"sameAs":["https:\/\/www.facebook.com\/languagetreecornwall","https:\/\/www.instagram.com\/languagetreeschool"],"description":"British Council accredited English language Summer School in Cornwall. Welcoming teenagers, families and adults from around the world to our university campus.","email":"info@languagetreeschool.com","telephone":"+447957497937","legalName":"Language Tree Limited","foundingDate":"2011-10-10","numberOfEmployees":{"@type":"QuantitativeValue","minValue":"11","maxValue":"50"}}]}},"_links":{"self":[{"href":"https:\/\/languagetreeschool.com\/fr\/wp-json\/wp\/v2\/pages\/12323","targetHints":{"allow":["GET"]}}],"collection":[{"href":"https:\/\/languagetreeschool.com\/fr\/wp-json\/wp\/v2\/pages"}],"about":[{"href":"https:\/\/languagetreeschool.com\/fr\/wp-json\/wp\/v2\/types\/page"}],"author":[{"embeddable":true,"href":"https:\/\/languagetreeschool.com\/fr\/wp-json\/wp\/v2\/users\/6"}],"replies":[{"embeddable":true,"href":"https:\/\/languagetreeschool.com\/fr\/wp-json\/wp\/v2\/comments?post=12323"}],"version-history":[{"count":1,"href":"https:\/\/languagetreeschool.com\/fr\/wp-json\/wp\/v2\/pages\/12323\/revisions"}],"predecessor-version":[{"id":13558,"href":"https:\/\/languagetreeschool.com\/fr\/wp-json\/wp\/v2\/pages\/12323\/revisions\/13558"}],"up":[{"embeddable":true,"href":"https:\/\/languagetreeschool.com\/fr\/wp-json\/wp\/v2\/pages\/4625"}],"wp:featuredmedia":[{"embeddable":true,"href":"https:\/\/languagetreeschool.com\/fr\/wp-json\/wp\/v2\/media\/5032"}],"wp:attachment":[{"href":"https:\/\/languagetreeschool.com\/fr\/wp-json\/wp\/v2\/media?parent=12323"}],"curies":[{"name":"wp","href":"https:\/\/api.w.org\/{rel}","templated":true}]}}