{"id":10590,"date":"2025-08-28T10:20:10","date_gmt":"2025-08-28T09:20:10","guid":{"rendered":"https:\/\/languagetreeschool.com\/?page_id=10590"},"modified":"2025-12-11T16:44:59","modified_gmt":"2025-12-11T16:44:59","slug":"credit-du-site-web","status":"publish","type":"page","link":"https:\/\/languagetreeschool.com\/fr\/credit-du-site-web\/","title":{"rendered":"Cr\u00e9dit du site web"},"content":{"rendered":"","protected":false},"excerpt":{"rendered":"","protected":false},"author":1,"featured_media":1232,"parent":0,"menu_order":53,"comment_status":"closed","ping_status":"closed","template":"","meta":{"_acf_changed":false,"footnotes":""},"class_list":["post-10590","page","type-page","status-publish","has-post-thumbnail","hentry"],"acf":[],"yoast_head":"<!-- This site is optimized with the Yoast SEO Premium plugin v26.6 (Yoast SEO v26.6) - https:\/\/yoast.com\/wordpress\/plugins\/seo\/ -->\n<title>Cr\u00e9dits du site web : Oracle Design &amp; Language Tree<\/title>\n<meta name=\"description\" content=\"D\u00e9couvrez comment Oracle Design a cr\u00e9\u00e9 le site web de Language Tree avec un design personnalis\u00e9, une strat\u00e9gie de r\u00e9f\u00e9rencement et une assistance \u00e0 la migration de contenu en Cornouailles.\" \/>\n<meta name=\"robots\" content=\"index, follow, max-snippet:-1, max-image-preview:large, max-video-preview:-1\" \/>\n<link rel=\"canonical\" href=\"https:\/\/languagetreeschool.com\/fr\/credit-du-site-web\/\" \/>\n<meta property=\"og:locale\" content=\"fr_FR\" \/>\n<meta property=\"og:type\" content=\"article\" \/>\n<meta property=\"og:title\" content=\"Cr\u00e9dit du site web\" \/>\n<meta property=\"og:description\" content=\"D\u00e9couvrez comment Oracle Design a cr\u00e9\u00e9 le site web de Language Tree avec un design personnalis\u00e9, une strat\u00e9gie de r\u00e9f\u00e9rencement et une assistance \u00e0 la migration de contenu en Cornouailles.\" \/>\n<meta property=\"og:url\" content=\"https:\/\/languagetreeschool.com\/fr\/credit-du-site-web\/\" \/>\n<meta property=\"og:site_name\" content=\"Language Tree\" \/>\n<meta property=\"article:publisher\" content=\"https:\/\/www.facebook.com\/languagetreecornwall\" \/>\n<meta property=\"article:modified_time\" content=\"2025-12-11T16:44:59+00:00\" \/>\n<meta property=\"og:image\" content=\"https:\/\/languagetreeschool.com\/wp-content\/uploads\/2025\/07\/language-tree-3.jpg\" \/>\n\t<meta property=\"og:image:width\" content=\"2000\" \/>\n\t<meta property=\"og:image:height\" content=\"1333\" \/>\n\t<meta property=\"og:image:type\" content=\"image\/jpeg\" \/>\n<meta name=\"twitter:card\" content=\"summary_large_image\" \/>\n<meta name=\"twitter:label1\" content=\"Dur\u00e9e de lecture estim\u00e9e\" \/>\n\t<meta name=\"twitter:data1\" content=\"1 minute\" \/>\n<script type=\"application\/ld+json\" class=\"yoast-schema-graph\">{\"@context\":\"https:\/\/schema.org\",\"@graph\":[{\"@type\":\"WebPage\",\"@id\":\"https:\/\/languagetreeschool.com\/fr\/credit-du-site-web\/\",\"url\":\"https:\/\/languagetreeschool.com\/fr\/credit-du-site-web\/\",\"name\":\"Cr\u00e9dits du site web : Oracle Design & Language Tree\",\"isPartOf\":{\"@id\":\"https:\/\/languagetreeschool.com\/fr\/#website\"},\"primaryImageOfPage\":{\"@id\":\"https:\/\/languagetreeschool.com\/fr\/credit-du-site-web\/#primaryimage\"},\"image\":{\"@id\":\"https:\/\/languagetreeschool.com\/fr\/credit-du-site-web\/#primaryimage\"},\"thumbnailUrl\":\"https:\/\/languagetreeschool.com\/wp-content\/uploads\/2025\/07\/language-tree-3.jpg\",\"datePublished\":\"2025-08-28T09:20:10+00:00\",\"dateModified\":\"2025-12-11T16:44:59+00:00\",\"description\":\"D\u00e9couvrez comment Oracle Design a cr\u00e9\u00e9 le site web de Language Tree avec un design personnalis\u00e9, une strat\u00e9gie de r\u00e9f\u00e9rencement et une assistance \u00e0 la migration de contenu en Cornouailles.\",\"breadcrumb\":{\"@id\":\"https:\/\/languagetreeschool.com\/fr\/credit-du-site-web\/#breadcrumb\"},\"inLanguage\":\"fr-FR\",\"potentialAction\":[{\"@type\":\"ReadAction\",\"target\":[\"https:\/\/languagetreeschool.com\/fr\/credit-du-site-web\/\"]}]},{\"@type\":\"ImageObject\",\"inLanguage\":\"fr-FR\",\"@id\":\"https:\/\/languagetreeschool.com\/fr\/credit-du-site-web\/#primaryimage\",\"url\":\"https:\/\/languagetreeschool.com\/wp-content\/uploads\/2025\/07\/language-tree-3.jpg\",\"contentUrl\":\"https:\/\/languagetreeschool.com\/wp-content\/uploads\/2025\/07\/language-tree-3.jpg\",\"width\":2000,\"height\":1333,\"caption\":\"A group of students posing for a photo\"},{\"@type\":\"BreadcrumbList\",\"@id\":\"https:\/\/languagetreeschool.com\/fr\/credit-du-site-web\/#breadcrumb\",\"itemListElement\":[{\"@type\":\"ListItem\",\"position\":1,\"name\":\"Accueil\",\"item\":\"https:\/\/languagetreeschool.com\/fr\/accueil\/\"},{\"@type\":\"ListItem\",\"position\":2,\"name\":\"Cr\u00e9dit du site web\"}]},{\"@type\":\"WebSite\",\"@id\":\"https:\/\/languagetreeschool.com\/fr\/#website\",\"url\":\"https:\/\/languagetreeschool.com\/fr\/\",\"name\":\"Language Tree\",\"description\":\"Language, culture &amp; adventure\",\"publisher\":{\"@id\":\"https:\/\/languagetreeschool.com\/fr\/#organization\"},\"potentialAction\":[{\"@type\":\"SearchAction\",\"target\":{\"@type\":\"EntryPoint\",\"urlTemplate\":\"https:\/\/languagetreeschool.com\/fr\/?s={search_term_string}\"},\"query-input\":{\"@type\":\"PropertyValueSpecification\",\"valueRequired\":true,\"valueName\":\"search_term_string\"}}],\"inLanguage\":\"fr-FR\"},{\"@type\":\"Organization\",\"@id\":\"https:\/\/languagetreeschool.com\/fr\/#organization\",\"name\":\"Language Tree\",\"url\":\"https:\/\/languagetreeschool.com\/fr\/\",\"logo\":{\"@type\":\"ImageObject\",\"inLanguage\":\"fr-FR\",\"@id\":\"https:\/\/languagetreeschool.com\/fr\/#\/schema\/logo\/image\/\",\"url\":\"https:\/\/languagetreeschool.com\/wp-content\/uploads\/2026\/03\/LT-icon-1.jpg\",\"contentUrl\":\"https:\/\/languagetreeschool.com\/wp-content\/uploads\/2026\/03\/LT-icon-1.jpg\",\"width\":1396,\"height\":1909,\"caption\":\"Language Tree\"},\"image\":{\"@id\":\"https:\/\/languagetreeschool.com\/fr\/#\/schema\/logo\/image\/\"},\"sameAs\":[\"https:\/\/www.facebook.com\/languagetreecornwall\",\"https:\/\/www.instagram.com\/languagetreeschool\"],\"description\":\"British Council accredited English language Summer School in Cornwall. Welcoming teenagers, families and adults from around the world to our university campus.\",\"email\":\"info@languagetreeschool.com\",\"telephone\":\"+447957497937\",\"legalName\":\"Language Tree Limited\",\"foundingDate\":\"2011-10-10\",\"numberOfEmployees\":{\"@type\":\"QuantitativeValue\",\"minValue\":\"11\",\"maxValue\":\"50\"}}]}<\/script>\n<!-- \/ Yoast SEO Premium plugin. -->","yoast_head_json":{"title":"Cr\u00e9dits du site web : Oracle Design & Language Tree","description":"D\u00e9couvrez comment Oracle Design a cr\u00e9\u00e9 le site web de Language Tree avec un design personnalis\u00e9, une strat\u00e9gie de r\u00e9f\u00e9rencement et une assistance \u00e0 la migration de contenu en Cornouailles.","robots":{"index":"index","follow":"follow","max-snippet":"max-snippet:-1","max-image-preview":"max-image-preview:large","max-video-preview":"max-video-preview:-1"},"canonical":"https:\/\/languagetreeschool.com\/fr\/credit-du-site-web\/","og_locale":"fr_FR","og_type":"article","og_title":"Cr\u00e9dit du site web","og_description":"D\u00e9couvrez comment Oracle Design a cr\u00e9\u00e9 le site web de Language Tree avec un design personnalis\u00e9, une strat\u00e9gie de r\u00e9f\u00e9rencement et une assistance \u00e0 la migration de contenu en Cornouailles.","og_url":"https:\/\/languagetreeschool.com\/fr\/credit-du-site-web\/","og_site_name":"Language Tree","article_publisher":"https:\/\/www.facebook.com\/languagetreecornwall","article_modified_time":"2025-12-11T16:44:59+00:00","og_image":[{"width":2000,"height":1333,"url":"https:\/\/languagetreeschool.com\/wp-content\/uploads\/2025\/07\/language-tree-3.jpg","type":"image\/jpeg"}],"twitter_card":"summary_large_image","twitter_misc":{"Dur\u00e9e de lecture estim\u00e9e":"1 minute"},"schema":{"@context":"https:\/\/schema.org","@graph":[{"@type":"WebPage","@id":"https:\/\/languagetreeschool.com\/fr\/credit-du-site-web\/","url":"https:\/\/languagetreeschool.com\/fr\/credit-du-site-web\/","name":"Cr\u00e9dits du site web : Oracle Design & Language Tree","isPartOf":{"@id":"https:\/\/languagetreeschool.com\/fr\/#website"},"primaryImageOfPage":{"@id":"https:\/\/languagetreeschool.com\/fr\/credit-du-site-web\/#primaryimage"},"image":{"@id":"https:\/\/languagetreeschool.com\/fr\/credit-du-site-web\/#primaryimage"},"thumbnailUrl":"https:\/\/languagetreeschool.com\/wp-content\/uploads\/2025\/07\/language-tree-3.jpg","datePublished":"2025-08-28T09:20:10+00:00","dateModified":"2025-12-11T16:44:59+00:00","description":"D\u00e9couvrez comment Oracle Design a cr\u00e9\u00e9 le site web de Language Tree avec un design personnalis\u00e9, une strat\u00e9gie de r\u00e9f\u00e9rencement et une assistance \u00e0 la migration de contenu en Cornouailles.","breadcrumb":{"@id":"https:\/\/languagetreeschool.com\/fr\/credit-du-site-web\/#breadcrumb"},"inLanguage":"fr-FR","potentialAction":[{"@type":"ReadAction","target":["https:\/\/languagetreeschool.com\/fr\/credit-du-site-web\/"]}]},{"@type":"ImageObject","inLanguage":"fr-FR","@id":"https:\/\/languagetreeschool.com\/fr\/credit-du-site-web\/#primaryimage","url":"https:\/\/languagetreeschool.com\/wp-content\/uploads\/2025\/07\/language-tree-3.jpg","contentUrl":"https:\/\/languagetreeschool.com\/wp-content\/uploads\/2025\/07\/language-tree-3.jpg","width":2000,"height":1333,"caption":"A group of students posing for a photo"},{"@type":"BreadcrumbList","@id":"https:\/\/languagetreeschool.com\/fr\/credit-du-site-web\/#breadcrumb","itemListElement":[{"@type":"ListItem","position":1,"name":"Accueil","item":"https:\/\/languagetreeschool.com\/fr\/accueil\/"},{"@type":"ListItem","position":2,"name":"Cr\u00e9dit du site web"}]},{"@type":"WebSite","@id":"https:\/\/languagetreeschool.com\/fr\/#website","url":"https:\/\/languagetreeschool.com\/fr\/","name":"Language Tree","description":"Language, culture &amp; adventure","publisher":{"@id":"https:\/\/languagetreeschool.com\/fr\/#organization"},"potentialAction":[{"@type":"SearchAction","target":{"@type":"EntryPoint","urlTemplate":"https:\/\/languagetreeschool.com\/fr\/?s={search_term_string}"},"query-input":{"@type":"PropertyValueSpecification","valueRequired":true,"valueName":"search_term_string"}}],"inLanguage":"fr-FR"},{"@type":"Organization","@id":"https:\/\/languagetreeschool.com\/fr\/#organization","name":"Language Tree","url":"https:\/\/languagetreeschool.com\/fr\/","logo":{"@type":"ImageObject","inLanguage":"fr-FR","@id":"https:\/\/languagetreeschool.com\/fr\/#\/schema\/logo\/image\/","url":"https:\/\/languagetreeschool.com\/wp-content\/uploads\/2026\/03\/LT-icon-1.jpg","contentUrl":"https:\/\/languagetreeschool.com\/wp-content\/uploads\/2026\/03\/LT-icon-1.jpg","width":1396,"height":1909,"caption":"Language Tree"},"image":{"@id":"https:\/\/languagetreeschool.com\/fr\/#\/schema\/logo\/image\/"},"sameAs":["https:\/\/www.facebook.com\/languagetreecornwall","https:\/\/www.instagram.com\/languagetreeschool"],"description":"British Council accredited English language Summer School in Cornwall. Welcoming teenagers, families and adults from around the world to our university campus.","email":"info@languagetreeschool.com","telephone":"+447957497937","legalName":"Language Tree Limited","foundingDate":"2011-10-10","numberOfEmployees":{"@type":"QuantitativeValue","minValue":"11","maxValue":"50"}}]}},"_links":{"self":[{"href":"https:\/\/languagetreeschool.com\/fr\/wp-json\/wp\/v2\/pages\/10590","targetHints":{"allow":["GET"]}}],"collection":[{"href":"https:\/\/languagetreeschool.com\/fr\/wp-json\/wp\/v2\/pages"}],"about":[{"href":"https:\/\/languagetreeschool.com\/fr\/wp-json\/wp\/v2\/types\/page"}],"author":[{"embeddable":true,"href":"https:\/\/languagetreeschool.com\/fr\/wp-json\/wp\/v2\/users\/1"}],"replies":[{"embeddable":true,"href":"https:\/\/languagetreeschool.com\/fr\/wp-json\/wp\/v2\/comments?post=10590"}],"version-history":[{"count":2,"href":"https:\/\/languagetreeschool.com\/fr\/wp-json\/wp\/v2\/pages\/10590\/revisions"}],"predecessor-version":[{"id":12710,"href":"https:\/\/languagetreeschool.com\/fr\/wp-json\/wp\/v2\/pages\/10590\/revisions\/12710"}],"wp:featuredmedia":[{"embeddable":true,"href":"https:\/\/languagetreeschool.com\/fr\/wp-json\/wp\/v2\/media\/1232"}],"wp:attachment":[{"href":"https:\/\/languagetreeschool.com\/fr\/wp-json\/wp\/v2\/media?parent=10590"}],"curies":[{"name":"wp","href":"https:\/\/api.w.org\/{rel}","templated":true}]}}