{"id":4568,"date":"2025-07-15T16:11:11","date_gmt":"2025-07-15T15:11:11","guid":{"rendered":"https:\/\/language.majik-now.co.uk\/history-of-cornwall\/"},"modified":"2026-03-11T21:09:28","modified_gmt":"2026-03-11T21:09:28","slug":"historia-de-cornualles","status":"publish","type":"page","link":"https:\/\/languagetreeschool.com\/es\/cornualles\/historia-de-cornualles\/","title":{"rendered":"Historia de Cornualles"},"content":{"rendered":"","protected":false},"excerpt":{"rendered":"","protected":false},"author":1,"featured_media":10275,"parent":4676,"menu_order":173,"comment_status":"closed","ping_status":"closed","template":"","meta":{"_acf_changed":false,"footnotes":""},"class_list":["post-4568","page","type-page","status-publish","has-post-thumbnail","hentry"],"acf":[],"yoast_head":"<!-- This site is optimized with the Yoast SEO Premium plugin v26.6 (Yoast SEO v26.6) - https:\/\/yoast.com\/wordpress\/plugins\/seo\/ -->\n<title>Descubre la historia y el patrimonio de Cornualles con el \u00c1rbol de las Lenguas<\/title>\n<meta name=\"description\" content=\"Explora la rica historia de Cornualles con Language Tree. Desde la miner\u00eda del esta\u00f1o hasta el patrimonio mar\u00edtimo y la leyenda del rey Arturo.\" \/>\n<meta name=\"robots\" content=\"index, follow, max-snippet:-1, max-image-preview:large, max-video-preview:-1\" \/>\n<link rel=\"canonical\" href=\"https:\/\/languagetreeschool.com\/es\/cornualles\/historia-de-cornualles\/\" \/>\n<meta property=\"og:locale\" content=\"es_ES\" \/>\n<meta property=\"og:type\" content=\"article\" \/>\n<meta property=\"og:title\" content=\"Descubre la historia y el patrimonio de Cornualles con el \u00c1rbol de las Lenguas\" \/>\n<meta property=\"og:description\" content=\"Explora la rica historia de Cornualles con Language Tree. Desde la miner\u00eda del esta\u00f1o hasta el patrimonio mar\u00edtimo y la leyenda del rey Arturo.\" \/>\n<meta property=\"og:url\" content=\"https:\/\/languagetreeschool.com\/es\/cornualles\/historia-de-cornualles\/\" \/>\n<meta property=\"og:site_name\" content=\"Language Tree\" \/>\n<meta property=\"article:publisher\" content=\"https:\/\/www.facebook.com\/languagetreecornwall\" \/>\n<meta property=\"article:modified_time\" content=\"2026-03-11T21:09:28+00:00\" \/>\n<meta property=\"og:image\" content=\"https:\/\/languagetreeschool.com\/wp-content\/uploads\/2025\/07\/Lanhydrock-group-1.jpg\" \/>\n\t<meta property=\"og:image:width\" content=\"2000\" \/>\n\t<meta property=\"og:image:height\" content=\"1500\" \/>\n\t<meta property=\"og:image:type\" content=\"image\/jpeg\" \/>\n<meta name=\"twitter:card\" content=\"summary_large_image\" \/>\n<meta name=\"twitter:title\" content=\"Descubre la historia y el patrimonio de Cornualles con el \u00c1rbol de las Lenguas\" \/>\n<meta name=\"twitter:description\" content=\"Explora la rica historia de Cornualles con Language Tree. Desde la miner\u00eda del esta\u00f1o hasta el patrimonio mar\u00edtimo y la leyenda del rey Arturo.\" \/>\n<meta name=\"twitter:label1\" content=\"Tiempo de lectura\" \/>\n\t<meta name=\"twitter:data1\" content=\"1 minuto\" \/>\n<script type=\"application\/ld+json\" class=\"yoast-schema-graph\">{\"@context\":\"https:\/\/schema.org\",\"@graph\":[{\"@type\":\"WebPage\",\"@id\":\"https:\/\/languagetreeschool.com\/es\/cornualles\/historia-de-cornualles\/\",\"url\":\"https:\/\/languagetreeschool.com\/es\/cornualles\/historia-de-cornualles\/\",\"name\":\"Descubre la historia y el patrimonio de Cornualles con el \u00c1rbol de las Lenguas\",\"isPartOf\":{\"@id\":\"https:\/\/languagetreeschool.com\/es\/#website\"},\"primaryImageOfPage\":{\"@id\":\"https:\/\/languagetreeschool.com\/es\/cornualles\/historia-de-cornualles\/#primaryimage\"},\"image\":{\"@id\":\"https:\/\/languagetreeschool.com\/es\/cornualles\/historia-de-cornualles\/#primaryimage\"},\"thumbnailUrl\":\"https:\/\/languagetreeschool.com\/wp-content\/uploads\/2025\/07\/Lanhydrock-group-1.jpg\",\"datePublished\":\"2025-07-15T15:11:11+00:00\",\"dateModified\":\"2026-03-11T21:09:28+00:00\",\"description\":\"Explora la rica historia de Cornualles con Language Tree. Desde la miner\u00eda del esta\u00f1o hasta el patrimonio mar\u00edtimo y la leyenda del rey Arturo.\",\"breadcrumb\":{\"@id\":\"https:\/\/languagetreeschool.com\/es\/cornualles\/historia-de-cornualles\/#breadcrumb\"},\"inLanguage\":\"es\",\"potentialAction\":[{\"@type\":\"ReadAction\",\"target\":[\"https:\/\/languagetreeschool.com\/es\/cornualles\/historia-de-cornualles\/\"]}]},{\"@type\":\"ImageObject\",\"inLanguage\":\"es\",\"@id\":\"https:\/\/languagetreeschool.com\/es\/cornualles\/historia-de-cornualles\/#primaryimage\",\"url\":\"https:\/\/languagetreeschool.com\/wp-content\/uploads\/2025\/07\/Lanhydrock-group-1.jpg\",\"contentUrl\":\"https:\/\/languagetreeschool.com\/wp-content\/uploads\/2025\/07\/Lanhydrock-group-1.jpg\",\"width\":2000,\"height\":1500,\"caption\":\"Estudiantes adultos delante de Lanhydrock\"},{\"@type\":\"BreadcrumbList\",\"@id\":\"https:\/\/languagetreeschool.com\/es\/cornualles\/historia-de-cornualles\/#breadcrumb\",\"itemListElement\":[{\"@type\":\"ListItem\",\"position\":1,\"name\":\"Home\",\"item\":\"https:\/\/languagetreeschool.com\/es\/pagina-inicio\/\"},{\"@type\":\"ListItem\",\"position\":2,\"name\":\"Cornualles\",\"item\":\"https:\/\/languagetreeschool.com\/es\/cornualles\/\"},{\"@type\":\"ListItem\",\"position\":3,\"name\":\"Historia de Cornualles\"}]},{\"@type\":\"WebSite\",\"@id\":\"https:\/\/languagetreeschool.com\/es\/#website\",\"url\":\"https:\/\/languagetreeschool.com\/es\/\",\"name\":\"Language Tree\",\"description\":\"Language, culture &amp; adventure\",\"publisher\":{\"@id\":\"https:\/\/languagetreeschool.com\/es\/#organization\"},\"potentialAction\":[{\"@type\":\"SearchAction\",\"target\":{\"@type\":\"EntryPoint\",\"urlTemplate\":\"https:\/\/languagetreeschool.com\/es\/?s={search_term_string}\"},\"query-input\":{\"@type\":\"PropertyValueSpecification\",\"valueRequired\":true,\"valueName\":\"search_term_string\"}}],\"inLanguage\":\"es\"},{\"@type\":\"Organization\",\"@id\":\"https:\/\/languagetreeschool.com\/es\/#organization\",\"name\":\"Language Tree\",\"url\":\"https:\/\/languagetreeschool.com\/es\/\",\"logo\":{\"@type\":\"ImageObject\",\"inLanguage\":\"es\",\"@id\":\"https:\/\/languagetreeschool.com\/es\/#\/schema\/logo\/image\/\",\"url\":\"https:\/\/languagetreeschool.com\/wp-content\/uploads\/2026\/03\/LT-icon-1.jpg\",\"contentUrl\":\"https:\/\/languagetreeschool.com\/wp-content\/uploads\/2026\/03\/LT-icon-1.jpg\",\"width\":1396,\"height\":1909,\"caption\":\"Language Tree\"},\"image\":{\"@id\":\"https:\/\/languagetreeschool.com\/es\/#\/schema\/logo\/image\/\"},\"sameAs\":[\"https:\/\/www.facebook.com\/languagetreecornwall\",\"https:\/\/www.instagram.com\/languagetreeschool\"],\"description\":\"British Council accredited English language Summer School in Cornwall. Welcoming teenagers, families and adults from around the world to our university campus.\",\"email\":\"info@languagetreeschool.com\",\"telephone\":\"+447957497937\",\"legalName\":\"Language Tree Limited\",\"foundingDate\":\"2011-10-10\",\"numberOfEmployees\":{\"@type\":\"QuantitativeValue\",\"minValue\":\"11\",\"maxValue\":\"50\"}}]}<\/script>\n<!-- \/ Yoast SEO Premium plugin. -->","yoast_head_json":{"title":"Descubre la historia y el patrimonio de Cornualles con el \u00c1rbol de las Lenguas","description":"Explora la rica historia de Cornualles con Language Tree. Desde la miner\u00eda del esta\u00f1o hasta el patrimonio mar\u00edtimo y la leyenda del rey Arturo.","robots":{"index":"index","follow":"follow","max-snippet":"max-snippet:-1","max-image-preview":"max-image-preview:large","max-video-preview":"max-video-preview:-1"},"canonical":"https:\/\/languagetreeschool.com\/es\/cornualles\/historia-de-cornualles\/","og_locale":"es_ES","og_type":"article","og_title":"Descubre la historia y el patrimonio de Cornualles con el \u00c1rbol de las Lenguas","og_description":"Explora la rica historia de Cornualles con Language Tree. Desde la miner\u00eda del esta\u00f1o hasta el patrimonio mar\u00edtimo y la leyenda del rey Arturo.","og_url":"https:\/\/languagetreeschool.com\/es\/cornualles\/historia-de-cornualles\/","og_site_name":"Language Tree","article_publisher":"https:\/\/www.facebook.com\/languagetreecornwall","article_modified_time":"2026-03-11T21:09:28+00:00","og_image":[{"width":2000,"height":1500,"url":"https:\/\/languagetreeschool.com\/wp-content\/uploads\/2025\/07\/Lanhydrock-group-1.jpg","type":"image\/jpeg"}],"twitter_card":"summary_large_image","twitter_title":"Descubre la historia y el patrimonio de Cornualles con el \u00c1rbol de las Lenguas","twitter_description":"Explora la rica historia de Cornualles con Language Tree. Desde la miner\u00eda del esta\u00f1o hasta el patrimonio mar\u00edtimo y la leyenda del rey Arturo.","twitter_misc":{"Tiempo de lectura":"1 minuto"},"schema":{"@context":"https:\/\/schema.org","@graph":[{"@type":"WebPage","@id":"https:\/\/languagetreeschool.com\/es\/cornualles\/historia-de-cornualles\/","url":"https:\/\/languagetreeschool.com\/es\/cornualles\/historia-de-cornualles\/","name":"Descubre la historia y el patrimonio de Cornualles con el \u00c1rbol de las Lenguas","isPartOf":{"@id":"https:\/\/languagetreeschool.com\/es\/#website"},"primaryImageOfPage":{"@id":"https:\/\/languagetreeschool.com\/es\/cornualles\/historia-de-cornualles\/#primaryimage"},"image":{"@id":"https:\/\/languagetreeschool.com\/es\/cornualles\/historia-de-cornualles\/#primaryimage"},"thumbnailUrl":"https:\/\/languagetreeschool.com\/wp-content\/uploads\/2025\/07\/Lanhydrock-group-1.jpg","datePublished":"2025-07-15T15:11:11+00:00","dateModified":"2026-03-11T21:09:28+00:00","description":"Explora la rica historia de Cornualles con Language Tree. Desde la miner\u00eda del esta\u00f1o hasta el patrimonio mar\u00edtimo y la leyenda del rey Arturo.","breadcrumb":{"@id":"https:\/\/languagetreeschool.com\/es\/cornualles\/historia-de-cornualles\/#breadcrumb"},"inLanguage":"es","potentialAction":[{"@type":"ReadAction","target":["https:\/\/languagetreeschool.com\/es\/cornualles\/historia-de-cornualles\/"]}]},{"@type":"ImageObject","inLanguage":"es","@id":"https:\/\/languagetreeschool.com\/es\/cornualles\/historia-de-cornualles\/#primaryimage","url":"https:\/\/languagetreeschool.com\/wp-content\/uploads\/2025\/07\/Lanhydrock-group-1.jpg","contentUrl":"https:\/\/languagetreeschool.com\/wp-content\/uploads\/2025\/07\/Lanhydrock-group-1.jpg","width":2000,"height":1500,"caption":"Estudiantes adultos delante de Lanhydrock"},{"@type":"BreadcrumbList","@id":"https:\/\/languagetreeschool.com\/es\/cornualles\/historia-de-cornualles\/#breadcrumb","itemListElement":[{"@type":"ListItem","position":1,"name":"Home","item":"https:\/\/languagetreeschool.com\/es\/pagina-inicio\/"},{"@type":"ListItem","position":2,"name":"Cornualles","item":"https:\/\/languagetreeschool.com\/es\/cornualles\/"},{"@type":"ListItem","position":3,"name":"Historia de Cornualles"}]},{"@type":"WebSite","@id":"https:\/\/languagetreeschool.com\/es\/#website","url":"https:\/\/languagetreeschool.com\/es\/","name":"Language Tree","description":"Language, culture &amp; adventure","publisher":{"@id":"https:\/\/languagetreeschool.com\/es\/#organization"},"potentialAction":[{"@type":"SearchAction","target":{"@type":"EntryPoint","urlTemplate":"https:\/\/languagetreeschool.com\/es\/?s={search_term_string}"},"query-input":{"@type":"PropertyValueSpecification","valueRequired":true,"valueName":"search_term_string"}}],"inLanguage":"es"},{"@type":"Organization","@id":"https:\/\/languagetreeschool.com\/es\/#organization","name":"Language Tree","url":"https:\/\/languagetreeschool.com\/es\/","logo":{"@type":"ImageObject","inLanguage":"es","@id":"https:\/\/languagetreeschool.com\/es\/#\/schema\/logo\/image\/","url":"https:\/\/languagetreeschool.com\/wp-content\/uploads\/2026\/03\/LT-icon-1.jpg","contentUrl":"https:\/\/languagetreeschool.com\/wp-content\/uploads\/2026\/03\/LT-icon-1.jpg","width":1396,"height":1909,"caption":"Language Tree"},"image":{"@id":"https:\/\/languagetreeschool.com\/es\/#\/schema\/logo\/image\/"},"sameAs":["https:\/\/www.facebook.com\/languagetreecornwall","https:\/\/www.instagram.com\/languagetreeschool"],"description":"British Council accredited English language Summer School in Cornwall. Welcoming teenagers, families and adults from around the world to our university campus.","email":"info@languagetreeschool.com","telephone":"+447957497937","legalName":"Language Tree Limited","foundingDate":"2011-10-10","numberOfEmployees":{"@type":"QuantitativeValue","minValue":"11","maxValue":"50"}}]}},"_links":{"self":[{"href":"https:\/\/languagetreeschool.com\/es\/wp-json\/wp\/v2\/pages\/4568","targetHints":{"allow":["GET"]}}],"collection":[{"href":"https:\/\/languagetreeschool.com\/es\/wp-json\/wp\/v2\/pages"}],"about":[{"href":"https:\/\/languagetreeschool.com\/es\/wp-json\/wp\/v2\/types\/page"}],"author":[{"embeddable":true,"href":"https:\/\/languagetreeschool.com\/es\/wp-json\/wp\/v2\/users\/1"}],"replies":[{"embeddable":true,"href":"https:\/\/languagetreeschool.com\/es\/wp-json\/wp\/v2\/comments?post=4568"}],"version-history":[{"count":10,"href":"https:\/\/languagetreeschool.com\/es\/wp-json\/wp\/v2\/pages\/4568\/revisions"}],"predecessor-version":[{"id":10837,"href":"https:\/\/languagetreeschool.com\/es\/wp-json\/wp\/v2\/pages\/4568\/revisions\/10837"}],"up":[{"embeddable":true,"href":"https:\/\/languagetreeschool.com\/es\/wp-json\/wp\/v2\/pages\/4676"}],"wp:featuredmedia":[{"embeddable":true,"href":"https:\/\/languagetreeschool.com\/es\/wp-json\/wp\/v2\/media\/10275"}],"wp:attachment":[{"href":"https:\/\/languagetreeschool.com\/es\/wp-json\/wp\/v2\/media?parent=4568"}],"curies":[{"name":"wp","href":"https:\/\/api.w.org\/{rel}","templated":true}]}}