{"id":14231,"date":"2026-03-08T12:40:22","date_gmt":"2026-03-08T12:40:22","guid":{"rendered":"https:\/\/languagetreeschool.com\/nuestra-escuela\/actividades-sociales-y-excursiones\/tintagel-y-el-rey-arturo\/"},"modified":"2026-03-08T12:50:28","modified_gmt":"2026-03-08T12:50:28","slug":"tintagel-y-el-rey-arturo","status":"publish","type":"page","link":"https:\/\/languagetreeschool.com\/es\/nuestra-escuela\/actividades-sociales-y-excursiones\/tintagel-y-el-rey-arturo\/","title":{"rendered":"Tintagel y el Rey Arturo"},"content":{"rendered":"","protected":false},"excerpt":{"rendered":"","protected":false},"author":6,"featured_media":1349,"parent":4631,"menu_order":0,"comment_status":"closed","ping_status":"closed","template":"","meta":{"_acf_changed":false,"footnotes":""},"class_list":["post-14231","page","type-page","status-publish","has-post-thumbnail","hentry"],"acf":[],"yoast_head":"<!-- This site is optimized with the Yoast SEO Premium plugin v26.6 (Yoast SEO v26.6) - https:\/\/yoast.com\/wordpress\/plugins\/seo\/ -->\n<title>Visita el Castillo de Tintagel y aprende sobre el Rey Arturo con nosotros<\/title>\n<meta name=\"description\" content=\"Visita el Castillo de Tintagel con nosotros. Explora el lugar de nacimiento del rey Arturo y aprende sobre los caballeros de la mesa redonda en las Salas del Rey Arturo.\" \/>\n<meta name=\"robots\" content=\"index, follow, max-snippet:-1, max-image-preview:large, max-video-preview:-1\" \/>\n<link rel=\"canonical\" href=\"https:\/\/languagetreeschool.com\/es\/nuestra-escuela\/actividades-sociales-y-excursiones\/tintagel-y-el-rey-arturo\/\" \/>\n<meta property=\"og:locale\" content=\"es_ES\" \/>\n<meta property=\"og:type\" content=\"article\" \/>\n<meta property=\"og:title\" content=\"Visita el Castillo de Tintagel y aprende sobre el Rey Arturo con nosotros\" \/>\n<meta property=\"og:description\" content=\"Visita el Castillo de Tintagel con nosotros. Explora el lugar de nacimiento del rey Arturo y aprende sobre los caballeros de la mesa redonda en las Salas del Rey Arturo.\" \/>\n<meta property=\"og:url\" content=\"https:\/\/languagetreeschool.com\/es\/nuestra-escuela\/actividades-sociales-y-excursiones\/tintagel-y-el-rey-arturo\/\" \/>\n<meta property=\"og:site_name\" content=\"Language Tree\" \/>\n<meta property=\"article:publisher\" content=\"https:\/\/www.facebook.com\/languagetreecornwall\" \/>\n<meta property=\"article:modified_time\" content=\"2026-03-08T12:50:28+00:00\" \/>\n<meta property=\"og:image\" content=\"https:\/\/languagetreeschool.com\/wp-content\/uploads\/2025\/07\/Tintagel-castle-2.jpg\" \/>\n\t<meta property=\"og:image:width\" content=\"1200\" \/>\n\t<meta property=\"og:image:height\" content=\"1553\" \/>\n\t<meta property=\"og:image:type\" content=\"image\/jpeg\" \/>\n<meta name=\"twitter:card\" content=\"summary_large_image\" \/>\n<meta name=\"twitter:title\" content=\"Visita el Castillo de Tintagel y aprende sobre el Rey Arturo con nosotros\" \/>\n<meta name=\"twitter:description\" content=\"Visita el Castillo de Tintagel con nosotros. Explora el lugar de nacimiento del rey Arturo y aprende sobre los caballeros de la mesa redonda en las Salas del Rey Arturo.\" \/>\n<script type=\"application\/ld+json\" class=\"yoast-schema-graph\">{\"@context\":\"https:\/\/schema.org\",\"@graph\":[{\"@type\":\"WebPage\",\"@id\":\"https:\/\/languagetreeschool.com\/es\/nuestra-escuela\/actividades-sociales-y-excursiones\/tintagel-y-el-rey-arturo\/\",\"url\":\"https:\/\/languagetreeschool.com\/es\/nuestra-escuela\/actividades-sociales-y-excursiones\/tintagel-y-el-rey-arturo\/\",\"name\":\"Visita el Castillo de Tintagel y aprende sobre el Rey Arturo con nosotros\",\"isPartOf\":{\"@id\":\"https:\/\/languagetreeschool.com\/es\/#website\"},\"primaryImageOfPage\":{\"@id\":\"https:\/\/languagetreeschool.com\/es\/nuestra-escuela\/actividades-sociales-y-excursiones\/tintagel-y-el-rey-arturo\/#primaryimage\"},\"image\":{\"@id\":\"https:\/\/languagetreeschool.com\/es\/nuestra-escuela\/actividades-sociales-y-excursiones\/tintagel-y-el-rey-arturo\/#primaryimage\"},\"thumbnailUrl\":\"https:\/\/languagetreeschool.com\/wp-content\/uploads\/2025\/07\/Tintagel-castle-2.jpg\",\"datePublished\":\"2026-03-08T12:40:22+00:00\",\"dateModified\":\"2026-03-08T12:50:28+00:00\",\"description\":\"Visita el Castillo de Tintagel con nosotros. Explora el lugar de nacimiento del rey Arturo y aprende sobre los caballeros de la mesa redonda en las Salas del Rey Arturo.\",\"breadcrumb\":{\"@id\":\"https:\/\/languagetreeschool.com\/es\/nuestra-escuela\/actividades-sociales-y-excursiones\/tintagel-y-el-rey-arturo\/#breadcrumb\"},\"inLanguage\":\"es\",\"potentialAction\":[{\"@type\":\"ReadAction\",\"target\":[\"https:\/\/languagetreeschool.com\/es\/nuestra-escuela\/actividades-sociales-y-excursiones\/tintagel-y-el-rey-arturo\/\"]}]},{\"@type\":\"ImageObject\",\"inLanguage\":\"es\",\"@id\":\"https:\/\/languagetreeschool.com\/es\/nuestra-escuela\/actividades-sociales-y-excursiones\/tintagel-y-el-rey-arturo\/#primaryimage\",\"url\":\"https:\/\/languagetreeschool.com\/wp-content\/uploads\/2025\/07\/Tintagel-castle-2.jpg\",\"contentUrl\":\"https:\/\/languagetreeschool.com\/wp-content\/uploads\/2025\/07\/Tintagel-castle-2.jpg\",\"width\":1200,\"height\":1553,\"caption\":\"Cornwall, \u0130ngiltere'de bulunan ve Kral Arthur ile ba\u011flant\u0131l\u0131 oldu\u011funa inan\u0131lan Tintagel Kalesi kal\u0131nt\u0131lar\u0131n\u0131n ta\u015f duvarlar, ye\u015fil \u00e7imen, dolamba\u00e7l\u0131 yollar ve bulutlu bir g\u00f6ky\u00fcz\u00fc alt\u0131nda dramatik bir u\u00e7urumun \u00fczerindeki yaya k\u00f6pr\u00fcs\u00fcn\u00fcn yan\u0131nda ke\u015fif yapan insanlarla birlikte do\u011fal bir g\u00f6r\u00fcn\u00fcm\u00fc.\"},{\"@type\":\"BreadcrumbList\",\"@id\":\"https:\/\/languagetreeschool.com\/es\/nuestra-escuela\/actividades-sociales-y-excursiones\/tintagel-y-el-rey-arturo\/#breadcrumb\",\"itemListElement\":[{\"@type\":\"ListItem\",\"position\":1,\"name\":\"Home\",\"item\":\"https:\/\/languagetreeschool.com\/es\/pagina-inicio\/\"},{\"@type\":\"ListItem\",\"position\":2,\"name\":\"Nuestra escuela\",\"item\":\"https:\/\/languagetreeschool.com\/es\/nuestra-escuela\/\"},{\"@type\":\"ListItem\",\"position\":3,\"name\":\"Actividades sociales y excursiones\",\"item\":\"https:\/\/languagetreeschool.com\/es\/nuestra-escuela\/actividades-sociales-y-excursiones\/\"},{\"@type\":\"ListItem\",\"position\":4,\"name\":\"Tintagel y el Rey Arturo\"}]},{\"@type\":\"WebSite\",\"@id\":\"https:\/\/languagetreeschool.com\/es\/#website\",\"url\":\"https:\/\/languagetreeschool.com\/es\/\",\"name\":\"Language Tree\",\"description\":\"Language, culture &amp; adventure\",\"publisher\":{\"@id\":\"https:\/\/languagetreeschool.com\/es\/#organization\"},\"potentialAction\":[{\"@type\":\"SearchAction\",\"target\":{\"@type\":\"EntryPoint\",\"urlTemplate\":\"https:\/\/languagetreeschool.com\/es\/?s={search_term_string}\"},\"query-input\":{\"@type\":\"PropertyValueSpecification\",\"valueRequired\":true,\"valueName\":\"search_term_string\"}}],\"inLanguage\":\"es\"},{\"@type\":\"Organization\",\"@id\":\"https:\/\/languagetreeschool.com\/es\/#organization\",\"name\":\"Language Tree\",\"url\":\"https:\/\/languagetreeschool.com\/es\/\",\"logo\":{\"@type\":\"ImageObject\",\"inLanguage\":\"es\",\"@id\":\"https:\/\/languagetreeschool.com\/es\/#\/schema\/logo\/image\/\",\"url\":\"https:\/\/languagetreeschool.com\/wp-content\/uploads\/2026\/03\/LT-icon-1.jpg\",\"contentUrl\":\"https:\/\/languagetreeschool.com\/wp-content\/uploads\/2026\/03\/LT-icon-1.jpg\",\"width\":1396,\"height\":1909,\"caption\":\"Language Tree\"},\"image\":{\"@id\":\"https:\/\/languagetreeschool.com\/es\/#\/schema\/logo\/image\/\"},\"sameAs\":[\"https:\/\/www.facebook.com\/languagetreecornwall\",\"https:\/\/www.instagram.com\/languagetreeschool\"],\"description\":\"British Council accredited English language Summer School in Cornwall. Welcoming teenagers, families and adults from around the world to our university campus.\",\"email\":\"info@languagetreeschool.com\",\"telephone\":\"+447957497937\",\"legalName\":\"Language Tree Limited\",\"foundingDate\":\"2011-10-10\",\"numberOfEmployees\":{\"@type\":\"QuantitativeValue\",\"minValue\":\"11\",\"maxValue\":\"50\"}}]}<\/script>\n<!-- \/ Yoast SEO Premium plugin. -->","yoast_head_json":{"title":"Visita el Castillo de Tintagel y aprende sobre el Rey Arturo con nosotros","description":"Visita el Castillo de Tintagel con nosotros. Explora el lugar de nacimiento del rey Arturo y aprende sobre los caballeros de la mesa redonda en las Salas del Rey Arturo.","robots":{"index":"index","follow":"follow","max-snippet":"max-snippet:-1","max-image-preview":"max-image-preview:large","max-video-preview":"max-video-preview:-1"},"canonical":"https:\/\/languagetreeschool.com\/es\/nuestra-escuela\/actividades-sociales-y-excursiones\/tintagel-y-el-rey-arturo\/","og_locale":"es_ES","og_type":"article","og_title":"Visita el Castillo de Tintagel y aprende sobre el Rey Arturo con nosotros","og_description":"Visita el Castillo de Tintagel con nosotros. Explora el lugar de nacimiento del rey Arturo y aprende sobre los caballeros de la mesa redonda en las Salas del Rey Arturo.","og_url":"https:\/\/languagetreeschool.com\/es\/nuestra-escuela\/actividades-sociales-y-excursiones\/tintagel-y-el-rey-arturo\/","og_site_name":"Language Tree","article_publisher":"https:\/\/www.facebook.com\/languagetreecornwall","article_modified_time":"2026-03-08T12:50:28+00:00","og_image":[{"width":1200,"height":1553,"url":"https:\/\/languagetreeschool.com\/wp-content\/uploads\/2025\/07\/Tintagel-castle-2.jpg","type":"image\/jpeg"}],"twitter_card":"summary_large_image","twitter_title":"Visita el Castillo de Tintagel y aprende sobre el Rey Arturo con nosotros","twitter_description":"Visita el Castillo de Tintagel con nosotros. Explora el lugar de nacimiento del rey Arturo y aprende sobre los caballeros de la mesa redonda en las Salas del Rey Arturo.","schema":{"@context":"https:\/\/schema.org","@graph":[{"@type":"WebPage","@id":"https:\/\/languagetreeschool.com\/es\/nuestra-escuela\/actividades-sociales-y-excursiones\/tintagel-y-el-rey-arturo\/","url":"https:\/\/languagetreeschool.com\/es\/nuestra-escuela\/actividades-sociales-y-excursiones\/tintagel-y-el-rey-arturo\/","name":"Visita el Castillo de Tintagel y aprende sobre el Rey Arturo con nosotros","isPartOf":{"@id":"https:\/\/languagetreeschool.com\/es\/#website"},"primaryImageOfPage":{"@id":"https:\/\/languagetreeschool.com\/es\/nuestra-escuela\/actividades-sociales-y-excursiones\/tintagel-y-el-rey-arturo\/#primaryimage"},"image":{"@id":"https:\/\/languagetreeschool.com\/es\/nuestra-escuela\/actividades-sociales-y-excursiones\/tintagel-y-el-rey-arturo\/#primaryimage"},"thumbnailUrl":"https:\/\/languagetreeschool.com\/wp-content\/uploads\/2025\/07\/Tintagel-castle-2.jpg","datePublished":"2026-03-08T12:40:22+00:00","dateModified":"2026-03-08T12:50:28+00:00","description":"Visita el Castillo de Tintagel con nosotros. Explora el lugar de nacimiento del rey Arturo y aprende sobre los caballeros de la mesa redonda en las Salas del Rey Arturo.","breadcrumb":{"@id":"https:\/\/languagetreeschool.com\/es\/nuestra-escuela\/actividades-sociales-y-excursiones\/tintagel-y-el-rey-arturo\/#breadcrumb"},"inLanguage":"es","potentialAction":[{"@type":"ReadAction","target":["https:\/\/languagetreeschool.com\/es\/nuestra-escuela\/actividades-sociales-y-excursiones\/tintagel-y-el-rey-arturo\/"]}]},{"@type":"ImageObject","inLanguage":"es","@id":"https:\/\/languagetreeschool.com\/es\/nuestra-escuela\/actividades-sociales-y-excursiones\/tintagel-y-el-rey-arturo\/#primaryimage","url":"https:\/\/languagetreeschool.com\/wp-content\/uploads\/2025\/07\/Tintagel-castle-2.jpg","contentUrl":"https:\/\/languagetreeschool.com\/wp-content\/uploads\/2025\/07\/Tintagel-castle-2.jpg","width":1200,"height":1553,"caption":"Cornwall, \u0130ngiltere'de bulunan ve Kral Arthur ile ba\u011flant\u0131l\u0131 oldu\u011funa inan\u0131lan Tintagel Kalesi kal\u0131nt\u0131lar\u0131n\u0131n ta\u015f duvarlar, ye\u015fil \u00e7imen, dolamba\u00e7l\u0131 yollar ve bulutlu bir g\u00f6ky\u00fcz\u00fc alt\u0131nda dramatik bir u\u00e7urumun \u00fczerindeki yaya k\u00f6pr\u00fcs\u00fcn\u00fcn yan\u0131nda ke\u015fif yapan insanlarla birlikte do\u011fal bir g\u00f6r\u00fcn\u00fcm\u00fc."},{"@type":"BreadcrumbList","@id":"https:\/\/languagetreeschool.com\/es\/nuestra-escuela\/actividades-sociales-y-excursiones\/tintagel-y-el-rey-arturo\/#breadcrumb","itemListElement":[{"@type":"ListItem","position":1,"name":"Home","item":"https:\/\/languagetreeschool.com\/es\/pagina-inicio\/"},{"@type":"ListItem","position":2,"name":"Nuestra escuela","item":"https:\/\/languagetreeschool.com\/es\/nuestra-escuela\/"},{"@type":"ListItem","position":3,"name":"Actividades sociales y excursiones","item":"https:\/\/languagetreeschool.com\/es\/nuestra-escuela\/actividades-sociales-y-excursiones\/"},{"@type":"ListItem","position":4,"name":"Tintagel y el Rey Arturo"}]},{"@type":"WebSite","@id":"https:\/\/languagetreeschool.com\/es\/#website","url":"https:\/\/languagetreeschool.com\/es\/","name":"Language Tree","description":"Language, culture &amp; adventure","publisher":{"@id":"https:\/\/languagetreeschool.com\/es\/#organization"},"potentialAction":[{"@type":"SearchAction","target":{"@type":"EntryPoint","urlTemplate":"https:\/\/languagetreeschool.com\/es\/?s={search_term_string}"},"query-input":{"@type":"PropertyValueSpecification","valueRequired":true,"valueName":"search_term_string"}}],"inLanguage":"es"},{"@type":"Organization","@id":"https:\/\/languagetreeschool.com\/es\/#organization","name":"Language Tree","url":"https:\/\/languagetreeschool.com\/es\/","logo":{"@type":"ImageObject","inLanguage":"es","@id":"https:\/\/languagetreeschool.com\/es\/#\/schema\/logo\/image\/","url":"https:\/\/languagetreeschool.com\/wp-content\/uploads\/2026\/03\/LT-icon-1.jpg","contentUrl":"https:\/\/languagetreeschool.com\/wp-content\/uploads\/2026\/03\/LT-icon-1.jpg","width":1396,"height":1909,"caption":"Language Tree"},"image":{"@id":"https:\/\/languagetreeschool.com\/es\/#\/schema\/logo\/image\/"},"sameAs":["https:\/\/www.facebook.com\/languagetreecornwall","https:\/\/www.instagram.com\/languagetreeschool"],"description":"British Council accredited English language Summer School in Cornwall. Welcoming teenagers, families and adults from around the world to our university campus.","email":"info@languagetreeschool.com","telephone":"+447957497937","legalName":"Language Tree Limited","foundingDate":"2011-10-10","numberOfEmployees":{"@type":"QuantitativeValue","minValue":"11","maxValue":"50"}}]}},"_links":{"self":[{"href":"https:\/\/languagetreeschool.com\/es\/wp-json\/wp\/v2\/pages\/14231","targetHints":{"allow":["GET"]}}],"collection":[{"href":"https:\/\/languagetreeschool.com\/es\/wp-json\/wp\/v2\/pages"}],"about":[{"href":"https:\/\/languagetreeschool.com\/es\/wp-json\/wp\/v2\/types\/page"}],"author":[{"embeddable":true,"href":"https:\/\/languagetreeschool.com\/es\/wp-json\/wp\/v2\/users\/6"}],"replies":[{"embeddable":true,"href":"https:\/\/languagetreeschool.com\/es\/wp-json\/wp\/v2\/comments?post=14231"}],"version-history":[{"count":1,"href":"https:\/\/languagetreeschool.com\/es\/wp-json\/wp\/v2\/pages\/14231\/revisions"}],"predecessor-version":[{"id":14256,"href":"https:\/\/languagetreeschool.com\/es\/wp-json\/wp\/v2\/pages\/14231\/revisions\/14256"}],"up":[{"embeddable":true,"href":"https:\/\/languagetreeschool.com\/es\/wp-json\/wp\/v2\/pages\/4631"}],"wp:featuredmedia":[{"embeddable":true,"href":"https:\/\/languagetreeschool.com\/es\/wp-json\/wp\/v2\/media\/1349"}],"wp:attachment":[{"href":"https:\/\/languagetreeschool.com\/es\/wp-json\/wp\/v2\/media?parent=14231"}],"curies":[{"name":"wp","href":"https:\/\/api.w.org\/{rel}","templated":true}]}}