{"id":14100,"date":"2026-02-15T12:23:32","date_gmt":"2026-02-15T12:23:32","guid":{"rendered":"https:\/\/languagetreeschool.com\/nuestra-escuela\/actividades-sociales-y-excursiones\/trelissick-y-el-national-trust\/"},"modified":"2026-02-15T12:23:32","modified_gmt":"2026-02-15T12:23:32","slug":"trelissick-y-el-national-trust","status":"publish","type":"page","link":"https:\/\/languagetreeschool.com\/es\/nuestra-escuela\/actividades-sociales-y-excursiones\/trelissick-y-el-national-trust\/","title":{"rendered":"Trelissick y el National Trust"},"content":{"rendered":"","protected":false},"excerpt":{"rendered":"","protected":false},"author":6,"featured_media":10879,"parent":4631,"menu_order":0,"comment_status":"closed","ping_status":"closed","template":"","meta":{"_acf_changed":false,"footnotes":""},"class_list":["post-14100","page","type-page","status-publish","has-post-thumbnail","hentry"],"acf":[],"yoast_head":"<!-- This site is optimized with the Yoast SEO Premium plugin v26.6 (Yoast SEO v26.6) - https:\/\/yoast.com\/wordpress\/plugins\/seo\/ -->\n<title>Trelissick House &amp; Gardens - Visita el National Trust con nosotros<\/title>\n<meta name=\"description\" content=\"Visita la Casa y Jardines de Trelissick con Language Tree. A nuestros experimentados gu\u00edas les encanta presentar a los estudiantes las propiedades del National Trust\" \/>\n<meta name=\"robots\" content=\"index, follow, max-snippet:-1, max-image-preview:large, max-video-preview:-1\" \/>\n<link rel=\"canonical\" href=\"https:\/\/languagetreeschool.com\/es\/nuestra-escuela\/actividades-sociales-y-excursiones\/trelissick-y-el-national-trust\/\" \/>\n<meta property=\"og:locale\" content=\"es_ES\" \/>\n<meta property=\"og:type\" content=\"article\" \/>\n<meta property=\"og:title\" content=\"Trelissick &amp; the National Trust | Escuela de Verano del \u00c1rbol del Lenguaje\" \/>\n<meta property=\"og:description\" content=\"Las visitas a Trelissick y a otras joyas del National Trust en Cornualles son siempre un punto culminante. M\u00e1s informaci\u00f3n sobre nuestras excursiones aqu\u00ed.\" \/>\n<meta property=\"og:url\" content=\"https:\/\/languagetreeschool.com\/es\/nuestra-escuela\/actividades-sociales-y-excursiones\/trelissick-y-el-national-trust\/\" \/>\n<meta property=\"og:site_name\" content=\"Language Tree\" \/>\n<meta property=\"article:publisher\" content=\"https:\/\/www.facebook.com\/languagetreecornwall\" \/>\n<meta property=\"og:image\" content=\"https:\/\/languagetreeschool.com\/wp-content\/uploads\/2025\/07\/Trelissick-guide.jpg\" \/>\n\t<meta property=\"og:image:width\" content=\"2000\" \/>\n\t<meta property=\"og:image:height\" content=\"1415\" \/>\n\t<meta property=\"og:image:type\" content=\"image\/jpeg\" \/>\n<meta name=\"twitter:card\" content=\"summary_large_image\" \/>\n<meta name=\"twitter:title\" content=\"Trelissick &amp; the National Trust | Escuela de Verano del \u00c1rbol del Lenguaje\" \/>\n<meta name=\"twitter:description\" content=\"Las visitas a Trelissick y a otras joyas del National Trust en Cornualles son siempre un punto culminante. M\u00e1s informaci\u00f3n sobre nuestras excursiones aqu\u00ed.\" \/>\n<script type=\"application\/ld+json\" class=\"yoast-schema-graph\">{\"@context\":\"https:\/\/schema.org\",\"@graph\":[{\"@type\":\"WebPage\",\"@id\":\"https:\/\/languagetreeschool.com\/es\/nuestra-escuela\/actividades-sociales-y-excursiones\/trelissick-y-el-national-trust\/\",\"url\":\"https:\/\/languagetreeschool.com\/es\/nuestra-escuela\/actividades-sociales-y-excursiones\/trelissick-y-el-national-trust\/\",\"name\":\"Trelissick House & Gardens - Visita el National Trust con nosotros\",\"isPartOf\":{\"@id\":\"https:\/\/languagetreeschool.com\/es\/#website\"},\"primaryImageOfPage\":{\"@id\":\"https:\/\/languagetreeschool.com\/es\/nuestra-escuela\/actividades-sociales-y-excursiones\/trelissick-y-el-national-trust\/#primaryimage\"},\"image\":{\"@id\":\"https:\/\/languagetreeschool.com\/es\/nuestra-escuela\/actividades-sociales-y-excursiones\/trelissick-y-el-national-trust\/#primaryimage\"},\"thumbnailUrl\":\"https:\/\/languagetreeschool.com\/wp-content\/uploads\/2025\/07\/Trelissick-guide.jpg\",\"datePublished\":\"2026-02-15T12:23:32+00:00\",\"description\":\"Visita la Casa y Jardines de Trelissick con Language Tree. A nuestros experimentados gu\u00edas les encanta presentar a los estudiantes las propiedades del National Trust\",\"breadcrumb\":{\"@id\":\"https:\/\/languagetreeschool.com\/es\/nuestra-escuela\/actividades-sociales-y-excursiones\/trelissick-y-el-national-trust\/#breadcrumb\"},\"inLanguage\":\"es\",\"potentialAction\":[{\"@type\":\"ReadAction\",\"target\":[\"https:\/\/languagetreeschool.com\/es\/nuestra-escuela\/actividades-sociales-y-excursiones\/trelissick-y-el-national-trust\/\"]}]},{\"@type\":\"ImageObject\",\"inLanguage\":\"es\",\"@id\":\"https:\/\/languagetreeschool.com\/es\/nuestra-escuela\/actividades-sociales-y-excursiones\/trelissick-y-el-national-trust\/#primaryimage\",\"url\":\"https:\/\/languagetreeschool.com\/wp-content\/uploads\/2025\/07\/Trelissick-guide.jpg\",\"contentUrl\":\"https:\/\/languagetreeschool.com\/wp-content\/uploads\/2025\/07\/Trelissick-guide.jpg\",\"width\":2000,\"height\":1415,\"caption\":\"Presentando a un grupo de estudiantes de Language Tree a Trelissick House and Gardens\"},{\"@type\":\"BreadcrumbList\",\"@id\":\"https:\/\/languagetreeschool.com\/es\/nuestra-escuela\/actividades-sociales-y-excursiones\/trelissick-y-el-national-trust\/#breadcrumb\",\"itemListElement\":[{\"@type\":\"ListItem\",\"position\":1,\"name\":\"Home\",\"item\":\"https:\/\/languagetreeschool.com\/es\/pagina-inicio\/\"},{\"@type\":\"ListItem\",\"position\":2,\"name\":\"Nuestra escuela\",\"item\":\"https:\/\/languagetreeschool.com\/es\/nuestra-escuela\/\"},{\"@type\":\"ListItem\",\"position\":3,\"name\":\"Actividades sociales y excursiones\",\"item\":\"https:\/\/languagetreeschool.com\/es\/nuestra-escuela\/actividades-sociales-y-excursiones\/\"},{\"@type\":\"ListItem\",\"position\":4,\"name\":\"Trelissick y el National Trust\"}]},{\"@type\":\"WebSite\",\"@id\":\"https:\/\/languagetreeschool.com\/es\/#website\",\"url\":\"https:\/\/languagetreeschool.com\/es\/\",\"name\":\"Language Tree\",\"description\":\"Language, culture &amp; adventure\",\"publisher\":{\"@id\":\"https:\/\/languagetreeschool.com\/es\/#organization\"},\"potentialAction\":[{\"@type\":\"SearchAction\",\"target\":{\"@type\":\"EntryPoint\",\"urlTemplate\":\"https:\/\/languagetreeschool.com\/es\/?s={search_term_string}\"},\"query-input\":{\"@type\":\"PropertyValueSpecification\",\"valueRequired\":true,\"valueName\":\"search_term_string\"}}],\"inLanguage\":\"es\"},{\"@type\":\"Organization\",\"@id\":\"https:\/\/languagetreeschool.com\/es\/#organization\",\"name\":\"Language Tree\",\"url\":\"https:\/\/languagetreeschool.com\/es\/\",\"logo\":{\"@type\":\"ImageObject\",\"inLanguage\":\"es\",\"@id\":\"https:\/\/languagetreeschool.com\/es\/#\/schema\/logo\/image\/\",\"url\":\"https:\/\/languagetreeschool.com\/wp-content\/uploads\/2026\/03\/LT-icon-1.jpg\",\"contentUrl\":\"https:\/\/languagetreeschool.com\/wp-content\/uploads\/2026\/03\/LT-icon-1.jpg\",\"width\":1396,\"height\":1909,\"caption\":\"Language Tree\"},\"image\":{\"@id\":\"https:\/\/languagetreeschool.com\/es\/#\/schema\/logo\/image\/\"},\"sameAs\":[\"https:\/\/www.facebook.com\/languagetreecornwall\",\"https:\/\/www.instagram.com\/languagetreeschool\"],\"description\":\"British Council accredited English language Summer School in Cornwall. Welcoming teenagers, families and adults from around the world to our university campus.\",\"email\":\"info@languagetreeschool.com\",\"telephone\":\"+447957497937\",\"legalName\":\"Language Tree Limited\",\"foundingDate\":\"2011-10-10\",\"numberOfEmployees\":{\"@type\":\"QuantitativeValue\",\"minValue\":\"11\",\"maxValue\":\"50\"}}]}<\/script>\n<!-- \/ Yoast SEO Premium plugin. -->","yoast_head_json":{"title":"Trelissick House & Gardens - Visita el National Trust con nosotros","description":"Visita la Casa y Jardines de Trelissick con Language Tree. A nuestros experimentados gu\u00edas les encanta presentar a los estudiantes las propiedades del National Trust","robots":{"index":"index","follow":"follow","max-snippet":"max-snippet:-1","max-image-preview":"max-image-preview:large","max-video-preview":"max-video-preview:-1"},"canonical":"https:\/\/languagetreeschool.com\/es\/nuestra-escuela\/actividades-sociales-y-excursiones\/trelissick-y-el-national-trust\/","og_locale":"es_ES","og_type":"article","og_title":"Trelissick & the National Trust | Escuela de Verano del \u00c1rbol del Lenguaje","og_description":"Las visitas a Trelissick y a otras joyas del National Trust en Cornualles son siempre un punto culminante. M\u00e1s informaci\u00f3n sobre nuestras excursiones aqu\u00ed.","og_url":"https:\/\/languagetreeschool.com\/es\/nuestra-escuela\/actividades-sociales-y-excursiones\/trelissick-y-el-national-trust\/","og_site_name":"Language Tree","article_publisher":"https:\/\/www.facebook.com\/languagetreecornwall","og_image":[{"width":2000,"height":1415,"url":"https:\/\/languagetreeschool.com\/wp-content\/uploads\/2025\/07\/Trelissick-guide.jpg","type":"image\/jpeg"}],"twitter_card":"summary_large_image","twitter_title":"Trelissick & the National Trust | Escuela de Verano del \u00c1rbol del Lenguaje","twitter_description":"Las visitas a Trelissick y a otras joyas del National Trust en Cornualles son siempre un punto culminante. M\u00e1s informaci\u00f3n sobre nuestras excursiones aqu\u00ed.","schema":{"@context":"https:\/\/schema.org","@graph":[{"@type":"WebPage","@id":"https:\/\/languagetreeschool.com\/es\/nuestra-escuela\/actividades-sociales-y-excursiones\/trelissick-y-el-national-trust\/","url":"https:\/\/languagetreeschool.com\/es\/nuestra-escuela\/actividades-sociales-y-excursiones\/trelissick-y-el-national-trust\/","name":"Trelissick House & Gardens - Visita el National Trust con nosotros","isPartOf":{"@id":"https:\/\/languagetreeschool.com\/es\/#website"},"primaryImageOfPage":{"@id":"https:\/\/languagetreeschool.com\/es\/nuestra-escuela\/actividades-sociales-y-excursiones\/trelissick-y-el-national-trust\/#primaryimage"},"image":{"@id":"https:\/\/languagetreeschool.com\/es\/nuestra-escuela\/actividades-sociales-y-excursiones\/trelissick-y-el-national-trust\/#primaryimage"},"thumbnailUrl":"https:\/\/languagetreeschool.com\/wp-content\/uploads\/2025\/07\/Trelissick-guide.jpg","datePublished":"2026-02-15T12:23:32+00:00","description":"Visita la Casa y Jardines de Trelissick con Language Tree. A nuestros experimentados gu\u00edas les encanta presentar a los estudiantes las propiedades del National Trust","breadcrumb":{"@id":"https:\/\/languagetreeschool.com\/es\/nuestra-escuela\/actividades-sociales-y-excursiones\/trelissick-y-el-national-trust\/#breadcrumb"},"inLanguage":"es","potentialAction":[{"@type":"ReadAction","target":["https:\/\/languagetreeschool.com\/es\/nuestra-escuela\/actividades-sociales-y-excursiones\/trelissick-y-el-national-trust\/"]}]},{"@type":"ImageObject","inLanguage":"es","@id":"https:\/\/languagetreeschool.com\/es\/nuestra-escuela\/actividades-sociales-y-excursiones\/trelissick-y-el-national-trust\/#primaryimage","url":"https:\/\/languagetreeschool.com\/wp-content\/uploads\/2025\/07\/Trelissick-guide.jpg","contentUrl":"https:\/\/languagetreeschool.com\/wp-content\/uploads\/2025\/07\/Trelissick-guide.jpg","width":2000,"height":1415,"caption":"Presentando a un grupo de estudiantes de Language Tree a Trelissick House and Gardens"},{"@type":"BreadcrumbList","@id":"https:\/\/languagetreeschool.com\/es\/nuestra-escuela\/actividades-sociales-y-excursiones\/trelissick-y-el-national-trust\/#breadcrumb","itemListElement":[{"@type":"ListItem","position":1,"name":"Home","item":"https:\/\/languagetreeschool.com\/es\/pagina-inicio\/"},{"@type":"ListItem","position":2,"name":"Nuestra escuela","item":"https:\/\/languagetreeschool.com\/es\/nuestra-escuela\/"},{"@type":"ListItem","position":3,"name":"Actividades sociales y excursiones","item":"https:\/\/languagetreeschool.com\/es\/nuestra-escuela\/actividades-sociales-y-excursiones\/"},{"@type":"ListItem","position":4,"name":"Trelissick y el National Trust"}]},{"@type":"WebSite","@id":"https:\/\/languagetreeschool.com\/es\/#website","url":"https:\/\/languagetreeschool.com\/es\/","name":"Language Tree","description":"Language, culture &amp; adventure","publisher":{"@id":"https:\/\/languagetreeschool.com\/es\/#organization"},"potentialAction":[{"@type":"SearchAction","target":{"@type":"EntryPoint","urlTemplate":"https:\/\/languagetreeschool.com\/es\/?s={search_term_string}"},"query-input":{"@type":"PropertyValueSpecification","valueRequired":true,"valueName":"search_term_string"}}],"inLanguage":"es"},{"@type":"Organization","@id":"https:\/\/languagetreeschool.com\/es\/#organization","name":"Language Tree","url":"https:\/\/languagetreeschool.com\/es\/","logo":{"@type":"ImageObject","inLanguage":"es","@id":"https:\/\/languagetreeschool.com\/es\/#\/schema\/logo\/image\/","url":"https:\/\/languagetreeschool.com\/wp-content\/uploads\/2026\/03\/LT-icon-1.jpg","contentUrl":"https:\/\/languagetreeschool.com\/wp-content\/uploads\/2026\/03\/LT-icon-1.jpg","width":1396,"height":1909,"caption":"Language Tree"},"image":{"@id":"https:\/\/languagetreeschool.com\/es\/#\/schema\/logo\/image\/"},"sameAs":["https:\/\/www.facebook.com\/languagetreecornwall","https:\/\/www.instagram.com\/languagetreeschool"],"description":"British Council accredited English language Summer School in Cornwall. Welcoming teenagers, families and adults from around the world to our university campus.","email":"info@languagetreeschool.com","telephone":"+447957497937","legalName":"Language Tree Limited","foundingDate":"2011-10-10","numberOfEmployees":{"@type":"QuantitativeValue","minValue":"11","maxValue":"50"}}]}},"_links":{"self":[{"href":"https:\/\/languagetreeschool.com\/es\/wp-json\/wp\/v2\/pages\/14100","targetHints":{"allow":["GET"]}}],"collection":[{"href":"https:\/\/languagetreeschool.com\/es\/wp-json\/wp\/v2\/pages"}],"about":[{"href":"https:\/\/languagetreeschool.com\/es\/wp-json\/wp\/v2\/types\/page"}],"author":[{"embeddable":true,"href":"https:\/\/languagetreeschool.com\/es\/wp-json\/wp\/v2\/users\/6"}],"replies":[{"embeddable":true,"href":"https:\/\/languagetreeschool.com\/es\/wp-json\/wp\/v2\/comments?post=14100"}],"version-history":[{"count":0,"href":"https:\/\/languagetreeschool.com\/es\/wp-json\/wp\/v2\/pages\/14100\/revisions"}],"up":[{"embeddable":true,"href":"https:\/\/languagetreeschool.com\/es\/wp-json\/wp\/v2\/pages\/4631"}],"wp:featuredmedia":[{"embeddable":true,"href":"https:\/\/languagetreeschool.com\/es\/wp-json\/wp\/v2\/media\/10879"}],"wp:attachment":[{"href":"https:\/\/languagetreeschool.com\/es\/wp-json\/wp\/v2\/media?parent=14100"}],"curies":[{"name":"wp","href":"https:\/\/api.w.org\/{rel}","templated":true}]}}