{"id":4617,"date":"2025-07-15T16:09:24","date_gmt":"2025-07-15T15:09:24","guid":{"rendered":"https:\/\/language.majik-now.co.uk\/care-of-under-18s\/"},"modified":"2026-04-24T17:03:48","modified_gmt":"2026-04-24T16:03:48","slug":"betreuung-von-unter-18-jaehrigen","status":"publish","type":"page","link":"https:\/\/languagetreeschool.com\/de\/unsere-schule\/betreuung-von-unter-18-jaehrigen\/","title":{"rendered":"<span>Betreuung<\/span> von unter 18-J\u00e4hrigen"},"content":{"rendered":"","protected":false},"excerpt":{"rendered":"","protected":false},"author":1,"featured_media":6569,"parent":4680,"menu_order":234,"comment_status":"closed","ping_status":"closed","template":"","meta":{"_acf_changed":false,"footnotes":""},"class_list":["post-4617","page","type-page","status-publish","has-post-thumbnail","hentry"],"acf":[],"yoast_head":"<!-- This site is optimized with the Yoast SEO Premium plugin v26.6 (Yoast SEO v26.6) - https:\/\/yoast.com\/wordpress\/plugins\/seo\/ -->\n<title>Schutz &amp; Pflege f\u00fcr unter 18-J\u00e4hrige | Sprachbaum Cornwall<\/title>\n<meta name=\"description\" content=\"Language Tree legt gro\u00dfen Wert auf das Wohlergehen der Sch\u00fcler. DBS-gepr\u00fcfte Mitarbeiter und Gastfamilien. Der 24\/7-Support sorgt f\u00fcr die Sicherheit von Sch\u00fclern unter 18 Jahren, w\u00e4hrend sie bei uns lernen.\" \/>\n<meta name=\"robots\" content=\"index, follow, max-snippet:-1, max-image-preview:large, max-video-preview:-1\" \/>\n<link rel=\"canonical\" href=\"https:\/\/languagetreeschool.com\/de\/unsere-schule\/betreuung-von-unter-18-jaehrigen\/\" \/>\n<meta property=\"og:locale\" content=\"de_DE\" \/>\n<meta property=\"og:type\" content=\"article\" \/>\n<meta property=\"og:title\" content=\"Schutz &amp; Pflege f\u00fcr unter 18-J\u00e4hrige | Sprachbaum Cornwall\" \/>\n<meta property=\"og:description\" content=\"Language Tree legt gro\u00dfen Wert auf das Wohlergehen der Sch\u00fcler. DBS-gepr\u00fcfte Mitarbeiter und Gastfamilien. Der 24\/7-Support sorgt f\u00fcr die Sicherheit von Sch\u00fclern unter 18 Jahren, w\u00e4hrend sie bei uns lernen.\" \/>\n<meta property=\"og:url\" content=\"https:\/\/languagetreeschool.com\/de\/unsere-schule\/betreuung-von-unter-18-jaehrigen\/\" \/>\n<meta property=\"og:site_name\" content=\"Language Tree\" \/>\n<meta property=\"article:publisher\" content=\"https:\/\/www.facebook.com\/languagetreecornwall\" \/>\n<meta property=\"article:modified_time\" content=\"2026-04-24T16:03:48+00:00\" \/>\n<meta property=\"og:image\" content=\"https:\/\/languagetreeschool.com\/wp-content\/uploads\/2025\/08\/in-the-water.jpg\" \/>\n\t<meta property=\"og:image:width\" content=\"2000\" \/>\n\t<meta property=\"og:image:height\" content=\"1334\" \/>\n\t<meta property=\"og:image:type\" content=\"image\/jpeg\" \/>\n<meta name=\"twitter:card\" content=\"summary_large_image\" \/>\n<meta name=\"twitter:title\" content=\"Schutz &amp; Pflege f\u00fcr unter 18-J\u00e4hrige | Sprachbaum Cornwall\" \/>\n<meta name=\"twitter:description\" content=\"Language Tree legt gro\u00dfen Wert auf das Wohlergehen der Sch\u00fcler. DBS-gepr\u00fcfte Mitarbeiter und Gastfamilien. Der 24\/7-Support sorgt f\u00fcr die Sicherheit von Sch\u00fclern unter 18 Jahren, w\u00e4hrend sie bei uns lernen.\" \/>\n<meta name=\"twitter:label1\" content=\"Gesch\u00e4tzte Lesezeit\" \/>\n\t<meta name=\"twitter:data1\" content=\"1\u00a0Minute\" \/>\n<script type=\"application\/ld+json\" class=\"yoast-schema-graph\">{\"@context\":\"https:\/\/schema.org\",\"@graph\":[{\"@type\":\"WebPage\",\"@id\":\"https:\/\/languagetreeschool.com\/de\/unsere-schule\/betreuung-von-unter-18-jaehrigen\/\",\"url\":\"https:\/\/languagetreeschool.com\/de\/unsere-schule\/betreuung-von-unter-18-jaehrigen\/\",\"name\":\"Schutz & Pflege f\u00fcr unter 18-J\u00e4hrige | Sprachbaum Cornwall\",\"isPartOf\":{\"@id\":\"https:\/\/languagetreeschool.com\/de\/#website\"},\"primaryImageOfPage\":{\"@id\":\"https:\/\/languagetreeschool.com\/de\/unsere-schule\/betreuung-von-unter-18-jaehrigen\/#primaryimage\"},\"image\":{\"@id\":\"https:\/\/languagetreeschool.com\/de\/unsere-schule\/betreuung-von-unter-18-jaehrigen\/#primaryimage\"},\"thumbnailUrl\":\"https:\/\/languagetreeschool.com\/wp-content\/uploads\/2025\/08\/in-the-water.jpg\",\"datePublished\":\"2025-07-15T15:09:24+00:00\",\"dateModified\":\"2026-04-24T16:03:48+00:00\",\"description\":\"Language Tree legt gro\u00dfen Wert auf das Wohlergehen der Sch\u00fcler. DBS-gepr\u00fcfte Mitarbeiter und Gastfamilien. Der 24\/7-Support sorgt f\u00fcr die Sicherheit von Sch\u00fclern unter 18 Jahren, w\u00e4hrend sie bei uns lernen.\",\"breadcrumb\":{\"@id\":\"https:\/\/languagetreeschool.com\/de\/unsere-schule\/betreuung-von-unter-18-jaehrigen\/#breadcrumb\"},\"inLanguage\":\"de\",\"potentialAction\":[{\"@type\":\"ReadAction\",\"target\":[\"https:\/\/languagetreeschool.com\/de\/unsere-schule\/betreuung-von-unter-18-jaehrigen\/\"]}]},{\"@type\":\"ImageObject\",\"inLanguage\":\"de\",\"@id\":\"https:\/\/languagetreeschool.com\/de\/unsere-schule\/betreuung-von-unter-18-jaehrigen\/#primaryimage\",\"url\":\"https:\/\/languagetreeschool.com\/wp-content\/uploads\/2025\/08\/in-the-water.jpg\",\"contentUrl\":\"https:\/\/languagetreeschool.com\/wp-content\/uploads\/2025\/08\/in-the-water.jpg\",\"width\":2000,\"height\":1334,\"caption\":\"Studenten planschen bei einer Coasteering-Session\"},{\"@type\":\"BreadcrumbList\",\"@id\":\"https:\/\/languagetreeschool.com\/de\/unsere-schule\/betreuung-von-unter-18-jaehrigen\/#breadcrumb\",\"itemListElement\":[{\"@type\":\"ListItem\",\"position\":1,\"name\":\"Startseite\",\"item\":\"https:\/\/languagetreeschool.com\/de\/startseite\/\"},{\"@type\":\"ListItem\",\"position\":2,\"name\":\"Unsere Schule\",\"item\":\"https:\/\/languagetreeschool.com\/de\/unsere-schule\/\"},{\"@type\":\"ListItem\",\"position\":3,\"name\":\"Betreuung von unter 18-J\u00e4hrigen\"}]},{\"@type\":\"WebSite\",\"@id\":\"https:\/\/languagetreeschool.com\/de\/#website\",\"url\":\"https:\/\/languagetreeschool.com\/de\/\",\"name\":\"Language Tree\",\"description\":\"Language, culture &amp; adventure\",\"publisher\":{\"@id\":\"https:\/\/languagetreeschool.com\/de\/#organization\"},\"potentialAction\":[{\"@type\":\"SearchAction\",\"target\":{\"@type\":\"EntryPoint\",\"urlTemplate\":\"https:\/\/languagetreeschool.com\/de\/?s={search_term_string}\"},\"query-input\":{\"@type\":\"PropertyValueSpecification\",\"valueRequired\":true,\"valueName\":\"search_term_string\"}}],\"inLanguage\":\"de\"},{\"@type\":\"Organization\",\"@id\":\"https:\/\/languagetreeschool.com\/de\/#organization\",\"name\":\"Language Tree\",\"url\":\"https:\/\/languagetreeschool.com\/de\/\",\"logo\":{\"@type\":\"ImageObject\",\"inLanguage\":\"de\",\"@id\":\"https:\/\/languagetreeschool.com\/de\/#\/schema\/logo\/image\/\",\"url\":\"https:\/\/languagetreeschool.com\/wp-content\/uploads\/2026\/03\/LT-icon-1.jpg\",\"contentUrl\":\"https:\/\/languagetreeschool.com\/wp-content\/uploads\/2026\/03\/LT-icon-1.jpg\",\"width\":1396,\"height\":1909,\"caption\":\"Language Tree\"},\"image\":{\"@id\":\"https:\/\/languagetreeschool.com\/de\/#\/schema\/logo\/image\/\"},\"sameAs\":[\"https:\/\/www.facebook.com\/languagetreecornwall\",\"https:\/\/www.instagram.com\/languagetreeschool\"],\"description\":\"British Council accredited English language Summer School in Cornwall. Welcoming teenagers, families and adults from around the world to our university campus.\",\"email\":\"info@languagetreeschool.com\",\"telephone\":\"+447957497937\",\"legalName\":\"Language Tree Limited\",\"foundingDate\":\"2011-10-10\",\"numberOfEmployees\":{\"@type\":\"QuantitativeValue\",\"minValue\":\"11\",\"maxValue\":\"50\"}}]}<\/script>\n<!-- \/ Yoast SEO Premium plugin. -->","yoast_head_json":{"title":"Schutz & Pflege f\u00fcr unter 18-J\u00e4hrige | Sprachbaum Cornwall","description":"Language Tree legt gro\u00dfen Wert auf das Wohlergehen der Sch\u00fcler. DBS-gepr\u00fcfte Mitarbeiter und Gastfamilien. Der 24\/7-Support sorgt f\u00fcr die Sicherheit von Sch\u00fclern unter 18 Jahren, w\u00e4hrend sie bei uns lernen.","robots":{"index":"index","follow":"follow","max-snippet":"max-snippet:-1","max-image-preview":"max-image-preview:large","max-video-preview":"max-video-preview:-1"},"canonical":"https:\/\/languagetreeschool.com\/de\/unsere-schule\/betreuung-von-unter-18-jaehrigen\/","og_locale":"de_DE","og_type":"article","og_title":"Schutz & Pflege f\u00fcr unter 18-J\u00e4hrige | Sprachbaum Cornwall","og_description":"Language Tree legt gro\u00dfen Wert auf das Wohlergehen der Sch\u00fcler. DBS-gepr\u00fcfte Mitarbeiter und Gastfamilien. Der 24\/7-Support sorgt f\u00fcr die Sicherheit von Sch\u00fclern unter 18 Jahren, w\u00e4hrend sie bei uns lernen.","og_url":"https:\/\/languagetreeschool.com\/de\/unsere-schule\/betreuung-von-unter-18-jaehrigen\/","og_site_name":"Language Tree","article_publisher":"https:\/\/www.facebook.com\/languagetreecornwall","article_modified_time":"2026-04-24T16:03:48+00:00","og_image":[{"width":2000,"height":1334,"url":"https:\/\/languagetreeschool.com\/wp-content\/uploads\/2025\/08\/in-the-water.jpg","type":"image\/jpeg"}],"twitter_card":"summary_large_image","twitter_title":"Schutz & Pflege f\u00fcr unter 18-J\u00e4hrige | Sprachbaum Cornwall","twitter_description":"Language Tree legt gro\u00dfen Wert auf das Wohlergehen der Sch\u00fcler. DBS-gepr\u00fcfte Mitarbeiter und Gastfamilien. Der 24\/7-Support sorgt f\u00fcr die Sicherheit von Sch\u00fclern unter 18 Jahren, w\u00e4hrend sie bei uns lernen.","twitter_misc":{"Gesch\u00e4tzte Lesezeit":"1\u00a0Minute"},"schema":{"@context":"https:\/\/schema.org","@graph":[{"@type":"WebPage","@id":"https:\/\/languagetreeschool.com\/de\/unsere-schule\/betreuung-von-unter-18-jaehrigen\/","url":"https:\/\/languagetreeschool.com\/de\/unsere-schule\/betreuung-von-unter-18-jaehrigen\/","name":"Schutz & Pflege f\u00fcr unter 18-J\u00e4hrige | Sprachbaum Cornwall","isPartOf":{"@id":"https:\/\/languagetreeschool.com\/de\/#website"},"primaryImageOfPage":{"@id":"https:\/\/languagetreeschool.com\/de\/unsere-schule\/betreuung-von-unter-18-jaehrigen\/#primaryimage"},"image":{"@id":"https:\/\/languagetreeschool.com\/de\/unsere-schule\/betreuung-von-unter-18-jaehrigen\/#primaryimage"},"thumbnailUrl":"https:\/\/languagetreeschool.com\/wp-content\/uploads\/2025\/08\/in-the-water.jpg","datePublished":"2025-07-15T15:09:24+00:00","dateModified":"2026-04-24T16:03:48+00:00","description":"Language Tree legt gro\u00dfen Wert auf das Wohlergehen der Sch\u00fcler. DBS-gepr\u00fcfte Mitarbeiter und Gastfamilien. Der 24\/7-Support sorgt f\u00fcr die Sicherheit von Sch\u00fclern unter 18 Jahren, w\u00e4hrend sie bei uns lernen.","breadcrumb":{"@id":"https:\/\/languagetreeschool.com\/de\/unsere-schule\/betreuung-von-unter-18-jaehrigen\/#breadcrumb"},"inLanguage":"de","potentialAction":[{"@type":"ReadAction","target":["https:\/\/languagetreeschool.com\/de\/unsere-schule\/betreuung-von-unter-18-jaehrigen\/"]}]},{"@type":"ImageObject","inLanguage":"de","@id":"https:\/\/languagetreeschool.com\/de\/unsere-schule\/betreuung-von-unter-18-jaehrigen\/#primaryimage","url":"https:\/\/languagetreeschool.com\/wp-content\/uploads\/2025\/08\/in-the-water.jpg","contentUrl":"https:\/\/languagetreeschool.com\/wp-content\/uploads\/2025\/08\/in-the-water.jpg","width":2000,"height":1334,"caption":"Studenten planschen bei einer Coasteering-Session"},{"@type":"BreadcrumbList","@id":"https:\/\/languagetreeschool.com\/de\/unsere-schule\/betreuung-von-unter-18-jaehrigen\/#breadcrumb","itemListElement":[{"@type":"ListItem","position":1,"name":"Startseite","item":"https:\/\/languagetreeschool.com\/de\/startseite\/"},{"@type":"ListItem","position":2,"name":"Unsere Schule","item":"https:\/\/languagetreeschool.com\/de\/unsere-schule\/"},{"@type":"ListItem","position":3,"name":"Betreuung von unter 18-J\u00e4hrigen"}]},{"@type":"WebSite","@id":"https:\/\/languagetreeschool.com\/de\/#website","url":"https:\/\/languagetreeschool.com\/de\/","name":"Language Tree","description":"Language, culture &amp; adventure","publisher":{"@id":"https:\/\/languagetreeschool.com\/de\/#organization"},"potentialAction":[{"@type":"SearchAction","target":{"@type":"EntryPoint","urlTemplate":"https:\/\/languagetreeschool.com\/de\/?s={search_term_string}"},"query-input":{"@type":"PropertyValueSpecification","valueRequired":true,"valueName":"search_term_string"}}],"inLanguage":"de"},{"@type":"Organization","@id":"https:\/\/languagetreeschool.com\/de\/#organization","name":"Language Tree","url":"https:\/\/languagetreeschool.com\/de\/","logo":{"@type":"ImageObject","inLanguage":"de","@id":"https:\/\/languagetreeschool.com\/de\/#\/schema\/logo\/image\/","url":"https:\/\/languagetreeschool.com\/wp-content\/uploads\/2026\/03\/LT-icon-1.jpg","contentUrl":"https:\/\/languagetreeschool.com\/wp-content\/uploads\/2026\/03\/LT-icon-1.jpg","width":1396,"height":1909,"caption":"Language Tree"},"image":{"@id":"https:\/\/languagetreeschool.com\/de\/#\/schema\/logo\/image\/"},"sameAs":["https:\/\/www.facebook.com\/languagetreecornwall","https:\/\/www.instagram.com\/languagetreeschool"],"description":"British Council accredited English language Summer School in Cornwall. Welcoming teenagers, families and adults from around the world to our university campus.","email":"info@languagetreeschool.com","telephone":"+447957497937","legalName":"Language Tree Limited","foundingDate":"2011-10-10","numberOfEmployees":{"@type":"QuantitativeValue","minValue":"11","maxValue":"50"}}]}},"_links":{"self":[{"href":"https:\/\/languagetreeschool.com\/de\/wp-json\/wp\/v2\/pages\/4617","targetHints":{"allow":["GET"]}}],"collection":[{"href":"https:\/\/languagetreeschool.com\/de\/wp-json\/wp\/v2\/pages"}],"about":[{"href":"https:\/\/languagetreeschool.com\/de\/wp-json\/wp\/v2\/types\/page"}],"author":[{"embeddable":true,"href":"https:\/\/languagetreeschool.com\/de\/wp-json\/wp\/v2\/users\/1"}],"replies":[{"embeddable":true,"href":"https:\/\/languagetreeschool.com\/de\/wp-json\/wp\/v2\/comments?post=4617"}],"version-history":[{"count":7,"href":"https:\/\/languagetreeschool.com\/de\/wp-json\/wp\/v2\/pages\/4617\/revisions"}],"predecessor-version":[{"id":10522,"href":"https:\/\/languagetreeschool.com\/de\/wp-json\/wp\/v2\/pages\/4617\/revisions\/10522"}],"up":[{"embeddable":true,"href":"https:\/\/languagetreeschool.com\/de\/wp-json\/wp\/v2\/pages\/4680"}],"wp:featuredmedia":[{"embeddable":true,"href":"https:\/\/languagetreeschool.com\/de\/wp-json\/wp\/v2\/media\/6569"}],"wp:attachment":[{"href":"https:\/\/languagetreeschool.com\/de\/wp-json\/wp\/v2\/media?parent=4617"}],"curies":[{"name":"wp","href":"https:\/\/api.w.org\/{rel}","templated":true}]}}