{"id":4572,"date":"2025-07-15T16:10:49","date_gmt":"2025-07-15T15:10:49","guid":{"rendered":"https:\/\/language.majik-now.co.uk\/gallery-media\/"},"modified":"2025-11-28T14:44:13","modified_gmt":"2025-11-28T14:44:13","slug":"unsere-fotogalerie","status":"publish","type":"page","link":"https:\/\/languagetreeschool.com\/de\/cornwall\/unsere-fotogalerie\/","title":{"rendered":"Unsere Fotogalerie"},"content":{"rendered":"","protected":false},"excerpt":{"rendered":"","protected":false},"author":1,"featured_media":7592,"parent":4671,"menu_order":183,"comment_status":"closed","ping_status":"closed","template":"","meta":{"_acf_changed":false,"footnotes":""},"class_list":["post-4572","page","type-page","status-publish","has-post-thumbnail","hentry"],"acf":[],"yoast_head":"<!-- This site is optimized with the Yoast SEO Premium plugin v26.6 (Yoast SEO v26.6) - https:\/\/yoast.com\/wordpress\/plugins\/seo\/ -->\n<title>Fotogalerie von Ausfl\u00fcgen mit Language Tree in Cornwall<\/title>\n<meta name=\"description\" content=\"Entdecken Sie unsere Cornwall-Fotogalerie: Str\u00e4nde, Spazierg\u00e4nge an der K\u00fcste und Abenteuer mit Language Tree. Machen Sie sich ein Bild von Cornwall, bevor Sie ankommen!\" \/>\n<meta name=\"robots\" content=\"index, follow, max-snippet:-1, max-image-preview:large, max-video-preview:-1\" \/>\n<link rel=\"canonical\" href=\"https:\/\/languagetreeschool.com\/de\/cornwall\/unsere-fotogalerie\/\" \/>\n<meta property=\"og:locale\" content=\"de_DE\" \/>\n<meta property=\"og:type\" content=\"article\" \/>\n<meta property=\"og:title\" content=\"Fotogalerie von Ausfl\u00fcgen mit Language Tree in Cornwall\" \/>\n<meta property=\"og:description\" content=\"Entdecken Sie unsere Cornwall-Fotogalerie: Str\u00e4nde, Spazierg\u00e4nge an der K\u00fcste und Abenteuer mit Language Tree. Machen Sie sich ein Bild von Cornwall, bevor Sie ankommen!\" \/>\n<meta property=\"og:url\" content=\"https:\/\/languagetreeschool.com\/de\/cornwall\/unsere-fotogalerie\/\" \/>\n<meta property=\"og:site_name\" content=\"Language Tree\" \/>\n<meta property=\"article:publisher\" content=\"https:\/\/www.facebook.com\/languagetreecornwall\" \/>\n<meta property=\"article:modified_time\" content=\"2025-11-28T14:44:13+00:00\" \/>\n<meta property=\"og:image\" content=\"https:\/\/languagetreeschool.com\/wp-content\/uploads\/2025\/08\/St-Michaels-Mount-dolphins.jpg\" \/>\n\t<meta property=\"og:image:width\" content=\"2000\" \/>\n\t<meta property=\"og:image:height\" content=\"1334\" \/>\n\t<meta property=\"og:image:type\" content=\"image\/jpeg\" \/>\n<meta name=\"twitter:card\" content=\"summary_large_image\" \/>\n<meta name=\"twitter:title\" content=\"Fotogalerie von Ausfl\u00fcgen mit Language Tree in Cornwall\" \/>\n<meta name=\"twitter:description\" content=\"Entdecken Sie unsere Cornwall-Fotogalerie: Str\u00e4nde, Spazierg\u00e4nge an der K\u00fcste und Abenteuer mit Language Tree. Machen Sie sich ein Bild von Cornwall, bevor Sie ankommen!\" \/>\n<meta name=\"twitter:label1\" content=\"Gesch\u00e4tzte Lesezeit\" \/>\n\t<meta name=\"twitter:data1\" content=\"1\u00a0Minute\" \/>\n<script type=\"application\/ld+json\" class=\"yoast-schema-graph\">{\"@context\":\"https:\/\/schema.org\",\"@graph\":[{\"@type\":\"WebPage\",\"@id\":\"https:\/\/languagetreeschool.com\/de\/cornwall\/unsere-fotogalerie\/\",\"url\":\"https:\/\/languagetreeschool.com\/de\/cornwall\/unsere-fotogalerie\/\",\"name\":\"Fotogalerie von Ausfl\u00fcgen mit Language Tree in Cornwall\",\"isPartOf\":{\"@id\":\"https:\/\/languagetreeschool.com\/de\/#website\"},\"primaryImageOfPage\":{\"@id\":\"https:\/\/languagetreeschool.com\/de\/cornwall\/unsere-fotogalerie\/#primaryimage\"},\"image\":{\"@id\":\"https:\/\/languagetreeschool.com\/de\/cornwall\/unsere-fotogalerie\/#primaryimage\"},\"thumbnailUrl\":\"https:\/\/languagetreeschool.com\/wp-content\/uploads\/2025\/08\/St-Michaels-Mount-dolphins.jpg\",\"datePublished\":\"2025-07-15T15:10:49+00:00\",\"dateModified\":\"2025-11-28T14:44:13+00:00\",\"description\":\"Entdecken Sie unsere Cornwall-Fotogalerie: Str\u00e4nde, Spazierg\u00e4nge an der K\u00fcste und Abenteuer mit Language Tree. Machen Sie sich ein Bild von Cornwall, bevor Sie ankommen!\",\"breadcrumb\":{\"@id\":\"https:\/\/languagetreeschool.com\/de\/cornwall\/unsere-fotogalerie\/#breadcrumb\"},\"inLanguage\":\"de\",\"potentialAction\":[{\"@type\":\"ReadAction\",\"target\":[\"https:\/\/languagetreeschool.com\/de\/cornwall\/unsere-fotogalerie\/\"]}]},{\"@type\":\"ImageObject\",\"inLanguage\":\"de\",\"@id\":\"https:\/\/languagetreeschool.com\/de\/cornwall\/unsere-fotogalerie\/#primaryimage\",\"url\":\"https:\/\/languagetreeschool.com\/wp-content\/uploads\/2025\/08\/St-Michaels-Mount-dolphins.jpg\",\"contentUrl\":\"https:\/\/languagetreeschool.com\/wp-content\/uploads\/2025\/08\/St-Michaels-Mount-dolphins.jpg\",\"width\":2000,\"height\":1334,\"caption\":\"St. Michael's Mount &amp; Delphin-Skulptur\"},{\"@type\":\"BreadcrumbList\",\"@id\":\"https:\/\/languagetreeschool.com\/de\/cornwall\/unsere-fotogalerie\/#breadcrumb\",\"itemListElement\":[{\"@type\":\"ListItem\",\"position\":1,\"name\":\"Startseite\",\"item\":\"https:\/\/languagetreeschool.com\/de\/startseite\/\"},{\"@type\":\"ListItem\",\"position\":2,\"name\":\"Cornwall\",\"item\":\"https:\/\/languagetreeschool.com\/de\/cornwall\/\"},{\"@type\":\"ListItem\",\"position\":3,\"name\":\"Unsere Fotogalerie\"}]},{\"@type\":\"WebSite\",\"@id\":\"https:\/\/languagetreeschool.com\/de\/#website\",\"url\":\"https:\/\/languagetreeschool.com\/de\/\",\"name\":\"Language Tree\",\"description\":\"Language, culture &amp; adventure\",\"publisher\":{\"@id\":\"https:\/\/languagetreeschool.com\/de\/#organization\"},\"potentialAction\":[{\"@type\":\"SearchAction\",\"target\":{\"@type\":\"EntryPoint\",\"urlTemplate\":\"https:\/\/languagetreeschool.com\/de\/?s={search_term_string}\"},\"query-input\":{\"@type\":\"PropertyValueSpecification\",\"valueRequired\":true,\"valueName\":\"search_term_string\"}}],\"inLanguage\":\"de\"},{\"@type\":\"Organization\",\"@id\":\"https:\/\/languagetreeschool.com\/de\/#organization\",\"name\":\"Language Tree\",\"url\":\"https:\/\/languagetreeschool.com\/de\/\",\"logo\":{\"@type\":\"ImageObject\",\"inLanguage\":\"de\",\"@id\":\"https:\/\/languagetreeschool.com\/de\/#\/schema\/logo\/image\/\",\"url\":\"https:\/\/languagetreeschool.com\/wp-content\/uploads\/2026\/03\/LT-icon-1.jpg\",\"contentUrl\":\"https:\/\/languagetreeschool.com\/wp-content\/uploads\/2026\/03\/LT-icon-1.jpg\",\"width\":1396,\"height\":1909,\"caption\":\"Language Tree\"},\"image\":{\"@id\":\"https:\/\/languagetreeschool.com\/de\/#\/schema\/logo\/image\/\"},\"sameAs\":[\"https:\/\/www.facebook.com\/languagetreecornwall\",\"https:\/\/www.instagram.com\/languagetreeschool\"],\"description\":\"British Council accredited English language Summer School in Cornwall. Welcoming teenagers, families and adults from around the world to our university campus.\",\"email\":\"info@languagetreeschool.com\",\"telephone\":\"+447957497937\",\"legalName\":\"Language Tree Limited\",\"foundingDate\":\"2011-10-10\",\"numberOfEmployees\":{\"@type\":\"QuantitativeValue\",\"minValue\":\"11\",\"maxValue\":\"50\"}}]}<\/script>\n<!-- \/ Yoast SEO Premium plugin. -->","yoast_head_json":{"title":"Fotogalerie von Ausfl\u00fcgen mit Language Tree in Cornwall","description":"Entdecken Sie unsere Cornwall-Fotogalerie: Str\u00e4nde, Spazierg\u00e4nge an der K\u00fcste und Abenteuer mit Language Tree. Machen Sie sich ein Bild von Cornwall, bevor Sie ankommen!","robots":{"index":"index","follow":"follow","max-snippet":"max-snippet:-1","max-image-preview":"max-image-preview:large","max-video-preview":"max-video-preview:-1"},"canonical":"https:\/\/languagetreeschool.com\/de\/cornwall\/unsere-fotogalerie\/","og_locale":"de_DE","og_type":"article","og_title":"Fotogalerie von Ausfl\u00fcgen mit Language Tree in Cornwall","og_description":"Entdecken Sie unsere Cornwall-Fotogalerie: Str\u00e4nde, Spazierg\u00e4nge an der K\u00fcste und Abenteuer mit Language Tree. Machen Sie sich ein Bild von Cornwall, bevor Sie ankommen!","og_url":"https:\/\/languagetreeschool.com\/de\/cornwall\/unsere-fotogalerie\/","og_site_name":"Language Tree","article_publisher":"https:\/\/www.facebook.com\/languagetreecornwall","article_modified_time":"2025-11-28T14:44:13+00:00","og_image":[{"width":2000,"height":1334,"url":"https:\/\/languagetreeschool.com\/wp-content\/uploads\/2025\/08\/St-Michaels-Mount-dolphins.jpg","type":"image\/jpeg"}],"twitter_card":"summary_large_image","twitter_title":"Fotogalerie von Ausfl\u00fcgen mit Language Tree in Cornwall","twitter_description":"Entdecken Sie unsere Cornwall-Fotogalerie: Str\u00e4nde, Spazierg\u00e4nge an der K\u00fcste und Abenteuer mit Language Tree. Machen Sie sich ein Bild von Cornwall, bevor Sie ankommen!","twitter_misc":{"Gesch\u00e4tzte Lesezeit":"1\u00a0Minute"},"schema":{"@context":"https:\/\/schema.org","@graph":[{"@type":"WebPage","@id":"https:\/\/languagetreeschool.com\/de\/cornwall\/unsere-fotogalerie\/","url":"https:\/\/languagetreeschool.com\/de\/cornwall\/unsere-fotogalerie\/","name":"Fotogalerie von Ausfl\u00fcgen mit Language Tree in Cornwall","isPartOf":{"@id":"https:\/\/languagetreeschool.com\/de\/#website"},"primaryImageOfPage":{"@id":"https:\/\/languagetreeschool.com\/de\/cornwall\/unsere-fotogalerie\/#primaryimage"},"image":{"@id":"https:\/\/languagetreeschool.com\/de\/cornwall\/unsere-fotogalerie\/#primaryimage"},"thumbnailUrl":"https:\/\/languagetreeschool.com\/wp-content\/uploads\/2025\/08\/St-Michaels-Mount-dolphins.jpg","datePublished":"2025-07-15T15:10:49+00:00","dateModified":"2025-11-28T14:44:13+00:00","description":"Entdecken Sie unsere Cornwall-Fotogalerie: Str\u00e4nde, Spazierg\u00e4nge an der K\u00fcste und Abenteuer mit Language Tree. Machen Sie sich ein Bild von Cornwall, bevor Sie ankommen!","breadcrumb":{"@id":"https:\/\/languagetreeschool.com\/de\/cornwall\/unsere-fotogalerie\/#breadcrumb"},"inLanguage":"de","potentialAction":[{"@type":"ReadAction","target":["https:\/\/languagetreeschool.com\/de\/cornwall\/unsere-fotogalerie\/"]}]},{"@type":"ImageObject","inLanguage":"de","@id":"https:\/\/languagetreeschool.com\/de\/cornwall\/unsere-fotogalerie\/#primaryimage","url":"https:\/\/languagetreeschool.com\/wp-content\/uploads\/2025\/08\/St-Michaels-Mount-dolphins.jpg","contentUrl":"https:\/\/languagetreeschool.com\/wp-content\/uploads\/2025\/08\/St-Michaels-Mount-dolphins.jpg","width":2000,"height":1334,"caption":"St. Michael's Mount &amp; Delphin-Skulptur"},{"@type":"BreadcrumbList","@id":"https:\/\/languagetreeschool.com\/de\/cornwall\/unsere-fotogalerie\/#breadcrumb","itemListElement":[{"@type":"ListItem","position":1,"name":"Startseite","item":"https:\/\/languagetreeschool.com\/de\/startseite\/"},{"@type":"ListItem","position":2,"name":"Cornwall","item":"https:\/\/languagetreeschool.com\/de\/cornwall\/"},{"@type":"ListItem","position":3,"name":"Unsere Fotogalerie"}]},{"@type":"WebSite","@id":"https:\/\/languagetreeschool.com\/de\/#website","url":"https:\/\/languagetreeschool.com\/de\/","name":"Language Tree","description":"Language, culture &amp; adventure","publisher":{"@id":"https:\/\/languagetreeschool.com\/de\/#organization"},"potentialAction":[{"@type":"SearchAction","target":{"@type":"EntryPoint","urlTemplate":"https:\/\/languagetreeschool.com\/de\/?s={search_term_string}"},"query-input":{"@type":"PropertyValueSpecification","valueRequired":true,"valueName":"search_term_string"}}],"inLanguage":"de"},{"@type":"Organization","@id":"https:\/\/languagetreeschool.com\/de\/#organization","name":"Language Tree","url":"https:\/\/languagetreeschool.com\/de\/","logo":{"@type":"ImageObject","inLanguage":"de","@id":"https:\/\/languagetreeschool.com\/de\/#\/schema\/logo\/image\/","url":"https:\/\/languagetreeschool.com\/wp-content\/uploads\/2026\/03\/LT-icon-1.jpg","contentUrl":"https:\/\/languagetreeschool.com\/wp-content\/uploads\/2026\/03\/LT-icon-1.jpg","width":1396,"height":1909,"caption":"Language Tree"},"image":{"@id":"https:\/\/languagetreeschool.com\/de\/#\/schema\/logo\/image\/"},"sameAs":["https:\/\/www.facebook.com\/languagetreecornwall","https:\/\/www.instagram.com\/languagetreeschool"],"description":"British Council accredited English language Summer School in Cornwall. Welcoming teenagers, families and adults from around the world to our university campus.","email":"info@languagetreeschool.com","telephone":"+447957497937","legalName":"Language Tree Limited","foundingDate":"2011-10-10","numberOfEmployees":{"@type":"QuantitativeValue","minValue":"11","maxValue":"50"}}]}},"_links":{"self":[{"href":"https:\/\/languagetreeschool.com\/de\/wp-json\/wp\/v2\/pages\/4572","targetHints":{"allow":["GET"]}}],"collection":[{"href":"https:\/\/languagetreeschool.com\/de\/wp-json\/wp\/v2\/pages"}],"about":[{"href":"https:\/\/languagetreeschool.com\/de\/wp-json\/wp\/v2\/types\/page"}],"author":[{"embeddable":true,"href":"https:\/\/languagetreeschool.com\/de\/wp-json\/wp\/v2\/users\/1"}],"replies":[{"embeddable":true,"href":"https:\/\/languagetreeschool.com\/de\/wp-json\/wp\/v2\/comments?post=4572"}],"version-history":[{"count":5,"href":"https:\/\/languagetreeschool.com\/de\/wp-json\/wp\/v2\/pages\/4572\/revisions"}],"predecessor-version":[{"id":10841,"href":"https:\/\/languagetreeschool.com\/de\/wp-json\/wp\/v2\/pages\/4572\/revisions\/10841"}],"up":[{"embeddable":true,"href":"https:\/\/languagetreeschool.com\/de\/wp-json\/wp\/v2\/pages\/4671"}],"wp:featuredmedia":[{"embeddable":true,"href":"https:\/\/languagetreeschool.com\/de\/wp-json\/wp\/v2\/media\/7592"}],"wp:attachment":[{"href":"https:\/\/languagetreeschool.com\/de\/wp-json\/wp\/v2\/media?parent=4572"}],"curies":[{"name":"wp","href":"https:\/\/api.w.org\/{rel}","templated":true}]}}