{"id":14230,"date":"2026-03-08T12:40:22","date_gmt":"2026-03-08T12:40:22","guid":{"rendered":"https:\/\/languagetreeschool.com\/unsere-schule\/social-activities-excursions\/tintagel-und-koenig-artus\/"},"modified":"2026-03-08T12:50:28","modified_gmt":"2026-03-08T12:50:28","slug":"tintagel-und-koenig-artus","status":"publish","type":"page","link":"https:\/\/languagetreeschool.com\/de\/unsere-schule\/social-activities-excursions\/tintagel-und-koenig-artus\/","title":{"rendered":"Tintagel und K\u00f6nig Artus"},"content":{"rendered":"","protected":false},"excerpt":{"rendered":"","protected":false},"author":6,"featured_media":1341,"parent":4626,"menu_order":0,"comment_status":"closed","ping_status":"closed","template":"","meta":{"_acf_changed":false,"footnotes":""},"class_list":["post-14230","page","type-page","status-publish","has-post-thumbnail","hentry"],"acf":[],"yoast_head":"<!-- This site is optimized with the Yoast SEO Premium plugin v26.6 (Yoast SEO v26.6) - https:\/\/yoast.com\/wordpress\/plugins\/seo\/ -->\n<title>Besuchen Sie Tintagel Castle und lernen Sie mit uns \u00fcber K\u00f6nig Artus<\/title>\n<meta name=\"description\" content=\"Besuchen Sie Tintagel Castle mit uns. Erkunden Sie den Geburtsort von K\u00f6nig Artus und erfahren Sie mehr \u00fcber die Ritter der Tafelrunde in King Arthur&#039;s Halls.\" \/>\n<meta name=\"robots\" content=\"index, follow, max-snippet:-1, max-image-preview:large, max-video-preview:-1\" \/>\n<link rel=\"canonical\" href=\"https:\/\/languagetreeschool.com\/de\/unsere-schule\/social-activities-excursions\/tintagel-und-koenig-artus\/\" \/>\n<meta property=\"og:locale\" content=\"de_DE\" \/>\n<meta property=\"og:type\" content=\"article\" \/>\n<meta property=\"og:title\" content=\"Besuchen Sie Tintagel Castle und lernen Sie mit uns \u00fcber K\u00f6nig Artus\" \/>\n<meta property=\"og:description\" content=\"Besuchen Sie Tintagel Castle mit uns. Erkunden Sie den Geburtsort von K\u00f6nig Artus und erfahren Sie mehr \u00fcber die Ritter der Tafelrunde in King Arthur&#039;s Halls.\" \/>\n<meta property=\"og:url\" content=\"https:\/\/languagetreeschool.com\/de\/unsere-schule\/social-activities-excursions\/tintagel-und-koenig-artus\/\" \/>\n<meta property=\"og:site_name\" content=\"Language Tree\" \/>\n<meta property=\"article:publisher\" content=\"https:\/\/www.facebook.com\/languagetreecornwall\" \/>\n<meta property=\"article:modified_time\" content=\"2026-03-08T12:50:28+00:00\" \/>\n<meta property=\"og:image\" content=\"https:\/\/languagetreeschool.com\/wp-content\/uploads\/2025\/07\/Tintagel-castle-2.jpg\" \/>\n\t<meta property=\"og:image:width\" content=\"1200\" \/>\n\t<meta property=\"og:image:height\" content=\"1553\" \/>\n\t<meta property=\"og:image:type\" content=\"image\/jpeg\" \/>\n<meta name=\"twitter:card\" content=\"summary_large_image\" \/>\n<meta name=\"twitter:title\" content=\"Besuchen Sie Tintagel Castle und lernen Sie mit uns \u00fcber K\u00f6nig Artus\" \/>\n<meta name=\"twitter:description\" content=\"Besuchen Sie Tintagel Castle mit uns. Erkunden Sie den Geburtsort von K\u00f6nig Artus und erfahren Sie mehr \u00fcber die Ritter der Tafelrunde in King Arthur&#039;s Halls.\" \/>\n<script type=\"application\/ld+json\" class=\"yoast-schema-graph\">{\"@context\":\"https:\/\/schema.org\",\"@graph\":[{\"@type\":\"WebPage\",\"@id\":\"https:\/\/languagetreeschool.com\/de\/unsere-schule\/social-activities-excursions\/tintagel-und-koenig-artus\/\",\"url\":\"https:\/\/languagetreeschool.com\/de\/unsere-schule\/social-activities-excursions\/tintagel-und-koenig-artus\/\",\"name\":\"Besuchen Sie Tintagel Castle und lernen Sie mit uns \u00fcber K\u00f6nig Artus\",\"isPartOf\":{\"@id\":\"https:\/\/languagetreeschool.com\/de\/#website\"},\"primaryImageOfPage\":{\"@id\":\"https:\/\/languagetreeschool.com\/de\/unsere-schule\/social-activities-excursions\/tintagel-und-koenig-artus\/#primaryimage\"},\"image\":{\"@id\":\"https:\/\/languagetreeschool.com\/de\/unsere-schule\/social-activities-excursions\/tintagel-und-koenig-artus\/#primaryimage\"},\"thumbnailUrl\":\"https:\/\/languagetreeschool.com\/wp-content\/uploads\/2025\/07\/Tintagel-castle-2.jpg\",\"datePublished\":\"2026-03-08T12:40:22+00:00\",\"dateModified\":\"2026-03-08T12:50:28+00:00\",\"description\":\"Besuchen Sie Tintagel Castle mit uns. Erkunden Sie den Geburtsort von K\u00f6nig Artus und erfahren Sie mehr \u00fcber die Ritter der Tafelrunde in King Arthur's Halls.\",\"breadcrumb\":{\"@id\":\"https:\/\/languagetreeschool.com\/de\/unsere-schule\/social-activities-excursions\/tintagel-und-koenig-artus\/#breadcrumb\"},\"inLanguage\":\"de\",\"potentialAction\":[{\"@type\":\"ReadAction\",\"target\":[\"https:\/\/languagetreeschool.com\/de\/unsere-schule\/social-activities-excursions\/tintagel-und-koenig-artus\/\"]}]},{\"@type\":\"ImageObject\",\"inLanguage\":\"de\",\"@id\":\"https:\/\/languagetreeschool.com\/de\/unsere-schule\/social-activities-excursions\/tintagel-und-koenig-artus\/#primaryimage\",\"url\":\"https:\/\/languagetreeschool.com\/wp-content\/uploads\/2025\/07\/Tintagel-castle-2.jpg\",\"contentUrl\":\"https:\/\/languagetreeschool.com\/wp-content\/uploads\/2025\/07\/Tintagel-castle-2.jpg\",\"width\":1200,\"height\":1553,\"caption\":\"Cornwall, \u0130ngiltere'de bulunan ve Kral Arthur ile ba\u011flant\u0131l\u0131 oldu\u011funa inan\u0131lan Tintagel Kalesi kal\u0131nt\u0131lar\u0131n\u0131n ta\u015f duvarlar, ye\u015fil \u00e7imen, dolamba\u00e7l\u0131 yollar ve bulutlu bir g\u00f6ky\u00fcz\u00fc alt\u0131nda dramatik bir u\u00e7urumun \u00fczerindeki yaya k\u00f6pr\u00fcs\u00fcn\u00fcn\u00fcn yan\u0131nda ke\u015fif yapan insanlarla birlikte do\u011fal bir g\u00f6r\u00fcn\u00fcm\u00fc.\"},{\"@type\":\"BreadcrumbList\",\"@id\":\"https:\/\/languagetreeschool.com\/de\/unsere-schule\/social-activities-excursions\/tintagel-und-koenig-artus\/#breadcrumb\",\"itemListElement\":[{\"@type\":\"ListItem\",\"position\":1,\"name\":\"Startseite\",\"item\":\"https:\/\/languagetreeschool.com\/de\/startseite\/\"},{\"@type\":\"ListItem\",\"position\":2,\"name\":\"Unsere Schule\",\"item\":\"https:\/\/languagetreeschool.com\/de\/unsere-schule\/\"},{\"@type\":\"ListItem\",\"position\":3,\"name\":\"Soziale Aktivit\u00e4ten und Ausfl\u00fcge\",\"item\":\"https:\/\/languagetreeschool.com\/de\/unsere-schule\/social-activities-excursions\/\"},{\"@type\":\"ListItem\",\"position\":4,\"name\":\"Tintagel und K\u00f6nig Artus\"}]},{\"@type\":\"WebSite\",\"@id\":\"https:\/\/languagetreeschool.com\/de\/#website\",\"url\":\"https:\/\/languagetreeschool.com\/de\/\",\"name\":\"Language Tree\",\"description\":\"Language, culture &amp; adventure\",\"publisher\":{\"@id\":\"https:\/\/languagetreeschool.com\/de\/#organization\"},\"potentialAction\":[{\"@type\":\"SearchAction\",\"target\":{\"@type\":\"EntryPoint\",\"urlTemplate\":\"https:\/\/languagetreeschool.com\/de\/?s={search_term_string}\"},\"query-input\":{\"@type\":\"PropertyValueSpecification\",\"valueRequired\":true,\"valueName\":\"search_term_string\"}}],\"inLanguage\":\"de\"},{\"@type\":\"Organization\",\"@id\":\"https:\/\/languagetreeschool.com\/de\/#organization\",\"name\":\"Language Tree\",\"url\":\"https:\/\/languagetreeschool.com\/de\/\",\"logo\":{\"@type\":\"ImageObject\",\"inLanguage\":\"de\",\"@id\":\"https:\/\/languagetreeschool.com\/de\/#\/schema\/logo\/image\/\",\"url\":\"https:\/\/languagetreeschool.com\/wp-content\/uploads\/2026\/03\/LT-icon-1.jpg\",\"contentUrl\":\"https:\/\/languagetreeschool.com\/wp-content\/uploads\/2026\/03\/LT-icon-1.jpg\",\"width\":1396,\"height\":1909,\"caption\":\"Language Tree\"},\"image\":{\"@id\":\"https:\/\/languagetreeschool.com\/de\/#\/schema\/logo\/image\/\"},\"sameAs\":[\"https:\/\/www.facebook.com\/languagetreecornwall\",\"https:\/\/www.instagram.com\/languagetreeschool\"],\"description\":\"British Council accredited English language Summer School in Cornwall. Welcoming teenagers, families and adults from around the world to our university campus.\",\"email\":\"info@languagetreeschool.com\",\"telephone\":\"+447957497937\",\"legalName\":\"Language Tree Limited\",\"foundingDate\":\"2011-10-10\",\"numberOfEmployees\":{\"@type\":\"QuantitativeValue\",\"minValue\":\"11\",\"maxValue\":\"50\"}}]}<\/script>\n<!-- \/ Yoast SEO Premium plugin. -->","yoast_head_json":{"title":"Besuchen Sie Tintagel Castle und lernen Sie mit uns \u00fcber K\u00f6nig Artus","description":"Besuchen Sie Tintagel Castle mit uns. Erkunden Sie den Geburtsort von K\u00f6nig Artus und erfahren Sie mehr \u00fcber die Ritter der Tafelrunde in King Arthur's Halls.","robots":{"index":"index","follow":"follow","max-snippet":"max-snippet:-1","max-image-preview":"max-image-preview:large","max-video-preview":"max-video-preview:-1"},"canonical":"https:\/\/languagetreeschool.com\/de\/unsere-schule\/social-activities-excursions\/tintagel-und-koenig-artus\/","og_locale":"de_DE","og_type":"article","og_title":"Besuchen Sie Tintagel Castle und lernen Sie mit uns \u00fcber K\u00f6nig Artus","og_description":"Besuchen Sie Tintagel Castle mit uns. Erkunden Sie den Geburtsort von K\u00f6nig Artus und erfahren Sie mehr \u00fcber die Ritter der Tafelrunde in King Arthur's Halls.","og_url":"https:\/\/languagetreeschool.com\/de\/unsere-schule\/social-activities-excursions\/tintagel-und-koenig-artus\/","og_site_name":"Language Tree","article_publisher":"https:\/\/www.facebook.com\/languagetreecornwall","article_modified_time":"2026-03-08T12:50:28+00:00","og_image":[{"width":1200,"height":1553,"url":"https:\/\/languagetreeschool.com\/wp-content\/uploads\/2025\/07\/Tintagel-castle-2.jpg","type":"image\/jpeg"}],"twitter_card":"summary_large_image","twitter_title":"Besuchen Sie Tintagel Castle und lernen Sie mit uns \u00fcber K\u00f6nig Artus","twitter_description":"Besuchen Sie Tintagel Castle mit uns. Erkunden Sie den Geburtsort von K\u00f6nig Artus und erfahren Sie mehr \u00fcber die Ritter der Tafelrunde in King Arthur's Halls.","schema":{"@context":"https:\/\/schema.org","@graph":[{"@type":"WebPage","@id":"https:\/\/languagetreeschool.com\/de\/unsere-schule\/social-activities-excursions\/tintagel-und-koenig-artus\/","url":"https:\/\/languagetreeschool.com\/de\/unsere-schule\/social-activities-excursions\/tintagel-und-koenig-artus\/","name":"Besuchen Sie Tintagel Castle und lernen Sie mit uns \u00fcber K\u00f6nig Artus","isPartOf":{"@id":"https:\/\/languagetreeschool.com\/de\/#website"},"primaryImageOfPage":{"@id":"https:\/\/languagetreeschool.com\/de\/unsere-schule\/social-activities-excursions\/tintagel-und-koenig-artus\/#primaryimage"},"image":{"@id":"https:\/\/languagetreeschool.com\/de\/unsere-schule\/social-activities-excursions\/tintagel-und-koenig-artus\/#primaryimage"},"thumbnailUrl":"https:\/\/languagetreeschool.com\/wp-content\/uploads\/2025\/07\/Tintagel-castle-2.jpg","datePublished":"2026-03-08T12:40:22+00:00","dateModified":"2026-03-08T12:50:28+00:00","description":"Besuchen Sie Tintagel Castle mit uns. Erkunden Sie den Geburtsort von K\u00f6nig Artus und erfahren Sie mehr \u00fcber die Ritter der Tafelrunde in King Arthur's Halls.","breadcrumb":{"@id":"https:\/\/languagetreeschool.com\/de\/unsere-schule\/social-activities-excursions\/tintagel-und-koenig-artus\/#breadcrumb"},"inLanguage":"de","potentialAction":[{"@type":"ReadAction","target":["https:\/\/languagetreeschool.com\/de\/unsere-schule\/social-activities-excursions\/tintagel-und-koenig-artus\/"]}]},{"@type":"ImageObject","inLanguage":"de","@id":"https:\/\/languagetreeschool.com\/de\/unsere-schule\/social-activities-excursions\/tintagel-und-koenig-artus\/#primaryimage","url":"https:\/\/languagetreeschool.com\/wp-content\/uploads\/2025\/07\/Tintagel-castle-2.jpg","contentUrl":"https:\/\/languagetreeschool.com\/wp-content\/uploads\/2025\/07\/Tintagel-castle-2.jpg","width":1200,"height":1553,"caption":"Cornwall, \u0130ngiltere'de bulunan ve Kral Arthur ile ba\u011flant\u0131l\u0131 oldu\u011funa inan\u0131lan Tintagel Kalesi kal\u0131nt\u0131lar\u0131n\u0131n ta\u015f duvarlar, ye\u015fil \u00e7imen, dolamba\u00e7l\u0131 yollar ve bulutlu bir g\u00f6ky\u00fcz\u00fc alt\u0131nda dramatik bir u\u00e7urumun \u00fczerindeki yaya k\u00f6pr\u00fcs\u00fcn\u00fcn\u00fcn yan\u0131nda ke\u015fif yapan insanlarla birlikte do\u011fal bir g\u00f6r\u00fcn\u00fcm\u00fc."},{"@type":"BreadcrumbList","@id":"https:\/\/languagetreeschool.com\/de\/unsere-schule\/social-activities-excursions\/tintagel-und-koenig-artus\/#breadcrumb","itemListElement":[{"@type":"ListItem","position":1,"name":"Startseite","item":"https:\/\/languagetreeschool.com\/de\/startseite\/"},{"@type":"ListItem","position":2,"name":"Unsere Schule","item":"https:\/\/languagetreeschool.com\/de\/unsere-schule\/"},{"@type":"ListItem","position":3,"name":"Soziale Aktivit\u00e4ten und Ausfl\u00fcge","item":"https:\/\/languagetreeschool.com\/de\/unsere-schule\/social-activities-excursions\/"},{"@type":"ListItem","position":4,"name":"Tintagel und K\u00f6nig Artus"}]},{"@type":"WebSite","@id":"https:\/\/languagetreeschool.com\/de\/#website","url":"https:\/\/languagetreeschool.com\/de\/","name":"Language Tree","description":"Language, culture &amp; adventure","publisher":{"@id":"https:\/\/languagetreeschool.com\/de\/#organization"},"potentialAction":[{"@type":"SearchAction","target":{"@type":"EntryPoint","urlTemplate":"https:\/\/languagetreeschool.com\/de\/?s={search_term_string}"},"query-input":{"@type":"PropertyValueSpecification","valueRequired":true,"valueName":"search_term_string"}}],"inLanguage":"de"},{"@type":"Organization","@id":"https:\/\/languagetreeschool.com\/de\/#organization","name":"Language Tree","url":"https:\/\/languagetreeschool.com\/de\/","logo":{"@type":"ImageObject","inLanguage":"de","@id":"https:\/\/languagetreeschool.com\/de\/#\/schema\/logo\/image\/","url":"https:\/\/languagetreeschool.com\/wp-content\/uploads\/2026\/03\/LT-icon-1.jpg","contentUrl":"https:\/\/languagetreeschool.com\/wp-content\/uploads\/2026\/03\/LT-icon-1.jpg","width":1396,"height":1909,"caption":"Language Tree"},"image":{"@id":"https:\/\/languagetreeschool.com\/de\/#\/schema\/logo\/image\/"},"sameAs":["https:\/\/www.facebook.com\/languagetreecornwall","https:\/\/www.instagram.com\/languagetreeschool"],"description":"British Council accredited English language Summer School in Cornwall. Welcoming teenagers, families and adults from around the world to our university campus.","email":"info@languagetreeschool.com","telephone":"+447957497937","legalName":"Language Tree Limited","foundingDate":"2011-10-10","numberOfEmployees":{"@type":"QuantitativeValue","minValue":"11","maxValue":"50"}}]}},"_links":{"self":[{"href":"https:\/\/languagetreeschool.com\/de\/wp-json\/wp\/v2\/pages\/14230","targetHints":{"allow":["GET"]}}],"collection":[{"href":"https:\/\/languagetreeschool.com\/de\/wp-json\/wp\/v2\/pages"}],"about":[{"href":"https:\/\/languagetreeschool.com\/de\/wp-json\/wp\/v2\/types\/page"}],"author":[{"embeddable":true,"href":"https:\/\/languagetreeschool.com\/de\/wp-json\/wp\/v2\/users\/6"}],"replies":[{"embeddable":true,"href":"https:\/\/languagetreeschool.com\/de\/wp-json\/wp\/v2\/comments?post=14230"}],"version-history":[{"count":1,"href":"https:\/\/languagetreeschool.com\/de\/wp-json\/wp\/v2\/pages\/14230\/revisions"}],"predecessor-version":[{"id":14255,"href":"https:\/\/languagetreeschool.com\/de\/wp-json\/wp\/v2\/pages\/14230\/revisions\/14255"}],"up":[{"embeddable":true,"href":"https:\/\/languagetreeschool.com\/de\/wp-json\/wp\/v2\/pages\/4626"}],"wp:featuredmedia":[{"embeddable":true,"href":"https:\/\/languagetreeschool.com\/de\/wp-json\/wp\/v2\/media\/1341"}],"wp:attachment":[{"href":"https:\/\/languagetreeschool.com\/de\/wp-json\/wp\/v2\/media?parent=14230"}],"curies":[{"name":"wp","href":"https:\/\/api.w.org\/{rel}","templated":true}]}}